{"id":10929,"date":"2025-08-01T03:13:13","date_gmt":"2025-08-01T03:13:13","guid":{"rendered":"https:\/\/sinoextrud.com\/product\/aluminum-heatsink-extrusion-for-power-devices\/"},"modified":"2025-08-01T03:13:13","modified_gmt":"2025-08-01T03:13:13","slug":"hlinikovy-vylisek-chladice-pro-vykonova-zarizeni","status":"publish","type":"product","link":"https:\/\/sinoextrud.com\/cs\/product\/aluminum-heatsink-extrusion-for-power-devices\/","title":{"rendered":"Vytla\u010dov\u00e1n\u00ed hlin\u00edkov\u00fdch chladi\u010d\u016f pro v\u00fdkonn\u00e1 za\u0159\u00edzen\u00ed"},"content":{"rendered":"<h2>Podrobnosti o produktech<\/h2>\n<div class=\"product-table\">\n<div class=\"row\">\n<div class=\"cell label\">T\u0159\u00edda<\/div>\n<div class=\"cell value\">\u0158ada 6000<\/div>\n<\/div>\n<div class=\"row\">\n<div class=\"cell label\">Tolerance<\/div>\n<div class=\"cell value\">\u00c2\u00b11%<\/div>\n<\/div>\n<div class=\"row\">\n<div class=\"cell label\">Doba dod\u00e1n\u00ed<\/div>\n<div class=\"cell value\">15-21 dn\u00ed<\/div>\n<\/div>\n<div class=\"row\">\n<div class=\"cell label\">Temperament<\/div>\n<div class=\"cell value\">T3-T8<\/div>\n<\/div>\n<div class=\"row\">\n<div class=\"cell label\">Aplikace<\/div>\n<div class=\"cell value\">Chladi\u010d<\/div>\n<\/div>\n<div class=\"row\">\n<div class=\"cell label\">Tvar<\/div>\n<div class=\"cell value\">\u010ctverec<\/div>\n<\/div>\n<div class=\"row\">\n<div class=\"cell label\">Slitina nebo ne<\/div>\n<div class=\"cell value\">Je slitina<\/div>\n<\/div>\n<div class=\"row\">\n<div class=\"cell label\">Slu\u017eba zpracov\u00e1n\u00ed<\/div>\n<div class=\"cell value\">Oh\u00fdb\u00e1n\u00ed, odv\u00edjen\u00ed, sva\u0159ov\u00e1n\u00ed, d\u011brov\u00e1n\u00ed, \u0159ez\u00e1n\u00ed, \u0159ez\u00e1n\u00ed ploutv\u00ed, v\u00e1lcov\u00e1n\u00ed ploutv\u00ed<\/div>\n<\/div>\n<div class=\"row\">\n<div class=\"cell label\">N\u00e1zev produktu<\/div>\n<div class=\"cell value\">CNC obr\u00e1b\u011bc\u00ed d\u00edly<\/div>\n<\/div>\n<div class=\"row\">\n<div class=\"cell label\">Proces<\/div>\n<div class=\"cell value\">Skiving fin+CNC obr\u00e1b\u011bn\u00ed<\/div>\n<\/div>\n<div class=\"row\">\n<div class=\"cell label\">Pou\u017eit\u00ed<\/div>\n<div class=\"cell value\">Mont\u00e1\u017e<\/div>\n<\/div>\n<div class=\"row\">\n<div class=\"cell label\">Barva<\/div>\n<div class=\"cell value\">Silver<\/div>\n<\/div>\n<div class=\"row\">\n<div class=\"cell label\">Povrchov\u00e1 \u00faprava<\/div>\n<div class=\"cell value\">Eloxov\u00e1n\u00ed<\/div>\n<\/div>\n<div class=\"row\">\n<div class=\"cell label\">MOQ<\/div>\n<div class=\"cell value\">2ks<\/div>\n<\/div>\n<div class=\"row\">\n<div class=\"cell label\">Materi\u00e1l<\/div>\n<div class=\"cell value\">Slitina\/m\u011b\u010f<\/div>\n<\/div>\n<div class=\"row\">\n<div class=\"cell label\">Bal\u00ed\u010dek<\/div>\n<div class=\"cell value\">P\u011bna + karton<\/div>\n<\/div>\n<div class=\"row\">\n<div class=\"cell label\">Rozm\u011br<\/div>\n<div class=\"cell value\">P\u0159izp\u016fsoben\u00e9<\/div>\n<\/div>\n<div class=\"row\">\n<div class=\"cell label\">Tolerance<\/div>\n<div class=\"cell value\">0,01-0,05 mm<\/div>\n<\/div>\n<div class=\"row\">\n<div class=\"cell label\">Prodejn\u00ed jednotky<\/div>\n<div class=\"cell value\">Jednotliv\u00e1 polo\u017eka<\/div>\n<\/div>\n<div class=\"row\">\n<div class=\"cell label\">Velikost jednoho balen\u00ed<\/div>\n<div class=\"cell value\">35X30X25 cm<\/div>\n<\/div>\n<div class=\"row\">\n<div class=\"cell label\">Jednotliv\u00e1 hrub\u00e1 hmotnost<\/div>\n<div class=\"cell value\">2.000 KG<\/div>\n<\/div>\n<\/div>\n<p><\/p>\n<h2>Na\u0161e v\u00fdrobn\u00ed z\u00e1kladna<\/h2>\n<h3>Panorama tov\u00e1rny<\/h3>\n<p><img decoding=\"async\" src=\"\/wp-content\/uploads\/factory-01.webp\"\/><\/p>\n<h3>D\u00edlna na v\u00fdrobu hlin\u00edkov\u00fdch ty\u010d\u00ed<\/h3>\n<p><img decoding=\"async\" src=\"\/wp-content\/uploads\/factory-02.webp\"\/><\/p>\n<p><img decoding=\"async\" src=\"\/wp-content\/uploads\/factory-03.webp\"\/><\/p>\n<h3>Sklad pl\u00edsn\u00ed<\/h3>\n<p><img decoding=\"async\" src=\"\/wp-content\/uploads\/factory-04.webp\"\/><\/p>\n<h3>43 linek na vytla\u010dov\u00e1n\u00ed hlin\u00edku (500-5500 tun)<\/h3>\n<p><img decoding=\"async\" src=\"\/wp-content\/uploads\/factory-05.webp\"\/><\/p>\n<p><img decoding=\"async\" src=\"\/wp-content\/uploads\/factory-06.webp\"\/><\/p>\n<p><img decoding=\"async\" src=\"\/wp-content\/uploads\/factory-07.webp\"\/><\/p>\n<h3>D\u00edlna pr\u00e1\u0161kov\u00e9ho lakov\u00e1n\u00ed<\/h3>\n<p><img decoding=\"async\" src=\"\/wp-content\/uploads\/factory-09.webp\"\/><\/p>\n<h3>D\u00edlna eloxov\u00e1n\u00ed<\/h3>\n<p><img decoding=\"async\" src=\"\/wp-content\/uploads\/factory-10.webp\"\/><\/p>\n<h3>Workshop o hloubkov\u00e9m zpracov\u00e1n\u00ed<\/h3>\n<p><img decoding=\"async\" src=\"\/wp-content\/uploads\/factory-11.webp\"\/><\/p>\n<h3>D\u00edlna CNC p\u0159esn\u00e9ho obr\u00e1b\u011bn\u00ed<\/h3>\n<p><img decoding=\"async\" src=\"\/wp-content\/uploads\/factory-11.5.webp\"\/><\/p>\n<h3>Sklad hotov\u00fdch v\u00fdrobk\u016f a exportn\u00ed sklad<\/h3>\n<p><img decoding=\"async\" src=\"\/wp-content\/uploads\/factory-12.webp\"\/><\/p>\n<p><img decoding=\"async\" src=\"\/wp-content\/uploads\/factory-13.webp\"\/><\/p>\n<p><img decoding=\"async\" src=\"\/wp-content\/uploads\/factory-14.webp\"\/><\/p>\n<h2>\u010cASTO KLADEN\u00c9 DOTAZY<\/h2>\n<p><strong>1. K \u010demu se pou\u017e\u00edv\u00e1 hlin\u00edkov\u00fd v\u00fdlisek chladi\u010de?<\/strong><br \/>Slou\u017e\u00ed p\u0159edev\u0161\u00edm k odv\u00e1d\u011bn\u00ed tepla od elektronick\u00fdch sou\u010d\u00e1stek, \u010d\u00edm\u017e zaji\u0161\u0165uje optim\u00e1ln\u00ed v\u00fdkon a dlouhou \u017eivotnost.<\/p>\n<p><strong>2. Lze hlin\u00edkov\u00e9 v\u00fdlisky chladi\u010d\u016f p\u0159izp\u016fsobit konkr\u00e9tn\u00edm projekt\u016fm?<\/strong><br \/>Ano, nab\u00edz\u00edme zak\u00e1zkov\u00fd design a v\u00fdrobu podle jedine\u010dn\u00fdch specifikac\u00ed projektu.<\/p>\n<p><strong>3. Poskytujete vzorky hlin\u00edkov\u00fdch v\u00fdlisk\u016f chladi\u010d\u016f?<\/strong><br \/>Ano, lze zajistit vzorky pro posouzen\u00ed konstrukce a tepeln\u00fdch vlastnost\u00ed.<\/p>\n<p><strong>4. Jak\u00e9 jsou standardn\u00ed rozm\u011bry hlin\u00edkov\u00fdch v\u00fdlisk\u016f chladi\u010d\u016f?<\/strong><br \/>Nab\u00edz\u00edme \u0159adu standardn\u00edch rozm\u011br\u016f, ale na po\u017e\u00e1d\u00e1n\u00ed lze vyrobit i rozm\u011bry na zak\u00e1zku.<\/p>\n<p><strong>5. Existuje minim\u00e1ln\u00ed objednac\u00ed mno\u017estv\u00ed pro vlastn\u00ed v\u00fdlisky chladi\u010d\u016f?<\/strong><br \/>MOQ se m\u016f\u017ee li\u0161it, ale obecn\u011b podle pot\u0159eby vy\u0159izujeme jak mal\u00e9, tak velk\u00e9 objedn\u00e1vky.<\/p>\n<p><strong>6. Jak si hlin\u00edk stoj\u00ed v porovn\u00e1n\u00ed s ostatn\u00edmi materi\u00e1ly p\u0159i pou\u017eit\u00ed chladi\u010d\u016f?<\/strong><br \/>Hlin\u00edk je obl\u00edben\u00fd pro svou vynikaj\u00edc\u00ed rovnov\u00e1hu mezi n\u00edzkou hmotnost\u00ed a tepelnou vodivost\u00ed, tak\u017ee je ide\u00e1ln\u00ed pro chladi\u010de.<\/p>\n<p><strong>7. Nab\u00edz\u00edte mezin\u00e1rodn\u00ed p\u0159epravu pro hlin\u00edkov\u00e9 v\u00fdlisky chladi\u010d\u016f?<\/strong><br \/>Ano, poskytujeme glob\u00e1ln\u00ed p\u0159epravn\u00ed \u0159e\u0161en\u00ed s komplexn\u00ed logistickou podporou.<\/p>\n<p><\/p>","protected":false},"featured_media":10761,"template":"","categories":[72],"class_list":["post-10929","product","type-product","status-publish","has-post-thumbnail","hentry","category-extruded-aluminum-heatsink"],"meta_box":{"hilight_text_group":[{"product_hilight_text":"<li>Widely applicable in electronics for efficient heat dissipation<\/li>\n<li>Custom extrusion profiles to meet specific design requirements<\/li>\n<li>High thermal conductivity for enhanced performance<\/li>\n<li>Lightweight yet durable construction for various industrial uses<\/li>\n<li>Available in standard and custom finishes for aesthetics and protection<\/li>"}],"feature_list":[]},"_links":{"self":[{"href":"https:\/\/sinoextrud.com\/cs\/wp-json\/wp\/v2\/product\/10929","targetHints":{"allow":["GET"]}}],"collection":[{"href":"https:\/\/sinoextrud.com\/cs\/wp-json\/wp\/v2\/product"}],"about":[{"href":"https:\/\/sinoextrud.com\/cs\/wp-json\/wp\/v2\/types\/product"}],"wp:featuredmedia":[{"embeddable":true,"href":"https:\/\/sinoextrud.com\/cs\/wp-json\/wp\/v2\/media\/10761"}],"wp:attachment":[{"href":"https:\/\/sinoextrud.com\/cs\/wp-json\/wp\/v2\/media?parent=10929"}],"wp:term":[{"taxonomy":"category","embeddable":true,"href":"https:\/\/sinoextrud.com\/cs\/wp-json\/wp\/v2\/categories?post=10929"}],"curies":[{"name":"wp","href":"https:\/\/api.w.org\/{rel}","templated":true}]}}