{"id":10924,"date":"2025-08-01T03:13:02","date_gmt":"2025-08-01T03:13:02","guid":{"rendered":"https:\/\/sinoextrud.com\/product\/aluminum-heat-sink-material-for-custom-solutions\/"},"modified":"2025-08-01T03:13:02","modified_gmt":"2025-08-01T03:13:02","slug":"hlinikovy-material-chladice-pro-vlastni-reseni","status":"publish","type":"product","link":"https:\/\/sinoextrud.com\/cs\/product\/aluminum-heat-sink-material-for-custom-solutions\/","title":{"rendered":"Hlin\u00edkov\u00fd materi\u00e1l chladi\u010de pro vlastn\u00ed \u0159e\u0161en\u00ed"},"content":{"rendered":"<h2>Podrobnosti o produktech<\/h2>\n<div class=\"product-table\">\n<div class=\"row\">\n<div class=\"cell label\">T\u0159\u00edda<\/div>\n<div class=\"cell value\">\u0158ada 6000<\/div>\n<\/div>\n<div class=\"row\">\n<div class=\"cell label\">Tolerance<\/div>\n<div class=\"cell value\">\u00c2\u00b11%<\/div>\n<\/div>\n<div class=\"row\">\n<div class=\"cell label\">Doba dod\u00e1n\u00ed<\/div>\n<div class=\"cell value\">15-21 dn\u00ed<\/div>\n<\/div>\n<div class=\"row\">\n<div class=\"cell label\">Temperament<\/div>\n<div class=\"cell value\">T4-T6<\/div>\n<\/div>\n<div class=\"row\">\n<div class=\"cell label\">Aplikace<\/div>\n<div class=\"cell value\">Pr\u016fmyslov\u00e9<\/div>\n<\/div>\n<div class=\"row\">\n<div class=\"cell label\">Tvar<\/div>\n<div class=\"cell value\">na m\u00edru<\/div>\n<\/div>\n<div class=\"row\">\n<div class=\"cell label\">Slitina nebo ne<\/div>\n<div class=\"cell value\">Je slitina<\/div>\n<\/div>\n<div class=\"row\">\n<div class=\"cell label\">Slu\u017eba zpracov\u00e1n\u00ed<\/div>\n<div class=\"cell value\">Oh\u00fdb\u00e1n\u00ed, odv\u00edjen\u00ed, sva\u0159ov\u00e1n\u00ed, d\u011brov\u00e1n\u00ed, \u0159ez\u00e1n\u00ed<\/div>\n<\/div>\n<div class=\"row\">\n<div class=\"cell label\">Typ<\/div>\n<div class=\"cell value\">OEM ODM<\/div>\n<\/div>\n<div class=\"row\">\n<div class=\"cell label\">Tlou\u0161\u0165ka<\/div>\n<div class=\"cell value\">1 mm-500 mm<\/div>\n<\/div>\n<div class=\"row\">\n<div class=\"cell label\">\u0160\u00ed\u0159ka<\/div>\n<div class=\"cell value\">10 mm-600 mm<\/div>\n<\/div>\n<div class=\"row\">\n<div class=\"cell label\">D\u00e9lka<\/div>\n<div class=\"cell value\">1000mm-12000mm nebo na m\u00edru<\/div>\n<\/div>\n<div class=\"row\">\n<div class=\"cell label\">Standardn\u00ed<\/div>\n<div class=\"cell value\">GB, ASTM, EN, JIS, AISI, DIN<\/div>\n<\/div>\n<div class=\"row\">\n<div class=\"cell label\">Povrch<\/div>\n<div class=\"cell value\">Povrchov\u00e1 \u00faprava fr\u00e9zov\u00e1n\u00edm, eloxov\u00e1n\u00edm, pr\u00e1\u0161kov\u00fdm lakov\u00e1n\u00edm atd.<\/div>\n<\/div>\n<div class=\"row\">\n<div class=\"cell label\">Certifikace<\/div>\n<div class=\"cell value\">CE, ISO9001, ISO14001, ISO45001, IATF16949<\/div>\n<\/div>\n<div class=\"row\">\n<div class=\"cell label\">Aplikace<\/div>\n<div class=\"cell value\">\u017delezni\u010dn\u00ed doprava, automobilov\u00fd pr\u016fmysl, elektronika, elektrotechnika a dal\u0161\u00ed pr\u016fmyslov\u00e1 odv\u011btv\u00ed<\/div>\n<\/div>\n<div class=\"row\">\n<div class=\"cell label\">Podrobnosti o balen\u00ed<\/div>\n<div class=\"cell value\">Karton \/ bublinkov\u00e1 f\u00f3lie \/ d\u0159ev\u011bn\u00e1 paleta<\/div>\n<\/div>\n<div class=\"row\">\n<div class=\"cell label\">P\u0159\u00edstav odesl\u00e1n\u00ed<\/div>\n<div class=\"cell value\">Qingdao<\/div>\n<\/div>\n<div class=\"row\">\n<div class=\"cell label\">Prodejn\u00ed jednotky<\/div>\n<div class=\"cell value\">Jednotliv\u00e1 polo\u017eka<\/div>\n<\/div>\n<div class=\"row\">\n<div class=\"cell label\">Schopnost z\u00e1sobov\u00e1n\u00ed<\/div>\n<div class=\"cell value\">1500 tun za m\u011bs\u00edc<\/div>\n<\/div>\n<\/div>\n<p><\/p>\n<h2>Na\u0161e v\u00fdrobn\u00ed z\u00e1kladna<\/h2>\n<h3>Panorama tov\u00e1rny<\/h3>\n<p><img decoding=\"async\" src=\"\/wp-content\/uploads\/factory-01.webp\"\/><\/p>\n<h3>D\u00edlna na v\u00fdrobu hlin\u00edkov\u00fdch ty\u010d\u00ed<\/h3>\n<p><img decoding=\"async\" src=\"\/wp-content\/uploads\/factory-02.webp\"\/><\/p>\n<p><img decoding=\"async\" src=\"\/wp-content\/uploads\/factory-03.webp\"\/><\/p>\n<h3>Sklad pl\u00edsn\u00ed<\/h3>\n<p><img decoding=\"async\" src=\"\/wp-content\/uploads\/factory-04.webp\"\/><\/p>\n<h3>43 linek na vytla\u010dov\u00e1n\u00ed hlin\u00edku (500-5500 tun)<\/h3>\n<p><img decoding=\"async\" src=\"\/wp-content\/uploads\/factory-05.webp\"\/><\/p>\n<p><img decoding=\"async\" src=\"\/wp-content\/uploads\/factory-06.webp\"\/><\/p>\n<p><img decoding=\"async\" src=\"\/wp-content\/uploads\/factory-07.webp\"\/><\/p>\n<h3>D\u00edlna pr\u00e1\u0161kov\u00e9ho lakov\u00e1n\u00ed<\/h3>\n<p><img decoding=\"async\" src=\"\/wp-content\/uploads\/factory-09.webp\"\/><\/p>\n<h3>D\u00edlna eloxov\u00e1n\u00ed<\/h3>\n<p><img decoding=\"async\" src=\"\/wp-content\/uploads\/factory-10.webp\"\/><\/p>\n<h3>Workshop o hloubkov\u00e9m zpracov\u00e1n\u00ed<\/h3>\n<p><img decoding=\"async\" src=\"\/wp-content\/uploads\/factory-11.webp\"\/><\/p>\n<h3>D\u00edlna CNC p\u0159esn\u00e9ho obr\u00e1b\u011bn\u00ed<\/h3>\n<p><img decoding=\"async\" src=\"\/wp-content\/uploads\/factory-11.5.webp\"\/><\/p>\n<h3>Sklad hotov\u00fdch v\u00fdrobk\u016f a exportn\u00ed sklad<\/h3>\n<p><img decoding=\"async\" src=\"\/wp-content\/uploads\/factory-12.webp\"\/><\/p>\n<p><img decoding=\"async\" src=\"\/wp-content\/uploads\/factory-13.webp\"\/><\/p>\n<p><img decoding=\"async\" src=\"\/wp-content\/uploads\/factory-14.webp\"\/><\/p>\n<h2>\u010cASTO KLADEN\u00c9 DOTAZY<\/h2>\n<p><strong>1. Jak\u00e9 jsou hlavn\u00ed v\u00fdhody pou\u017eit\u00ed hlin\u00edku pro chladi\u010de?<\/strong><br \/>Hlin\u00edk m\u00e1 vynikaj\u00edc\u00ed tepelnou vodivost a je lehk\u00fd, tak\u017ee je ide\u00e1ln\u00ed pro rozptyl tepla.<\/p>\n<p><strong>2. Lze hlin\u00edkov\u00e9 chladi\u010de p\u0159izp\u016fsobit konkr\u00e9tn\u00edm tvar\u016fm?<\/strong><br \/>Ano, hlin\u00edkov\u00e9 chladi\u010de lze snadno opracovat a upravit do jak\u00e9hokoli po\u017eadovan\u00e9ho tvaru.<\/p>\n<p><strong>3. Je tento materi\u00e1l odoln\u00fd proti korozi?<\/strong><br \/>Ano, hlin\u00edk je vysoce odoln\u00fd proti korozi, co\u017e zvy\u0161uje \u017eivotnost chladi\u010d\u016f.<\/p>\n<p><strong>4. V jak\u00fdch odv\u011btv\u00edch se b\u011b\u017en\u011b pou\u017e\u00edvaj\u00ed hlin\u00edkov\u00e9 chladi\u010de?<\/strong><br \/>Hlin\u00edkov\u00e9 chladi\u010de se b\u011b\u017en\u011b pou\u017e\u00edvaj\u00ed v elektronice, automobilov\u00e9m pr\u016fmyslu a HVAC pro efektivn\u00ed \u0159\u00edzen\u00ed tepla.<\/p>\n<p><strong>5. Jak je na tom hlin\u00edk v porovn\u00e1n\u00ed s m\u011bd\u00ed v chladi\u010d\u00edch?<\/strong><br \/>Hlin\u00edk je levn\u011bj\u0161\u00ed a leh\u010d\u00ed ne\u017e m\u011b\u010f, p\u0159itom m\u00e1 st\u00e1le dobr\u00e9 tepeln\u00e9 vlastnosti.<\/p>\n<p><strong>6. M\u016f\u017eeme recyklovat hlin\u00edkov\u00e9 chladi\u010de?<\/strong><br \/>Ano, hlin\u00edk je pln\u011b recyklovateln\u00fd, co\u017e podporuje ekologick\u00e9 iniciativy.<\/p>\n<p><strong>7. Podporuj\u00ed hlin\u00edkov\u00e9 chladi\u010de vysokoteplotn\u00ed aplikace?<\/strong><br \/>Ano, hlin\u00edkov\u00e9 chladi\u010de dok\u00e1\u017e\u00ed \u00fa\u010dinn\u011b regulovat teplo v aplikac\u00edch s vysok\u00fdmi teplotami a zaji\u0161\u0165uj\u00ed stabilitu syst\u00e9mu.<\/p>\n<p><\/p>","protected":false},"featured_media":10756,"template":"","categories":[72],"class_list":["post-10924","product","type-product","status-publish","has-post-thumbnail","hentry","category-extruded-aluminum-heatsink"],"meta_box":{"hilight_text_group":[{"product_hilight_text":"<li>Excellent thermal conductivity for efficient heat dispersion<\/li>\n<li>Lightweight material, ideal for various applications<\/li>\n<li>Offers high resistance to corrosion and environmental factors<\/li>\n<li>Easy to machine and customize to specific requirements<\/li>\n<li>Supports green initiatives with recyclable properties<\/li>"}],"feature_list":[]},"_links":{"self":[{"href":"https:\/\/sinoextrud.com\/cs\/wp-json\/wp\/v2\/product\/10924","targetHints":{"allow":["GET"]}}],"collection":[{"href":"https:\/\/sinoextrud.com\/cs\/wp-json\/wp\/v2\/product"}],"about":[{"href":"https:\/\/sinoextrud.com\/cs\/wp-json\/wp\/v2\/types\/product"}],"wp:featuredmedia":[{"embeddable":true,"href":"https:\/\/sinoextrud.com\/cs\/wp-json\/wp\/v2\/media\/10756"}],"wp:attachment":[{"href":"https:\/\/sinoextrud.com\/cs\/wp-json\/wp\/v2\/media?parent=10924"}],"wp:term":[{"taxonomy":"category","embeddable":true,"href":"https:\/\/sinoextrud.com\/cs\/wp-json\/wp\/v2\/categories?post=10924"}],"curies":[{"name":"wp","href":"https:\/\/api.w.org\/{rel}","templated":true}]}}