{"id":10922,"date":"2025-08-01T03:12:57","date_gmt":"2025-08-01T03:12:57","guid":{"rendered":"https:\/\/sinoextrud.com\/product\/aluminum-heat-sink-manufacturer-for-oem-projects\/"},"modified":"2025-08-01T03:12:57","modified_gmt":"2025-08-01T03:12:57","slug":"vyrobce-hlinikovych-chladicu-pro-projekty-oem","status":"publish","type":"product","link":"https:\/\/sinoextrud.com\/cs\/product\/aluminum-heat-sink-manufacturer-for-oem-projects\/","title":{"rendered":"V\u00fdrobce hlin\u00edkov\u00fdch chladi\u010d\u016f pro projekty OEM"},"content":{"rendered":"<h2>Podrobnosti o produktech<\/h2>\n<div class=\"product-table\">\n<div class=\"row\">\n<div class=\"cell label\">T\u0159\u00edda<\/div>\n<div class=\"cell value\">\u0158ada 6000<\/div>\n<\/div>\n<div class=\"row\">\n<div class=\"cell label\">Tolerance<\/div>\n<div class=\"cell value\">+\/-1 mm<\/div>\n<\/div>\n<div class=\"row\">\n<div class=\"cell label\">Doba dod\u00e1n\u00ed<\/div>\n<div class=\"cell value\">do 7 dn\u016f<\/div>\n<\/div>\n<div class=\"row\">\n<div class=\"cell label\">Temperament<\/div>\n<div class=\"cell value\">T3-T8<\/div>\n<\/div>\n<div class=\"row\">\n<div class=\"cell label\">Aplikace<\/div>\n<div class=\"cell value\">V\u00edcen\u00e1sobn\u00e9 pou\u017eit\u00ed<\/div>\n<\/div>\n<div class=\"row\">\n<div class=\"cell label\">Tvar<\/div>\n<div class=\"cell value\">Vlastn\u00ed<\/div>\n<\/div>\n<div class=\"row\">\n<div class=\"cell label\">Slitina nebo ne<\/div>\n<div class=\"cell value\">Je slitina<\/div>\n<\/div>\n<div class=\"row\">\n<div class=\"cell label\">Slu\u017eba zpracov\u00e1n\u00ed<\/div>\n<div class=\"cell value\">Oh\u00fdb\u00e1n\u00ed, odv\u00edjen\u00ed, sva\u0159ov\u00e1n\u00ed, d\u011brov\u00e1n\u00ed, \u0159ez\u00e1n\u00ed<\/div>\n<\/div>\n<div class=\"row\">\n<div class=\"cell label\">N\u00e1zev produktu<\/div>\n<div class=\"cell value\">CNC fr\u00e9zov\u00e1n\u00ed hlin\u00edkov\u00e9 vytla\u010dov\u00e1n\u00ed chladi\u010de<\/div>\n<\/div>\n<div class=\"row\">\n<div class=\"cell label\">Povrchov\u00e1 \u00faprava<\/div>\n<div class=\"cell value\">eloxov\u00e1n\u00ed, p\u00edskov\u00e1n\u00ed, pr\u00e1\u0161kov\u00e9 lakov\u00e1n\u00ed, le\u0161t\u011bn\u00ed atd.<\/div>\n<\/div>\n<div class=\"row\">\n<div class=\"cell label\">Velikost<\/div>\n<div class=\"cell value\">po\u017eadavek z\u00e1kazn\u00edka<\/div>\n<\/div>\n<div class=\"row\">\n<div class=\"cell label\">Hloubkov\u00fd proces<\/div>\n<div class=\"cell value\">Oh\u00fdb\u00e1n\u00ed, sva\u0159ov\u00e1n\u00ed, d\u011brov\u00e1n\u00ed, \u0159ez\u00e1n\u00ed<\/div>\n<\/div>\n<div class=\"row\">\n<div class=\"cell label\">D\u00e9lka<\/div>\n<div class=\"cell value\">Jak\u00e1koli d\u00e9lka<\/div>\n<\/div>\n<div class=\"row\">\n<div class=\"cell label\">Materi\u00e1l<\/div>\n<div class=\"cell value\">6063 6061 6005 Hlin\u00edkov\u00e1 slitina<\/div>\n<\/div>\n<div class=\"row\">\n<div class=\"cell label\">Barva<\/div>\n<div class=\"cell value\">st\u0159\u00edbrn\u00e1, \u010dern\u00e1, zlat\u00e1 \u010dern\u00e1 a tak d\u00e1le<\/div>\n<\/div>\n<div class=\"row\">\n<div class=\"cell label\">Vytla\u010dovac\u00ed stroj<\/div>\n<div class=\"cell value\">600 tun-10000 tun<\/div>\n<\/div>\n<div class=\"row\">\n<div class=\"cell label\">Certifikace<\/div>\n<div class=\"cell value\">ISO 9001:2008<\/div>\n<\/div>\n<div class=\"row\">\n<div class=\"cell label\">Slu\u017eba<\/div>\n<div class=\"cell value\">OEM ODM<\/div>\n<\/div>\n<div class=\"row\">\n<div class=\"cell label\">Prodejn\u00ed jednotky<\/div>\n<div class=\"cell value\">Jednotliv\u00e1 polo\u017eka<\/div>\n<\/div>\n<div class=\"row\">\n<div class=\"cell label\">Velikost jednoho balen\u00ed<\/div>\n<div class=\"cell value\">30X20X10 cm<\/div>\n<\/div>\n<div class=\"row\">\n<div class=\"cell label\">Jednotliv\u00e1 hrub\u00e1 hmotnost<\/div>\n<div class=\"cell value\">2.000 KG<\/div>\n<\/div>\n<\/div>\n<p><\/p>\n<h2>Na\u0161e v\u00fdrobn\u00ed z\u00e1kladna<\/h2>\n<h3>Panorama tov\u00e1rny<\/h3>\n<p><img decoding=\"async\" src=\"\/wp-content\/uploads\/factory-01.webp\"\/><\/p>\n<h3>D\u00edlna na v\u00fdrobu hlin\u00edkov\u00fdch ty\u010d\u00ed<\/h3>\n<p><img decoding=\"async\" src=\"\/wp-content\/uploads\/factory-02.webp\"\/><\/p>\n<p><img decoding=\"async\" src=\"\/wp-content\/uploads\/factory-03.webp\"\/><\/p>\n<h3>Sklad pl\u00edsn\u00ed<\/h3>\n<p><img decoding=\"async\" src=\"\/wp-content\/uploads\/factory-04.webp\"\/><\/p>\n<h3>43 linek na vytla\u010dov\u00e1n\u00ed hlin\u00edku (500-5500 tun)<\/h3>\n<p><img decoding=\"async\" src=\"\/wp-content\/uploads\/factory-05.webp\"\/><\/p>\n<p><img decoding=\"async\" src=\"\/wp-content\/uploads\/factory-06.webp\"\/><\/p>\n<p><img decoding=\"async\" src=\"\/wp-content\/uploads\/factory-07.webp\"\/><\/p>\n<h3>D\u00edlna pr\u00e1\u0161kov\u00e9ho lakov\u00e1n\u00ed<\/h3>\n<p><img decoding=\"async\" src=\"\/wp-content\/uploads\/factory-09.webp\"\/><\/p>\n<h3>D\u00edlna eloxov\u00e1n\u00ed<\/h3>\n<p><img decoding=\"async\" src=\"\/wp-content\/uploads\/factory-10.webp\"\/><\/p>\n<h3>Workshop o hloubkov\u00e9m zpracov\u00e1n\u00ed<\/h3>\n<p><img decoding=\"async\" src=\"\/wp-content\/uploads\/factory-11.webp\"\/><\/p>\n<h3>D\u00edlna CNC p\u0159esn\u00e9ho obr\u00e1b\u011bn\u00ed<\/h3>\n<p><img decoding=\"async\" src=\"\/wp-content\/uploads\/factory-11.5.webp\"\/><\/p>\n<h3>Sklad hotov\u00fdch v\u00fdrobk\u016f a exportn\u00ed sklad<\/h3>\n<p><img decoding=\"async\" src=\"\/wp-content\/uploads\/factory-12.webp\"\/><\/p>\n<p><img decoding=\"async\" src=\"\/wp-content\/uploads\/factory-13.webp\"\/><\/p>\n<p><img decoding=\"async\" src=\"\/wp-content\/uploads\/factory-14.webp\"\/><\/p>\n<h2>\u010cASTO KLADEN\u00c9 DOTAZY<\/h2>\n<p><strong>1. Pro jak\u00e9 aplikace lze pou\u017e\u00edt va\u0161e hlin\u00edkov\u00e9 chladi\u010de?<\/strong><br \/>Na\u0161e hlin\u00edkov\u00e9 chladi\u010de jsou ur\u010deny pro \u0161irokou \u0161k\u00e1lu aplikac\u00ed v\u010detn\u011b elektroniky, automobilov\u00e9ho pr\u016fmyslu a pr\u016fmyslov\u00fdch stroj\u016f.<\/p>\n<p><strong>2. Lze p\u0159izp\u016fsobit rozm\u011bry hlin\u00edkov\u00e9ho chladi\u010de?<\/strong><br \/>Ano, nab\u00edz\u00edme p\u0159izp\u016fsoben\u00ed rozm\u011br\u016f a proveden\u00ed konkr\u00e9tn\u00edm pot\u0159eb\u00e1m projektu.<\/p>\n<p><strong>3. Jak\u00e9 materi\u00e1ly jsou pou\u017eity ve va\u0161ich chladi\u010d\u00edch?<\/strong><br \/>Pou\u017e\u00edv\u00e1me vysoce kvalitn\u00ed hlin\u00edk, abychom zajistili \u00fa\u010dinn\u00fd odvod tepla a dlouhou \u017eivotnost.<\/p>\n<p><strong>4. Nab\u00edz\u00edte hromadn\u00e9 ceny pro velk\u00e9 objedn\u00e1vky?<\/strong><br \/>Ano, poskytujeme konkurenceschopn\u00e9 ceny a slevy pro hromadn\u00e9 n\u00e1kupy.<\/p>\n<p><strong>5. Jsou va\u0161e chladi\u010de \u0161etrn\u00e9 k \u017eivotn\u00edmu prost\u0159ed\u00ed?<\/strong><br \/>Ano, dodr\u017eujeme ekologick\u00e9 v\u00fdrobn\u00ed postupy a pou\u017e\u00edv\u00e1me recyklovateln\u00e9 materi\u00e1ly.<\/p>\n<p><strong>6. Jak va\u0161e chladi\u010de zlep\u0161uj\u00ed tepeln\u00fd management?<\/strong><br \/>Na\u0161e chladi\u010de zvy\u0161uj\u00ed v\u00fdkon t\u00edm, \u017ee \u00fa\u010dinn\u011b odv\u00e1d\u011bj\u00ed teplo od kritick\u00fdch sou\u010d\u00e1st\u00ed.<\/p>\n<p><strong>7. Zas\u00edl\u00e1te z\u00e1silky do zahrani\u010d\u00ed?<\/strong><br \/>Ano, poskytujeme mezin\u00e1rodn\u00ed p\u0159epravu s podporou pro v\u0161echny po\u017eadovan\u00e9 celn\u00ed dokumenty.<\/p>\n<p><\/p>","protected":false},"featured_media":10833,"template":"","categories":[72],"class_list":["post-10922","product","type-product","status-publish","has-post-thumbnail","hentry","category-extruded-aluminum-heatsink"],"meta_box":{"hilight_text_group":[{"product_hilight_text":"<li>Provides efficient thermal management solutions<\/li>\n<li>Customizable dimensions and designs for diverse applications<\/li>\n<li>Manufactured with high-quality aluminum for optimal heat dissipation<\/li>\n<li>Supports bulk orders with competitive pricing for B2B clients<\/li>\n<li>Eco-friendly production processes and materials<\/li>"}],"feature_list":[]},"_links":{"self":[{"href":"https:\/\/sinoextrud.com\/cs\/wp-json\/wp\/v2\/product\/10922","targetHints":{"allow":["GET"]}}],"collection":[{"href":"https:\/\/sinoextrud.com\/cs\/wp-json\/wp\/v2\/product"}],"about":[{"href":"https:\/\/sinoextrud.com\/cs\/wp-json\/wp\/v2\/types\/product"}],"wp:featuredmedia":[{"embeddable":true,"href":"https:\/\/sinoextrud.com\/cs\/wp-json\/wp\/v2\/media\/10833"}],"wp:attachment":[{"href":"https:\/\/sinoextrud.com\/cs\/wp-json\/wp\/v2\/media?parent=10922"}],"wp:term":[{"taxonomy":"category","embeddable":true,"href":"https:\/\/sinoextrud.com\/cs\/wp-json\/wp\/v2\/categories?post=10922"}],"curies":[{"name":"wp","href":"https:\/\/api.w.org\/{rel}","templated":true}]}}