{"id":10920,"date":"2025-08-01T03:12:51","date_gmt":"2025-08-01T03:12:51","guid":{"rendered":"https:\/\/sinoextrud.com\/product\/standard-extruded-aluminum-shapes-for-assembly\/"},"modified":"2025-08-01T03:12:51","modified_gmt":"2025-08-01T03:12:51","slug":"standardni-extrudovane-hlinikove-tvary-pro-montaz","status":"publish","type":"product","link":"https:\/\/sinoextrud.com\/cs\/product\/standard-extruded-aluminum-shapes-for-assembly\/","title":{"rendered":"Standardn\u00ed extrudovan\u00e9 hlin\u00edkov\u00e9 tvary pro mont\u00e1\u017e"},"content":{"rendered":"<h2>Podrobnosti o produktech<\/h2>\n<div class=\"product-table\">\n<div class=\"row\">\n<div class=\"cell label\">T\u0159\u00edda<\/div>\n<div class=\"cell value\">\u0158ada 6000<\/div>\n<\/div>\n<div class=\"row\">\n<div class=\"cell label\">Tolerance<\/div>\n<div class=\"cell value\">\u00c2\u00b15%<\/div>\n<\/div>\n<div class=\"row\">\n<div class=\"cell label\">Doba dod\u00e1n\u00ed<\/div>\n<div class=\"cell value\">8-14 dn\u00ed<\/div>\n<\/div>\n<div class=\"row\">\n<div class=\"cell label\">Temperament<\/div>\n<div class=\"cell value\">T3-T8<\/div>\n<\/div>\n<div class=\"row\">\n<div class=\"cell label\">Aplikace<\/div>\n<div class=\"cell value\">Dal\u0161\u00ed<\/div>\n<\/div>\n<div class=\"row\">\n<div class=\"cell label\">Tvar<\/div>\n<div class=\"cell value\">\u010ctverec<\/div>\n<\/div>\n<div class=\"row\">\n<div class=\"cell label\">Slitina nebo ne<\/div>\n<div class=\"cell value\">Je slitina<\/div>\n<\/div>\n<div class=\"row\">\n<div class=\"cell label\">Slu\u017eba zpracov\u00e1n\u00ed<\/div>\n<div class=\"cell value\">\u0158ez\u00e1n\u00ed<\/div>\n<\/div>\n<div class=\"row\">\n<div class=\"cell label\">n\u00e1zev produktu<\/div>\n<div class=\"cell value\">hlin\u00edkov\u00fd vytla\u010dovac\u00ed profil<\/div>\n<\/div>\n<div class=\"row\">\n<div class=\"cell label\">Povrch<\/div>\n<div class=\"cell value\">eloxovan\u00e9 nebo elektrofor\u00e9zou<\/div>\n<\/div>\n<div class=\"row\">\n<div class=\"cell label\">d\u00e9lka<\/div>\n<div class=\"cell value\">50-6000 mm<\/div>\n<\/div>\n<div class=\"row\">\n<div class=\"cell label\">Materi\u00e1l<\/div>\n<div class=\"cell value\">Slitina hlin\u00edku 6063 t5<\/div>\n<\/div>\n<div class=\"row\">\n<div class=\"cell label\">Tvar<\/div>\n<div class=\"cell value\">\u010ctverec, obd\u00e9ln\u00edk nebo na m\u00edru<\/div>\n<\/div>\n<div class=\"row\">\n<div class=\"cell label\">n\u00e1zev<\/div>\n<div class=\"cell value\">Hlin\u00edkov\u00fd profil<\/div>\n<\/div>\n<div class=\"row\">\n<div class=\"cell label\">Doba dod\u00e1n\u00ed<\/div>\n<div class=\"cell value\">2-7 dn\u00ed po zaplacen\u00ed<\/div>\n<\/div>\n<div class=\"row\">\n<div class=\"cell label\">Aplikace<\/div>\n<div class=\"cell value\">Pr\u016fmyslov\u00e9 vyu\u017eit\u00ed<\/div>\n<\/div>\n<div class=\"row\">\n<div class=\"cell label\">Term\u00edn platby<\/div>\n<div class=\"cell value\">T\/T, L\/C<\/div>\n<\/div>\n<div class=\"row\">\n<div class=\"cell label\">Certifik\u00e1t<\/div>\n<div class=\"cell value\">ISO 9001\/ROHS<\/div>\n<\/div>\n<div class=\"row\">\n<div class=\"cell label\">Podrobnosti o balen\u00ed<\/div>\n<div class=\"cell value\">1.Foam gumov\u00e9 a bublinkov\u00e9 f\u00f3lie vrstven\u00e9 obaly pro profil;<\/div>\n<\/div>\n<div class=\"row\">\n<div class=\"cell label\">Prodejn\u00ed jednotky<\/div>\n<div class=\"cell value\">Jednotliv\u00e1 polo\u017eka<\/div>\n<\/div>\n<div class=\"row\">\n<div class=\"cell label\">Velikost jednoho balen\u00ed<\/div>\n<div class=\"cell value\">100X10X10 cm<\/div>\n<\/div>\n<div class=\"row\">\n<div class=\"cell label\">Jednotliv\u00e1 hrub\u00e1 hmotnost<\/div>\n<div class=\"cell value\">2.000 KG<\/div>\n<\/div>\n<\/div>\n<p><\/p>\n<h2>Na\u0161e v\u00fdrobn\u00ed z\u00e1kladna<\/h2>\n<h3>Panorama tov\u00e1rny<\/h3>\n<p><img decoding=\"async\" src=\"\/wp-content\/uploads\/factory-01.webp\"\/><\/p>\n<h3>D\u00edlna na v\u00fdrobu hlin\u00edkov\u00fdch ty\u010d\u00ed<\/h3>\n<p><img decoding=\"async\" src=\"\/wp-content\/uploads\/factory-02.webp\"\/><\/p>\n<p><img decoding=\"async\" src=\"\/wp-content\/uploads\/factory-03.webp\"\/><\/p>\n<h3>Sklad pl\u00edsn\u00ed<\/h3>\n<p><img decoding=\"async\" src=\"\/wp-content\/uploads\/factory-04.webp\"\/><\/p>\n<h3>43 linek na vytla\u010dov\u00e1n\u00ed hlin\u00edku (500-5500 tun)<\/h3>\n<p><img decoding=\"async\" src=\"\/wp-content\/uploads\/factory-05.webp\"\/><\/p>\n<p><img decoding=\"async\" src=\"\/wp-content\/uploads\/factory-06.webp\"\/><\/p>\n<p><img decoding=\"async\" src=\"\/wp-content\/uploads\/factory-07.webp\"\/><\/p>\n<h3>D\u00edlna pr\u00e1\u0161kov\u00e9ho lakov\u00e1n\u00ed<\/h3>\n<p><img decoding=\"async\" src=\"\/wp-content\/uploads\/factory-09.webp\"\/><\/p>\n<h3>D\u00edlna eloxov\u00e1n\u00ed<\/h3>\n<p><img decoding=\"async\" src=\"\/wp-content\/uploads\/factory-10.webp\"\/><\/p>\n<h3>Workshop o hloubkov\u00e9m zpracov\u00e1n\u00ed<\/h3>\n<p><img decoding=\"async\" src=\"\/wp-content\/uploads\/factory-11.webp\"\/><\/p>\n<h3>D\u00edlna CNC p\u0159esn\u00e9ho obr\u00e1b\u011bn\u00ed<\/h3>\n<p><img decoding=\"async\" src=\"\/wp-content\/uploads\/factory-11.5.webp\"\/><\/p>\n<h3>Sklad hotov\u00fdch v\u00fdrobk\u016f a exportn\u00ed sklad<\/h3>\n<p><img decoding=\"async\" src=\"\/wp-content\/uploads\/factory-12.webp\"\/><\/p>\n<p><img decoding=\"async\" src=\"\/wp-content\/uploads\/factory-13.webp\"\/><\/p>\n<p><img decoding=\"async\" src=\"\/wp-content\/uploads\/factory-14.webp\"\/><\/p>\n<h2>\u010cASTO KLADEN\u00c9 DOTAZY<\/h2>\n<p><strong>1. V jak\u00fdch pr\u016fmyslov\u00fdch odv\u011btv\u00edch lze pou\u017e\u00edt lisovan\u00e9 hlin\u00edkov\u00e9 tvarovky?<\/strong><br \/>Extrudovan\u00e9 hlin\u00edkov\u00e9 tvary jsou univerz\u00e1ln\u00ed a pou\u017e\u00edvaj\u00ed se v pr\u016fmyslov\u00fdch odv\u011btv\u00edch, jako je stavebnictv\u00ed, automobilov\u00fd pr\u016fmysl a elektronika.<\/p>\n<p><strong>2. Lze hlin\u00edkov\u00e9 tvary p\u0159izp\u016fsobit?<\/strong><br \/>Ano, nab\u00edz\u00edme p\u0159izp\u016fsoben\u00ed konkr\u00e9tn\u00edm po\u017eadavk\u016fm projektu.<\/p>\n<p><strong>3. Jsou tyto hlin\u00edkov\u00e9 tvary odoln\u00e9 proti korozi?<\/strong><br \/>Ano, na\u0161e lisovan\u00e9 hlin\u00edkov\u00e9 tvary jsou navr\u017eeny tak, aby \u00fa\u010dinn\u011b odol\u00e1valy korozi.<\/p>\n<p><strong>4. Poskytujete vysoce p\u0159esnou v\u00fdrobu?<\/strong><br \/>Ano, n\u00e1\u0161 v\u00fdrobn\u00ed proces zaji\u0161\u0165uje vysokou p\u0159esnost a st\u00e1lou kvalitu.<\/p>\n<p><strong>5. Je tepeln\u00e1 vodivost vlastnost\u00ed t\u011bchto tvar\u016f?<\/strong><br \/>Ano, nab\u00edzej\u00ed \u00fa\u010dinnou tepelnou vodivost, kter\u00e1 zvy\u0161uje v\u00fdkon.<\/p>\n<p><strong>6. Jak\u00e9 velikosti jsou k dispozici pro lisovan\u00e9 hlin\u00edkov\u00e9 tvary?<\/strong><br \/>Jsou k dispozici v \u0161irok\u00e9 \u0161k\u00e1le profil\u016f a velikost\u00ed, kter\u00e9 vyhovuj\u00ed r\u016fzn\u00fdm pot\u0159eb\u00e1m.<\/p>\n<p><strong>7. Jsou k dispozici vzorky pro zaji\u0161t\u011bn\u00ed kvality?<\/strong><br \/>Ano, nab\u00edz\u00edme vzorky, abychom se ujistili, \u017ee na\u0161e v\u00fdrobky spl\u0148uj\u00ed va\u0161e o\u010dek\u00e1v\u00e1n\u00ed p\u0159ed hromadn\u00fdmi objedn\u00e1vkami.<\/p>\n<p><\/p>","protected":false},"featured_media":10851,"template":"","categories":[55],"class_list":["post-10920","product","type-product","status-publish","has-post-thumbnail","hentry","category-extruded-aluminum-profiles"],"meta_box":{"hilight_text_group":[{"product_hilight_text":"<li>High precision manufacturing for consistent quality<\/li>\n<li>Available in a wide range of profiles and sizes<\/li>\n<li>Custom fabrication options for specific industry needs<\/li>\n<li>Corrosion-resistant and lightweight for diverse applications<\/li>\n<li>Efficient thermal conductivity properties for enhanced performance<\/li>"}],"feature_list":[]},"_links":{"self":[{"href":"https:\/\/sinoextrud.com\/cs\/wp-json\/wp\/v2\/product\/10920","targetHints":{"allow":["GET"]}}],"collection":[{"href":"https:\/\/sinoextrud.com\/cs\/wp-json\/wp\/v2\/product"}],"about":[{"href":"https:\/\/sinoextrud.com\/cs\/wp-json\/wp\/v2\/types\/product"}],"wp:featuredmedia":[{"embeddable":true,"href":"https:\/\/sinoextrud.com\/cs\/wp-json\/wp\/v2\/media\/10851"}],"wp:attachment":[{"href":"https:\/\/sinoextrud.com\/cs\/wp-json\/wp\/v2\/media?parent=10920"}],"wp:term":[{"taxonomy":"category","embeddable":true,"href":"https:\/\/sinoextrud.com\/cs\/wp-json\/wp\/v2\/categories?post=10920"}],"curies":[{"name":"wp","href":"https:\/\/api.w.org\/{rel}","templated":true}]}}