{"id":10918,"date":"2025-08-01T03:12:46","date_gmt":"2025-08-01T03:12:46","guid":{"rendered":"https:\/\/sinoextrud.com\/product\/aluminum-heat-sink-for-led-lights\/"},"modified":"2025-08-01T03:12:46","modified_gmt":"2025-08-01T03:12:46","slug":"hlinikovy-chladic-pro-led-svetla","status":"publish","type":"product","link":"https:\/\/sinoextrud.com\/cs\/product\/aluminum-heat-sink-for-led-lights\/","title":{"rendered":"Hlin\u00edkov\u00fd chladi\u010d pro LED sv\u011btla"},"content":{"rendered":"<h2>Podrobnosti o produktech<\/h2>\n<div class=\"product-table\">\n<div class=\"row\">\n<div class=\"cell label\">T\u0159\u00edda<\/div>\n<div class=\"cell value\">\u0158ada 6000<\/div>\n<\/div>\n<div class=\"row\">\n<div class=\"cell label\">Tolerance<\/div>\n<div class=\"cell value\">\u00c2\u00b11%<\/div>\n<\/div>\n<div class=\"row\">\n<div class=\"cell label\">Doba dod\u00e1n\u00ed<\/div>\n<div class=\"cell value\">15-21 dn\u00ed<\/div>\n<\/div>\n<div class=\"row\">\n<div class=\"cell label\">Temperament<\/div>\n<div class=\"cell value\">T3-T8<\/div>\n<\/div>\n<div class=\"row\">\n<div class=\"cell label\">Aplikace<\/div>\n<div class=\"cell value\">Architektura, pr\u016fmysl, dekorace, energetika, doprava atd.<\/div>\n<\/div>\n<div class=\"row\">\n<div class=\"cell label\">Tvar<\/div>\n<div class=\"cell value\">P\u0159izp\u016fsoben\u00e9<\/div>\n<\/div>\n<div class=\"row\">\n<div class=\"cell label\">Slitina nebo ne<\/div>\n<div class=\"cell value\">Je slitina<\/div>\n<\/div>\n<div class=\"row\">\n<div class=\"cell label\">Slu\u017eba zpracov\u00e1n\u00ed<\/div>\n<div class=\"cell value\">Oh\u00fdb\u00e1n\u00ed, odv\u00edjen\u00ed, sva\u0159ov\u00e1n\u00ed, d\u011brov\u00e1n\u00ed, \u0159ez\u00e1n\u00ed, CNC<\/div>\n<\/div>\n<div class=\"row\">\n<div class=\"cell label\">N\u00e1zev produktu<\/div>\n<div class=\"cell value\">Hlin\u00edkov\u00fd chladi\u010d<\/div>\n<\/div>\n<div class=\"row\">\n<div class=\"cell label\">Materi\u00e1l<\/div>\n<div class=\"cell value\">6063, 6061,6082,6463,6005,6060<\/div>\n<\/div>\n<div class=\"row\">\n<div class=\"cell label\">MOQ<\/div>\n<div class=\"cell value\">100ks<\/div>\n<\/div>\n<div class=\"row\">\n<div class=\"cell label\">P\u0159\u00edstav<\/div>\n<div class=\"cell value\">Guangzhou\/Shenzhen\/Foshan<\/div>\n<\/div>\n<div class=\"row\">\n<div class=\"cell label\">Barva<\/div>\n<div class=\"cell value\">St\u0159\u00edbrn\u00e1\/\u010dern\u00e1\/\u010derven\u00e1\/modr\u00e1 a na m\u00edru<\/div>\n<\/div>\n<div class=\"row\">\n<div class=\"cell label\">Povrchov\u00e1 \u00faprava<\/div>\n<div class=\"cell value\">Fr\u00e9zov\u00e1n\u00ed, eloxov\u00e1n\u00ed, pr\u00e1\u0161kov\u00e9 lakov\u00e1n\u00ed, d\u0159ev\u011bn\u00e9 zrno, chrom, kart\u00e1\u010d atd.<\/div>\n<\/div>\n<div class=\"row\">\n<div class=\"cell label\">Uk\u00e1zka<\/div>\n<div class=\"cell value\">Vzorek zdarma<\/div>\n<\/div>\n<div class=\"row\">\n<div class=\"cell label\">Hloubkov\u00fd proces<\/div>\n<div class=\"cell value\">D\u011brov\u00e1n\u00ed Vrt\u00e1n\u00ed P\u0159esn\u00e9 \u0159ez\u00e1n\u00ed CNC<\/div>\n<\/div>\n<div class=\"row\">\n<div class=\"cell label\">Tlou\u0161\u0165ka<\/div>\n<div class=\"cell value\">P\u0159izp\u016fsoben\u00e9<\/div>\n<\/div>\n<div class=\"row\">\n<div class=\"cell label\">D\u00e9lka<\/div>\n<div class=\"cell value\">Vlastn\u00ed d\u00e9lka<\/div>\n<\/div>\n<div class=\"row\">\n<div class=\"cell label\">Prodejn\u00ed jednotky<\/div>\n<div class=\"cell value\">Jednotliv\u00e1 polo\u017eka<\/div>\n<\/div>\n<div class=\"row\">\n<div class=\"cell label\">Velikost jednoho balen\u00ed<\/div>\n<div class=\"cell value\">50X5X5 cm<\/div>\n<\/div>\n<div class=\"row\">\n<div class=\"cell label\">Jednotliv\u00e1 hrub\u00e1 hmotnost<\/div>\n<div class=\"cell value\">3.000 KG<\/div>\n<\/div>\n<\/div>\n<p><\/p>\n<h2>Na\u0161e v\u00fdrobn\u00ed z\u00e1kladna<\/h2>\n<h3>Panorama tov\u00e1rny<\/h3>\n<p><img decoding=\"async\" src=\"\/wp-content\/uploads\/factory-01.webp\"\/><\/p>\n<h3>D\u00edlna na v\u00fdrobu hlin\u00edkov\u00fdch ty\u010d\u00ed<\/h3>\n<p><img decoding=\"async\" src=\"\/wp-content\/uploads\/factory-02.webp\"\/><\/p>\n<p><img decoding=\"async\" src=\"\/wp-content\/uploads\/factory-03.webp\"\/><\/p>\n<h3>Sklad pl\u00edsn\u00ed<\/h3>\n<p><img decoding=\"async\" src=\"\/wp-content\/uploads\/factory-04.webp\"\/><\/p>\n<h3>43 linek na vytla\u010dov\u00e1n\u00ed hlin\u00edku (500-5500 tun)<\/h3>\n<p><img decoding=\"async\" src=\"\/wp-content\/uploads\/factory-05.webp\"\/><\/p>\n<p><img decoding=\"async\" src=\"\/wp-content\/uploads\/factory-06.webp\"\/><\/p>\n<p><img decoding=\"async\" src=\"\/wp-content\/uploads\/factory-07.webp\"\/><\/p>\n<h3>D\u00edlna pr\u00e1\u0161kov\u00e9ho lakov\u00e1n\u00ed<\/h3>\n<p><img decoding=\"async\" src=\"\/wp-content\/uploads\/factory-09.webp\"\/><\/p>\n<h3>D\u00edlna eloxov\u00e1n\u00ed<\/h3>\n<p><img decoding=\"async\" src=\"\/wp-content\/uploads\/factory-10.webp\"\/><\/p>\n<h3>Workshop o hloubkov\u00e9m zpracov\u00e1n\u00ed<\/h3>\n<p><img decoding=\"async\" src=\"\/wp-content\/uploads\/factory-11.webp\"\/><\/p>\n<h3>D\u00edlna CNC p\u0159esn\u00e9ho obr\u00e1b\u011bn\u00ed<\/h3>\n<p><img decoding=\"async\" src=\"\/wp-content\/uploads\/factory-11.5.webp\"\/><\/p>\n<h3>Sklad hotov\u00fdch v\u00fdrobk\u016f a exportn\u00ed sklad<\/h3>\n<p><img decoding=\"async\" src=\"\/wp-content\/uploads\/factory-12.webp\"\/><\/p>\n<p><img decoding=\"async\" src=\"\/wp-content\/uploads\/factory-13.webp\"\/><\/p>\n<p><img decoding=\"async\" src=\"\/wp-content\/uploads\/factory-14.webp\"\/><\/p>\n<h2>\u010cASTO KLADEN\u00c9 DOTAZY<\/h2>\n<p><strong>1. Jak\u00fd je hlavn\u00ed \u00fa\u010del hlin\u00edkov\u00e9ho chladi\u010de pro LED sv\u011btla?<\/strong><br \/>Je navr\u017een tak, aby zlep\u0161il tepeln\u00e9 \u0159\u00edzen\u00ed sv\u011btel LED a zajistil \u00fa\u010dinn\u00fd odvod tepla.<\/p>\n<p><strong>2. Lze hlin\u00edkov\u00fd chladi\u010d p\u0159izp\u016fsobit r\u016fzn\u00fdm LED sv\u011btl\u016fm?<\/strong><br \/>Ano, jsou k dispozici vlastn\u00ed velikosti a konfigurace, kter\u00e9 vyhovuj\u00ed specifick\u00fdm rozm\u011br\u016fm sv\u011btel LED a pot\u0159eb\u00e1m \u0159\u00edzen\u00ed tepla.<\/p>\n<p><strong>3. Pro\u010d se pro chladi\u010de LED pou\u017e\u00edv\u00e1 hlin\u00edk?<\/strong><br \/>Hlin\u00edk se pou\u017e\u00edv\u00e1 d\u00edky sv\u00e9 vynikaj\u00edc\u00ed tepeln\u00e9 vodivosti a n\u00edzk\u00e9 hmotnosti, tak\u017ee je \u00fa\u010dinn\u00fd p\u0159i odvodu tepla.<\/p>\n<p><strong>4. Jak pom\u00e1h\u00e1 hlin\u00edkov\u00fd chladi\u010d prodlou\u017eit \u017eivotnost LED?<\/strong><br \/>Chladi\u010d \u00fa\u010dinn\u011b odv\u00e1d\u00ed teplo a pom\u00e1h\u00e1 tak udr\u017eovat optim\u00e1ln\u00ed provozn\u00ed teplotu, \u010d\u00edm\u017e prodlu\u017euje \u017eivotnost LED diody.<\/p>\n<p><strong>5. Jsou tyto hlin\u00edkov\u00e9 chladi\u010de vhodn\u00e9 pro v\u0161echny typy LED sv\u011btel?<\/strong><br \/>Jsou kompatibiln\u00ed s v\u011bt\u0161inou sv\u011btel LED, ale pro konkr\u00e9tn\u00ed modely m\u016f\u017ee b\u00fdt nutn\u00fd vlastn\u00ed design.<\/p>\n<p><strong>6. Nab\u00edz\u00edte podporu pro rozs\u00e1hl\u00e9 projekty, kter\u00e9 vy\u017eaduj\u00ed mnoho hlin\u00edkov\u00fdch chladi\u010d\u016f?<\/strong><br \/>Ano, poskytujeme \u0161k\u00e1lovateln\u00e1 \u0159e\u0161en\u00ed a podporujeme hromadn\u00e9 objedn\u00e1vky pro velk\u00e9 projekty.<\/p>\n<p><strong>7. Je mo\u017en\u00e9 z\u00edskat vzorek chladi\u010de pro testov\u00e1n\u00ed s na\u0161imi LED sv\u00edtidly?<\/strong><br \/>Ano, k dispozici jsou vzorov\u00e9 objedn\u00e1vky pro otestov\u00e1n\u00ed kompatibility a v\u00fdkonu s va\u0161imi syst\u00e9my LED.<\/p>\n<p><\/p>","protected":false},"featured_media":10752,"template":"","categories":[72],"class_list":["post-10918","product","type-product","status-publish","has-post-thumbnail","hentry","category-extruded-aluminum-heatsink"],"meta_box":{"hilight_text_group":[{"product_hilight_text":"<li>Optimized for LED lighting systems to maximize thermal management<\/li>\n<li>Manufactured with high-grade aluminum for enhanced heat dissipation<\/li>\n<li>Available in various sizes and fin configurations to suit different requirements<\/li>\n<li>Supports custom design orders to align with specific project needs<\/li>\n<li>Lightweight yet durable, ideal for prolonged use in lighting installations<\/li>"}],"feature_list":[]},"_links":{"self":[{"href":"https:\/\/sinoextrud.com\/cs\/wp-json\/wp\/v2\/product\/10918","targetHints":{"allow":["GET"]}}],"collection":[{"href":"https:\/\/sinoextrud.com\/cs\/wp-json\/wp\/v2\/product"}],"about":[{"href":"https:\/\/sinoextrud.com\/cs\/wp-json\/wp\/v2\/types\/product"}],"wp:featuredmedia":[{"embeddable":true,"href":"https:\/\/sinoextrud.com\/cs\/wp-json\/wp\/v2\/media\/10752"}],"wp:attachment":[{"href":"https:\/\/sinoextrud.com\/cs\/wp-json\/wp\/v2\/media?parent=10918"}],"wp:term":[{"taxonomy":"category","embeddable":true,"href":"https:\/\/sinoextrud.com\/cs\/wp-json\/wp\/v2\/categories?post=10918"}],"curies":[{"name":"wp","href":"https:\/\/api.w.org\/{rel}","templated":true}]}}