{"id":10917,"date":"2025-08-01T03:12:43","date_gmt":"2025-08-01T03:12:43","guid":{"rendered":"https:\/\/sinoextrud.com\/product\/extruded-aluminum-heat-sink-enclosure\/"},"modified":"2025-08-01T03:12:43","modified_gmt":"2025-08-01T03:12:43","slug":"kryt-s-extrudovanym-hlinikovym-chladicem","status":"publish","type":"product","link":"https:\/\/sinoextrud.com\/cs\/product\/extruded-aluminum-heat-sink-enclosure\/","title":{"rendered":"Extrudovan\u00fd hlin\u00edkov\u00fd kryt chladi\u010de"},"content":{"rendered":"<h2>Podrobnosti o produktech<\/h2>\n<div class=\"product-table\">\n<div class=\"row\">\n<div class=\"cell label\">T\u0159\u00edda<\/div>\n<div class=\"cell value\">6063-T5<\/div>\n<\/div>\n<div class=\"row\">\n<div class=\"cell label\">Tolerance<\/div>\n<div class=\"cell value\">\u00c2\u00b110%<\/div>\n<\/div>\n<div class=\"row\">\n<div class=\"cell label\">Temperament<\/div>\n<div class=\"cell value\">T3-T8<\/div>\n<\/div>\n<div class=\"row\">\n<div class=\"cell label\">Aplikace<\/div>\n<div class=\"cell value\">Sv\u00e1\u0159e\u010dka, frekven\u010dn\u00ed konverze<\/div>\n<\/div>\n<div class=\"row\">\n<div class=\"cell label\">Tvar<\/div>\n<div class=\"cell value\">\u010ctverec<\/div>\n<\/div>\n<div class=\"row\">\n<div class=\"cell label\">Slitina nebo ne<\/div>\n<div class=\"cell value\">Je slitina<\/div>\n<\/div>\n<div class=\"row\">\n<div class=\"cell label\">Slu\u017eba zpracov\u00e1n\u00ed<\/div>\n<div class=\"cell value\">Oh\u00fdb\u00e1n\u00ed, odv\u00edjen\u00ed, sva\u0159ov\u00e1n\u00ed, d\u011brov\u00e1n\u00ed, \u0159ez\u00e1n\u00ed, CNC<\/div>\n<\/div>\n<div class=\"row\">\n<div class=\"cell label\">Barva<\/div>\n<div class=\"cell value\">St\u0159\u00edb\u0159it\u00fd<\/div>\n<\/div>\n<div class=\"row\">\n<div class=\"cell label\">N\u00e1zev produktu<\/div>\n<div class=\"cell value\">Extrudovan\u00fd hlin\u00edk pro chladi\u010d<\/div>\n<\/div>\n<div class=\"row\">\n<div class=\"cell label\">Balen\u00ed<\/div>\n<div class=\"cell value\">Karton\/d\u0159ev\u011bn\u00e1 paleta\/OEM<\/div>\n<\/div>\n<div class=\"row\">\n<div class=\"cell label\">Povrchov\u00e1 \u00faprava<\/div>\n<div class=\"cell value\">Odma\u0161\u0165ov\u00e1n\u00ed<\/div>\n<\/div>\n<div class=\"row\">\n<div class=\"cell label\">aplikace<\/div>\n<div class=\"cell value\">M\u011bni\u010d\/sv\u00e1\u0159e\u010dka<\/div>\n<\/div>\n<div class=\"row\">\n<div class=\"cell label\">Doba dod\u00e1n\u00ed<\/div>\n<div class=\"cell value\">Platba p\u0159edem do 30-40 dn\u016f<\/div>\n<\/div>\n<div class=\"row\">\n<div class=\"cell label\">Podrobnosti o balen\u00ed<\/div>\n<div class=\"cell value\">Karton\/z\u00e1sobn\u00edk\/OEM<\/div>\n<\/div>\n<div class=\"row\">\n<div class=\"cell label\">P\u0159\u00edstav odesl\u00e1n\u00ed<\/div>\n<div class=\"cell value\">\u0160anghaj<\/div>\n<\/div>\n<div class=\"row\">\n<div class=\"cell label\">Prodejn\u00ed jednotky<\/div>\n<div class=\"cell value\">Jednotliv\u00e1 polo\u017eka<\/div>\n<\/div>\n<div class=\"row\">\n<div class=\"cell label\">Velikost jednoho balen\u00ed<\/div>\n<div class=\"cell value\">22X10X15 cm<\/div>\n<\/div>\n<div class=\"row\">\n<div class=\"cell label\">Jednotliv\u00e1 hrub\u00e1 hmotnost<\/div>\n<div class=\"cell value\">1 600 KG<\/div>\n<\/div>\n<div class=\"row\">\n<div class=\"cell label\">Schopnost z\u00e1sobov\u00e1n\u00ed<\/div>\n<div class=\"cell value\">50000 kus\u016f za m\u011bs\u00edc<\/div>\n<\/div>\n<\/div>\n<p><\/p>\n<h2>Na\u0161e v\u00fdrobn\u00ed z\u00e1kladna<\/h2>\n<h3>Panorama tov\u00e1rny<\/h3>\n<p><img decoding=\"async\" src=\"\/wp-content\/uploads\/factory-01.webp\"\/><\/p>\n<h3>D\u00edlna na v\u00fdrobu hlin\u00edkov\u00fdch ty\u010d\u00ed<\/h3>\n<p><img decoding=\"async\" src=\"\/wp-content\/uploads\/factory-02.webp\"\/><\/p>\n<p><img decoding=\"async\" src=\"\/wp-content\/uploads\/factory-03.webp\"\/><\/p>\n<h3>Sklad pl\u00edsn\u00ed<\/h3>\n<p><img decoding=\"async\" src=\"\/wp-content\/uploads\/factory-04.webp\"\/><\/p>\n<h3>43 linek na vytla\u010dov\u00e1n\u00ed hlin\u00edku (500-5500 tun)<\/h3>\n<p><img decoding=\"async\" src=\"\/wp-content\/uploads\/factory-05.webp\"\/><\/p>\n<p><img decoding=\"async\" src=\"\/wp-content\/uploads\/factory-06.webp\"\/><\/p>\n<p><img decoding=\"async\" src=\"\/wp-content\/uploads\/factory-07.webp\"\/><\/p>\n<h3>D\u00edlna pr\u00e1\u0161kov\u00e9ho lakov\u00e1n\u00ed<\/h3>\n<p><img decoding=\"async\" src=\"\/wp-content\/uploads\/factory-09.webp\"\/><\/p>\n<h3>D\u00edlna eloxov\u00e1n\u00ed<\/h3>\n<p><img decoding=\"async\" src=\"\/wp-content\/uploads\/factory-10.webp\"\/><\/p>\n<h3>Workshop o hloubkov\u00e9m zpracov\u00e1n\u00ed<\/h3>\n<p><img decoding=\"async\" src=\"\/wp-content\/uploads\/factory-11.webp\"\/><\/p>\n<h3>D\u00edlna CNC p\u0159esn\u00e9ho obr\u00e1b\u011bn\u00ed<\/h3>\n<p><img decoding=\"async\" src=\"\/wp-content\/uploads\/factory-11.5.webp\"\/><\/p>\n<h3>Sklad hotov\u00fdch v\u00fdrobk\u016f a exportn\u00ed sklad<\/h3>\n<p><img decoding=\"async\" src=\"\/wp-content\/uploads\/factory-12.webp\"\/><\/p>\n<p><img decoding=\"async\" src=\"\/wp-content\/uploads\/factory-13.webp\"\/><\/p>\n<p><img decoding=\"async\" src=\"\/wp-content\/uploads\/factory-14.webp\"\/><\/p>\n<h2>\u010cASTO KLADEN\u00c9 DOTAZY<\/h2>\n<p><strong>1. Jak\u00e9 materi\u00e1ly jsou pou\u017eity p\u0159i v\u00fdrob\u011b krytu chladi\u010de?<\/strong><br \/>Kryt je vyroben z vysoce kvalitn\u00edho extrudovan\u00e9ho hlin\u00edku, kter\u00fd zaji\u0161\u0165uje odolnost a v\u00fdkon.<\/p>\n<p><strong>2. Lze rozm\u011bry chladi\u010de p\u0159izp\u016fsobit?<\/strong><br \/>Ano, nab\u00edz\u00edme rozm\u011bry na m\u00edru, kter\u00e9 vyhovuj\u00ed specifick\u00fdm pot\u0159eb\u00e1m projektu a zaji\u0161\u0165uj\u00ed optim\u00e1ln\u00ed v\u00fdkon.<\/p>\n<p><strong>3. Je hlin\u00edkov\u00fd chladi\u010d vhodn\u00fd pro venkovn\u00ed pou\u017eit\u00ed?<\/strong><br \/>Ano, d\u00edky sv\u00fdm korozivzdorn\u00fdm vlastnostem je ide\u00e1ln\u00ed pro venkovn\u00ed pou\u017eit\u00ed.<\/p>\n<p><strong>4. Pro jak\u00e1 pr\u016fmyslov\u00e1 odv\u011btv\u00ed m\u016f\u017ee b\u00fdt pou\u017eit\u00ed tohoto krytu chladi\u010de p\u0159\u00ednosem?<\/strong><br \/>Tento v\u00fdrobek je vhodn\u00fd pro elektroniku, automobilov\u00fd pr\u016fmysl a r\u016fzn\u00e9 pr\u016fmyslov\u00e9 aplikace.<\/p>\n<p><strong>5. Poskytujete z\u00e1ruku na hlin\u00edkov\u00e9 kryty chladi\u010d\u016f?<\/strong><br \/>Ano, nab\u00edz\u00edme z\u00e1ruku, kter\u00e1 zaru\u010duje kvalitu a v\u00fdkon na\u0161ich v\u00fdrobk\u016f.<\/p>\n<p><strong>6. Jak ovliv\u0148uje proces vytla\u010dov\u00e1n\u00ed kvalitu chladi\u010de?<\/strong><br \/>Vytla\u010dov\u00e1n\u00ed zaji\u0161\u0165uje p\u0159esnost a konzistenci, co\u017e vede ke spolehliv\u00e9mu odvodu tepla.<\/p>\n<p><strong>7. M\u016f\u017ee b\u00fdt kryt eloxov\u00e1n nebo nat\u0159en pro dodate\u010dnou ochranu nebo estetick\u00e9 \u00fa\u010dely?<\/strong><br \/>Ano, na vy\u017e\u00e1d\u00e1n\u00ed lze zajistit povrchovou \u00fapravu, nap\u0159\u00edklad eloxov\u00e1n\u00ed nebo lakov\u00e1n\u00ed.<\/p>\n<p><\/p>","protected":false},"featured_media":10853,"template":"","categories":[55],"class_list":["post-10917","product","type-product","status-publish","has-post-thumbnail","hentry","category-extruded-aluminum-profiles"],"meta_box":{"hilight_text_group":[{"product_hilight_text":"<li>High thermal conductivity for efficient heat dissipation<\/li>\n<li>Customizable dimensions to fit specific project needs<\/li>\n<li>Lightweight and corrosion-resistant for durability<\/li>\n<li>Ideal for electronics, automotive, and industrial use<\/li>\n<li>Precision extrusion process ensures consistent quality<\/li>"}],"feature_list":[]},"_links":{"self":[{"href":"https:\/\/sinoextrud.com\/cs\/wp-json\/wp\/v2\/product\/10917","targetHints":{"allow":["GET"]}}],"collection":[{"href":"https:\/\/sinoextrud.com\/cs\/wp-json\/wp\/v2\/product"}],"about":[{"href":"https:\/\/sinoextrud.com\/cs\/wp-json\/wp\/v2\/types\/product"}],"wp:featuredmedia":[{"embeddable":true,"href":"https:\/\/sinoextrud.com\/cs\/wp-json\/wp\/v2\/media\/10853"}],"wp:attachment":[{"href":"https:\/\/sinoextrud.com\/cs\/wp-json\/wp\/v2\/media?parent=10917"}],"wp:term":[{"taxonomy":"category","embeddable":true,"href":"https:\/\/sinoextrud.com\/cs\/wp-json\/wp\/v2\/categories?post=10917"}],"curies":[{"name":"wp","href":"https:\/\/api.w.org\/{rel}","templated":true}]}}