{"id":10915,"date":"2025-08-01T03:12:38","date_gmt":"2025-08-01T03:12:38","guid":{"rendered":"https:\/\/sinoextrud.com\/product\/aluminum-profile-for-5g-communication-equipment\/"},"modified":"2025-08-01T03:12:38","modified_gmt":"2025-08-01T03:12:38","slug":"hlinikovy-profil-pro-komunikacni-zarizeni-5g","status":"publish","type":"product","link":"https:\/\/sinoextrud.com\/cs\/product\/aluminum-profile-for-5g-communication-equipment\/","title":{"rendered":"Hlin\u00edkov\u00fd profil pro komunika\u010dn\u00ed za\u0159\u00edzen\u00ed 5G"},"content":{"rendered":"<h2>Podrobnosti o produktech<\/h2>\n<div class=\"product-table\">\n<div class=\"row\">\n<div class=\"cell label\">T\u0159\u00edda<\/div>\n<div class=\"cell value\">\u0158ada 6000<\/div>\n<\/div>\n<div class=\"row\">\n<div class=\"cell label\">Tolerance<\/div>\n<div class=\"cell value\">\u00c2\u00b11%<\/div>\n<\/div>\n<div class=\"row\">\n<div class=\"cell label\">Doba dod\u00e1n\u00ed<\/div>\n<div class=\"cell value\">22-30 dn\u00ed<\/div>\n<\/div>\n<div class=\"row\">\n<div class=\"cell label\">Temperament<\/div>\n<div class=\"cell value\">T3-T8<\/div>\n<\/div>\n<div class=\"row\">\n<div class=\"cell label\">Aplikace<\/div>\n<div class=\"cell value\">led\/elektronika\/cpu<\/div>\n<\/div>\n<div class=\"row\">\n<div class=\"cell label\">Tvar<\/div>\n<div class=\"cell value\">vlastn\u00ed<\/div>\n<\/div>\n<div class=\"row\">\n<div class=\"cell label\">Slitina nebo ne<\/div>\n<div class=\"cell value\">Je slitina<\/div>\n<\/div>\n<div class=\"row\">\n<div class=\"cell label\">Slu\u017eba zpracov\u00e1n\u00ed<\/div>\n<div class=\"cell value\">Oh\u00fdb\u00e1n\u00ed, odv\u00edjen\u00ed, sva\u0159ov\u00e1n\u00ed, d\u011brov\u00e1n\u00ed, \u0159ez\u00e1n\u00ed<\/div>\n<\/div>\n<div class=\"row\">\n<div class=\"cell label\">N\u00e1zev produktu<\/div>\n<div class=\"cell value\">vlastn\u00ed profil hlin\u00edkov\u00e9ho chladi\u010de<\/div>\n<\/div>\n<div class=\"row\">\n<div class=\"cell label\">Materi\u00e1l<\/div>\n<div class=\"cell value\">6063 6061 6005 Hlin\u00edkov\u00e1 slitina<\/div>\n<\/div>\n<div class=\"row\">\n<div class=\"cell label\">Barva<\/div>\n<div class=\"cell value\">st\u0159\u00edbrn\u00e1, \u010dern\u00e1, zlat\u00e1 \u010dern\u00e1 a tak d\u00e1le<\/div>\n<\/div>\n<div class=\"row\">\n<div class=\"cell label\">Povrchov\u00e1 \u00faprava<\/div>\n<div class=\"cell value\">Ml\u00fdnsk\u00e1 \u00faprava, eloxov\u00e1n\u00ed, pr\u00e1\u0161kov\u00e9 lakov\u00e1n\u00ed<\/div>\n<\/div>\n<div class=\"row\">\n<div class=\"cell label\">Certifikace<\/div>\n<div class=\"cell value\">ISO9001:2008<\/div>\n<\/div>\n<div class=\"row\">\n<div class=\"cell label\">tvar<\/div>\n<div class=\"cell value\">na m\u00edru<\/div>\n<\/div>\n<div class=\"row\">\n<div class=\"cell label\">Pou\u017eit\u00ed<\/div>\n<div class=\"cell value\">led\/elektronika\/cpu<\/div>\n<\/div>\n<div class=\"row\">\n<div class=\"cell label\">Uk\u00e1zka<\/div>\n<div class=\"cell value\">Vzorek zdarma<\/div>\n<\/div>\n<div class=\"row\">\n<div class=\"cell label\">D\u00e9lka<\/div>\n<div class=\"cell value\">Vlastn\u00ed d\u00e9lka<\/div>\n<\/div>\n<div class=\"row\">\n<div class=\"cell label\">Slu\u017eba<\/div>\n<div class=\"cell value\">OEM ODM<\/div>\n<\/div>\n<div class=\"row\">\n<div class=\"cell label\">Prodejn\u00ed jednotky<\/div>\n<div class=\"cell value\">Jednotliv\u00e1 polo\u017eka<\/div>\n<\/div>\n<div class=\"row\">\n<div class=\"cell label\">Velikost jednoho balen\u00ed<\/div>\n<div class=\"cell value\">30X20X20 cm<\/div>\n<\/div>\n<div class=\"row\">\n<div class=\"cell label\">Jednotliv\u00e1 hrub\u00e1 hmotnost<\/div>\n<div class=\"cell value\">3.000 KG<\/div>\n<\/div>\n<\/div>\n<p><\/p>\n<h2>Na\u0161e v\u00fdrobn\u00ed z\u00e1kladna<\/h2>\n<h3>Panorama tov\u00e1rny<\/h3>\n<p><img decoding=\"async\" src=\"\/wp-content\/uploads\/factory-01.webp\"\/><\/p>\n<h3>D\u00edlna na v\u00fdrobu hlin\u00edkov\u00fdch ty\u010d\u00ed<\/h3>\n<p><img decoding=\"async\" src=\"\/wp-content\/uploads\/factory-02.webp\"\/><\/p>\n<p><img decoding=\"async\" src=\"\/wp-content\/uploads\/factory-03.webp\"\/><\/p>\n<h3>Sklad pl\u00edsn\u00ed<\/h3>\n<p><img decoding=\"async\" src=\"\/wp-content\/uploads\/factory-04.webp\"\/><\/p>\n<h3>43 linek na vytla\u010dov\u00e1n\u00ed hlin\u00edku (500-5500 tun)<\/h3>\n<p><img decoding=\"async\" src=\"\/wp-content\/uploads\/factory-05.webp\"\/><\/p>\n<p><img decoding=\"async\" src=\"\/wp-content\/uploads\/factory-06.webp\"\/><\/p>\n<p><img decoding=\"async\" src=\"\/wp-content\/uploads\/factory-07.webp\"\/><\/p>\n<h3>D\u00edlna pr\u00e1\u0161kov\u00e9ho lakov\u00e1n\u00ed<\/h3>\n<p><img decoding=\"async\" src=\"\/wp-content\/uploads\/factory-09.webp\"\/><\/p>\n<h3>D\u00edlna eloxov\u00e1n\u00ed<\/h3>\n<p><img decoding=\"async\" src=\"\/wp-content\/uploads\/factory-10.webp\"\/><\/p>\n<h3>Workshop o hloubkov\u00e9m zpracov\u00e1n\u00ed<\/h3>\n<p><img decoding=\"async\" src=\"\/wp-content\/uploads\/factory-11.webp\"\/><\/p>\n<h3>D\u00edlna CNC p\u0159esn\u00e9ho obr\u00e1b\u011bn\u00ed<\/h3>\n<p><img decoding=\"async\" src=\"\/wp-content\/uploads\/factory-11.5.webp\"\/><\/p>\n<h3>Sklad hotov\u00fdch v\u00fdrobk\u016f a exportn\u00ed sklad<\/h3>\n<p><img decoding=\"async\" src=\"\/wp-content\/uploads\/factory-12.webp\"\/><\/p>\n<p><img decoding=\"async\" src=\"\/wp-content\/uploads\/factory-13.webp\"\/><\/p>\n<p><img decoding=\"async\" src=\"\/wp-content\/uploads\/factory-14.webp\"\/><\/p>\n<h2>\u010cASTO KLADEN\u00c9 DOTAZY<\/h2>\n<p><strong>1. Jak\u00e9 v\u00fdhody nab\u00edz\u00ed hlin\u00edkov\u00fd profil pro aplikace 5G?<\/strong><br \/>Hlin\u00edkov\u00fd profil zvy\u0161uje \u010distotu a \u017eivotnost sign\u00e1lu v s\u00edt\u00edch 5G.<\/p>\n<p><strong>2. Lze hlin\u00edkov\u00fd profil p\u0159izp\u016fsobit specifick\u00fdm po\u017eadavk\u016fm 5G?<\/strong><br \/>Ano, p\u0159izp\u016fsoben\u00ed je k dispozici tak, aby vyhovovalo konkr\u00e9tn\u00edm designov\u00fdm a technick\u00fdm pot\u0159eb\u00e1m.<\/p>\n<p><strong>3. Je hlin\u00edkov\u00fd profil lehk\u00fd pro snadnou instalaci?<\/strong><br \/>Ano, je navr\u017een tak, aby byl lehk\u00fd a umo\u017e\u0148oval efektivn\u00ed instalaci a manipulaci.<\/p>\n<p><strong>4. Zlep\u0161uje hlin\u00edkov\u00fd profil p\u0159enos sign\u00e1lu 5G?<\/strong><br \/>Ano, je speci\u00e1ln\u011b navr\u017een pro zlep\u0161en\u00ed p\u0159enosu a sn\u00ed\u017een\u00ed ztr\u00e1t sign\u00e1lu.<\/p>\n<p><strong>5. Jak\u00e9 vlastnosti odolnosti m\u00e1 hlin\u00edkov\u00fd profil?<\/strong><br \/>Je vyroben z vysoce kvalitn\u00edho hlin\u00edku, kter\u00fd zaji\u0161\u0165uje vynikaj\u00edc\u00ed trvanlivost a odolnost proti korozi.<\/p>\n<p><strong>6. Je hlin\u00edkov\u00fd profil kompatibiln\u00ed s r\u016fzn\u00fdmi syst\u00e9my 5G?<\/strong><br \/>Ano, je kompatibiln\u00ed s celou \u0159adou infrastruktur a syst\u00e9m\u016f 5G.<\/p>\n<p><strong>7. Nab\u00edz\u00edte technickou podporu pro integraci hlin\u00edkov\u00e9ho profilu do s\u00edt\u00ed 5G?<\/strong><br \/>Ano, poskytujeme komplexn\u00ed technickou podporu, kter\u00e1 v\u00e1m pom\u016f\u017ee s bezprobl\u00e9movou integrac\u00ed.<\/p>\n<p><\/p>","protected":false},"featured_media":10854,"template":"","categories":[55],"class_list":["post-10915","product","type-product","status-publish","has-post-thumbnail","hentry","category-extruded-aluminum-profiles"],"meta_box":{"hilight_text_group":[{"product_hilight_text":"<li>Enhances signal transmission and reception for 5G networks<\/li>\n<li>Customizable to fit various 5G infrastructure requirements<\/li>\n<li>Manufactured with high-grade aluminum for superior durability<\/li>\n<li>Lightweight design that supports easy installation and maintenance<\/li>\n<li>Compatible with multiple 5G systems and applications<\/li>"}],"feature_list":[]},"_links":{"self":[{"href":"https:\/\/sinoextrud.com\/cs\/wp-json\/wp\/v2\/product\/10915","targetHints":{"allow":["GET"]}}],"collection":[{"href":"https:\/\/sinoextrud.com\/cs\/wp-json\/wp\/v2\/product"}],"about":[{"href":"https:\/\/sinoextrud.com\/cs\/wp-json\/wp\/v2\/types\/product"}],"wp:featuredmedia":[{"embeddable":true,"href":"https:\/\/sinoextrud.com\/cs\/wp-json\/wp\/v2\/media\/10854"}],"wp:attachment":[{"href":"https:\/\/sinoextrud.com\/cs\/wp-json\/wp\/v2\/media?parent=10915"}],"wp:term":[{"taxonomy":"category","embeddable":true,"href":"https:\/\/sinoextrud.com\/cs\/wp-json\/wp\/v2\/categories?post=10915"}],"curies":[{"name":"wp","href":"https:\/\/api.w.org\/{rel}","templated":true}]}}