{"id":10914,"date":"2025-08-01T03:12:36","date_gmt":"2025-08-01T03:12:36","guid":{"rendered":"https:\/\/sinoextrud.com\/product\/aluminum-heat-sink-for-bitcoin-miner-cooling\/"},"modified":"2025-08-01T03:12:36","modified_gmt":"2025-08-01T03:12:36","slug":"hlinikovy-chladic-pro-chlazeni-bitcoin-mineru","status":"publish","type":"product","link":"https:\/\/sinoextrud.com\/cs\/product\/aluminum-heat-sink-for-bitcoin-miner-cooling\/","title":{"rendered":"Hlin\u00edkov\u00fd chladi\u010d pro chlazen\u00ed Bitcoin Miner"},"content":{"rendered":"<h2>Podrobnosti o produktech<\/h2>\n<div class=\"product-table\">\n<div class=\"row\">\n<div class=\"cell label\">T\u0159\u00edda<\/div>\n<div class=\"cell value\">AL 6063 T5<\/div>\n<\/div>\n<div class=\"row\">\n<div class=\"cell label\">Tolerance<\/div>\n<div class=\"cell value\">GB\/T 3190-2008,GB\/T 14846-2008,ISO 2768<\/div>\n<\/div>\n<div class=\"row\">\n<div class=\"cell label\">Doba dod\u00e1n\u00ed<\/div>\n<div class=\"cell value\">15-21 dn\u00ed<\/div>\n<\/div>\n<div class=\"row\">\n<div class=\"cell label\">Temperament<\/div>\n<div class=\"cell value\">T3-T8<\/div>\n<\/div>\n<div class=\"row\">\n<div class=\"cell label\">Aplikace<\/div>\n<div class=\"cell value\">Chladi\u010d<\/div>\n<\/div>\n<div class=\"row\">\n<div class=\"cell label\">Tvar<\/div>\n<div class=\"cell value\">\u010ctverec<\/div>\n<\/div>\n<div class=\"row\">\n<div class=\"cell label\">Slitina nebo ne<\/div>\n<div class=\"cell value\">Je slitina<\/div>\n<\/div>\n<div class=\"row\">\n<div class=\"cell label\">Slu\u017eba zpracov\u00e1n\u00ed<\/div>\n<div class=\"cell value\">\u0158ez\u00e1n\u00ed, vrt\u00e1n\u00ed a z\u00e1vitov\u00e1n\u00ed, CNC obr\u00e1b\u011bn\u00ed, eloxov\u00e1n\u00ed<\/div>\n<\/div>\n<div class=\"row\">\n<div class=\"cell label\">Tlou\u0161\u0165ka ploutv\u00ed<\/div>\n<div class=\"cell value\">1,8 mm<\/div>\n<\/div>\n<div class=\"row\">\n<div class=\"cell label\">Tlou\u0161\u0165ka z\u00e1kladn\u00ed desky<\/div>\n<div class=\"cell value\">10 mm<\/div>\n<\/div>\n<div class=\"row\">\n<div class=\"cell label\">Hmotnost<\/div>\n<div class=\"cell value\">11,52 kgs\/m<\/div>\n<\/div>\n<div class=\"row\">\n<div class=\"cell label\">Standardn\u00ed formy Mno\u017estv\u00ed<\/div>\n<div class=\"cell value\">V\u00edce ne\u017e 30 000 sad<\/div>\n<\/div>\n<div class=\"row\">\n<div class=\"cell label\">Prodejn\u00ed jednotky<\/div>\n<div class=\"cell value\">Jednotliv\u00e1 polo\u017eka<\/div>\n<\/div>\n<div class=\"row\">\n<div class=\"cell label\">Velikost jednoho balen\u00ed<\/div>\n<div class=\"cell value\">25X22X6 cm<\/div>\n<\/div>\n<div class=\"row\">\n<div class=\"cell label\">Jednotliv\u00e1 hrub\u00e1 hmotnost<\/div>\n<div class=\"cell value\">3.000 KG<\/div>\n<\/div>\n<\/div>\n<p><\/p>\n<h2>Na\u0161e v\u00fdrobn\u00ed z\u00e1kladna<\/h2>\n<h3>Panorama tov\u00e1rny<\/h3>\n<p><img decoding=\"async\" src=\"\/wp-content\/uploads\/factory-01.webp\"\/><\/p>\n<h3>D\u00edlna na v\u00fdrobu hlin\u00edkov\u00fdch ty\u010d\u00ed<\/h3>\n<p><img decoding=\"async\" src=\"\/wp-content\/uploads\/factory-02.webp\"\/><\/p>\n<p><img decoding=\"async\" src=\"\/wp-content\/uploads\/factory-03.webp\"\/><\/p>\n<h3>Sklad pl\u00edsn\u00ed<\/h3>\n<p><img decoding=\"async\" src=\"\/wp-content\/uploads\/factory-04.webp\"\/><\/p>\n<h3>43 linek na vytla\u010dov\u00e1n\u00ed hlin\u00edku (500-5500 tun)<\/h3>\n<p><img decoding=\"async\" src=\"\/wp-content\/uploads\/factory-05.webp\"\/><\/p>\n<p><img decoding=\"async\" src=\"\/wp-content\/uploads\/factory-06.webp\"\/><\/p>\n<p><img decoding=\"async\" src=\"\/wp-content\/uploads\/factory-07.webp\"\/><\/p>\n<h3>D\u00edlna pr\u00e1\u0161kov\u00e9ho lakov\u00e1n\u00ed<\/h3>\n<p><img decoding=\"async\" src=\"\/wp-content\/uploads\/factory-09.webp\"\/><\/p>\n<h3>D\u00edlna eloxov\u00e1n\u00ed<\/h3>\n<p><img decoding=\"async\" src=\"\/wp-content\/uploads\/factory-10.webp\"\/><\/p>\n<h3>Workshop o hloubkov\u00e9m zpracov\u00e1n\u00ed<\/h3>\n<p><img decoding=\"async\" src=\"\/wp-content\/uploads\/factory-11.webp\"\/><\/p>\n<h3>D\u00edlna CNC p\u0159esn\u00e9ho obr\u00e1b\u011bn\u00ed<\/h3>\n<p><img decoding=\"async\" src=\"\/wp-content\/uploads\/factory-11.5.webp\"\/><\/p>\n<h3>Sklad hotov\u00fdch v\u00fdrobk\u016f a exportn\u00ed sklad<\/h3>\n<p><img decoding=\"async\" src=\"\/wp-content\/uploads\/factory-12.webp\"\/><\/p>\n<p><img decoding=\"async\" src=\"\/wp-content\/uploads\/factory-13.webp\"\/><\/p>\n<p><img decoding=\"async\" src=\"\/wp-content\/uploads\/factory-14.webp\"\/><\/p>\n<h2>\u010cASTO KLADEN\u00c9 DOTAZY<\/h2>\n<p><strong>1. Je hlin\u00edkov\u00fd chladi\u010d kompatibiln\u00ed se v\u0161emi t\u011b\u017ea\u0159i bitcoin\u016f?<\/strong><br \/>Ano, je navr\u017een tak, aby byl kompatibiln\u00ed s celou \u0159adou za\u0159\u00edzen\u00ed pro t\u011b\u017ebu bitcoin\u016f.<\/p>\n<p><strong>2. Jak\u00e9 jsou v\u00fdhody pou\u017eit\u00ed hlin\u00edkov\u00e9ho chladi\u010de?<\/strong><br \/>Hlin\u00edk m\u00e1 vynikaj\u00edc\u00ed tepelnou vodivost a je lehk\u00fd, tak\u017ee je ide\u00e1ln\u00ed pro t\u011b\u017ea\u0159e bitcoin\u016f.<\/p>\n<p><strong>3. Lze rozm\u011bry hlin\u00edkov\u00e9ho chladi\u010de p\u0159izp\u016fsobit?<\/strong><br \/>Ano, nab\u00edz\u00edme p\u0159izp\u016fsoben\u00ed, abychom zajistili dokonal\u00e9 p\u0159izp\u016fsoben\u00ed va\u0161emu t\u011b\u017eebn\u00edmu nastaven\u00ed.<\/p>\n<p><strong>4. Jak hlin\u00edkov\u00fd chladi\u010d zlep\u0161uje v\u00fdkon horn\u00edk\u016f?<\/strong><br \/>\u00da\u010dinn\u011b odv\u00e1d\u00ed teplo, \u010d\u00edm\u017e zabra\u0148uje p\u0159eh\u0159\u00e1t\u00ed a potenci\u00e1ln\u011b zvy\u0161uje \u00fa\u010dinnost t\u011b\u017ea\u0159\u016f.<\/p>\n<p><strong>5. Nab\u00edz\u00edte hromadn\u00e9 ceny hlin\u00edkov\u00fdch chladi\u010d\u016f?<\/strong><br \/>Ano, poskytujeme zv\u00fdhodn\u011bn\u00e9 sazby pro hromadn\u00e9 objedn\u00e1vky na podporu rozs\u00e1hl\u00fdch t\u011b\u017eebn\u00edch operac\u00ed.<\/p>\n<p><strong>6. Jak\u00e1 je p\u0159edpokl\u00e1dan\u00e1 \u017eivotnost hlin\u00edkov\u00e9ho chladi\u010de?<\/strong><br \/>Je vyroben z odoln\u00e9ho hlin\u00edku a nab\u00edz\u00ed dlouhou \u017eivotnost a st\u00e1l\u00fd v\u00fdkon.<\/p>\n<p><strong>7. M\u016f\u017ee hlin\u00edkov\u00fd chladi\u010d sn\u00ed\u017eit spot\u0159ebu energie?<\/strong><br \/>Udr\u017eov\u00e1n\u00ed optim\u00e1ln\u00edch teplot m\u016f\u017ee potenci\u00e1ln\u011b v\u00e9st k efektivn\u011bj\u0161\u00edmu vyu\u017e\u00edv\u00e1n\u00ed energie v d\u016fln\u00edch provozech.<\/p>\n<p><\/p>","protected":false},"featured_media":10828,"template":"","categories":[72],"class_list":["post-10914","product","type-product","status-publish","has-post-thumbnail","hentry","category-extruded-aluminum-heatsink"],"meta_box":{"hilight_text_group":[{"product_hilight_text":"<li>Engineered specifically for efficient cooling of bitcoin miners<\/li>\n<li>Made from high-quality aluminum for excellent thermal conductivity<\/li>\n<li>Customizable dimensions to fit various mining equipment<\/li>\n<li>Facilitates optimum heat dissipation to enhance miner lifespan<\/li>\n<li>Supports large volume orders for professional mining operations<\/li>"}],"feature_list":[]},"_links":{"self":[{"href":"https:\/\/sinoextrud.com\/cs\/wp-json\/wp\/v2\/product\/10914","targetHints":{"allow":["GET"]}}],"collection":[{"href":"https:\/\/sinoextrud.com\/cs\/wp-json\/wp\/v2\/product"}],"about":[{"href":"https:\/\/sinoextrud.com\/cs\/wp-json\/wp\/v2\/types\/product"}],"wp:featuredmedia":[{"embeddable":true,"href":"https:\/\/sinoextrud.com\/cs\/wp-json\/wp\/v2\/media\/10828"}],"wp:attachment":[{"href":"https:\/\/sinoextrud.com\/cs\/wp-json\/wp\/v2\/media?parent=10914"}],"wp:term":[{"taxonomy":"category","embeddable":true,"href":"https:\/\/sinoextrud.com\/cs\/wp-json\/wp\/v2\/categories?post=10914"}],"curies":[{"name":"wp","href":"https:\/\/api.w.org\/{rel}","templated":true}]}}