{"id":10913,"date":"2025-08-01T03:12:33","date_gmt":"2025-08-01T03:12:33","guid":{"rendered":"https:\/\/sinoextrud.com\/product\/anodized-aluminum-trim-molding-for-panels\/"},"modified":"2025-08-01T03:12:33","modified_gmt":"2025-08-01T03:12:33","slug":"eloxovane-hlinikove-listy-pro-panely","status":"publish","type":"product","link":"https:\/\/sinoextrud.com\/cs\/product\/anodized-aluminum-trim-molding-for-panels\/","title":{"rendered":"eloxovan\u00e9 hlin\u00edkov\u00e9 li\u0161ty pro panely"},"content":{"rendered":"<h2>Podrobnosti o produktech<\/h2>\n<div class=\"product-table\">\n<div class=\"row\">\n<div class=\"cell label\">Styl designu<\/div>\n<div class=\"cell value\">Modern\u00ed<\/div>\n<\/div>\n<div class=\"row\">\n<div class=\"cell label\">Typ p\u0159\u00edslu\u0161enstv\u00ed pro dla\u017edice<\/div>\n<div class=\"cell value\">Oblo\u017een\u00ed dla\u017edic<\/div>\n<\/div>\n<div class=\"row\">\n<div class=\"cell label\">Poprodejn\u00ed servis<\/div>\n<div class=\"cell value\">Online technick\u00e1 podpora<\/div>\n<\/div>\n<div class=\"row\">\n<div class=\"cell label\">Z\u00e1ruka<\/div>\n<div class=\"cell value\">5 let<\/div>\n<\/div>\n<div class=\"row\">\n<div class=\"cell label\">Schopnost \u0159e\u0161en\u00ed projektu<\/div>\n<div class=\"cell value\">grafick\u00fd design, n\u00e1vrh 3D modelu<\/div>\n<\/div>\n<div class=\"row\">\n<div class=\"cell label\">Aplikace<\/div>\n<div class=\"cell value\">Apartm\u00e1n<\/div>\n<\/div>\n<div class=\"row\">\n<div class=\"cell label\">N\u00e1zev produktu<\/div>\n<div class=\"cell value\">Tov\u00e1rn\u00ed cena Odoln\u00e9 eloxovan\u00e9 hlin\u00edkov\u00e9 profily T Trim Molding<\/div>\n<\/div>\n<div class=\"row\">\n<div class=\"cell label\">Aplikace<\/div>\n<div class=\"cell value\">Ochrana roh\u016f<\/div>\n<\/div>\n<div class=\"row\">\n<div class=\"cell label\">Materi\u00e1l<\/div>\n<div class=\"cell value\">Hlin\u00edk<\/div>\n<\/div>\n<div class=\"row\">\n<div class=\"cell label\">Povrchov\u00e1 \u00faprava<\/div>\n<div class=\"cell value\">Eloxovan\u00e9<\/div>\n<\/div>\n<div class=\"row\">\n<div class=\"cell label\">Barva<\/div>\n<div class=\"cell value\">Silver<\/div>\n<\/div>\n<div class=\"row\">\n<div class=\"cell label\">V\u00fd\u0161ka<\/div>\n<div class=\"cell value\">8\/10\/12 mm\/uzav\u0159eno<\/div>\n<\/div>\n<div class=\"row\">\n<div class=\"cell label\">D\u00e9lka<\/div>\n<div class=\"cell value\">2,44 m\/ 2,5 m\/ 2,7 m\/ 3 m\/ na m\u00edru<\/div>\n<\/div>\n<div class=\"row\">\n<div class=\"cell label\">Bal\u00ed\u010dek<\/div>\n<div class=\"cell value\">100 ks\/karton<\/div>\n<\/div>\n<div class=\"row\">\n<div class=\"cell label\">MOQ<\/div>\n<div class=\"cell value\">500 kus\u016f<\/div>\n<\/div>\n<div class=\"row\">\n<div class=\"cell label\">Doba dod\u00e1n\u00ed<\/div>\n<div class=\"cell value\">15-20 dn\u00ed<\/div>\n<\/div>\n<div class=\"row\">\n<div class=\"cell label\">Prodejn\u00ed jednotky<\/div>\n<div class=\"cell value\">Jednotliv\u00e1 polo\u017eka<\/div>\n<\/div>\n<div class=\"row\">\n<div class=\"cell label\">Velikost jednoho balen\u00ed<\/div>\n<div class=\"cell value\">15X15X15 cm<\/div>\n<\/div>\n<div class=\"row\">\n<div class=\"cell label\">Jednotliv\u00e1 hrub\u00e1 hmotnost<\/div>\n<div class=\"cell value\">0,500 KG<\/div>\n<\/div>\n<\/div>\n<p><\/p>\n<h2>Na\u0161e v\u00fdrobn\u00ed z\u00e1kladna<\/h2>\n<h3>Panorama tov\u00e1rny<\/h3>\n<p><img decoding=\"async\" src=\"\/wp-content\/uploads\/factory-01.webp\"\/><\/p>\n<h3>D\u00edlna na v\u00fdrobu hlin\u00edkov\u00fdch ty\u010d\u00ed<\/h3>\n<p><img decoding=\"async\" src=\"\/wp-content\/uploads\/factory-02.webp\"\/><\/p>\n<p><img decoding=\"async\" src=\"\/wp-content\/uploads\/factory-03.webp\"\/><\/p>\n<h3>Sklad pl\u00edsn\u00ed<\/h3>\n<p><img decoding=\"async\" src=\"\/wp-content\/uploads\/factory-04.webp\"\/><\/p>\n<h3>43 linek na vytla\u010dov\u00e1n\u00ed hlin\u00edku (500-5500 tun)<\/h3>\n<p><img decoding=\"async\" src=\"\/wp-content\/uploads\/factory-05.webp\"\/><\/p>\n<p><img decoding=\"async\" src=\"\/wp-content\/uploads\/factory-06.webp\"\/><\/p>\n<p><img decoding=\"async\" src=\"\/wp-content\/uploads\/factory-07.webp\"\/><\/p>\n<h3>D\u00edlna pr\u00e1\u0161kov\u00e9ho lakov\u00e1n\u00ed<\/h3>\n<p><img decoding=\"async\" src=\"\/wp-content\/uploads\/factory-09.webp\"\/><\/p>\n<h3>D\u00edlna eloxov\u00e1n\u00ed<\/h3>\n<p><img decoding=\"async\" src=\"\/wp-content\/uploads\/factory-10.webp\"\/><\/p>\n<h3>Workshop o hloubkov\u00e9m zpracov\u00e1n\u00ed<\/h3>\n<p><img decoding=\"async\" src=\"\/wp-content\/uploads\/factory-11.webp\"\/><\/p>\n<h3>D\u00edlna CNC p\u0159esn\u00e9ho obr\u00e1b\u011bn\u00ed<\/h3>\n<p><img decoding=\"async\" src=\"\/wp-content\/uploads\/factory-11.5.webp\"\/><\/p>\n<h3>Sklad hotov\u00fdch v\u00fdrobk\u016f a exportn\u00ed sklad<\/h3>\n<p><img decoding=\"async\" src=\"\/wp-content\/uploads\/factory-12.webp\"\/><\/p>\n<p><img decoding=\"async\" src=\"\/wp-content\/uploads\/factory-13.webp\"\/><\/p>\n<p><img decoding=\"async\" src=\"\/wp-content\/uploads\/factory-14.webp\"\/><\/p>\n<h2>\u010cASTO KLADEN\u00c9 DOTAZY<\/h2>\n<p><strong>1. Pro jak\u00e9 aplikace jsou vhodn\u00e9 eloxovan\u00e9 hlin\u00edkov\u00e9 li\u0161ty?<\/strong><br \/>Je vhodn\u00fd pro interi\u00e9rov\u00e9 i exteri\u00e9rov\u00e9 projekty v\u010detn\u011b automobilov\u00e9ho pr\u016fmyslu a architektury.<\/p>\n<p><strong>2. M\u016f\u017eeme si objednat eloxovan\u00e9 oblo\u017een\u00ed ve vlastn\u00edch velikostech?<\/strong><br \/>Ano, rozm\u011bry na m\u00edru jsou k dispozici tak, aby vyhovovaly va\u0161im specifick\u00fdm po\u017eadavk\u016fm.<\/p>\n<p><strong>3. Vy\u017eaduje eloxovan\u00e9 hlin\u00edkov\u00e9 oblo\u017een\u00ed speci\u00e1ln\u00ed \u00fadr\u017ebu?<\/strong><br \/>Ne, d\u00edky sv\u00e9 odolnosti proti korozi vy\u017eaduje minim\u00e1ln\u00ed \u00fadr\u017ebu.<\/p>\n<p><strong>4. Je tato li\u0161ta k dispozici v r\u016fzn\u00fdch povrchov\u00fdch \u00faprav\u00e1ch?<\/strong><br \/>Ano, k dispozici je n\u011bkolik povrchov\u00fdch \u00faprav, nap\u0159\u00edklad matn\u00e1, leskl\u00e1 a texturovan\u00e1.<\/p>\n<p><strong>5. Jsou barvy eloxovan\u00e9ho hlin\u00edkov\u00e9ho oblo\u017een\u00ed odoln\u00e9 proti vyblednut\u00ed?<\/strong><br \/>Ano, proces eloxov\u00e1n\u00ed zaji\u0161\u0165uje dlouhodob\u00e9 zachov\u00e1n\u00ed barvy.<\/p>\n<p><strong>6. Mohu dostat vzorek p\u0159ed zad\u00e1n\u00edm velk\u00e9 objedn\u00e1vky?<\/strong><br \/>Ano, pro zaji\u0161t\u011bn\u00ed spokojenosti s barvou a povrchovou \u00fapravou lze poskytnout vzorky.<\/p>\n<p><strong>7. Jak\u00e1 je doba realizace velk\u00fdch hromadn\u00fdch objedn\u00e1vek?<\/strong><br \/>Doba dod\u00e1n\u00ed se li\u0161\u00ed v z\u00e1vislosti na velikosti objedn\u00e1vky, obvykle se pohybuje od 2 do 4 t\u00fddn\u016f.<\/p>\n<p><\/p>","protected":false},"featured_media":10855,"template":"","categories":[55],"class_list":["post-10913","product","type-product","status-publish","has-post-thumbnail","hentry","category-extruded-aluminum-profiles"],"meta_box":{"hilight_text_group":[{"product_hilight_text":"<li>Highly durable and resistant to corrosion<\/li>\n<li>Available in various colors and finishes for custom designs<\/li>\n<li>Lightweight yet strong for multiple applications<\/li>\n<li>Easy installation and maintenance for industrial use<\/li>\n<li>Provides a sleek and modern look to any project<\/li>"}],"feature_list":[]},"_links":{"self":[{"href":"https:\/\/sinoextrud.com\/cs\/wp-json\/wp\/v2\/product\/10913","targetHints":{"allow":["GET"]}}],"collection":[{"href":"https:\/\/sinoextrud.com\/cs\/wp-json\/wp\/v2\/product"}],"about":[{"href":"https:\/\/sinoextrud.com\/cs\/wp-json\/wp\/v2\/types\/product"}],"wp:featuredmedia":[{"embeddable":true,"href":"https:\/\/sinoextrud.com\/cs\/wp-json\/wp\/v2\/media\/10855"}],"wp:attachment":[{"href":"https:\/\/sinoextrud.com\/cs\/wp-json\/wp\/v2\/media?parent=10913"}],"wp:term":[{"taxonomy":"category","embeddable":true,"href":"https:\/\/sinoextrud.com\/cs\/wp-json\/wp\/v2\/categories?post=10913"}],"curies":[{"name":"wp","href":"https:\/\/api.w.org\/{rel}","templated":true}]}}