{"id":10908,"date":"2025-08-01T03:12:22","date_gmt":"2025-08-01T03:12:22","guid":{"rendered":"https:\/\/sinoextrud.com\/product\/high-temperature-heat-sink-for-industrial-use\/"},"modified":"2025-08-01T03:12:22","modified_gmt":"2025-08-01T03:12:22","slug":"vysokoteplotni-chladic-pro-prumyslove-pouziti","status":"publish","type":"product","link":"https:\/\/sinoextrud.com\/cs\/product\/high-temperature-heat-sink-for-industrial-use\/","title":{"rendered":"Vysokoteplotn\u00ed chladi\u010d pro pr\u016fmyslov\u00e9 pou\u017eit\u00ed"},"content":{"rendered":"<h2>Podrobnosti o produktech<\/h2>\n<div class=\"product-table\">\n<div class=\"row\">\n<div class=\"cell label\">T\u0159\u00edda<\/div>\n<div class=\"cell value\">\u0158ada 6000<\/div>\n<\/div>\n<div class=\"row\">\n<div class=\"cell label\">Tolerance<\/div>\n<div class=\"cell value\">\u00c2\u00b11%<\/div>\n<\/div>\n<div class=\"row\">\n<div class=\"cell label\">Doba dod\u00e1n\u00ed<\/div>\n<div class=\"cell value\">22-30 dn\u00ed<\/div>\n<\/div>\n<div class=\"row\">\n<div class=\"cell label\">Temperament<\/div>\n<div class=\"cell value\">T3-T8<\/div>\n<\/div>\n<div class=\"row\">\n<div class=\"cell label\">Aplikace<\/div>\n<div class=\"cell value\">Chladi\u010d<\/div>\n<\/div>\n<div class=\"row\">\n<div class=\"cell label\">Tvar<\/div>\n<div class=\"cell value\">P\u0159izp\u016fsoben\u00e9<\/div>\n<\/div>\n<div class=\"row\">\n<div class=\"cell label\">Slitina nebo ne<\/div>\n<div class=\"cell value\">Je slitina<\/div>\n<\/div>\n<div class=\"row\">\n<div class=\"cell label\">Slu\u017eba zpracov\u00e1n\u00ed<\/div>\n<div class=\"cell value\">Oh\u00fdb\u00e1n\u00ed, odv\u00edjen\u00ed, sva\u0159ov\u00e1n\u00ed, d\u011brov\u00e1n\u00ed, \u0159ez\u00e1n\u00ed<\/div>\n<\/div>\n<div class=\"row\">\n<div class=\"cell label\">N\u00e1zev produktu<\/div>\n<div class=\"cell value\">Hlin\u00edkov\u00fd chladi\u010d s profilem 6063 T5<\/div>\n<\/div>\n<div class=\"row\">\n<div class=\"cell label\">Materi\u00e1l<\/div>\n<div class=\"cell value\">Slitina 6063\/6061\/6005\/6060 T5\/T6<\/div>\n<\/div>\n<div class=\"row\">\n<div class=\"cell label\">Povrchov\u00e1 \u00faprava<\/div>\n<div class=\"cell value\">Pr\u00e1\u0161kov\u00e9 lakov\u00e1n\u00ed, eloxovan\u00e9<\/div>\n<\/div>\n<div class=\"row\">\n<div class=\"cell label\">Barva<\/div>\n<div class=\"cell value\">Po\u017eadavek z\u00e1kazn\u00edka<\/div>\n<\/div>\n<div class=\"row\">\n<div class=\"cell label\">Certifikace<\/div>\n<div class=\"cell value\">ISO9001:2008<\/div>\n<\/div>\n<div class=\"row\">\n<div class=\"cell label\">Aplikace<\/div>\n<div class=\"cell value\">Pr\u016fmyslov\u00e1 za\u0159\u00edzen\u00ed<\/div>\n<\/div>\n<div class=\"row\">\n<div class=\"cell label\">Hloubkov\u00fd proces<\/div>\n<div class=\"cell value\">CNC obr\u00e1b\u011bn\u00ed<\/div>\n<\/div>\n<div class=\"row\">\n<div class=\"cell label\">Slu\u017eba<\/div>\n<div class=\"cell value\">OEM ODM Na m\u00edru<\/div>\n<\/div>\n<div class=\"row\">\n<div class=\"cell label\">Term\u00edn platby<\/div>\n<div class=\"cell value\">T\/T<\/div>\n<\/div>\n<div class=\"row\">\n<div class=\"cell label\">Prodejn\u00ed jednotky<\/div>\n<div class=\"cell value\">Jednotliv\u00e1 polo\u017eka<\/div>\n<\/div>\n<div class=\"row\">\n<div class=\"cell label\">Velikost jednoho balen\u00ed<\/div>\n<div class=\"cell value\">600X4X10 cm<\/div>\n<\/div>\n<div class=\"row\">\n<div class=\"cell label\">Jednotliv\u00e1 hrub\u00e1 hmotnost<\/div>\n<div class=\"cell value\">2.000 KG<\/div>\n<\/div>\n<\/div>\n<p><\/p>\n<h2>Na\u0161e v\u00fdrobn\u00ed z\u00e1kladna<\/h2>\n<h3>Panorama tov\u00e1rny<\/h3>\n<p><img decoding=\"async\" src=\"\/wp-content\/uploads\/factory-01.webp\"\/><\/p>\n<h3>D\u00edlna na v\u00fdrobu hlin\u00edkov\u00fdch ty\u010d\u00ed<\/h3>\n<p><img decoding=\"async\" src=\"\/wp-content\/uploads\/factory-02.webp\"\/><\/p>\n<p><img decoding=\"async\" src=\"\/wp-content\/uploads\/factory-03.webp\"\/><\/p>\n<h3>Sklad pl\u00edsn\u00ed<\/h3>\n<p><img decoding=\"async\" src=\"\/wp-content\/uploads\/factory-04.webp\"\/><\/p>\n<h3>43 linek na vytla\u010dov\u00e1n\u00ed hlin\u00edku (500-5500 tun)<\/h3>\n<p><img decoding=\"async\" src=\"\/wp-content\/uploads\/factory-05.webp\"\/><\/p>\n<p><img decoding=\"async\" src=\"\/wp-content\/uploads\/factory-06.webp\"\/><\/p>\n<p><img decoding=\"async\" src=\"\/wp-content\/uploads\/factory-07.webp\"\/><\/p>\n<h3>D\u00edlna pr\u00e1\u0161kov\u00e9ho lakov\u00e1n\u00ed<\/h3>\n<p><img decoding=\"async\" src=\"\/wp-content\/uploads\/factory-09.webp\"\/><\/p>\n<h3>D\u00edlna eloxov\u00e1n\u00ed<\/h3>\n<p><img decoding=\"async\" src=\"\/wp-content\/uploads\/factory-10.webp\"\/><\/p>\n<h3>Workshop o hloubkov\u00e9m zpracov\u00e1n\u00ed<\/h3>\n<p><img decoding=\"async\" src=\"\/wp-content\/uploads\/factory-11.webp\"\/><\/p>\n<h3>D\u00edlna CNC p\u0159esn\u00e9ho obr\u00e1b\u011bn\u00ed<\/h3>\n<p><img decoding=\"async\" src=\"\/wp-content\/uploads\/factory-11.5.webp\"\/><\/p>\n<h3>Sklad hotov\u00fdch v\u00fdrobk\u016f a exportn\u00ed sklad<\/h3>\n<p><img decoding=\"async\" src=\"\/wp-content\/uploads\/factory-12.webp\"\/><\/p>\n<p><img decoding=\"async\" src=\"\/wp-content\/uploads\/factory-13.webp\"\/><\/p>\n<p><img decoding=\"async\" src=\"\/wp-content\/uploads\/factory-14.webp\"\/><\/p>\n<h2>\u010cASTO KLADEN\u00c9 DOTAZY<\/h2>\n<p><strong>1. Jak\u00e9 materi\u00e1ly se pou\u017e\u00edvaj\u00ed ve vysokoteplotn\u00edch chladi\u010d\u00edch?<\/strong><br \/>B\u011b\u017en\u011b se vyr\u00e1b\u011bj\u00ed z hlin\u00edku nebo m\u011bdi, aby byl zaji\u0161t\u011bn \u00fa\u010dinn\u00fd odvod tepla.<\/p>\n<p><strong>2. Lze vysokoteplotn\u00ed chladi\u010de p\u0159izp\u016fsobit pro konkr\u00e9tn\u00ed aplikace?<\/strong><br \/>Ano, jejich velikost a tvar lze p\u0159izp\u016fsobit jedine\u010dn\u00fdm po\u017eadavk\u016fm.<\/p>\n<p><strong>3. Jsou tyto chladi\u010de vhodn\u00e9 do pr\u016fmyslov\u00e9ho prost\u0159ed\u00ed?<\/strong><br \/>Ano, jsou navr\u017eeny tak, aby odol\u00e1valy vysok\u00fdm teplot\u00e1m v pr\u016fmyslov\u00e9m prost\u0159ed\u00ed.<\/p>\n<p><strong>4. Nab\u00edz\u00edte technickou podporu pro instalaci chladi\u010d\u016f?<\/strong><br \/>Ano, poskytujeme komplexn\u00ed poradenstv\u00ed a podporu p\u0159i instalaci.<\/p>\n<p><strong>5. Jak\u00e1 je typick\u00e1 \u017eivotnost vysokoteplotn\u00edho chladi\u010de?<\/strong><br \/>Jsou konstruov\u00e1ny tak, aby vydr\u017eely mnoho let v nep\u0159etr\u017eit\u00e9m provozu.<\/p>\n<p><strong>6. Jak vysokoteplotn\u00ed chladi\u010d zlep\u0161uje v\u00fdkon za\u0159\u00edzen\u00ed?<\/strong><br \/>Sni\u017euje tepeln\u00fd odpor, co\u017e umo\u017e\u0148uje efektivn\u00ed provoz za\u0159\u00edzen\u00ed p\u0159i vysok\u00fdch teplot\u00e1ch.<\/p>\n<p><strong>7. Je k dispozici mezin\u00e1rodn\u00ed doprava pro hromadn\u00e9 objedn\u00e1vky chladi\u010d\u016f?<\/strong><br \/>Ano, poskytujeme dopravu po cel\u00e9m sv\u011bt\u011b s kompletn\u00ed logistickou podporou.<\/p>\n<p><\/p>","protected":false},"featured_media":10858,"template":"","categories":[72],"class_list":["post-10908","product","type-product","status-publish","has-post-thumbnail","hentry","category-extruded-aluminum-heatsink"],"meta_box":{"hilight_text_group":[{"product_hilight_text":"<li>Designed for high-performance thermal management in critical applications<\/li>\n<li>Capable of operating at elevated temperatures for extended periods<\/li>\n<li>Manufactured with high-quality metals for excellent heat dissipation<\/li>\n<li>Customizable in size and shape to fit specific electronics<\/li>\n<li>Compatible with a wide range of electronic components and devices<\/li>"}],"feature_list":[]},"_links":{"self":[{"href":"https:\/\/sinoextrud.com\/cs\/wp-json\/wp\/v2\/product\/10908","targetHints":{"allow":["GET"]}}],"collection":[{"href":"https:\/\/sinoextrud.com\/cs\/wp-json\/wp\/v2\/product"}],"about":[{"href":"https:\/\/sinoextrud.com\/cs\/wp-json\/wp\/v2\/types\/product"}],"wp:featuredmedia":[{"embeddable":true,"href":"https:\/\/sinoextrud.com\/cs\/wp-json\/wp\/v2\/media\/10858"}],"wp:attachment":[{"href":"https:\/\/sinoextrud.com\/cs\/wp-json\/wp\/v2\/media?parent=10908"}],"wp:term":[{"taxonomy":"category","embeddable":true,"href":"https:\/\/sinoextrud.com\/cs\/wp-json\/wp\/v2\/categories?post=10908"}],"curies":[{"name":"wp","href":"https:\/\/api.w.org\/{rel}","templated":true}]}}