{"id":10898,"date":"2025-08-01T03:11:57","date_gmt":"2025-08-01T03:11:57","guid":{"rendered":"https:\/\/sinoextrud.com\/product\/aluminum-battery-casing-for-power-modules\/"},"modified":"2025-08-01T03:11:57","modified_gmt":"2025-08-01T03:11:57","slug":"hlinikovy-kryt-baterie-pro-napajeci-moduly","status":"publish","type":"product","link":"https:\/\/sinoextrud.com\/cs\/product\/aluminum-battery-casing-for-power-modules\/","title":{"rendered":"Hlin\u00edkov\u00fd kryt baterie pro nap\u00e1jec\u00ed moduly"},"content":{"rendered":"<h2>Podrobnosti o produktech<\/h2>\n<div class=\"product-table\">\n<div class=\"row\">\n<div class=\"cell label\">Typ baterie<\/div>\n<div class=\"cell value\">Prismatick\u00e9<\/div>\n<\/div>\n<div class=\"row\">\n<div class=\"cell label\">V\u00fdstupn\u00ed v\u00fdkon<\/div>\n<div class=\"cell value\">\/<\/div>\n<\/div>\n<div class=\"row\">\n<div class=\"cell label\">Maxim\u00e1ln\u00ed zat\u00ed\u017een\u00ed Mno\u017estv\u00ed (bu\u0148ky)<\/div>\n<div class=\"cell value\">\/<\/div>\n<\/div>\n<div class=\"row\">\n<div class=\"cell label\">Syst\u00e9m spr\u00e1vy bateri\u00ed<\/div>\n<div class=\"cell value\">N<\/div>\n<\/div>\n<div class=\"row\">\n<div class=\"cell label\">Velikost baterie<\/div>\n<div class=\"cell value\">\/<\/div>\n<\/div>\n<div class=\"row\">\n<div class=\"cell label\">N\u00e1zev produktu<\/div>\n<div class=\"cell value\">72174207 Hlin\u00edkov\u00e9 pouzdro<\/div>\n<\/div>\n<div class=\"row\">\n<div class=\"cell label\">Velikost<\/div>\n<div class=\"cell value\">72174207<\/div>\n<\/div>\n<div class=\"row\">\n<div class=\"cell label\">Materi\u00e1l<\/div>\n<div class=\"cell value\">Hlin\u00edk<\/div>\n<\/div>\n<div class=\"row\">\n<div class=\"cell label\">Moq<\/div>\n<div class=\"cell value\">10 sad<\/div>\n<\/div>\n<div class=\"row\">\n<div class=\"cell label\">Aplikace<\/div>\n<div class=\"cell value\">Syst\u00e9my skladov\u00e1n\u00ed sol\u00e1rn\u00ed energie<\/div>\n<\/div>\n<div class=\"row\">\n<div class=\"cell label\">Prodejn\u00ed jednotky<\/div>\n<div class=\"cell value\">Jednotliv\u00e1 polo\u017eka<\/div>\n<\/div>\n<\/div>\n<p><\/p>\n<h2>Na\u0161e v\u00fdrobn\u00ed z\u00e1kladna<\/h2>\n<h3>Panorama tov\u00e1rny<\/h3>\n<p><img decoding=\"async\" src=\"\/wp-content\/uploads\/factory-01.webp\"\/><\/p>\n<h3>D\u00edlna na v\u00fdrobu hlin\u00edkov\u00fdch ty\u010d\u00ed<\/h3>\n<p><img decoding=\"async\" src=\"\/wp-content\/uploads\/factory-02.webp\"\/><\/p>\n<p><img decoding=\"async\" src=\"\/wp-content\/uploads\/factory-03.webp\"\/><\/p>\n<h3>Sklad pl\u00edsn\u00ed<\/h3>\n<p><img decoding=\"async\" src=\"\/wp-content\/uploads\/factory-04.webp\"\/><\/p>\n<h3>43 linek na vytla\u010dov\u00e1n\u00ed hlin\u00edku (500-5500 tun)<\/h3>\n<p><img decoding=\"async\" src=\"\/wp-content\/uploads\/factory-05.webp\"\/><\/p>\n<p><img decoding=\"async\" src=\"\/wp-content\/uploads\/factory-06.webp\"\/><\/p>\n<p><img decoding=\"async\" src=\"\/wp-content\/uploads\/factory-07.webp\"\/><\/p>\n<h3>D\u00edlna pr\u00e1\u0161kov\u00e9ho lakov\u00e1n\u00ed<\/h3>\n<p><img decoding=\"async\" src=\"\/wp-content\/uploads\/factory-09.webp\"\/><\/p>\n<h3>D\u00edlna eloxov\u00e1n\u00ed<\/h3>\n<p><img decoding=\"async\" src=\"\/wp-content\/uploads\/factory-10.webp\"\/><\/p>\n<h3>Workshop o hloubkov\u00e9m zpracov\u00e1n\u00ed<\/h3>\n<p><img decoding=\"async\" src=\"\/wp-content\/uploads\/factory-11.webp\"\/><\/p>\n<h3>D\u00edlna CNC p\u0159esn\u00e9ho obr\u00e1b\u011bn\u00ed<\/h3>\n<p><img decoding=\"async\" src=\"\/wp-content\/uploads\/factory-11.5.webp\"\/><\/p>\n<h3>Sklad hotov\u00fdch v\u00fdrobk\u016f a exportn\u00ed sklad<\/h3>\n<p><img decoding=\"async\" src=\"\/wp-content\/uploads\/factory-12.webp\"\/><\/p>\n<p><img decoding=\"async\" src=\"\/wp-content\/uploads\/factory-13.webp\"\/><\/p>\n<p><img decoding=\"async\" src=\"\/wp-content\/uploads\/factory-14.webp\"\/><\/p>\n<h2>\u010cASTO KLADEN\u00c9 DOTAZY<\/h2>\n<p><strong>1. Jak\u00e9 materi\u00e1ly jsou pou\u017eity v hlin\u00edkov\u00e9m pouzd\u0159e baterie?<\/strong><br \/>Kryt je vyroben z vysoce kvalitn\u00edho hlin\u00edku, kter\u00fd zaru\u010duje odolnost a n\u00edzkou hmotnost.<\/p>\n<p><strong>2. Lze p\u0159izp\u016fsobit velikost hlin\u00edkov\u00e9ho krytu baterie?<\/strong><br \/>Ano, u hromadn\u00fdch objedn\u00e1vek lze velikosti p\u0159izp\u016fsobit podle specifikac\u00ed z\u00e1kazn\u00edka.<\/p>\n<p><strong>3. Je hlin\u00edkov\u00fd kryt baterie vhodn\u00fd pro baterie elektrick\u00fdch vozidel?<\/strong><br \/>Ano, je navr\u017een tak, aby se do n\u011bj ve\u0161ly r\u016fzn\u00e9 typy bateri\u00ed v\u010detn\u011b bateri\u00ed pro elektromobily.<\/p>\n<p><strong>4. Poskytuje kryt n\u011bjak\u00e9 v\u00fdhody v oblasti tepeln\u00e9ho managementu?<\/strong><br \/>Ano, hlin\u00edkov\u00fd materi\u00e1l m\u00e1 vynikaj\u00edc\u00ed tepeln\u00e9 vlastnosti, kter\u00e9 pom\u00e1haj\u00ed regulovat teplotu baterie.<\/p>\n<p><strong>5. Mohou m\u00edt z\u00e1kazn\u00edci na hlin\u00edkov\u00e9m krytu baterie logo sv\u00e9 zna\u010dky?<\/strong><br \/>Ano, u objedn\u00e1vek OEM jsou k dispozici mo\u017enosti brandingu, nap\u0159\u00edklad potisk loga.<\/p>\n<p><strong>6. Je hlin\u00edkov\u00fd pl\u00e1\u0161\u0165 baterie odoln\u00fd proti korozi?<\/strong><br \/>Ano, je vysoce odoln\u00fd proti korozi, co\u017e prodlu\u017euje \u017eivotnost pl\u00e1\u0161t\u011b.<\/p>\n<p><strong>7. Nab\u00edz\u00edte mezin\u00e1rodn\u00ed p\u0159epravu hlin\u00edkov\u00fdch kryt\u016f bateri\u00ed?<\/strong><br \/>Ano, poskytujeme mezin\u00e1rodn\u00ed p\u0159epravu s komplexn\u00ed logistickou podporou.<\/p>\n<p><\/p>","protected":false},"featured_media":10837,"template":"","categories":[68],"class_list":["post-10898","product","type-product","status-publish","has-post-thumbnail","hentry","category-cnc-machining-aluminum-profile"],"meta_box":{"hilight_text_group":[{"product_hilight_text":"<li>Engineered to provide superior protection and performance<\/li>\n<li>Lightweight design suitable for a variety of battery types<\/li>\n<li>Customizable size and finish to meet specific B2B requirements<\/li>\n<li>Designed for efficient thermal management<\/li>\n<li>Durable and resistant to corrosion and impacts<\/li>"}],"feature_list":[]},"_links":{"self":[{"href":"https:\/\/sinoextrud.com\/cs\/wp-json\/wp\/v2\/product\/10898","targetHints":{"allow":["GET"]}}],"collection":[{"href":"https:\/\/sinoextrud.com\/cs\/wp-json\/wp\/v2\/product"}],"about":[{"href":"https:\/\/sinoextrud.com\/cs\/wp-json\/wp\/v2\/types\/product"}],"wp:featuredmedia":[{"embeddable":true,"href":"https:\/\/sinoextrud.com\/cs\/wp-json\/wp\/v2\/media\/10837"}],"wp:attachment":[{"href":"https:\/\/sinoextrud.com\/cs\/wp-json\/wp\/v2\/media?parent=10898"}],"wp:term":[{"taxonomy":"category","embeddable":true,"href":"https:\/\/sinoextrud.com\/cs\/wp-json\/wp\/v2\/categories?post=10898"}],"curies":[{"name":"wp","href":"https:\/\/api.w.org\/{rel}","templated":true}]}}