{"id":10897,"date":"2025-08-01T03:11:55","date_gmt":"2025-08-01T03:11:55","guid":{"rendered":"https:\/\/sinoextrud.com\/product\/gold-anodized-aluminum-phone-holder\/"},"modified":"2025-08-01T03:11:55","modified_gmt":"2025-08-01T03:11:55","slug":"drzak-telefonu-z-eloxovaneho-zlateho-hliniku","status":"publish","type":"product","link":"https:\/\/sinoextrud.com\/cs\/product\/gold-anodized-aluminum-phone-holder\/","title":{"rendered":"Zlat\u00fd eloxovan\u00fd hlin\u00edkov\u00fd dr\u017e\u00e1k telefonu"},"content":{"rendered":"<h2>Podrobnosti o produktech<\/h2>\n<div class=\"product-table\">\n<div class=\"row\">\n<div class=\"cell label\">struktura<\/div>\n<div class=\"cell value\">Jednostrann\u00e1 konzola<\/div>\n<\/div>\n<div class=\"row\">\n<div class=\"cell label\">standardn\u00ed nebo nestandardn\u00ed<\/div>\n<div class=\"cell value\">Standardn\u00ed<\/div>\n<\/div>\n<div class=\"row\">\n<div class=\"cell label\">N\u00e1zev produktu<\/div>\n<div class=\"cell value\">Hlin\u00edkov\u00fd stojan na mobiln\u00ed telefon nebo dr\u017e\u00e1k tabletu<\/div>\n<\/div>\n<div class=\"row\">\n<div class=\"cell label\">Polo\u017eka<\/div>\n<div class=\"cell value\">kovov\u00fd dr\u017e\u00e1k telefonu<\/div>\n<\/div>\n<div class=\"row\">\n<div class=\"cell label\">Velikost<\/div>\n<div class=\"cell value\">Po\u017eadavky z\u00e1kazn\u00edka<\/div>\n<\/div>\n<div class=\"row\">\n<div class=\"cell label\">Certifik\u00e1t<\/div>\n<div class=\"cell value\">ISO9001:2008<\/div>\n<\/div>\n<div class=\"row\">\n<div class=\"cell label\">Technologie<\/div>\n<div class=\"cell value\">13 let zku\u0161enost\u00ed<\/div>\n<\/div>\n<div class=\"row\">\n<div class=\"cell label\">Slu\u017eba<\/div>\n<div class=\"cell value\">P\u0159izp\u016fsoben\u00e9 OEM<\/div>\n<\/div>\n<div class=\"row\">\n<div class=\"cell label\">Materi\u00e1l<\/div>\n<div class=\"cell value\">hlin\u00edk<\/div>\n<\/div>\n<div class=\"row\">\n<div class=\"cell label\">Dokon\u010den\u00ed<\/div>\n<div class=\"cell value\">eloxovan\u00e9<\/div>\n<\/div>\n<div class=\"row\">\n<div class=\"cell label\">Proces<\/div>\n<div class=\"cell value\">raz\u00edtkov\u00e1n\u00ed<\/div>\n<\/div>\n<div class=\"row\">\n<div class=\"cell label\">Certifikace<\/div>\n<div class=\"cell value\">ISO9001<\/div>\n<\/div>\n<div class=\"row\">\n<div class=\"cell label\">Podrobnosti o balen\u00ed<\/div>\n<div class=\"cell value\">Tov\u00e1rn\u00ed p\u0159\u00edm\u00fd prodej Kovov\u00e9 lisov\u00e1n\u00ed eloxovan\u00e9ho hlin\u00edku Mobiln\u00ed telefon Stoln\u00ed stojan Dr\u017e\u00e1k nebo dr\u017e\u00e1k tabletu<\/div>\n<\/div>\n<div class=\"row\">\n<div class=\"cell label\">P\u0159\u00edstav odesl\u00e1n\u00ed<\/div>\n<div class=\"cell value\">xiamen<\/div>\n<\/div>\n<div class=\"row\">\n<div class=\"cell label\">Prodejn\u00ed jednotky<\/div>\n<div class=\"cell value\">Jednotliv\u00e1 polo\u017eka<\/div>\n<\/div>\n<div class=\"row\">\n<div class=\"cell label\">Velikost jednoho balen\u00ed<\/div>\n<div class=\"cell value\">12X11X8 cm<\/div>\n<\/div>\n<div class=\"row\">\n<div class=\"cell label\">Jednotliv\u00e1 hrub\u00e1 hmotnost<\/div>\n<div class=\"cell value\">0,080 KG<\/div>\n<\/div>\n<div class=\"row\">\n<div class=\"cell label\">Schopnost z\u00e1sobov\u00e1n\u00ed<\/div>\n<div class=\"cell value\">100000 kus\u016f za m\u011bs\u00edc<\/div>\n<\/div>\n<\/div>\n<p><\/p>\n<h2>Na\u0161e v\u00fdrobn\u00ed z\u00e1kladna<\/h2>\n<h3>Panorama tov\u00e1rny<\/h3>\n<p><img decoding=\"async\" src=\"\/wp-content\/uploads\/factory-01.webp\"\/><\/p>\n<h3>D\u00edlna na v\u00fdrobu hlin\u00edkov\u00fdch ty\u010d\u00ed<\/h3>\n<p><img decoding=\"async\" src=\"\/wp-content\/uploads\/factory-02.webp\"\/><\/p>\n<p><img decoding=\"async\" src=\"\/wp-content\/uploads\/factory-03.webp\"\/><\/p>\n<h3>Sklad pl\u00edsn\u00ed<\/h3>\n<p><img decoding=\"async\" src=\"\/wp-content\/uploads\/factory-04.webp\"\/><\/p>\n<h3>43 linek na vytla\u010dov\u00e1n\u00ed hlin\u00edku (500-5500 tun)<\/h3>\n<p><img decoding=\"async\" src=\"\/wp-content\/uploads\/factory-05.webp\"\/><\/p>\n<p><img decoding=\"async\" src=\"\/wp-content\/uploads\/factory-06.webp\"\/><\/p>\n<p><img decoding=\"async\" src=\"\/wp-content\/uploads\/factory-07.webp\"\/><\/p>\n<h3>D\u00edlna pr\u00e1\u0161kov\u00e9ho lakov\u00e1n\u00ed<\/h3>\n<p><img decoding=\"async\" src=\"\/wp-content\/uploads\/factory-09.webp\"\/><\/p>\n<h3>D\u00edlna eloxov\u00e1n\u00ed<\/h3>\n<p><img decoding=\"async\" src=\"\/wp-content\/uploads\/factory-10.webp\"\/><\/p>\n<h3>Workshop o hloubkov\u00e9m zpracov\u00e1n\u00ed<\/h3>\n<p><img decoding=\"async\" src=\"\/wp-content\/uploads\/factory-11.webp\"\/><\/p>\n<h3>D\u00edlna CNC p\u0159esn\u00e9ho obr\u00e1b\u011bn\u00ed<\/h3>\n<p><img decoding=\"async\" src=\"\/wp-content\/uploads\/factory-11.5.webp\"\/><\/p>\n<h3>Sklad hotov\u00fdch v\u00fdrobk\u016f a exportn\u00ed sklad<\/h3>\n<p><img decoding=\"async\" src=\"\/wp-content\/uploads\/factory-12.webp\"\/><\/p>\n<p><img decoding=\"async\" src=\"\/wp-content\/uploads\/factory-13.webp\"\/><\/p>\n<p><img decoding=\"async\" src=\"\/wp-content\/uploads\/factory-14.webp\"\/><\/p>\n<h2>\u010cASTO KLADEN\u00c9 DOTAZY<\/h2>\n<p><strong>1. Je dr\u017e\u00e1k telefonu z eloxovan\u00e9ho hlin\u00edku nastaviteln\u00fd?<\/strong><br \/>Ano, je vybaven nastaviteln\u00fdm \u00fahlem pro dosa\u017een\u00ed nejlep\u0161\u00ed polohy pro sledov\u00e1n\u00ed.<\/p>\n<p><strong>2. Jak\u00e9 telefony jsou s t\u00edmto dr\u017e\u00e1kem kompatibiln\u00ed?<\/strong><br \/>Dr\u017e\u00e1k je navr\u017een tak, aby se do n\u011bj ve\u0161la v\u011bt\u0161ina model\u016f smartphon\u016f.<\/p>\n<p><strong>3. Klou\u017ee dr\u017e\u00e1k telefonu snadno po povrchu?<\/strong><br \/>Ne, m\u00e1 protiskluzovou z\u00e1kladnu, kter\u00e1 zaji\u0161\u0165uje stabilitu na r\u016fzn\u00fdch povr\u0161\u00edch.<\/p>\n<p><strong>4. Lze dr\u017e\u00e1k telefonu pou\u017e\u00edt pro zobrazen\u00ed na v\u00fd\u0161ku i na \u0161\u00ed\u0159ku?<\/strong><br \/>Ano, podporuje orientaci na v\u00fd\u0161ku i na \u0161\u00ed\u0159ku.<\/p>\n<p><strong>5. Je dr\u017e\u00e1k telefonu z eloxovan\u00e9ho hlin\u00edku odoln\u00fd?<\/strong><br \/>Ano, je vyroben z odoln\u00e9ho zlat\u011b eloxovan\u00e9ho hlin\u00edku pro dlouhodob\u00e9 pou\u017e\u00edv\u00e1n\u00ed.<\/p>\n<p><strong>6. Zanech\u00e1v\u00e1 dr\u017e\u00e1k na telefonu \u0161kr\u00e1bance?<\/strong><br \/>Ne, m\u00e1 ochrann\u00e9 polstrov\u00e1n\u00ed, kter\u00e9 zabra\u0148uje po\u0161kr\u00e1b\u00e1n\u00ed telefonu.<\/p>\n<p><strong>7. Mohu dr\u017e\u00e1k pou\u017e\u00edvat p\u0159i nab\u00edjen\u00ed telefonu?<\/strong><br \/>Ano, je navr\u017een tak, aby umo\u017e\u0148oval snadn\u00fd p\u0159\u00edstup k nab\u00edjec\u00edm port\u016fm.<\/p>\n<p><\/p>","protected":false},"featured_media":10864,"template":"","categories":[68],"class_list":["post-10897","product","type-product","status-publish","has-post-thumbnail","hentry","category-cnc-machining-aluminum-profile"],"meta_box":{"hilight_text_group":[{"product_hilight_text":"<li>Constructed from durable gold anodized aluminum for long-lasting use<\/li>\n<li>Stylish design that complements any workspace or environment<\/li>\n<li>Adjustable angle to provide the best viewing experience<\/li>\n<li>Non-slip base to ensure the phone holder stays securely in place<\/li>\n<li>Compatible with a wide range of smartphone models<\/li>"}],"feature_list":[]},"_links":{"self":[{"href":"https:\/\/sinoextrud.com\/cs\/wp-json\/wp\/v2\/product\/10897","targetHints":{"allow":["GET"]}}],"collection":[{"href":"https:\/\/sinoextrud.com\/cs\/wp-json\/wp\/v2\/product"}],"about":[{"href":"https:\/\/sinoextrud.com\/cs\/wp-json\/wp\/v2\/types\/product"}],"wp:featuredmedia":[{"embeddable":true,"href":"https:\/\/sinoextrud.com\/cs\/wp-json\/wp\/v2\/media\/10864"}],"wp:attachment":[{"href":"https:\/\/sinoextrud.com\/cs\/wp-json\/wp\/v2\/media?parent=10897"}],"wp:term":[{"taxonomy":"category","embeddable":true,"href":"https:\/\/sinoextrud.com\/cs\/wp-json\/wp\/v2\/categories?post=10897"}],"curies":[{"name":"wp","href":"https:\/\/api.w.org\/{rel}","templated":true}]}}