{"id":10896,"date":"2025-08-01T03:11:53","date_gmt":"2025-08-01T03:11:53","guid":{"rendered":"https:\/\/sinoextrud.com\/product\/aluminium-vapor-chamber-heat-sink-for-thermal-management\/"},"modified":"2025-08-01T03:11:53","modified_gmt":"2025-08-01T03:11:53","slug":"hlinikovy-chladic-s-odparovaci-komorou-pro-tepelny-management","status":"publish","type":"product","link":"https:\/\/sinoextrud.com\/cs\/product\/aluminium-vapor-chamber-heat-sink-for-thermal-management\/","title":{"rendered":"Hlin\u00edkov\u00fd chladi\u010d s parn\u00ed komorou pro tepeln\u00fd management"},"content":{"rendered":"<h2>Podrobnosti o produktech<\/h2>\n<div class=\"product-table\">\n<div class=\"row\">\n<div class=\"cell label\">T\u0159\u00edda<\/div>\n<div class=\"cell value\">\u0158ada 6000<\/div>\n<\/div>\n<div class=\"row\">\n<div class=\"cell label\">Tolerance<\/div>\n<div class=\"cell value\">\u00c2\u00b11%<\/div>\n<\/div>\n<div class=\"row\">\n<div class=\"cell label\">Doba dod\u00e1n\u00ed<\/div>\n<div class=\"cell value\">15-21 dn\u00ed<\/div>\n<\/div>\n<div class=\"row\">\n<div class=\"cell label\">Temperament<\/div>\n<div class=\"cell value\">T3-T8<\/div>\n<\/div>\n<div class=\"row\">\n<div class=\"cell label\">Aplikace<\/div>\n<div class=\"cell value\">Oh\u00fdb\u00e1n\u00ed, odv\u00edjen\u00ed, sva\u0159ov\u00e1n\u00ed, d\u011brov\u00e1n\u00ed, \u0159ez\u00e1n\u00ed<\/div>\n<\/div>\n<div class=\"row\">\n<div class=\"cell label\">Tvar<\/div>\n<div class=\"cell value\">Nepravideln\u00fd tvar<\/div>\n<\/div>\n<div class=\"row\">\n<div class=\"cell label\">Slitina nebo ne<\/div>\n<div class=\"cell value\">Je slitina<\/div>\n<\/div>\n<div class=\"row\">\n<div class=\"cell label\">Slu\u017eba zpracov\u00e1n\u00ed<\/div>\n<div class=\"cell value\">Oh\u00fdb\u00e1n\u00ed, odv\u00edjen\u00ed, sva\u0159ov\u00e1n\u00ed, d\u011brov\u00e1n\u00ed, \u0159ez\u00e1n\u00ed<\/div>\n<\/div>\n<div class=\"row\">\n<div class=\"cell label\">Prodejn\u00ed jednotky<\/div>\n<div class=\"cell value\">Jednotliv\u00e1 polo\u017eka<\/div>\n<\/div>\n<\/div>\n<p><\/p>\n<h2>Na\u0161e v\u00fdrobn\u00ed z\u00e1kladna<\/h2>\n<h3>Panorama tov\u00e1rny<\/h3>\n<p><img decoding=\"async\" src=\"\/wp-content\/uploads\/factory-01.webp\"\/><\/p>\n<h3>D\u00edlna na v\u00fdrobu hlin\u00edkov\u00fdch ty\u010d\u00ed<\/h3>\n<p><img decoding=\"async\" src=\"\/wp-content\/uploads\/factory-02.webp\"\/><\/p>\n<p><img decoding=\"async\" src=\"\/wp-content\/uploads\/factory-03.webp\"\/><\/p>\n<h3>Sklad pl\u00edsn\u00ed<\/h3>\n<p><img decoding=\"async\" src=\"\/wp-content\/uploads\/factory-04.webp\"\/><\/p>\n<h3>43 linek na vytla\u010dov\u00e1n\u00ed hlin\u00edku (500-5500 tun)<\/h3>\n<p><img decoding=\"async\" src=\"\/wp-content\/uploads\/factory-05.webp\"\/><\/p>\n<p><img decoding=\"async\" src=\"\/wp-content\/uploads\/factory-06.webp\"\/><\/p>\n<p><img decoding=\"async\" src=\"\/wp-content\/uploads\/factory-07.webp\"\/><\/p>\n<h3>D\u00edlna pr\u00e1\u0161kov\u00e9ho lakov\u00e1n\u00ed<\/h3>\n<p><img decoding=\"async\" src=\"\/wp-content\/uploads\/factory-09.webp\"\/><\/p>\n<h3>D\u00edlna eloxov\u00e1n\u00ed<\/h3>\n<p><img decoding=\"async\" src=\"\/wp-content\/uploads\/factory-10.webp\"\/><\/p>\n<h3>Workshop o hloubkov\u00e9m zpracov\u00e1n\u00ed<\/h3>\n<p><img decoding=\"async\" src=\"\/wp-content\/uploads\/factory-11.webp\"\/><\/p>\n<h3>D\u00edlna CNC p\u0159esn\u00e9ho obr\u00e1b\u011bn\u00ed<\/h3>\n<p><img decoding=\"async\" src=\"\/wp-content\/uploads\/factory-11.5.webp\"\/><\/p>\n<h3>Sklad hotov\u00fdch v\u00fdrobk\u016f a exportn\u00ed sklad<\/h3>\n<p><img decoding=\"async\" src=\"\/wp-content\/uploads\/factory-12.webp\"\/><\/p>\n<p><img decoding=\"async\" src=\"\/wp-content\/uploads\/factory-13.webp\"\/><\/p>\n<p><img decoding=\"async\" src=\"\/wp-content\/uploads\/factory-14.webp\"\/><\/p>\n<h2>\u010cASTO KLADEN\u00c9 DOTAZY<\/h2>\n<p><strong>1. Co je to hlin\u00edkov\u00fd chladi\u010d s odpa\u0159ovac\u00ed komorou?<\/strong><br \/>Hlin\u00edkov\u00fd chladi\u010d s odpa\u0159ovac\u00ed komorou je chladic\u00ed za\u0159\u00edzen\u00ed, kter\u00e9 vyu\u017e\u00edv\u00e1 technologii odpa\u0159ovac\u00ed komory k \u00fa\u010dinn\u00e9mu odv\u00e1d\u011bn\u00ed tepla.<\/p>\n<p><strong>2. Jak odpa\u0159ovac\u00ed komora zlep\u0161uje v\u00fdkon chladi\u010de?<\/strong><br \/>Odpa\u0159ovac\u00ed komora zlep\u0161uje rozvod tepla po chladi\u010di, co\u017e vede k efektivn\u011bj\u0161\u00edmu chlazen\u00ed.<\/p>\n<p><strong>3. Lze hlin\u00edkov\u00fd chladi\u010d s odpa\u0159ovac\u00ed komorou p\u0159izp\u016fsobit pro r\u016fzn\u00e1 za\u0159\u00edzen\u00ed?<\/strong><br \/>Ano, tyto chladi\u010de lze p\u0159izp\u016fsobit velikost\u00ed a tvarem tak, aby vyhovovaly konkr\u00e9tn\u00edm po\u017eadavk\u016fm za\u0159\u00edzen\u00ed.<\/p>\n<p><strong>4. Je hlin\u00edkov\u00fd chladi\u010d s odpa\u0159ovac\u00ed komorou vhodn\u00fd pro vysoce v\u00fdkonn\u00e9 po\u010d\u00edta\u010de?<\/strong><br \/>Rozhodn\u011b je navr\u017een tak, aby spl\u0148oval po\u017eadavky na tepelnou spr\u00e1vu vysoce v\u00fdkonn\u00fdch v\u00fdpo\u010detn\u00edch syst\u00e9m\u016f.<\/p>\n<p><strong>5. Jak\u00e9 jsou v\u00fdhody pou\u017eit\u00ed hlin\u00edku v chladi\u010d\u00edch?<\/strong><br \/>Hlin\u00edk m\u00e1 n\u00edzkou hmotnost a odolnost proti korozi p\u0159i zachov\u00e1n\u00ed vynikaj\u00edc\u00ed tepeln\u00e9 vodivosti.<\/p>\n<p><strong>6. Lze chladi\u010d pou\u017e\u00edt v pr\u016fmyslov\u00fdch aplikac\u00edch?<\/strong><br \/>Ano, chladi\u010d je univerz\u00e1ln\u00ed a vhodn\u00fd pro pou\u017eit\u00ed v pr\u016fmyslu i spot\u0159ebn\u00ed elektronice.<\/p>\n<p><strong>7. Poskytujete technickou podporu pro integraci chladi\u010d\u016f?<\/strong><br \/>Ano, nab\u00edz\u00edme technickou podporu pro zaji\u0161t\u011bn\u00ed spr\u00e1vn\u00e9 integrace a optimalizace v\u00fdkonu na\u0161ich chladi\u010d\u016f.<\/p>\n<p><\/p>","protected":false},"featured_media":10738,"template":"","categories":[74],"class_list":["post-10896","product","type-product","status-publish","has-post-thumbnail","hentry","category-vapor-chamber"],"meta_box":{"hilight_text_group":[{"product_hilight_text":"<li>Optimized thermal performance with advanced vapor chamber technology<\/li>\n<li>Lightweight and durable aluminium construction for longevity<\/li>\n<li>Customizable dimensions and configurations for diverse applications<\/li>\n<li>Ideal for high-performance computing and electronic devices<\/li>\n<li>Supports efficient heat dissipation for both commercial and industrial use<\/li>"}],"feature_list":[]},"_links":{"self":[{"href":"https:\/\/sinoextrud.com\/cs\/wp-json\/wp\/v2\/product\/10896","targetHints":{"allow":["GET"]}}],"collection":[{"href":"https:\/\/sinoextrud.com\/cs\/wp-json\/wp\/v2\/product"}],"about":[{"href":"https:\/\/sinoextrud.com\/cs\/wp-json\/wp\/v2\/types\/product"}],"wp:featuredmedia":[{"embeddable":true,"href":"https:\/\/sinoextrud.com\/cs\/wp-json\/wp\/v2\/media\/10738"}],"wp:attachment":[{"href":"https:\/\/sinoextrud.com\/cs\/wp-json\/wp\/v2\/media?parent=10896"}],"wp:term":[{"taxonomy":"category","embeddable":true,"href":"https:\/\/sinoextrud.com\/cs\/wp-json\/wp\/v2\/categories?post=10896"}],"curies":[{"name":"wp","href":"https:\/\/api.w.org\/{rel}","templated":true}]}}