{"id":10892,"date":"2025-08-01T03:11:43","date_gmt":"2025-08-01T03:11:43","guid":{"rendered":"https:\/\/sinoextrud.com\/product\/aluminium-heat-sink-for-superconducting-applications\/"},"modified":"2025-08-01T03:11:43","modified_gmt":"2025-08-01T03:11:43","slug":"hlinikovy-chladic-pro-supravodive-aplikace","status":"publish","type":"product","link":"https:\/\/sinoextrud.com\/cs\/product\/aluminium-heat-sink-for-superconducting-applications\/","title":{"rendered":"Hlin\u00edkov\u00fd chladi\u010d pro supravodiv\u00e9 aplikace"},"content":{"rendered":"<h2>Podrobnosti o produktech<\/h2>\n<div class=\"product-table\">\n<div class=\"row\">\n<div class=\"cell label\">T\u0159\u00edda<\/div>\n<div class=\"cell value\">\u0158ada 6000<\/div>\n<\/div>\n<div class=\"row\">\n<div class=\"cell label\">Tolerance<\/div>\n<div class=\"cell value\">\u00c2\u00b110%<\/div>\n<\/div>\n<div class=\"row\">\n<div class=\"cell label\">Doba dod\u00e1n\u00ed<\/div>\n<div class=\"cell value\">31-45 dn\u00ed<\/div>\n<\/div>\n<div class=\"row\">\n<div class=\"cell label\">Temperament<\/div>\n<div class=\"cell value\">T3-T8<\/div>\n<\/div>\n<div class=\"row\">\n<div class=\"cell label\">Aplikace<\/div>\n<div class=\"cell value\">Chladi\u010d<\/div>\n<\/div>\n<div class=\"row\">\n<div class=\"cell label\">Tvar<\/div>\n<div class=\"cell value\">flat<\/div>\n<\/div>\n<div class=\"row\">\n<div class=\"cell label\">Slitina nebo ne<\/div>\n<div class=\"cell value\">Nelegovan\u00e9<\/div>\n<\/div>\n<div class=\"row\">\n<div class=\"cell label\">Slu\u017eba zpracov\u00e1n\u00ed<\/div>\n<div class=\"cell value\">Oh\u00fdb\u00e1n\u00ed, odv\u00edjen\u00ed, sva\u0159ov\u00e1n\u00ed, d\u011brov\u00e1n\u00ed, \u0159ez\u00e1n\u00ed<\/div>\n<\/div>\n<div class=\"row\">\n<div class=\"cell label\">N\u00e1zev produktu<\/div>\n<div class=\"cell value\">Vodn\u00ed chladic\u00ed deska na m\u00edru Hlin\u00edkov\u00e1 kapaln\u00e1 studen\u00e1 deska<\/div>\n<\/div>\n<div class=\"row\">\n<div class=\"cell label\">Materi\u00e1l<\/div>\n<div class=\"cell value\">Slitina hlin\u00edku 6063<\/div>\n<\/div>\n<div class=\"row\">\n<div class=\"cell label\">MOQ<\/div>\n<div class=\"cell value\">1ks<\/div>\n<\/div>\n<div class=\"row\">\n<div class=\"cell label\">Pou\u017eit\u00ed<\/div>\n<div class=\"cell value\">vodn\u00ed chladic\u00ed syst\u00e9m<\/div>\n<\/div>\n<div class=\"row\">\n<div class=\"cell label\">Certifikace<\/div>\n<div class=\"cell value\">ISO 9001\/ROHS<\/div>\n<\/div>\n<div class=\"row\">\n<div class=\"cell label\">Velikost<\/div>\n<div class=\"cell value\">Kreslen\u00ed z\u00e1kazn\u00edk\u016f<\/div>\n<\/div>\n<div class=\"row\">\n<div class=\"cell label\">Kl\u00ed\u010dov\u00e9 slovo<\/div>\n<div class=\"cell value\">chlazen\u00fd chladi\u010d, vodn\u00ed chladic\u00ed deska, kapalinov\u00e1 chladic\u00ed deska, vodn\u00ed blok<\/div>\n<\/div>\n<div class=\"row\">\n<div class=\"cell label\">Bal\u00ed\u010dek<\/div>\n<div class=\"cell value\">balen\u00ed na zak\u00e1zku<\/div>\n<\/div>\n<div class=\"row\">\n<div class=\"cell label\">Doba dod\u00e1n\u00ed<\/div>\n<div class=\"cell value\">20-45 dn\u00ed<\/div>\n<\/div>\n<div class=\"row\">\n<div class=\"cell label\">V\u00fdroba<\/div>\n<div class=\"cell value\">CNC obr\u00e1b\u011bn\u00ed atd.<\/div>\n<\/div>\n<div class=\"row\">\n<div class=\"cell label\">Prodejn\u00ed jednotky<\/div>\n<div class=\"cell value\">Jednotliv\u00e1 polo\u017eka<\/div>\n<\/div>\n<div class=\"row\">\n<div class=\"cell label\">Velikost jednoho balen\u00ed<\/div>\n<div class=\"cell value\">35X30X2 cm<\/div>\n<\/div>\n<div class=\"row\">\n<div class=\"cell label\">Jednotliv\u00e1 hrub\u00e1 hmotnost<\/div>\n<div class=\"cell value\">1.200 KG<\/div>\n<\/div>\n<\/div>\n<p><\/p>\n<h2>Na\u0161e v\u00fdrobn\u00ed z\u00e1kladna<\/h2>\n<h3>Panorama tov\u00e1rny<\/h3>\n<p><img decoding=\"async\" src=\"\/wp-content\/uploads\/factory-01.webp\"\/><\/p>\n<h3>D\u00edlna na v\u00fdrobu hlin\u00edkov\u00fdch ty\u010d\u00ed<\/h3>\n<p><img decoding=\"async\" src=\"\/wp-content\/uploads\/factory-02.webp\"\/><\/p>\n<p><img decoding=\"async\" src=\"\/wp-content\/uploads\/factory-03.webp\"\/><\/p>\n<h3>Sklad pl\u00edsn\u00ed<\/h3>\n<p><img decoding=\"async\" src=\"\/wp-content\/uploads\/factory-04.webp\"\/><\/p>\n<h3>43 linek na vytla\u010dov\u00e1n\u00ed hlin\u00edku (500-5500 tun)<\/h3>\n<p><img decoding=\"async\" src=\"\/wp-content\/uploads\/factory-05.webp\"\/><\/p>\n<p><img decoding=\"async\" src=\"\/wp-content\/uploads\/factory-06.webp\"\/><\/p>\n<p><img decoding=\"async\" src=\"\/wp-content\/uploads\/factory-07.webp\"\/><\/p>\n<h3>D\u00edlna pr\u00e1\u0161kov\u00e9ho lakov\u00e1n\u00ed<\/h3>\n<p><img decoding=\"async\" src=\"\/wp-content\/uploads\/factory-09.webp\"\/><\/p>\n<h3>D\u00edlna eloxov\u00e1n\u00ed<\/h3>\n<p><img decoding=\"async\" src=\"\/wp-content\/uploads\/factory-10.webp\"\/><\/p>\n<h3>Workshop o hloubkov\u00e9m zpracov\u00e1n\u00ed<\/h3>\n<p><img decoding=\"async\" src=\"\/wp-content\/uploads\/factory-11.webp\"\/><\/p>\n<h3>D\u00edlna CNC p\u0159esn\u00e9ho obr\u00e1b\u011bn\u00ed<\/h3>\n<p><img decoding=\"async\" src=\"\/wp-content\/uploads\/factory-11.5.webp\"\/><\/p>\n<h3>Sklad hotov\u00fdch v\u00fdrobk\u016f a exportn\u00ed sklad<\/h3>\n<p><img decoding=\"async\" src=\"\/wp-content\/uploads\/factory-12.webp\"\/><\/p>\n<p><img decoding=\"async\" src=\"\/wp-content\/uploads\/factory-13.webp\"\/><\/p>\n<p><img decoding=\"async\" src=\"\/wp-content\/uploads\/factory-14.webp\"\/><\/p>\n<h2>\u010cASTO KLADEN\u00c9 DOTAZY<\/h2>\n<p><strong>1. Jak\u00e1 je hlavn\u00ed funkce hlin\u00edkov\u00e9ho chladi\u010de?<\/strong><br \/>Jeho hlavn\u00ed funkc\u00ed je \u00fa\u010dinn\u011b odv\u00e1d\u011bt teplo v supravodiv\u00fdch aplikac\u00edch.<\/p>\n<p><strong>2. Lze hlin\u00edkov\u00fd chladi\u010d p\u0159izp\u016fsobit specifick\u00fdm po\u017eadavk\u016fm?<\/strong><br \/>Ano, lze jej p\u0159izp\u016fsobit tak, aby spl\u0148oval konkr\u00e9tn\u00ed rozm\u011brov\u00e9 a tepeln\u00e9 specifikace.<\/p>\n<p><strong>3. Je tento hlin\u00edkov\u00fd chladi\u010d vhodn\u00fd pro v\u0161echny typy supravodiv\u00fdch syst\u00e9m\u016f?<\/strong><br \/>Je navr\u017een pro supravodiv\u00e9 syst\u00e9my se st\u0159edn\u00ed teplotou, ale lze jej p\u0159izp\u016fsobit i jin\u00fdm typ\u016fm.<\/p>\n<p><strong>4. Podporuje integraci se st\u00e1vaj\u00edc\u00edmi chladic\u00edmi syst\u00e9my?<\/strong><br \/>Ano, je kompatibiln\u00ed s r\u016fzn\u00fdmi chladic\u00edmi syst\u00e9my a kapalinami pro bezprobl\u00e9movou integraci.<\/p>\n<p><strong>5. Jak\u00e9 materi\u00e1ly jsou pou\u017eity v hlin\u00edkov\u00e9m chladi\u010di?<\/strong><br \/>Je vyroben z vysoce kvalitn\u00edho hlin\u00edku, kter\u00fd zaji\u0161\u0165uje vynikaj\u00edc\u00ed tepelnou vodivost a odolnost proti korozi.<\/p>\n<p><strong>6. Jak p\u0159isp\u00edv\u00e1 hlin\u00edkov\u00fd chladi\u010d k \u00fa\u010dinnosti syst\u00e9mu?<\/strong><br \/>\u00da\u010dinn\u00fdm odv\u00e1d\u011bn\u00edm tepla zvy\u0161uje celkov\u00fd v\u00fdkon a spolehlivost supravodiv\u00fdch syst\u00e9m\u016f.<\/p>\n<p><strong>7. Poskytujete technickou podporu p\u0159i instalaci?<\/strong><br \/>Ano, v\u0161em z\u00e1kazn\u00edk\u016fm je k dispozici komplexn\u00ed instala\u010dn\u00ed a technick\u00e1 podpora.<\/p>\n<p><\/p>","protected":false},"featured_media":10734,"template":"","categories":[72],"class_list":["post-10892","product","type-product","status-publish","has-post-thumbnail","hentry","category-extruded-aluminum-heatsink"],"meta_box":{"hilight_text_group":[{"product_hilight_text":"<li>Efficient thermal management for superconducting applications<\/li>\n<li>Customizable design to fit specific system requirements<\/li>\n<li>Lightweight construction for easy installation and handling<\/li>\n<li>Corrosion-resistant materials for long-term performance<\/li>\n<li>Compatible with various cooling fluids and systems<\/li>"}],"feature_list":[]},"_links":{"self":[{"href":"https:\/\/sinoextrud.com\/cs\/wp-json\/wp\/v2\/product\/10892","targetHints":{"allow":["GET"]}}],"collection":[{"href":"https:\/\/sinoextrud.com\/cs\/wp-json\/wp\/v2\/product"}],"about":[{"href":"https:\/\/sinoextrud.com\/cs\/wp-json\/wp\/v2\/types\/product"}],"wp:featuredmedia":[{"embeddable":true,"href":"https:\/\/sinoextrud.com\/cs\/wp-json\/wp\/v2\/media\/10734"}],"wp:attachment":[{"href":"https:\/\/sinoextrud.com\/cs\/wp-json\/wp\/v2\/media?parent=10892"}],"wp:term":[{"taxonomy":"category","embeddable":true,"href":"https:\/\/sinoextrud.com\/cs\/wp-json\/wp\/v2\/categories?post=10892"}],"curies":[{"name":"wp","href":"https:\/\/api.w.org\/{rel}","templated":true}]}}