{"id":10889,"date":"2025-08-01T03:11:36","date_gmt":"2025-08-01T03:11:36","guid":{"rendered":"https:\/\/sinoextrud.com\/product\/computer-stand-aluminum-heat-sink-for-cooling\/"},"modified":"2025-08-01T03:11:36","modified_gmt":"2025-08-01T03:11:36","slug":"hlinikovy-chladic-pro-chlazeni-pocitacoveho-stojanu","status":"publish","type":"product","link":"https:\/\/sinoextrud.com\/cs\/product\/computer-stand-aluminum-heat-sink-for-cooling\/","title":{"rendered":"Hlin\u00edkov\u00fd chladi\u010d pro chlazen\u00ed po\u010d\u00edta\u010dov\u00e9ho stojanu"},"content":{"rendered":"<h2>Podrobnosti o produktech<\/h2>\n<div class=\"product-table\">\n<div class=\"row\">\n<div class=\"cell label\">typ<\/div>\n<div class=\"cell value\">Chladi\u010d<\/div>\n<\/div>\n<div class=\"row\">\n<div class=\"cell label\">aplikace<\/div>\n<div class=\"cell value\">\u017d\u00e1dn\u00e9<\/div>\n<\/div>\n<div class=\"row\">\n<div class=\"cell label\">velikost ventil\u00e1toru<\/div>\n<div class=\"cell value\">\u017d\u00e1dn\u00e9<\/div>\n<\/div>\n<div class=\"row\">\n<div class=\"cell label\">nap\u00e1jen\u00ed<\/div>\n<div class=\"cell value\">\u017d\u00e1dn\u00e9<\/div>\n<\/div>\n<div class=\"row\">\n<div class=\"cell label\">objem vzduchu<\/div>\n<div class=\"cell value\">\u017d\u00e1dn\u00e9<\/div>\n<\/div>\n<div class=\"row\">\n<div class=\"cell label\">materi\u00e1l chladi\u010de<\/div>\n<div class=\"cell value\">M\u011b\u010f a hlin\u00edk<\/div>\n<\/div>\n<div class=\"row\">\n<div class=\"cell label\">nap\u00e1jec\u00ed rozhran\u00ed<\/div>\n<div class=\"cell value\">\u017d\u00e1dn\u00e9<\/div>\n<\/div>\n<div class=\"row\">\n<div class=\"cell label\">hluk<\/div>\n<div class=\"cell value\">\u017d\u00e1dn\u00e9<\/div>\n<\/div>\n<div class=\"row\">\n<div class=\"cell label\">regulace ot\u00e1\u010dek ventil\u00e1toru<\/div>\n<div class=\"cell value\">\u017d\u00e1dn\u00e9<\/div>\n<\/div>\n<div class=\"row\">\n<div class=\"cell label\">Materi\u00e1l<\/div>\n<div class=\"cell value\">Hlin\u00edk a m\u011b\u010f<\/div>\n<\/div>\n<div class=\"row\">\n<div class=\"cell label\">Dokon\u010den\u00ed<\/div>\n<div class=\"cell value\">R\u016fzn\u00e9 eloxov\u00e1n\u00ed\/le\u0161t\u011bn\u00ed\/kart\u00e1\u010dov\u00e1n\u00ed\/povlakov\u00e1n\u00ed<\/div>\n<\/div>\n<div class=\"row\">\n<div class=\"cell label\">Pou\u017eit\u00ed<\/div>\n<div class=\"cell value\">Tepeln\u00e1 rozpt\u00fdlenost<\/div>\n<\/div>\n<div class=\"row\">\n<div class=\"cell label\">Velikost<\/div>\n<div class=\"cell value\">25*25*25\/ Po\u017eadavek z\u00e1kazn\u00edka<\/div>\n<\/div>\n<div class=\"row\">\n<div class=\"cell label\">Barva<\/div>\n<div class=\"cell value\">St\u0159\u00edbrn\u00e1\/\u010derven\u00e1\/\u010dern\u00e1 barva na m\u00edru<\/div>\n<\/div>\n<div class=\"row\">\n<div class=\"cell label\">Slu\u017eba zpracov\u00e1n\u00ed<\/div>\n<div class=\"cell value\">Oh\u00fdb\u00e1n\u00ed, odv\u00edjen\u00ed, sva\u0159ov\u00e1n\u00ed, d\u011brov\u00e1n\u00ed, \u0159ez\u00e1n\u00ed<\/div>\n<\/div>\n<div class=\"row\">\n<div class=\"cell label\">Slu\u017eba<\/div>\n<div class=\"cell value\">OEM&amp;ODM<\/div>\n<\/div>\n<div class=\"row\">\n<div class=\"cell label\">T\u0159\u00edda<\/div>\n<div class=\"cell value\">\u0158ada 6000, 6063\/6061\/6005\/6060 T5\/T6<\/div>\n<\/div>\n<div class=\"row\">\n<div class=\"cell label\">Hloubkov\u00fd proces<\/div>\n<div class=\"cell value\">Pod CNC<\/div>\n<\/div>\n<div class=\"row\">\n<div class=\"cell label\">P\u0159\u00edstav odesl\u00e1n\u00ed<\/div>\n<div class=\"cell value\">shenzhen<\/div>\n<\/div>\n<div class=\"row\">\n<div class=\"cell label\">Prodejn\u00ed jednotky<\/div>\n<div class=\"cell value\">Jednotliv\u00e1 polo\u017eka<\/div>\n<\/div>\n<div class=\"row\">\n<div class=\"cell label\">Velikost jednoho balen\u00ed<\/div>\n<div class=\"cell value\">25X25X25 cm<\/div>\n<\/div>\n<div class=\"row\">\n<div class=\"cell label\">Jednotliv\u00e1 hrub\u00e1 hmotnost<\/div>\n<div class=\"cell value\">0,600 KG<\/div>\n<\/div>\n<div class=\"row\">\n<div class=\"cell label\">Schopnost z\u00e1sobov\u00e1n\u00ed<\/div>\n<div class=\"cell value\">30000 kus\u016f za t\u00fdden<\/div>\n<\/div>\n<\/div>\n<p><\/p>\n<h2>Na\u0161e v\u00fdrobn\u00ed z\u00e1kladna<\/h2>\n<h3>Panorama tov\u00e1rny<\/h3>\n<p><img decoding=\"async\" src=\"\/wp-content\/uploads\/factory-01.webp\"\/><\/p>\n<h3>D\u00edlna na v\u00fdrobu hlin\u00edkov\u00fdch ty\u010d\u00ed<\/h3>\n<p><img decoding=\"async\" src=\"\/wp-content\/uploads\/factory-02.webp\"\/><\/p>\n<p><img decoding=\"async\" src=\"\/wp-content\/uploads\/factory-03.webp\"\/><\/p>\n<h3>Sklad pl\u00edsn\u00ed<\/h3>\n<p><img decoding=\"async\" src=\"\/wp-content\/uploads\/factory-04.webp\"\/><\/p>\n<h3>43 linek na vytla\u010dov\u00e1n\u00ed hlin\u00edku (500-5500 tun)<\/h3>\n<p><img decoding=\"async\" src=\"\/wp-content\/uploads\/factory-05.webp\"\/><\/p>\n<p><img decoding=\"async\" src=\"\/wp-content\/uploads\/factory-06.webp\"\/><\/p>\n<p><img decoding=\"async\" src=\"\/wp-content\/uploads\/factory-07.webp\"\/><\/p>\n<h3>D\u00edlna pr\u00e1\u0161kov\u00e9ho lakov\u00e1n\u00ed<\/h3>\n<p><img decoding=\"async\" src=\"\/wp-content\/uploads\/factory-09.webp\"\/><\/p>\n<h3>D\u00edlna eloxov\u00e1n\u00ed<\/h3>\n<p><img decoding=\"async\" src=\"\/wp-content\/uploads\/factory-10.webp\"\/><\/p>\n<h3>Workshop o hloubkov\u00e9m zpracov\u00e1n\u00ed<\/h3>\n<p><img decoding=\"async\" src=\"\/wp-content\/uploads\/factory-11.webp\"\/><\/p>\n<h3>D\u00edlna CNC p\u0159esn\u00e9ho obr\u00e1b\u011bn\u00ed<\/h3>\n<p><img decoding=\"async\" src=\"\/wp-content\/uploads\/factory-11.5.webp\"\/><\/p>\n<h3>Sklad hotov\u00fdch v\u00fdrobk\u016f a exportn\u00ed sklad<\/h3>\n<p><img decoding=\"async\" src=\"\/wp-content\/uploads\/factory-12.webp\"\/><\/p>\n<p><img decoding=\"async\" src=\"\/wp-content\/uploads\/factory-13.webp\"\/><\/p>\n<p><img decoding=\"async\" src=\"\/wp-content\/uploads\/factory-14.webp\"\/><\/p>\n<h2>\u010cASTO KLADEN\u00c9 DOTAZY<\/h2>\n<p><strong>1. Jak\u00e9 velikosti notebook\u016f jsou kompatibiln\u00ed s t\u00edmto po\u010d\u00edta\u010dov\u00fdm stojanem?<\/strong><br \/>Tento stojan je kompatibiln\u00ed s v\u011bt\u0161inou standardn\u00edch velikost\u00ed notebook\u016f.<\/p>\n<p><strong>2. Jak hlin\u00edkov\u00fd chladi\u010d zvy\u0161uje v\u00fdkon po\u010d\u00edta\u010de?<\/strong><br \/>Hlin\u00edkov\u00fd chladi\u010d zlep\u0161uje odvod tepla, udr\u017euje za\u0159\u00edzen\u00ed chladn\u011bj\u0161\u00ed a zvy\u0161uje v\u00fdkon.<\/p>\n<p><strong>3. Lze st\u00e1nek pou\u017e\u00edvat ke komer\u010dn\u00edm \u00fa\u010del\u016fm?<\/strong><br \/>Ano, je ur\u010den pro osobn\u00ed i profesion\u00e1ln\u00ed pou\u017eit\u00ed.<\/p>\n<p><strong>4. Je mo\u017en\u00e9 p\u0159izp\u016fsobit po\u010d\u00edta\u010dov\u00fd stojan na\u0161\u00ed firm\u011b?<\/strong><br \/>Ano, jsou k dispozici mo\u017enosti firemn\u00edho brandingu, nap\u0159\u00edklad potisk loga.<\/p>\n<p><strong>5. Podporuje po\u010d\u00edta\u010dov\u00fd stojan ergonomick\u00e9 pou\u017e\u00edv\u00e1n\u00ed?<\/strong><br \/>Ano, jej\u00ed ergonomick\u00fd design podporuje lep\u0161\u00ed dr\u017een\u00ed t\u011bla b\u011bhem pou\u017e\u00edv\u00e1n\u00ed.<\/p>\n<p><strong>6. Z jak\u00e9ho materi\u00e1lu je vyroben po\u010d\u00edta\u010dov\u00fd stojan?<\/strong><br \/>Stojan je vyroben z vysoce kvalitn\u00edho hlin\u00edku, kter\u00fd zaji\u0161\u0165uje vy\u0161\u0161\u00ed odolnost.<\/p>\n<p><strong>7. Nab\u00edz\u00edte mezin\u00e1rodn\u00ed dopravu pro hromadn\u00e9 objedn\u00e1vky?<\/strong><br \/>Ano, mezin\u00e1rodn\u00ed p\u0159eprava je k dispozici a my v\u00e1m m\u016f\u017eeme pomoci s pot\u0159ebnou logistikou.<\/p>\n<p><\/p>","protected":false},"featured_media":10868,"template":"","categories":[55],"class_list":["post-10889","product","type-product","status-publish","has-post-thumbnail","hentry","category-extruded-aluminum-profiles"],"meta_box":{"hilight_text_group":[{"product_hilight_text":"<li>Enhanced heat dissipation to improve computer performance<\/li>\n<li>Durable aluminum construction for long-lasting use<\/li>\n<li>Ergonomic design to promote better posture<\/li>\n<li>Compatible with a wide range of laptop sizes<\/li>\n<li>Customizable design for corporate branding needs<\/li>"}],"feature_list":[]},"_links":{"self":[{"href":"https:\/\/sinoextrud.com\/cs\/wp-json\/wp\/v2\/product\/10889","targetHints":{"allow":["GET"]}}],"collection":[{"href":"https:\/\/sinoextrud.com\/cs\/wp-json\/wp\/v2\/product"}],"about":[{"href":"https:\/\/sinoextrud.com\/cs\/wp-json\/wp\/v2\/types\/product"}],"wp:featuredmedia":[{"embeddable":true,"href":"https:\/\/sinoextrud.com\/cs\/wp-json\/wp\/v2\/media\/10868"}],"wp:attachment":[{"href":"https:\/\/sinoextrud.com\/cs\/wp-json\/wp\/v2\/media?parent=10889"}],"wp:term":[{"taxonomy":"category","embeddable":true,"href":"https:\/\/sinoextrud.com\/cs\/wp-json\/wp\/v2\/categories?post=10889"}],"curies":[{"name":"wp","href":"https:\/\/api.w.org\/{rel}","templated":true}]}}