{"id":10888,"date":"2025-08-01T03:11:33","date_gmt":"2025-08-01T03:11:33","guid":{"rendered":"https:\/\/sinoextrud.com\/product\/aluminum-bitcoin-mining-machine-case\/"},"modified":"2025-08-01T03:11:33","modified_gmt":"2025-08-01T03:11:33","slug":"hlinikove-pouzdro-na-tezebni-stroj-bitcoin","status":"publish","type":"product","link":"https:\/\/sinoextrud.com\/cs\/product\/aluminum-bitcoin-mining-machine-case\/","title":{"rendered":"Hlin\u00edkov\u00fd Bitcoin t\u011b\u017eebn\u00ed stroj Case"},"content":{"rendered":"<h2>Podrobnosti o produktech<\/h2>\n<div class=\"product-table\">\n<div class=\"row\">\n<div class=\"cell label\">T\u0159\u00edda<\/div>\n<div class=\"cell value\">\u0158ada 6000<\/div>\n<\/div>\n<div class=\"row\">\n<div class=\"cell label\">Tolerance<\/div>\n<div class=\"cell value\">\u00c2\u00b11%<\/div>\n<\/div>\n<div class=\"row\">\n<div class=\"cell label\">Doba dod\u00e1n\u00ed<\/div>\n<div class=\"cell value\">15-21 dn\u00ed<\/div>\n<\/div>\n<div class=\"row\">\n<div class=\"cell label\">Temperament<\/div>\n<div class=\"cell value\">T5.T6<\/div>\n<\/div>\n<div class=\"row\">\n<div class=\"cell label\">Aplikace<\/div>\n<div class=\"cell value\">Dekorace<\/div>\n<\/div>\n<div class=\"row\">\n<div class=\"cell label\">Tvar<\/div>\n<div class=\"cell value\">Coustom<\/div>\n<\/div>\n<div class=\"row\">\n<div class=\"cell label\">Slitina nebo ne<\/div>\n<div class=\"cell value\">Je slitina<\/div>\n<\/div>\n<div class=\"row\">\n<div class=\"cell label\">Slu\u017eba zpracov\u00e1n\u00ed<\/div>\n<div class=\"cell value\">Oh\u00fdb\u00e1n\u00ed, odv\u00edjen\u00ed, sva\u0159ov\u00e1n\u00ed, d\u011brov\u00e1n\u00ed, \u0159ez\u00e1n\u00ed<\/div>\n<\/div>\n<div class=\"row\">\n<div class=\"cell label\">N\u00e1zev produktu<\/div>\n<div class=\"cell value\">Vlastn\u00ed hlin\u00edkov\u00fd profil<\/div>\n<\/div>\n<div class=\"row\">\n<div class=\"cell label\">Povrchov\u00e1 \u00faprava<\/div>\n<div class=\"cell value\">eloxov\u00e1n\u00ed\/povrchov\u00e1 \u00faprava pr\u00e1\u0161kem<\/div>\n<\/div>\n<div class=\"row\">\n<div class=\"cell label\">Barva<\/div>\n<div class=\"cell value\">St\u0159\u00edbrn\u00e1 a \u010dern\u00e1<\/div>\n<\/div>\n<div class=\"row\">\n<div class=\"cell label\">Materi\u00e1l<\/div>\n<div class=\"cell value\">Slitina 6063\/6061\/T5\/T6<\/div>\n<\/div>\n<div class=\"row\">\n<div class=\"cell label\">D\u00e9lka<\/div>\n<div class=\"cell value\">10 mm-7000 mm<\/div>\n<\/div>\n<div class=\"row\">\n<div class=\"cell label\">Certifikace<\/div>\n<div class=\"cell value\">ISO9001:2015<\/div>\n<\/div>\n<div class=\"row\">\n<div class=\"cell label\">MOQ<\/div>\n<div class=\"cell value\">1Kg<\/div>\n<\/div>\n<div class=\"row\">\n<div class=\"cell label\">Velikost<\/div>\n<div class=\"cell value\">V\u00fdkresy<\/div>\n<\/div>\n<div class=\"row\">\n<div class=\"cell label\">Term\u00edn platby<\/div>\n<div class=\"cell value\">T\/T<\/div>\n<\/div>\n<div class=\"row\">\n<div class=\"cell label\">Aplikace<\/div>\n<div class=\"cell value\">Robot Frame, pracovn\u00ed stanice, 3D tisk\u00e1rna pro r\u016fzn\u00e9 p\u0159\u00edle\u017eitosti atd.<\/div>\n<\/div>\n<div class=\"row\">\n<div class=\"cell label\">Prodejn\u00ed jednotky<\/div>\n<div class=\"cell value\">Jednotliv\u00e1 polo\u017eka<\/div>\n<\/div>\n<div class=\"row\">\n<div class=\"cell label\">Velikost jednoho balen\u00ed<\/div>\n<div class=\"cell value\">10X4X8 cm<\/div>\n<\/div>\n<div class=\"row\">\n<div class=\"cell label\">Jednotliv\u00e1 hrub\u00e1 hmotnost<\/div>\n<div class=\"cell value\">3.650 KG<\/div>\n<\/div>\n<\/div>\n<p><\/p>\n<h2>Na\u0161e v\u00fdrobn\u00ed z\u00e1kladna<\/h2>\n<h3>Panorama tov\u00e1rny<\/h3>\n<p><img decoding=\"async\" src=\"\/wp-content\/uploads\/factory-01.webp\"\/><\/p>\n<h3>D\u00edlna na v\u00fdrobu hlin\u00edkov\u00fdch ty\u010d\u00ed<\/h3>\n<p><img decoding=\"async\" src=\"\/wp-content\/uploads\/factory-02.webp\"\/><\/p>\n<p><img decoding=\"async\" src=\"\/wp-content\/uploads\/factory-03.webp\"\/><\/p>\n<h3>Sklad pl\u00edsn\u00ed<\/h3>\n<p><img decoding=\"async\" src=\"\/wp-content\/uploads\/factory-04.webp\"\/><\/p>\n<h3>43 linek na vytla\u010dov\u00e1n\u00ed hlin\u00edku (500-5500 tun)<\/h3>\n<p><img decoding=\"async\" src=\"\/wp-content\/uploads\/factory-05.webp\"\/><\/p>\n<p><img decoding=\"async\" src=\"\/wp-content\/uploads\/factory-06.webp\"\/><\/p>\n<p><img decoding=\"async\" src=\"\/wp-content\/uploads\/factory-07.webp\"\/><\/p>\n<h3>D\u00edlna pr\u00e1\u0161kov\u00e9ho lakov\u00e1n\u00ed<\/h3>\n<p><img decoding=\"async\" src=\"\/wp-content\/uploads\/factory-09.webp\"\/><\/p>\n<h3>D\u00edlna eloxov\u00e1n\u00ed<\/h3>\n<p><img decoding=\"async\" src=\"\/wp-content\/uploads\/factory-10.webp\"\/><\/p>\n<h3>Workshop o hloubkov\u00e9m zpracov\u00e1n\u00ed<\/h3>\n<p><img decoding=\"async\" src=\"\/wp-content\/uploads\/factory-11.webp\"\/><\/p>\n<h3>D\u00edlna CNC p\u0159esn\u00e9ho obr\u00e1b\u011bn\u00ed<\/h3>\n<p><img decoding=\"async\" src=\"\/wp-content\/uploads\/factory-11.5.webp\"\/><\/p>\n<h3>Sklad hotov\u00fdch v\u00fdrobk\u016f a exportn\u00ed sklad<\/h3>\n<p><img decoding=\"async\" src=\"\/wp-content\/uploads\/factory-12.webp\"\/><\/p>\n<p><img decoding=\"async\" src=\"\/wp-content\/uploads\/factory-13.webp\"\/><\/p>\n<p><img decoding=\"async\" src=\"\/wp-content\/uploads\/factory-14.webp\"\/><\/p>\n<h2>\u010cASTO KLADEN\u00c9 DOTAZY<\/h2>\n<p><strong>1. Jak\u00e1 je v\u00fdhoda pou\u017eit\u00ed hlin\u00edkov\u00e9ho pouzdra pro t\u011b\u017ebu bitcoin\u016f?<\/strong><br \/>Hlin\u00edkov\u00e9 pouzdro zaji\u0161\u0165uje vynikaj\u00edc\u00ed odvod tepla, \u010d\u00edm\u017e zvy\u0161uje \u00fa\u010dinnost a \u017eivotnost t\u011b\u017eebn\u00edho hardwaru.<\/p>\n<p><strong>2. M\u016f\u017ee hlin\u00edkov\u00e9 pouzdro pro t\u011b\u017eebn\u00ed stroje na bitcoiny pojmout r\u016fzn\u00fd hardware?<\/strong><br \/>Ano, je navr\u017een tak, aby vyhovoval \u0159ad\u011b popul\u00e1rn\u00edch velikost\u00ed a model\u016f t\u011b\u017eebn\u00edho hardwaru.<\/p>\n<p><strong>3. Lze hlin\u00edkov\u00e9 pouzdro na t\u011b\u017eebn\u00ed stroj na bitcoiny p\u0159izp\u016fsobit?<\/strong><br \/>Ano, u hromadn\u00fdch objedn\u00e1vek nab\u00edz\u00edme mo\u017enosti p\u0159izp\u016fsoben\u00ed, v\u010detn\u011b \u00fapravy velikosti a zna\u010den\u00ed.<\/p>\n<p><strong>4. Poskytuje sk\u0159\u00ed\u0148 pasivn\u00ed chlazen\u00ed pro t\u011b\u017eebn\u00ed platformy?<\/strong><br \/>Ano, hlin\u00edkov\u00e1 konstrukce napom\u00e1h\u00e1 pasivn\u00edmu chlazen\u00ed t\u00edm, \u017ee snadno odv\u00e1d\u00ed teplo.<\/p>\n<p><strong>5. Jak odoln\u00fd je hlin\u00edkov\u00fd kufr na t\u011b\u017eebn\u00ed stroj na bitcoiny?<\/strong><br \/>Je vyroben z vysoce kvalitn\u00edho hlin\u00edku, je lehk\u00fd a vysoce odoln\u00fd a nab\u00edz\u00ed vynikaj\u00edc\u00ed ochranu.<\/p>\n<p><strong>6. Existuje po\u017eadavek na minim\u00e1ln\u00ed objedn\u00e1vku pro B2B n\u00e1kup hlin\u00edkov\u00e9ho pouzdra na t\u011b\u017eebn\u00ed stroj na bitcoiny?<\/strong><br \/>Ano, MOQ se m\u016f\u017ee li\u0161it, ale obvykle za\u010d\u00edn\u00e1 na 100 jednotk\u00e1ch v z\u00e1vislosti na pot\u0159eb\u00e1ch p\u0159izp\u016fsoben\u00ed.<\/p>\n<p><strong>7. Poskytuje pouzdro ochranu p\u0159ed vlivy prost\u0159ed\u00ed?<\/strong><br \/>Ano, chr\u00e1n\u00ed hardware p\u0159ed prachem a fyzick\u00fdm po\u0161kozen\u00edm a z\u00e1rove\u0148 zaji\u0161\u0165uje optim\u00e1ln\u00ed proud\u011bn\u00ed vzduchu.<\/p>\n<p><\/p>","protected":false},"featured_media":10869,"template":"","categories":[72],"class_list":["post-10888","product","type-product","status-publish","has-post-thumbnail","hentry","category-extruded-aluminum-heatsink"],"meta_box":{"hilight_text_group":[{"product_hilight_text":"<li>Constructed from high-quality aluminum for optimal heat dissipation<\/li>\n<li>Designed to fit a range of Bitcoin mining hardware models<\/li>\n<li>Provides advanced protection and ventilation for mining rigs<\/li>\n<li>Supports customization to meet varied client needs for B2B purchases<\/li>\n<li>Lightweight yet sturdy design for easy transport and setup<\/li>"}],"feature_list":[]},"_links":{"self":[{"href":"https:\/\/sinoextrud.com\/cs\/wp-json\/wp\/v2\/product\/10888","targetHints":{"allow":["GET"]}}],"collection":[{"href":"https:\/\/sinoextrud.com\/cs\/wp-json\/wp\/v2\/product"}],"about":[{"href":"https:\/\/sinoextrud.com\/cs\/wp-json\/wp\/v2\/types\/product"}],"wp:featuredmedia":[{"embeddable":true,"href":"https:\/\/sinoextrud.com\/cs\/wp-json\/wp\/v2\/media\/10869"}],"wp:attachment":[{"href":"https:\/\/sinoextrud.com\/cs\/wp-json\/wp\/v2\/media?parent=10888"}],"wp:term":[{"taxonomy":"category","embeddable":true,"href":"https:\/\/sinoextrud.com\/cs\/wp-json\/wp\/v2\/categories?post=10888"}],"curies":[{"name":"wp","href":"https:\/\/api.w.org\/{rel}","templated":true}]}}