{"id":10879,"date":"2025-08-01T03:04:36","date_gmt":"2025-08-01T03:04:36","guid":{"rendered":"https:\/\/sinoextrud.com\/product\/aluminium-alloy-heat-sink-for-electronic-devices\/"},"modified":"2025-08-01T03:06:12","modified_gmt":"2025-08-01T03:06:12","slug":"chladic-z-hlinikove-slitiny-pro-elektronicka-zarizeni","status":"publish","type":"product","link":"https:\/\/sinoextrud.com\/cs\/product\/aluminium-alloy-heat-sink-for-electronic-devices\/","title":{"rendered":"Chladi\u010d z hlin\u00edkov\u00e9 slitiny pro elektronick\u00e1 za\u0159\u00edzen\u00ed"},"content":{"rendered":"<h2>Podrobnosti o produktech<\/h2>\n<div class=\"product-table\">\n<div class=\"row\">\n<div class=\"cell label\">Typ<\/div>\n<div class=\"cell value\">na m\u00edru na vy\u017e\u00e1d\u00e1n\u00ed<\/div>\n<\/div>\n<div class=\"row\">\n<div class=\"cell label\">Metoda p\u0159ipevn\u011bn\u00ed<\/div>\n<div class=\"cell value\">sva\u0159ov\u00e1n\u00ed<\/div>\n<\/div>\n<div class=\"row\">\n<div class=\"cell label\">Materi\u00e1l<\/div>\n<div class=\"cell value\">Hlin\u00edk, m\u011b\u010f, mosaz<\/div>\n<\/div>\n<div class=\"row\">\n<div class=\"cell label\">D\u00e9lka<\/div>\n<div class=\"cell value\">na m\u00edru na vy\u017e\u00e1d\u00e1n\u00ed<\/div>\n<\/div>\n<div class=\"row\">\n<div class=\"cell label\">\u0160\u00ed\u0159ka<\/div>\n<div class=\"cell value\">na m\u00edru na vy\u017e\u00e1d\u00e1n\u00ed<\/div>\n<\/div>\n<div class=\"row\">\n<div class=\"cell label\">Velikost \/ rozm\u011br<\/div>\n<div class=\"cell value\">na m\u00edru na vy\u017e\u00e1d\u00e1n\u00ed<\/div>\n<\/div>\n<div class=\"row\">\n<div class=\"cell label\">N\u00e1zev produktu<\/div>\n<div class=\"cell value\">Hlin\u00edkov\u00fd extrudovan\u00fd chladi\u010d<\/div>\n<\/div>\n<div class=\"row\">\n<div class=\"cell label\">Povrchov\u00e1 \u00faprava<\/div>\n<div class=\"cell value\">eloxov\u00e1n\u00ed , povrchov\u00e1 \u00faprava<\/div>\n<\/div>\n<div class=\"row\">\n<div class=\"cell label\">Funkce<\/div>\n<div class=\"cell value\">vysok\u00fd v\u00fdkon<\/div>\n<\/div>\n<div class=\"row\">\n<div class=\"cell label\">Aplikace<\/div>\n<div class=\"cell value\">R\u00e1dio, televize, observato\u0159, satelit, letadlo, lo\u010f, auto<\/div>\n<\/div>\n<div class=\"row\">\n<div class=\"cell label\">Kvalita<\/div>\n<div class=\"cell value\">100% \u00fapln\u00e1 kontrola<\/div>\n<\/div>\n<div class=\"row\">\n<div class=\"cell label\">MOQ<\/div>\n<div class=\"cell value\">vzorky a mal\u00e9 objedn\u00e1vky jsou p\u0159ijateln\u00e9<\/div>\n<\/div>\n<div class=\"row\">\n<div class=\"cell label\">Doba realizace<\/div>\n<div class=\"cell value\">15-20 dn\u00ed<\/div>\n<\/div>\n<div class=\"row\">\n<div class=\"cell label\">Slu\u017eba<\/div>\n<div class=\"cell value\">P\u0159izp\u016fsoben\u00e9 OEM ODM<\/div>\n<\/div>\n<div class=\"row\">\n<div class=\"cell label\">Balen\u00ed<\/div>\n<div class=\"cell value\">Karton + d\u0159ev\u011bn\u00e1 krabice<\/div>\n<\/div>\n<div class=\"row\">\n<div class=\"cell label\">Z\u00e1ruka<\/div>\n<div class=\"cell value\">3 roky<\/div>\n<\/div>\n<div class=\"row\">\n<div class=\"cell label\">Prodejn\u00ed jednotky<\/div>\n<div class=\"cell value\">Jednotliv\u00e1 polo\u017eka<\/div>\n<\/div>\n<div class=\"row\">\n<div class=\"cell label\">Velikost jednoho balen\u00ed<\/div>\n<div class=\"cell value\">32,8X9,6X7,8 cm<\/div>\n<\/div>\n<div class=\"row\">\n<div class=\"cell label\">Jednotliv\u00e1 hrub\u00e1 hmotnost<\/div>\n<div class=\"cell value\">0,670 KG<\/div>\n<\/div>\n<\/div>\n<p><\/p>\n<h2>Na\u0161e v\u00fdrobn\u00ed z\u00e1kladna<\/h2>\n<h3>Panorama tov\u00e1rny<\/h3>\n<p><img decoding=\"async\" src=\"\/wp-content\/uploads\/factory-01.webp\"\/><\/p>\n<h3>D\u00edlna na v\u00fdrobu hlin\u00edkov\u00fdch ty\u010d\u00ed<\/h3>\n<p><img decoding=\"async\" src=\"\/wp-content\/uploads\/factory-02.webp\"\/><\/p>\n<\/p>\n<p><img decoding=\"async\" src=\"\/wp-content\/uploads\/factory-03.webp\"\/><\/p>\n<h3>Sklad pl\u00edsn\u00ed<\/h3>\n<p><img decoding=\"async\" src=\"\/wp-content\/uploads\/factory-04.webp\"\/><\/p>\n<h3>43 linek na vytla\u010dov\u00e1n\u00ed hlin\u00edku (500-5500 tun)<\/h3>\n<p><img decoding=\"async\" src=\"\/wp-content\/uploads\/factory-05.webp\"\/><\/p>\n<p><img decoding=\"async\" src=\"\/wp-content\/uploads\/factory-06.webp\"\/><\/p>\n<p><img decoding=\"async\" src=\"\/wp-content\/uploads\/factory-07.webp\"\/><\/p>\n<h3>D\u00edlna pr\u00e1\u0161kov\u00e9ho lakov\u00e1n\u00ed<\/h3>\n<p><img decoding=\"async\" src=\"\/wp-content\/uploads\/factory-09.webp\"\/><\/p>\n<h3>D\u00edlna eloxov\u00e1n\u00ed<\/h3>\n<p><img decoding=\"async\" src=\"\/wp-content\/uploads\/factory-10.webp\"\/><\/p>\n<h3>Workshop o hloubkov\u00e9m zpracov\u00e1n\u00ed<\/h3>\n<p><img decoding=\"async\" src=\"\/wp-content\/uploads\/factory-11.webp\"\/><\/p>\n<h3>D\u00edlna CNC p\u0159esn\u00e9ho obr\u00e1b\u011bn\u00ed<\/h3>\n<p><img decoding=\"async\" src=\"\/wp-content\/uploads\/factory-11.5.webp\"\/><\/p>\n<h3>Sklad hotov\u00fdch v\u00fdrobk\u016f a exportn\u00ed sklad<\/h3>\n<p><img decoding=\"async\" src=\"\/wp-content\/uploads\/factory-12.webp\"\/><\/p>\n<p><img decoding=\"async\" src=\"\/wp-content\/uploads\/factory-13.webp\"\/><\/p>\n<p><img decoding=\"async\" src=\"\/wp-content\/uploads\/factory-14.webp\"\/><\/p>\n<h2>\u010cASTO KLADEN\u00c9 DOTAZY<\/h2>\n<p><strong>1. S jak\u00fdmi za\u0159\u00edzen\u00edmi lze chladi\u010d z hlin\u00edkov\u00e9 slitiny pou\u017e\u00edt?<\/strong><br \/>Chladi\u010d je vhodn\u00fd pro \u0161irokou \u0161k\u00e1lu elektronick\u00fdch za\u0159\u00edzen\u00ed, kter\u00e1 vy\u017eaduj\u00ed \u00fa\u010dinn\u00e9 \u0159\u00edzen\u00ed tepla.<\/p>\n<p><strong>2. Lze chladi\u010d z hlin\u00edkov\u00e9 slitiny p\u0159izp\u016fsobit?<\/strong><br \/>Ano, nab\u00edz\u00edme p\u0159izp\u016fsobiteln\u00e9 n\u00e1vrhy, kter\u00e9 odpov\u00eddaj\u00ed konkr\u00e9tn\u00edm rozm\u011br\u016fm a po\u017eadavk\u016fm za\u0159\u00edzen\u00ed.<\/p>\n<p><strong>3. Z jak\u00e9ho materi\u00e1lu je chladi\u010d?<\/strong><br \/>Chladi\u010d je vyroben z vysoce kvalitn\u00ed hlin\u00edkov\u00e9 slitiny pro optim\u00e1ln\u00ed odvod tepla.<\/p>\n<p><strong>4. Odol\u00e1 chladi\u010d z hlin\u00edkov\u00e9 slitiny korozi?<\/strong><br \/>Ano, je vyroben z materi\u00e1l\u016f odoln\u00fdch proti korozi, kter\u00e9 zaji\u0161\u0165uj\u00ed dlouhou \u017eivotnost.<\/p>\n<p><strong>5. Podporuje chladi\u010d z hlin\u00edkov\u00e9 slitiny slu\u017eby OEM?<\/strong><br \/>Ano, k dispozici jsou slu\u017eby OEM, kter\u00e9 p\u0159izp\u016fsob\u00ed produkt va\u0161im pot\u0159eb\u00e1m.<\/p>\n<p><strong>6. Jak \u00fa\u010dinn\u00fd je odvod tepla z tohoto chladi\u010de?<\/strong><br \/>Chladi\u010d z hlin\u00edkov\u00e9 slitiny se vyzna\u010duje vysoce \u00fa\u010dinn\u00fdm tepeln\u00fdm managementem.<\/p>\n<p><strong>7. Je pro chladi\u010d z hlin\u00edkov\u00e9 slitiny k dispozici mezin\u00e1rodn\u00ed doprava?<\/strong><br \/>Ano, poskytujeme mo\u017enosti mezin\u00e1rodn\u00ed p\u0159epravy a pom\u00e1h\u00e1me s logistikou.<\/p>\n<p><\/p>","protected":false},"featured_media":10731,"template":"","categories":[72],"class_list":["post-10879","product","type-product","status-publish","has-post-thumbnail","hentry","category-extruded-aluminum-heatsink"],"meta_box":{"hilight_text_group":[],"feature_list":[]},"_links":{"self":[{"href":"https:\/\/sinoextrud.com\/cs\/wp-json\/wp\/v2\/product\/10879","targetHints":{"allow":["GET"]}}],"collection":[{"href":"https:\/\/sinoextrud.com\/cs\/wp-json\/wp\/v2\/product"}],"about":[{"href":"https:\/\/sinoextrud.com\/cs\/wp-json\/wp\/v2\/types\/product"}],"wp:featuredmedia":[{"embeddable":true,"href":"https:\/\/sinoextrud.com\/cs\/wp-json\/wp\/v2\/media\/10731"}],"wp:attachment":[{"href":"https:\/\/sinoextrud.com\/cs\/wp-json\/wp\/v2\/media?parent=10879"}],"wp:term":[{"taxonomy":"category","embeddable":true,"href":"https:\/\/sinoextrud.com\/cs\/wp-json\/wp\/v2\/categories?post=10879"}],"curies":[{"name":"wp","href":"https:\/\/api.w.org\/{rel}","templated":true}]}}