{"id":10877,"date":"2025-08-01T02:41:42","date_gmt":"2025-08-01T02:41:42","guid":{"rendered":"https:\/\/sinoextrud.com\/product\/3d-printing-aluminium-heat-sink-for-custom-projects\/"},"modified":"2025-08-01T02:41:42","modified_gmt":"2025-08-01T02:41:42","slug":"3d-tisk-hlinikoveho-chladice-pro-zakazkove-projekty","status":"publish","type":"product","link":"https:\/\/sinoextrud.com\/cs\/product\/3d-printing-aluminium-heat-sink-for-custom-projects\/","title":{"rendered":"3D tisk hlin\u00edkov\u00e9ho chladi\u010de pro zak\u00e1zkov\u00e9 projekty"},"content":{"rendered":"<h2>Podrobnosti o produktech<\/h2>\n<div class=\"product-table\">\n<div class=\"row\">\n<div class=\"cell label\">T\u0159\u00edda<\/div>\n<div class=\"cell value\">\u0158ada 6000<\/div>\n<\/div>\n<div class=\"row\">\n<div class=\"cell label\">Tolerance<\/div>\n<div class=\"cell value\">\u00c2\u00b11%<\/div>\n<\/div>\n<div class=\"row\">\n<div class=\"cell label\">Doba dod\u00e1n\u00ed<\/div>\n<div class=\"cell value\">15-21 dn\u00ed<\/div>\n<\/div>\n<div class=\"row\">\n<div class=\"cell label\">Temperament<\/div>\n<div class=\"cell value\">T3-T8<\/div>\n<\/div>\n<div class=\"row\">\n<div class=\"cell label\">Aplikace<\/div>\n<div class=\"cell value\">Architektura, pr\u016fmysl, dekorace, energetika, doprava atd.<\/div>\n<\/div>\n<div class=\"row\">\n<div class=\"cell label\">Tvar<\/div>\n<div class=\"cell value\">P\u0159izp\u016fsoben\u00e9<\/div>\n<\/div>\n<div class=\"row\">\n<div class=\"cell label\">Slitina nebo ne<\/div>\n<div class=\"cell value\">Je slitina<\/div>\n<\/div>\n<div class=\"row\">\n<div class=\"cell label\">Slu\u017eba zpracov\u00e1n\u00ed<\/div>\n<div class=\"cell value\">Oh\u00fdb\u00e1n\u00ed, odv\u00edjen\u00ed, sva\u0159ov\u00e1n\u00ed, d\u011brov\u00e1n\u00ed, \u0159ez\u00e1n\u00ed, CNC<\/div>\n<\/div>\n<div class=\"row\">\n<div class=\"cell label\">N\u00e1zev produktu<\/div>\n<div class=\"cell value\">Hlin\u00edkov\u00fd chladi\u010d<\/div>\n<\/div>\n<div class=\"row\">\n<div class=\"cell label\">Materi\u00e1l<\/div>\n<div class=\"cell value\">6063, 6061,6082,6463,6005,6060<\/div>\n<\/div>\n<div class=\"row\">\n<div class=\"cell label\">MOQ<\/div>\n<div class=\"cell value\">100ks<\/div>\n<\/div>\n<div class=\"row\">\n<div class=\"cell label\">P\u0159\u00edstav<\/div>\n<div class=\"cell value\">Kanton\/\u0160en-\u010den<\/div>\n<\/div>\n<div class=\"row\">\n<div class=\"cell label\">Barva<\/div>\n<div class=\"cell value\">St\u0159\u00edbrn\u00e1\/\u010dern\u00e1\/\u010derven\u00e1\/modr\u00e1 a na m\u00edru<\/div>\n<\/div>\n<div class=\"row\">\n<div class=\"cell label\">Povrchov\u00e1 \u00faprava<\/div>\n<div class=\"cell value\">Fr\u00e9zov\u00e1n\u00ed, eloxov\u00e1n\u00ed, pr\u00e1\u0161kov\u00e9 lakov\u00e1n\u00ed, d\u0159ev\u011bn\u00e9 zrno, chrom, kart\u00e1\u010d atd.<\/div>\n<\/div>\n<div class=\"row\">\n<div class=\"cell label\">Uk\u00e1zka<\/div>\n<div class=\"cell value\">Vzorek zdarma<\/div>\n<\/div>\n<div class=\"row\">\n<div class=\"cell label\">Hloubkov\u00fd proces<\/div>\n<div class=\"cell value\">D\u011brov\u00e1n\u00ed Vrt\u00e1n\u00ed P\u0159esn\u00e9 \u0159ez\u00e1n\u00ed CNC<\/div>\n<\/div>\n<div class=\"row\">\n<div class=\"cell label\">Tlou\u0161\u0165ka<\/div>\n<div class=\"cell value\">P\u0159izp\u016fsoben\u00e9<\/div>\n<\/div>\n<div class=\"row\">\n<div class=\"cell label\">D\u00e9lka<\/div>\n<div class=\"cell value\">Vlastn\u00ed d\u00e9lka<\/div>\n<\/div>\n<div class=\"row\">\n<div class=\"cell label\">Prodejn\u00ed jednotky<\/div>\n<div class=\"cell value\">Jednotliv\u00e1 polo\u017eka<\/div>\n<\/div>\n<div class=\"row\">\n<div class=\"cell label\">Velikost jednoho balen\u00ed<\/div>\n<div class=\"cell value\">50X5X5 cm<\/div>\n<\/div>\n<div class=\"row\">\n<div class=\"cell label\">Jednotliv\u00e1 hrub\u00e1 hmotnost<\/div>\n<div class=\"cell value\">3.000 KG<\/div>\n<\/div>\n<\/div>\n<p><\/p>\n<h2>Na\u0161e v\u00fdrobn\u00ed z\u00e1kladna<\/h2>\n<h3>Panorama tov\u00e1rny<\/h3>\n<p><img decoding=\"async\" src=\"\/wp-content\/uploads\/factory-01.webp\"\/><\/p>\n<h3>D\u00edlna na v\u00fdrobu hlin\u00edkov\u00fdch ty\u010d\u00ed<\/h3>\n<p><img decoding=\"async\" src=\"\/wp-content\/uploads\/factory-02.webp\"\/><\/p>\n<p><img decoding=\"async\" src=\"\/wp-content\/uploads\/factory-03.webp\"\/><\/p>\n<h3>Sklad pl\u00edsn\u00ed<\/h3>\n<p><img decoding=\"async\" src=\"\/wp-content\/uploads\/factory-04.webp\"\/><\/p>\n<h3>43 linek na vytla\u010dov\u00e1n\u00ed hlin\u00edku (500-5500 tun)<\/h3>\n<p><img decoding=\"async\" src=\"\/wp-content\/uploads\/factory-05.webp\"\/><\/p>\n<p><img decoding=\"async\" src=\"\/wp-content\/uploads\/factory-06.webp\"\/><\/p>\n<p><img decoding=\"async\" src=\"\/wp-content\/uploads\/factory-07.webp\"\/><\/p>\n<h3>D\u00edlna pr\u00e1\u0161kov\u00e9ho lakov\u00e1n\u00ed<\/h3>\n<p><img decoding=\"async\" src=\"\/wp-content\/uploads\/factory-09.webp\"\/><\/p>\n<h3>D\u00edlna eloxov\u00e1n\u00ed<\/h3>\n<p><img decoding=\"async\" src=\"\/wp-content\/uploads\/factory-10.webp\"\/><\/p>\n<h3>Workshop o hloubkov\u00e9m zpracov\u00e1n\u00ed<\/h3>\n<p><img decoding=\"async\" src=\"\/wp-content\/uploads\/factory-11.webp\"\/><\/p>\n<h3>D\u00edlna CNC p\u0159esn\u00e9ho obr\u00e1b\u011bn\u00ed<\/h3>\n<p><img decoding=\"async\" src=\"\/wp-content\/uploads\/factory-11.5.webp\"\/><\/p>\n<h3>Sklad hotov\u00fdch v\u00fdrobk\u016f a exportn\u00ed sklad<\/h3>\n<p><img decoding=\"async\" src=\"\/wp-content\/uploads\/factory-12.webp\"\/><\/p>\n<p><img decoding=\"async\" src=\"\/wp-content\/uploads\/factory-13.webp\"\/><\/p>\n<p><img decoding=\"async\" src=\"\/wp-content\/uploads\/factory-14.webp\"\/><\/p>\n<h2>\u010cASTO KLADEN\u00c9 DOTAZY<\/h2>\n<p><strong>1. Jak\u00e9 aplikace jsou vhodn\u00e9 pro 3D tisk hlin\u00edkov\u00e9ho chladi\u010de?<\/strong><br \/>Tento chladi\u010d je ide\u00e1ln\u00ed pro pou\u017eit\u00ed v elektronice, automobilov\u00e9m pr\u016fmyslu a po\u010d\u00edta\u010dov\u00fdch za\u0159\u00edzen\u00edch pro efektivn\u00ed \u0159\u00edzen\u00ed tepla.<\/p>\n<p><strong>2. Lze konstrukci chladi\u010de p\u0159izp\u016fsobit?<\/strong><br \/>Ano, nab\u00edz\u00edme n\u00e1vrhy na m\u00edru, kter\u00e9 vyhovuj\u00ed specifick\u00fdm tepeln\u00fdm a prostorov\u00fdm po\u017eadavk\u016fm.<\/p>\n<p><strong>3. Jak\u00e9 jsou v\u00fdhody pou\u017eit\u00ed hlin\u00edku pro chladi\u010de?<\/strong><br \/>Hlin\u00edk m\u00e1 vynikaj\u00edc\u00ed tepelnou vodivost, tak\u017ee je ide\u00e1ln\u00ed pro \u00fa\u010dinn\u00fd odvod tepla.<\/p>\n<p><strong>4. Zvl\u00e1dne 3D ti\u0161t\u011bn\u00fd chladi\u010d v\u00fdkonn\u00e9 elektronick\u00e9 komponenty?<\/strong><br \/>Ano, je navr\u017een tak, aby \u00fa\u010dinn\u011b \u0159\u00eddil teplo z v\u00fdkonn\u00fdch komponent.<\/p>\n<p><strong>5. Jak\u00fd p\u0159\u00ednos m\u00e1 proces 3D tisku pro v\u00fdrobu chladi\u010d\u016f?<\/strong><br \/>3D tisk umo\u017e\u0148uje slo\u017eitou geometrii a p\u0159esnou v\u00fdrobu, kter\u00e1 zlep\u0161uje \u00fa\u010dinnost odvodu tepla.<\/p>\n<p><strong>6. Jak\u00e1 je typick\u00e1 doba realizace zak\u00e1zky na chladi\u010d na m\u00edru?<\/strong><br \/>Doba realizace se li\u0161\u00ed v z\u00e1vislosti na slo\u017eitosti n\u00e1vrhu, ale obvykle se pohybuje mezi 2-4 t\u00fddny.<\/p>\n<p><strong>7. Nab\u00edz\u00edte podporu pro integraci do st\u00e1vaj\u00edc\u00edch syst\u00e9m\u016f?<\/strong><br \/>Ano, poskytujeme technickou podporu pro bezprobl\u00e9movou integraci do va\u0161ich syst\u00e9m\u016f.<\/p>\n<p><\/p>","protected":false},"featured_media":10871,"template":"","categories":[72],"class_list":["post-10877","product","type-product","status-publish","has-post-thumbnail","hentry","category-extruded-aluminum-heatsink"],"meta_box":{"hilight_text_group":[],"feature_list":[]},"_links":{"self":[{"href":"https:\/\/sinoextrud.com\/cs\/wp-json\/wp\/v2\/product\/10877","targetHints":{"allow":["GET"]}}],"collection":[{"href":"https:\/\/sinoextrud.com\/cs\/wp-json\/wp\/v2\/product"}],"about":[{"href":"https:\/\/sinoextrud.com\/cs\/wp-json\/wp\/v2\/types\/product"}],"wp:featuredmedia":[{"embeddable":true,"href":"https:\/\/sinoextrud.com\/cs\/wp-json\/wp\/v2\/media\/10871"}],"wp:attachment":[{"href":"https:\/\/sinoextrud.com\/cs\/wp-json\/wp\/v2\/media?parent=10877"}],"wp:term":[{"taxonomy":"category","embeddable":true,"href":"https:\/\/sinoextrud.com\/cs\/wp-json\/wp\/v2\/categories?post=10877"}],"curies":[{"name":"wp","href":"https:\/\/api.w.org\/{rel}","templated":true}]}}