{"id":10707,"date":"2025-07-29T03:40:55","date_gmt":"2025-07-29T03:40:55","guid":{"rendered":"https:\/\/sinoextrud.com\/?post_type=product&#038;p=10707"},"modified":"2025-07-29T03:41:20","modified_gmt":"2025-07-29T03:41:20","slug":"vytlacovani-chladice","status":"publish","type":"product","link":"https:\/\/sinoextrud.com\/cs\/product\/heat-sink-extrusion\/","title":{"rendered":"vytla\u010dov\u00e1n\u00ed chladi\u010de"},"content":{"rendered":"<h2>Podrobnosti o produktech<\/h2>\n<table class=\"custom-table\">\n<tr>\n<td class=\"label\">T\u0159\u00edda<\/td>\n<td>\u0158ada 6000<\/td>\n<\/tr>\n<tr>\n<td class=\"label\">Tolerance<\/td>\n<td>\u00b15%<\/td>\n<\/tr>\n<tr>\n<td class=\"label\">Doba dod\u00e1n\u00ed<\/td>\n<td>22-30 dn\u00ed<\/td>\n<\/tr>\n<tr>\n<td class=\"label\">Aplikace<\/td>\n<td>Chladi\u010d<\/td>\n<\/tr>\n<tr>\n<td class=\"label\">Tvar<\/td>\n<td>Slune\u010dnice<\/td>\n<\/tr>\n<tr>\n<td class=\"label\">Slitina nebo ne<\/td>\n<td>Je slitina<\/td>\n<\/tr>\n<tr>\n<td class=\"label\">Slu\u017eba zpracov\u00e1n\u00ed<\/td>\n<td>Sva\u0159ov\u00e1n\u00ed, d\u011brov\u00e1n\u00ed, \u0159ez\u00e1n\u00ed<\/td>\n<\/tr>\n<tr>\n<td class=\"label\">Prodejn\u00ed jednotky<\/td>\n<td>Jednotliv\u00e1 polo\u017eka<\/td>\n<\/tr>\n<\/table>\n<h2>Na\u0161e v\u00fdrobn\u00ed z\u00e1kladna<\/h2>\n<h3>Panorama tov\u00e1rny<\/h3>\n<p><img decoding=\"async\" src=\"\/wp-content\/uploads\/factory-01.webp\"\/><\/p>\n<h3>D\u00edlna na v\u00fdrobu hlin\u00edkov\u00fdch ty\u010d\u00ed<\/h3>\n<p><img decoding=\"async\" src=\"\/wp-content\/uploads\/factory-02.webp\"\/><\/p>\n<\/p>\n<p><img decoding=\"async\" src=\"\/wp-content\/uploads\/factory-03.webp\"\/><\/p>\n<h3>Sklad pl\u00edsn\u00ed<\/h3>\n<p><img decoding=\"async\" src=\"\/wp-content\/uploads\/factory-04.webp\"\/><\/p>\n<h3>43 linek na vytla\u010dov\u00e1n\u00ed hlin\u00edku (500-5500 tun)<\/h3>\n<p><img decoding=\"async\" src=\"\/wp-content\/uploads\/factory-05.webp\"\/><\/p>\n<p><img decoding=\"async\" src=\"\/wp-content\/uploads\/factory-06.webp\"\/><\/p>\n<p><img decoding=\"async\" src=\"\/wp-content\/uploads\/factory-07.webp\"\/><\/p>\n<h3>D\u00edlna pr\u00e1\u0161kov\u00e9ho lakov\u00e1n\u00ed<\/h3>\n<p><img decoding=\"async\" src=\"\/wp-content\/uploads\/factory-09.webp\"\/><\/p>\n<h3>D\u00edlna eloxov\u00e1n\u00ed<\/h3>\n<p><img decoding=\"async\" src=\"\/wp-content\/uploads\/factory-10.webp\"\/><\/p>\n<h3>Workshop o hloubkov\u00e9m zpracov\u00e1n\u00ed<\/h3>\n<p><img decoding=\"async\" src=\"\/wp-content\/uploads\/factory-11.webp\"\/><\/p>\n<h3>D\u00edlna CNC p\u0159esn\u00e9ho obr\u00e1b\u011bn\u00ed<\/h3>\n<p><img decoding=\"async\" src=\"\/wp-content\/uploads\/factory-11.5.webp\"\/><\/p>\n<h3>Sklad hotov\u00fdch v\u00fdrobk\u016f a exportn\u00ed sklad<\/h3>\n<p><img decoding=\"async\" src=\"\/wp-content\/uploads\/factory-12.webp\"\/><\/p>\n<p><img decoding=\"async\" src=\"\/wp-content\/uploads\/factory-13.webp\"\/><\/p>\n<p><img decoding=\"async\" src=\"\/wp-content\/uploads\/factory-14.webp\"\/><\/p>\n<h2>\u010cASTO KLADEN\u00c9 DOTAZY<\/h2>\n<p><b>1.Co je vytla\u010dov\u00e1n\u00ed chladi\u010de?<\/b><\/p>\n<p>Vytla\u010dov\u00e1n\u00ed chladi\u010d\u016f je v\u00fdrobn\u00ed proces, p\u0159i kter\u00e9m se vytv\u00e1\u0159ej\u00ed hlin\u00edkov\u00e9 profily ur\u010den\u00e9 k \u00fa\u010dinn\u00e9mu odv\u00e1d\u011bn\u00ed tepla v elektronick\u00fdch a pr\u016fmyslov\u00fdch aplikac\u00edch.\n<\/p>\n<p><\/p>\n<p><b>2.Jak\u00e9 jsou v\u00fdhody vytla\u010dov\u00e1n\u00ed hlin\u00edkov\u00e9ho chladi\u010de?<\/b><\/p>\n<p>Hlin\u00edkov\u00e9 v\u00fdlisky chladi\u010de nab\u00edzej\u00ed lehkou konstrukci, vynikaj\u00edc\u00ed tepelnou vodivost a odolnost proti korozi pro spolehliv\u00e9 \u0159\u00edzen\u00ed tepla.\n<\/p>\n<p><\/p>\n<p><b>3.Jak vytla\u010dov\u00e1n\u00ed chladi\u010de zlep\u0161uje chladic\u00ed v\u00fdkon?<\/b><\/p>\n<p>Vytla\u010dov\u00e1n\u00ed chladi\u010de zv\u011bt\u0161uje plochu povrchu, aby se zlep\u0161il odvod tepla z v\u00fdkonn\u00fdch komponent.\n<\/p>\n<p><\/p>\n<p><b>4.Mohou b\u00fdt v\u00fdlisky chladi\u010de p\u0159izp\u016fsobeny?<\/b><\/p>\n<p>Ano, vytla\u010dov\u00e1n\u00ed chladi\u010d\u016f lze p\u0159izp\u016fsobit z hlediska velikosti, designu \u017eeber a tvaru profilu tak, aby spl\u0148ovaly specifick\u00e9 tepeln\u00e9 a konstruk\u010dn\u00ed po\u017eadavky.\n<\/p>\n<p><\/p>\n<p><b>5.V jak\u00fdch pr\u016fmyslov\u00fdch odv\u011btv\u00edch se pou\u017e\u00edvaj\u00ed vytla\u010dovac\u00ed chladi\u010de?<\/b><\/p>\n<p>Pr\u016fmyslov\u00e1 odv\u011btv\u00ed, jako je elektronika, automobilov\u00fd pr\u016fmysl, osv\u011btlen\u00ed LED a telekomunikace, b\u011b\u017en\u011b pou\u017e\u00edvaj\u00ed pro tepeln\u00fd management chladi\u010de.\n<\/p>\n<p><\/p>\n<p><b>6.Jsou extrudovan\u00e9 chladi\u010de n\u00e1kladov\u011b efektivn\u00ed?<\/b><\/p>\n<p>Ano, extrudovan\u00e9 chladi\u010de jsou n\u00e1kladov\u011b efektivn\u00edm \u0159e\u0161en\u00edm chlazen\u00ed d\u00edky n\u00edzk\u00e9mu pl\u00fdtv\u00e1n\u00ed materi\u00e1lem a efektivn\u00ed hromadn\u00e9 v\u00fdrob\u011b.\n<\/p>\n<p><\/p>\n<p><b>7.Pro\u010d zvolit hlin\u00edk pro vytla\u010dov\u00e1n\u00ed chladi\u010de?<\/b><\/p>\n<p>Hlin\u00edk je pro vytla\u010dov\u00e1n\u00ed chladi\u010d\u016f up\u0159ednost\u0148ov\u00e1n d\u00edky sv\u00e9 rovnov\u00e1ze mezi tepeln\u00fdm v\u00fdkonem, hmotnost\u00ed a mo\u017enost\u00ed obr\u00e1b\u011bn\u00ed.\n<\/p>\n<p><\/p>\n<p><b>8.Jak\u00e9 povrchov\u00e9 \u00fapravy jsou k dispozici pro v\u00fdlisky chladi\u010d\u016f?<\/b><\/p>\n<p>Mezi b\u011b\u017en\u00e9 povrchov\u00e9 \u00fapravy pat\u0159\u00ed eloxov\u00e1n\u00ed a pr\u00e1\u0161kov\u00e9 lakov\u00e1n\u00ed pro zv\u00fd\u0161en\u00ed odolnosti a tepeln\u011b radia\u010dn\u00edch vlastnost\u00ed.\n<\/p>\n<p><\/p>","protected":false},"featured_media":10711,"template":"","categories":[58],"class_list":["post-10707","product","type-product","status-publish","has-post-thumbnail","hentry","category-aluminium-extrusion-profiles"],"meta_box":{"hilight_text_group":{"product_hilight_text":"\r\n<li>High thermal conductivity for efficient heat dissipation<\/li>\r\n<li>Customizable dimensions and profiles for diverse applications<\/li>\r\n<li>Lightweight aluminum material ensures easy integration<\/li>\r\n<li>Cost-effective solution for passive cooling systems<\/li>\r\n<li>Excellent corrosion resistance for long-lasting performance<\/li>\r\n<li>Suitable for electronics, automotive, and LED industries<\/li>\r\n<li>Supports high-volume production with consistent quality<\/li>\r\n"},"feature_list":[]},"_links":{"self":[{"href":"https:\/\/sinoextrud.com\/cs\/wp-json\/wp\/v2\/product\/10707","targetHints":{"allow":["GET"]}}],"collection":[{"href":"https:\/\/sinoextrud.com\/cs\/wp-json\/wp\/v2\/product"}],"about":[{"href":"https:\/\/sinoextrud.com\/cs\/wp-json\/wp\/v2\/types\/product"}],"wp:featuredmedia":[{"embeddable":true,"href":"https:\/\/sinoextrud.com\/cs\/wp-json\/wp\/v2\/media\/10711"}],"wp:attachment":[{"href":"https:\/\/sinoextrud.com\/cs\/wp-json\/wp\/v2\/media?parent=10707"}],"wp:term":[{"taxonomy":"category","embeddable":true,"href":"https:\/\/sinoextrud.com\/cs\/wp-json\/wp\/v2\/categories?post=10707"}],"curies":[{"name":"wp","href":"https:\/\/api.w.org\/{rel}","templated":true}]}}