{"id":10683,"date":"2025-07-28T11:42:23","date_gmt":"2025-07-28T03:42:23","guid":{"rendered":"https:\/\/sinoextrud.com\/product\/vapor-chamber-heat-sink-for-efficient-thermal-management\/"},"modified":"2025-07-28T11:42:23","modified_gmt":"2025-07-28T03:42:23","slug":"chladic-s-odparovaci-komorou-pro-ucinny-tepelny-management","status":"publish","type":"product","link":"https:\/\/sinoextrud.com\/cs\/product\/vapor-chamber-heat-sink-for-efficient-thermal-management\/","title":{"rendered":"Chladi\u010d s parn\u00ed komorou pro efektivn\u00ed tepeln\u00fd management"},"content":{"rendered":"<h2>Podrobnosti o produktech<\/h2>\n<table class=\"custom-table\">\n<tr>\n<td class=\"label\">CNC obr\u00e1b\u011bn\u00ed nebo ne<\/td>\n<td>CNC obr\u00e1b\u011bn\u00ed<\/td>\n<\/tr>\n<tr>\n<td class=\"label\">Materi\u00e1lov\u00e9 schopnosti<\/td>\n<td>Hlin\u00edk, mosaz, bronz, m\u011b\u010f, tvrzen\u00e9 kovy, drah\u00e9 kovy, nerezov\u00e1 ocel, slitiny oceli<\/td>\n<\/tr>\n<tr>\n<td class=\"label\">Typ<\/td>\n<td>Protahov\u00e1n\u00ed, Fr\u00e9zov\u00e1n\u00ed, Fr\u00e9zov\u00e1n\u00ed, Lept\u00e1n\u00ed, Fr\u00e9zov\u00e1n\u00ed laserem, Ostatn\u00ed obr\u00e1b\u011bc\u00ed slu\u017eby, Soustru\u017een\u00ed, Dr\u00e1tov\u00e9 elektroerozivn\u00ed obr\u00e1b\u011bn\u00ed, Rychl\u00e9 prototypov\u00e1n\u00ed<\/td>\n<\/tr>\n<tr>\n<td class=\"label\">Mikroobr\u00e1b\u011bn\u00ed nebo ne<\/td>\n<td>Mikroobr\u00e1b\u011bn\u00ed<\/td>\n<\/tr>\n<tr>\n<td class=\"label\">N\u00e1zev produktu<\/td>\n<td>Hlin\u00edkov\u00fd vytla\u010dovac\u00ed chladi\u010d<\/td>\n<\/tr>\n<tr>\n<td class=\"label\">Povrchov\u00e1 \u00faprava<\/td>\n<td>\u010cern\u00e9 eloxov\u00e1n\u00ed<\/td>\n<\/tr>\n<tr>\n<td class=\"label\">MOQ<\/td>\n<td>100ks<\/td>\n<\/tr>\n<tr>\n<td class=\"label\">Certifikace<\/td>\n<td>ISO9001:2015<\/td>\n<\/tr>\n<tr>\n<td class=\"label\">Barva<\/td>\n<td>\u010cern\u00e1<\/td>\n<\/tr>\n<tr>\n<td class=\"label\">Proces<\/td>\n<td>CNC, vytla\u010dov\u00e1n\u00ed atd.<\/td>\n<\/tr>\n<tr>\n<td class=\"label\">Balen\u00ed<\/td>\n<td>Vnit\u0159n\u00ed pp s\u00e1\u010dek vn\u011bj\u0161\u00ed d\u0159ev\u011bn\u00e9 pouzdro<\/td>\n<\/tr>\n<tr>\n<td class=\"label\">Funkce<\/td>\n<td>N\u00edzk\u00e1 hmotnost a vysok\u00e1 \u00fa\u010dinnost vyza\u0159ov\u00e1n\u00ed<\/td>\n<\/tr>\n<tr>\n<td class=\"label\">Slu\u017eba OEM<\/td>\n<td>Ano<\/td>\n<\/tr>\n<tr>\n<td class=\"label\">Velikost<\/td>\n<td>Vlastn\u00ed<\/td>\n<\/tr>\n<tr>\n<td class=\"label\">Prodejn\u00ed jednotky<\/td>\n<td>Jednotliv\u00e1 polo\u017eka<\/td>\n<\/tr>\n<tr>\n<td class=\"label\">Velikost jednoho balen\u00ed<\/td>\n<td>1X1X1 cm<\/td>\n<\/tr>\n<tr>\n<td class=\"label\">Jednotliv\u00e1 hrub\u00e1 hmotnost<\/td>\n<td>1.000 KG<\/td>\n<\/tr>\n<\/table>\n<h2>Na\u0161e v\u00fdrobn\u00ed z\u00e1kladna<\/h2>\n<h3>Panorama tov\u00e1rny<\/h3>\n<p><img decoding=\"async\" src=\"\/wp-content\/uploads\/factory-01.webp\"\/><\/p>\n<h3>D\u00edlna na v\u00fdrobu hlin\u00edkov\u00fdch ty\u010d\u00ed<\/h3>\n<p><img decoding=\"async\" src=\"\/wp-content\/uploads\/factory-02.webp\"\/><\/p>\n<p><img decoding=\"async\" src=\"\/wp-content\/uploads\/factory-03.webp\"\/><\/p>\n<h3>Sklad pl\u00edsn\u00ed<\/h3>\n<p><img decoding=\"async\" src=\"\/wp-content\/uploads\/factory-04.webp\"\/><\/p>\n<h3>43 linek na vytla\u010dov\u00e1n\u00ed hlin\u00edku (500 - 5500 tun)<\/h3>\n<p><img decoding=\"async\" src=\"\/wp-content\/uploads\/factory-05.webp\"\/><\/p>\n<p><img decoding=\"async\" src=\"\/wp-content\/uploads\/factory-06.webp\"\/><\/p>\n<p><img decoding=\"async\" src=\"\/wp-content\/uploads\/factory-07.webp\"\/><\/p>\n<h3>D\u00edlna pr\u00e1\u0161kov\u00e9ho lakov\u00e1n\u00ed<\/h3>\n<p><img decoding=\"async\" src=\"\/wp-content\/uploads\/factory-09.webp\"\/><\/p>\n<h3>D\u00edlna eloxov\u00e1n\u00ed<\/h3>\n<p><img decoding=\"async\" src=\"\/wp-content\/uploads\/factory-10.webp\"\/><\/p>\n<h3>Workshop o hloubkov\u00e9m zpracov\u00e1n\u00ed<\/h3>\n<p><img decoding=\"async\" src=\"\/wp-content\/uploads\/factory-11.webp\"\/><\/p>\n<h3>D\u00edlna CNC p\u0159esn\u00e9ho obr\u00e1b\u011bn\u00ed<\/h3>\n<p><img decoding=\"async\" src=\"\/wp-content\/uploads\/factory-11.5.webp\"\/><\/p>\n<h3>Sklad hotov\u00fdch v\u00fdrobk\u016f a exportn\u00ed sklad<\/h3>\n<p><img decoding=\"async\" src=\"\/wp-content\/uploads\/factory-12.webp\"\/><\/p>\n<p><img decoding=\"async\" src=\"\/wp-content\/uploads\/factory-13.webp\"\/><\/p>\n<p><img decoding=\"async\" src=\"\/wp-content\/uploads\/factory-14.webp\"\/><\/p>\n<h2>\u010cASTO KLADEN\u00c9 DOTAZY<\/h2>\n<p><p><b>1.Co je chladi\u010d s odpa\u0159ovac\u00ed komorou a jak zlep\u0161uje tepeln\u00fd management?<\/b><\/p>\n<p>Chladi\u010d s parn\u00ed komorou vyu\u017e\u00edv\u00e1 uzav\u0159enou vakuovou komoru k rychl\u00e9mu rozptylu a rozpt\u00fdlen\u00ed tepla a nab\u00edz\u00ed vysoce \u00fa\u010dinn\u00fd tepeln\u00fd management pro elektroniku.<br \/>\n<\/p><br \/>\n<br \/>\n<p><b>2.Jak se li\u0161\u00ed odpa\u0159ovac\u00ed komora od tradi\u010dn\u00edch chladi\u010d\u016f?<\/b><\/p>\n<p>Na rozd\u00edl od tradi\u010dn\u00edch chladi\u010d\u016f vyu\u017e\u00edvaj\u00ed parn\u00ed komory technologii zm\u011bny f\u00e1ze pro rychlej\u0161\u00ed \u0161\u00ed\u0159en\u00ed tepla, co\u017e zvy\u0161uje \u00fa\u010dinnost chlazen\u00ed v\u00fdkonn\u00fdch za\u0159\u00edzen\u00ed.<br \/>\n<\/p><br \/>\n<br \/>\n<p><b>3.Jak\u00e9 jsou hlavn\u00ed aplikace chladi\u010d\u016f s parn\u00ed komorou?<\/b><\/p>\n<p>Chladi\u010de s parn\u00ed komorou se \u0161iroce pou\u017e\u00edvaj\u00ed v CPU, GPU, nap\u00e1jec\u00edch modulech a kompaktn\u00edch elektronick\u00fdch za\u0159\u00edzen\u00edch vy\u017eaduj\u00edc\u00edch \u00fa\u010dinn\u00e1 tepeln\u00e1 \u0159e\u0161en\u00ed.<br \/>\n<\/p><br \/>\n<br \/>\n<p><b>4.Jsou chladi\u010de s parn\u00ed komorou vhodn\u00e9 pro vysoce v\u00fdkonn\u00e9 po\u010d\u00edta\u010de?<\/b><\/p>\n<p>Ano, chladi\u010de s parn\u00ed komorou jsou ide\u00e1ln\u00ed pro vysoce v\u00fdkonn\u00e9 po\u010d\u00edta\u010de, proto\u017ee zvl\u00e1daj\u00ed vysok\u00fd tepeln\u00fd tok a zlep\u0161uj\u00ed celkov\u00fd tepeln\u00fd v\u00fdkon.<br \/>\n<\/p><br \/>\n<br \/>\n<p><b>5.Lze chladi\u010de s odpa\u0159ovac\u00ed komorou p\u0159izp\u016fsobit pro konkr\u00e9tn\u00ed za\u0159\u00edzen\u00ed?<\/b><\/p>\n<p>Chladi\u010de s odpa\u0159ovac\u00ed komorou lze tvarov\u011b a velikostn\u011b p\u0159izp\u016fsobit konkr\u00e9tn\u00edm aplikac\u00edm a zajistit tak optim\u00e1ln\u00ed tepeln\u00fd management.<br \/>\n<\/p><br \/>\n<br \/>\n<p><b>6.Maj\u00ed chladi\u010de s odpa\u0159ovac\u00ed komorou pohybliv\u00e9 \u010d\u00e1sti?<\/b><\/p>\n<p>Ne, chladi\u010de s odpa\u0159ovac\u00ed komorou jsou pasivn\u00ed chladic\u00ed za\u0159\u00edzen\u00ed bez pohybliv\u00fdch \u010d\u00e1st\u00ed, kter\u00e1 zaji\u0161\u0165uj\u00ed tich\u00fd a bez\u00fadr\u017ebov\u00fd provoz.<br \/>\n<\/p><br \/>\n<br \/>\n<p><b>7.Jak\u00e9 jsou v\u00fdhody pou\u017eit\u00ed odpa\u0159ovac\u00ed komory pro odvod tepla?<\/b><\/p>\n<p>Pou\u017eit\u00ed odpa\u0159ovac\u00ed komory zaji\u0161\u0165uje rychl\u00fd p\u0159enos tepla, rovnom\u011brn\u00e9 rozlo\u017een\u00ed teploty a vy\u0161\u0161\u00ed spolehlivost syst\u00e9mu, proto\u017ee zabra\u0148uje vzniku hork\u00fdch m\u00edst.<br \/>\n<\/p><br \/>\n<br \/>\n<p><b>8.Jsou chladi\u010de s odpa\u0159ovac\u00ed komorou v porovn\u00e1n\u00ed s tradi\u010dn\u00edmi \u0159e\u0161en\u00edmi lehk\u00e9?<\/b><\/p>\n<p>Ano, chladi\u010de s parn\u00ed komorou jsou obvykle leh\u010d\u00ed a ten\u010d\u00ed ne\u017e b\u011b\u017en\u00e1 \u0159e\u0161en\u00ed, tak\u017ee jsou vhodn\u00e9 pro aplikace s omezen\u00fdm prostorem.<br \/>\n<\/p><br \/><\/p>","protected":false},"featured_media":10682,"template":"","categories":[74],"class_list":["post-10683","product","type-product","status-publish","has-post-thumbnail","hentry","category-vapor-chamber"],"meta_box":{"hilight_text_group":{"product_hilight_text":"<li>Ultra-thin vapor chamber design enables compact system integration<\/li>\r\n<li>Superior heat spreading for high-power electronic components<\/li>\r\n<li>Enhanced thermal performance with rapid heat dissipation<\/li>\r\n<li>Ideal for CPUs, GPUs, and power ICs in demanding applications<\/li>\r\n<li>Customizable sizes and shapes for diverse industrial needs<\/li>\r\n<li>Lightweight and passive cooling solution with no moving parts<\/li>\r\n<li>Improves system reliability by preventing thermal throttling<\/li>","product_chanpin_chanpin":"<ul>\r\n<li><a href=\"https:\/\/sinoextrud.com\/product\/aluminium-extrusion-6061-6082-7075-aluminum-alloy-profiles\/\" target=\"_blank\">6061 aluminum extrusion<\/a><\/li>\r\n<li><a href=\"https:\/\/sinoextrud.com\/product\/oval-aluminum-extrud-profile\/\" target=\"_blank\">oval aluminum extrusion<\/a><\/li>\r\n<li><a href=\"https:\/\/sinoextrud.com\/product\/aluminium-extrusion-anodised-aluminium-tube\/\" target=\"_blank\">anodised aluminium tube<\/a><\/li>\r\n<li><a href=\"https:\/\/sinoextrud.com\/product\/c-shaped-closed-linear-ceiling-system\/\" target=\"_blank\">linear closed ceilings<\/a><\/li>\r\n<li><a href=\"https:\/\/sinoextrud.com\/product\/the-new-perforated-ceiling-system\/\" target=\"_blank\">perforated french ceilings<\/a><\/li>\r\n<li><a href=\"https:\/\/sinoextrud.com\/product\/aluminum-extrusion-7003-7005-7020\/\" target=\"_blank\">7020 aluminum<\/a><\/li>\r\n<\/ul>","product_chanpin_blog":"<ul>\r\n<li><a href=\"https:\/\/sinoextrud.com\/t-slot-v-slot-differences\/\" target=\"_blank\">t slot vs v slot<\/a><\/li>\r\n<li><a href=\"https:\/\/sinoextrud.com\/what-is-4040-aluminium-extrud\/\" target=\"_blank\">4040 aluminium extrusion<\/a><\/li>\r\n<li><a href=\"https:\/\/sinoextrud.com\/what-is-4040-aluminium-extrud\/\" target=\"_blank\">aluminum extrusions for industrial racks<\/a><\/li>\r\n<li><a href=\"https:\/\/sinoextrud.com\/powder-coating-aluminium-process\/\" target=\"_blank\">powder coating aluminium<\/a><\/li>\r\n<li><a href=\"https:\/\/sinoextrud.com\/what-is-an-aluminium-strip-ceiling\/\" target=\"_blank\">aluminium strip ceiling<\/a><\/li>\r\n<li><a href=\"https:\/\/sinoextrud.com\/what-is-a-heat-sink\/\" target=\"_blank\">what is a heat sink<\/a><\/li>\r\n<\/ul>"},"feature_list":[]},"_links":{"self":[{"href":"https:\/\/sinoextrud.com\/cs\/wp-json\/wp\/v2\/product\/10683","targetHints":{"allow":["GET"]}}],"collection":[{"href":"https:\/\/sinoextrud.com\/cs\/wp-json\/wp\/v2\/product"}],"about":[{"href":"https:\/\/sinoextrud.com\/cs\/wp-json\/wp\/v2\/types\/product"}],"wp:featuredmedia":[{"embeddable":true,"href":"https:\/\/sinoextrud.com\/cs\/wp-json\/wp\/v2\/media\/10682"}],"wp:attachment":[{"href":"https:\/\/sinoextrud.com\/cs\/wp-json\/wp\/v2\/media?parent=10683"}],"wp:term":[{"taxonomy":"category","embeddable":true,"href":"https:\/\/sinoextrud.com\/cs\/wp-json\/wp\/v2\/categories?post=10683"}],"curies":[{"name":"wp","href":"https:\/\/api.w.org\/{rel}","templated":true}]}}