{"id":10665,"date":"2025-07-25T08:01:48","date_gmt":"2025-07-25T08:01:48","guid":{"rendered":"https:\/\/sinoextrud.com\/product\/oem-black-anodized-led-aluminum-heatsink-radiator\/"},"modified":"2025-07-25T08:01:48","modified_gmt":"2025-07-25T08:01:48","slug":"oem-cerne-eloxovany-hlinikovy-chladic-s-chladicem","status":"publish","type":"product","link":"https:\/\/sinoextrud.com\/cs\/product\/oem-black-anodized-led-aluminum-heatsink-radiator\/","title":{"rendered":"OEM \u010dern\u011b eloxovan\u00fd hlin\u00edkov\u00fd chladi\u010d LED"},"content":{"rendered":"<h2>Podrobnosti o produktech<\/h2>\n<table class=\"custom-table\">\n<tr>\n<td class=\"label\">T\u0159\u00edda<\/td>\n<td>\u0158ada 6000<\/td>\n<\/tr>\n<tr>\n<td class=\"label\">Tolerance<\/td>\n<td>\u00b11%<\/td>\n<\/tr>\n<tr>\n<td class=\"label\">Doba dod\u00e1n\u00ed<\/td>\n<td>do 7 dn\u016f<\/td>\n<\/tr>\n<tr>\n<td class=\"label\">Temperament<\/td>\n<td>T3-T8<\/td>\n<\/tr>\n<tr>\n<td class=\"label\">Aplikace<\/td>\n<td>led\/elektronika\/cpu<\/td>\n<\/tr>\n<tr>\n<td class=\"label\">Tvar<\/td>\n<td>vlastn\u00ed<\/td>\n<\/tr>\n<tr>\n<td class=\"label\">Slitina nebo ne<\/td>\n<td>Je slitina<\/td>\n<\/tr>\n<tr>\n<td class=\"label\">Slu\u017eba zpracov\u00e1n\u00ed<\/td>\n<td>Oh\u00fdb\u00e1n\u00ed, odv\u00edjen\u00ed, sva\u0159ov\u00e1n\u00ed, d\u011brov\u00e1n\u00ed, \u0159ez\u00e1n\u00ed<\/td>\n<\/tr>\n<tr>\n<td class=\"label\">N\u00e1zev produktu<\/td>\n<td>Chladi\u010d LED z \u010dern\u011b eloxovan\u00e9ho extrudovan\u00e9ho hlin\u00edku<\/td>\n<\/tr>\n<tr>\n<td class=\"label\">Prodejn\u00ed jednotky<\/td>\n<td>Jednotliv\u00e1 polo\u017eka<\/td>\n<\/tr>\n<tr>\n<td class=\"label\">Velikost jednoho balen\u00ed<\/td>\n<td>30X20X20 cm<\/td>\n<\/tr>\n<tr>\n<td class=\"label\">Jednotliv\u00e1 hrub\u00e1 hmotnost<\/td>\n<td>30.000 KG<\/td>\n<\/tr>\n<\/table>\n<h2>Na\u0161e v\u00fdrobn\u00ed z\u00e1kladna<\/h2>\n<h3>Panorama tov\u00e1rny<\/h3>\n<p><img decoding=\"async\" src=\"\/wp-content\/uploads\/factory-01.webp\"\/><\/p>\n<h3>D\u00edlna na v\u00fdrobu hlin\u00edkov\u00fdch ty\u010d\u00ed<\/h3>\n<p><img decoding=\"async\" src=\"\/wp-content\/uploads\/factory-02.webp\"\/><\/p>\n<p><img decoding=\"async\" src=\"\/wp-content\/uploads\/factory-03.webp\"\/><\/p>\n<h3>Sklad pl\u00edsn\u00ed<\/h3>\n<p><img decoding=\"async\" src=\"\/wp-content\/uploads\/factory-04.webp\"\/><\/p>\n<h3>43 linek na vytla\u010dov\u00e1n\u00ed hlin\u00edku (500-5500 tun)<\/h3>\n<p><img decoding=\"async\" src=\"\/wp-content\/uploads\/factory-05.webp\"\/><\/p>\n<p><img decoding=\"async\" src=\"\/wp-content\/uploads\/factory-06.webp\"\/><\/p>\n<p><img decoding=\"async\" src=\"\/wp-content\/uploads\/factory-07.webp\"\/><\/p>\n<h3>D\u00edlna pr\u00e1\u0161kov\u00e9ho lakov\u00e1n\u00ed<\/h3>\n<p><img decoding=\"async\" src=\"\/wp-content\/uploads\/factory-09.webp\"\/><\/p>\n<h3>D\u00edlna eloxov\u00e1n\u00ed<\/h3>\n<p><img decoding=\"async\" src=\"\/wp-content\/uploads\/factory-10.webp\"\/><\/p>\n<h3>Workshop o hloubkov\u00e9m zpracov\u00e1n\u00ed<\/h3>\n<p><img decoding=\"async\" src=\"\/wp-content\/uploads\/factory-11.webp\"\/><\/p>\n<h3>D\u00edlna CNC p\u0159esn\u00e9ho obr\u00e1b\u011bn\u00ed<\/h3>\n<p><img decoding=\"async\" src=\"\/wp-content\/uploads\/factory-11.5.webp\"\/><\/p>\n<h3>Sklad hotov\u00fdch v\u00fdrobk\u016f a exportn\u00ed sklad<\/h3>\n<p><img decoding=\"async\" src=\"\/wp-content\/uploads\/factory-12.webp\"\/><\/p>\n<p><img decoding=\"async\" src=\"\/wp-content\/uploads\/factory-13.webp\"\/><\/p>\n<p><img decoding=\"async\" src=\"\/wp-content\/uploads\/factory-14.webp\"\/><\/p>\n<h2>\u010cASTO KLADEN\u00c9 DOTAZY<\/h2>\n<p><p><b>1.Jak\u00fd materi\u00e1l je pou\u017eit v OEM \u010dern\u011b eloxovan\u00e9m hlin\u00edkov\u00e9m chladi\u010di LED?<\/b><\/p>\n<p>Je vyroben z prvot\u0159\u00eddn\u00edho hlin\u00edku, kter\u00fd nab\u00edz\u00ed vysokou tepelnou vodivost a pevnost konstrukce.<br \/>\n<\/p><br \/>\n<br \/>\n<p><b>2.Pro\u010d je chladi\u010d eloxov\u00e1n \u010dern\u011b?<\/b><\/p>\n<p>\u010cern\u00e1 eloxovan\u00e1 povrchov\u00e1 \u00faprava zlep\u0161uje tepeln\u00e9 vyza\u0159ov\u00e1n\u00ed, zvy\u0161uje odolnost proti korozi a dod\u00e1v\u00e1 elegantn\u00ed vzhled.<br \/>\n<\/p><br \/>\n<br \/>\n<p><b>3.M\u016f\u017ee b\u00fdt hlin\u00edkov\u00fd chladi\u010d LED p\u0159izp\u016fsoben?<\/b><\/p>\n<p>Ano, poskytujeme OEM p\u0159izp\u016fsoben\u00ed rozm\u011br\u016f, designu \u017eeber a mont\u00e1\u017en\u00edch rozhran\u00ed.<br \/>\n<\/p><br \/>\n<br \/>\n<p><b>4.Jak\u00e9 jsou hlavn\u00ed aplikace tohoto chladi\u010de LED?<\/b><\/p>\n<p>Je ur\u010den pro osv\u011btlovac\u00ed syst\u00e9my LED, v\u010detn\u011b reflektor\u016f, sv\u011btlomet\u016f a pr\u016fmyslov\u00fdch sv\u00edtidel.<br \/>\n<\/p><br \/>\n<br \/>\n<p><b>5.Je tento chladi\u010d vhodn\u00fd pro pasivn\u00ed chlazen\u00ed?<\/b><\/p>\n<p>Ano, struktura \u017eeber a povrchov\u00e1 \u00faprava je ide\u00e1ln\u00ed pro pasivn\u00ed odvod tepla.<br \/>\n<\/p><br \/>\n<br \/>\n<p><b>6.Jak tento produkt zvy\u0161uje \u017eivotnost LED?<\/b><\/p>\n<p>Udr\u017euje n\u00edzkou teplotu spoje LED, co\u017e sni\u017euje tepeln\u00e9 nam\u00e1h\u00e1n\u00ed a prodlu\u017euje provozn\u00ed \u017eivotnost.<br \/>\n<\/p><br \/>\n<br \/>\n<p><b>7.Je chladi\u010d kompatibiln\u00ed s aktivn\u00edmi chladic\u00edmi syst\u00e9my?<\/b><\/p>\n<p>Ano, lze jej integrovat s ventil\u00e1tory nebo tepeln\u00fdmi podlo\u017ekami pro zv\u00fd\u0161en\u00ed chladic\u00edho v\u00fdkonu.<br \/>\n<\/p><br \/>\n<br \/>\n<p><b>8.M\u00e1 \u010dern\u00e1 eloxovan\u00e1 povrchov\u00e1 \u00faprava vliv na elektrickou izolaci?<\/b><\/p>\n<p>Ano, eloxov\u00e1n\u00ed vytv\u00e1\u0159\u00ed nevodivou povrchovou vrstvu, kter\u00e1 zlep\u0161uje elektrickou izolaci a bezpe\u010dnost.<br \/>\n<\/p><br \/><\/p>","protected":false},"featured_media":10664,"template":"","categories":[72],"class_list":["post-10665","product","type-product","status-publish","has-post-thumbnail","hentry","category-extruded-aluminum-heatsink"],"meta_box":{"hilight_text_group":{"product_hilight_text":"<li>Black anodized surface improves thermal radiation and corrosion resistance<\/li>\r\n<li>Made from high-quality aluminum for excellent heat dissipation<\/li>\r\n<li>Designed specifically for LED lighting systems and thermal control<\/li>\r\n<li>OEM customization available for size, shape, and mounting features<\/li>\r\n<li>Lightweight, durable construction for easy integration into LED housings<\/li>\r\n<li>Supports both passive and active cooling methods<\/li>\r\n<li>Enhances LED performance and extends service life<\/li>","product_chanpin_chanpin":"<ul>\r\n<li><a href=\"https:\/\/sinoextrud.com\/product\/aluminium-extrusion-6061-6082-7075-aluminum-alloy-profiles\/\" target=\"_blank\">6061 aluminum extrusion<\/a><\/li>\r\n<li><a href=\"https:\/\/sinoextrud.com\/product\/oval-aluminum-extrud-profile\/\" target=\"_blank\">oval aluminum extrusion<\/a><\/li>\r\n<li><a href=\"https:\/\/sinoextrud.com\/product\/aluminium-extrusion-anodised-aluminium-tube\/\" target=\"_blank\">anodised aluminium tube<\/a><\/li>\r\n<li><a href=\"https:\/\/sinoextrud.com\/product\/c-shaped-closed-linear-ceiling-system\/\" target=\"_blank\">linear closed ceilings<\/a><\/li>\r\n<li><a href=\"https:\/\/sinoextrud.com\/product\/the-new-perforated-ceiling-system\/\" target=\"_blank\">perforated french ceilings<\/a><\/li>\r\n<li><a href=\"https:\/\/sinoextrud.com\/product\/aluminum-extrusion-7003-7005-7020\/\" target=\"_blank\">7020 aluminum<\/a><\/li>\r\n<\/ul>","product_chanpin_blog":"<ul>\r\n<li><a href=\"https:\/\/sinoextrud.com\/t-slot-v-slot-differences\/\" target=\"_blank\">t slot vs v slot<\/a><\/li>\r\n<li><a href=\"https:\/\/sinoextrud.com\/what-is-4040-aluminium-extrud\/\" target=\"_blank\">4040 aluminium extrusion<\/a><\/li>\r\n<li><a href=\"https:\/\/sinoextrud.com\/what-is-4040-aluminium-extrud\/\" target=\"_blank\">aluminum extrusions for industrial racks<\/a><\/li>\r\n<li><a href=\"https:\/\/sinoextrud.com\/powder-coating-aluminium-process\/\" target=\"_blank\">powder coating aluminium<\/a><\/li>\r\n<li><a href=\"https:\/\/sinoextrud.com\/what-is-an-aluminium-strip-ceiling\/\" target=\"_blank\">aluminium strip ceiling<\/a><\/li>\r\n<li><a href=\"https:\/\/sinoextrud.com\/what-is-a-heat-sink\/\" target=\"_blank\">what is a heat sink<\/a><\/li>\r\n<\/ul>"},"feature_list":[]},"_links":{"self":[{"href":"https:\/\/sinoextrud.com\/cs\/wp-json\/wp\/v2\/product\/10665","targetHints":{"allow":["GET"]}}],"collection":[{"href":"https:\/\/sinoextrud.com\/cs\/wp-json\/wp\/v2\/product"}],"about":[{"href":"https:\/\/sinoextrud.com\/cs\/wp-json\/wp\/v2\/types\/product"}],"wp:featuredmedia":[{"embeddable":true,"href":"https:\/\/sinoextrud.com\/cs\/wp-json\/wp\/v2\/media\/10664"}],"wp:attachment":[{"href":"https:\/\/sinoextrud.com\/cs\/wp-json\/wp\/v2\/media?parent=10665"}],"wp:term":[{"taxonomy":"category","embeddable":true,"href":"https:\/\/sinoextrud.com\/cs\/wp-json\/wp\/v2\/categories?post=10665"}],"curies":[{"name":"wp","href":"https:\/\/api.w.org\/{rel}","templated":true}]}}