{"id":10652,"date":"2025-07-25T07:53:48","date_gmt":"2025-07-25T07:53:48","guid":{"rendered":"https:\/\/sinoextrud.com\/product\/aluminum-heat-sink-with-heat-pipe-for-high-power-cooling\/"},"modified":"2025-07-25T07:53:48","modified_gmt":"2025-07-25T07:53:48","slug":"hlinikovy-chladic-s-tepelnou-trubici-pro-chlazeni-vysokeho-vykonu","status":"publish","type":"product","link":"https:\/\/sinoextrud.com\/cs\/product\/aluminum-heat-sink-with-heat-pipe-for-high-power-cooling\/","title":{"rendered":"Hlin\u00edkov\u00fd chladi\u010d s tepelnou trubic\u00ed pro chlazen\u00ed s vysok\u00fdm v\u00fdkonem"},"content":{"rendered":"<h2>Podrobnosti o produktech<\/h2>\n<table class=\"custom-table\">\n<tr>\n<td class=\"label\">Povrchov\u00e1 \u00faprava<\/td>\n<td>Podle po\u017eadavku<\/td>\n<\/tr>\n<tr>\n<td class=\"label\">Tvar<\/td>\n<td>Vlastn\u00ed<\/td>\n<\/tr>\n<tr>\n<td class=\"label\">Materi\u00e1l t\u011bla<\/td>\n<td>Hlin\u00edkov\u00e1 slitina + m\u011b\u010f<\/td>\n<\/tr>\n<tr>\n<td class=\"label\">Typ<\/td>\n<td>Chladi\u010de<\/td>\n<\/tr>\n<tr>\n<td class=\"label\">Slu\u017eba \u0159e\u0161en\u00ed osv\u011btlen\u00ed<\/td>\n<td>automatick\u00e9 rozvr\u017een\u00ed CAD<\/td>\n<\/tr>\n<tr>\n<td class=\"label\">Z\u00e1ruka (rok)<\/td>\n<td>5<\/td>\n<\/tr>\n<tr>\n<td class=\"label\">Proces<\/td>\n<td>Extrudov\u00e1n\u00ed + CNC + Lisov\u00e1n\u00ed<\/td>\n<\/tr>\n<tr>\n<td class=\"label\">Stupe\u0148 kryt\u00ed IP<\/td>\n<td>ip55<\/td>\n<\/tr>\n<tr>\n<td class=\"label\">Barva t\u011bla<\/td>\n<td>Silver<\/td>\n<\/tr>\n<tr>\n<td class=\"label\">Standardn\u00ed formy Mno\u017estv\u00ed<\/td>\n<td>V\u00edce ne\u017e 30 000 sad<\/td>\n<\/tr>\n<tr>\n<td class=\"label\">Prodejn\u00ed jednotky<\/td>\n<td>Jednotliv\u00e1 polo\u017eka<\/td>\n<\/tr>\n<\/table>\n<h2>Na\u0161e v\u00fdrobn\u00ed z\u00e1kladna<\/h2>\n<h3>Panorama tov\u00e1rny<\/h3>\n<p><img decoding=\"async\" src=\"\/wp-content\/uploads\/factory-01.webp\"\/><\/p>\n<h3>D\u00edlna na v\u00fdrobu hlin\u00edkov\u00fdch ty\u010d\u00ed<\/h3>\n<p><img decoding=\"async\" src=\"\/wp-content\/uploads\/factory-02.webp\"\/><\/p>\n<p><img decoding=\"async\" src=\"\/wp-content\/uploads\/factory-03.webp\"\/><\/p>\n<h3>Sklad pl\u00edsn\u00ed<\/h3>\n<p><img decoding=\"async\" src=\"\/wp-content\/uploads\/factory-04.webp\"\/><\/p>\n<h3>43 linek na vytla\u010dov\u00e1n\u00ed hlin\u00edku (500-5500 tun)<\/h3>\n<p><img decoding=\"async\" src=\"\/wp-content\/uploads\/factory-05.webp\"\/><\/p>\n<p><img decoding=\"async\" src=\"\/wp-content\/uploads\/factory-06.webp\"\/><\/p>\n<p><img decoding=\"async\" src=\"\/wp-content\/uploads\/factory-07.webp\"\/><\/p>\n<h3>D\u00edlna pr\u00e1\u0161kov\u00e9ho lakov\u00e1n\u00ed<\/h3>\n<p><img decoding=\"async\" src=\"\/wp-content\/uploads\/factory-09.webp\"\/><\/p>\n<h3>D\u00edlna eloxov\u00e1n\u00ed<\/h3>\n<p><img decoding=\"async\" src=\"\/wp-content\/uploads\/factory-10.webp\"\/><\/p>\n<h3>Workshop o hloubkov\u00e9m zpracov\u00e1n\u00ed<\/h3>\n<p><img decoding=\"async\" src=\"\/wp-content\/uploads\/factory-11.webp\"\/><\/p>\n<h3>D\u00edlna CNC p\u0159esn\u00e9ho obr\u00e1b\u011bn\u00ed<\/h3>\n<p><img decoding=\"async\" src=\"\/wp-content\/uploads\/factory-11.5.webp\"\/><\/p>\n<h3>Sklad hotov\u00fdch v\u00fdrobk\u016f a exportn\u00ed sklad<\/h3>\n<p><img decoding=\"async\" src=\"\/wp-content\/uploads\/factory-12.webp\"\/><\/p>\n<p><img decoding=\"async\" src=\"\/wp-content\/uploads\/factory-13.webp\"\/><\/p>\n<p><img decoding=\"async\" src=\"\/wp-content\/uploads\/factory-14.webp\"\/><\/p>\n<h2>\u010cASTO KLADEN\u00c9 DOTAZY<\/h2>\n<p><p><b>1. K \u010demu se pou\u017e\u00edv\u00e1 hlin\u00edkov\u00fd chladi\u010d s tepelnou trubic\u00ed?<\/b><\/p>\n<p>Pou\u017e\u00edv\u00e1 se pro chlazen\u00ed s vysok\u00fdm v\u00fdkonem v aplikac\u00edch, jako jsou procesory, IGBT, v\u00fdkonov\u00e9 moduly a dal\u0161\u00ed elektronika s vysok\u00fdm tepeln\u00fdm v\u00fdkonem.<br \/>\n<\/p><br \/>\n<br \/>\n<p><b>2. Jak tepeln\u00e9 trubice zlep\u0161uj\u00ed v\u00fdkon chladi\u010de?<\/b><\/p>\n<p>Tepeln\u00e9 trubice rychle p\u0159en\u00e1\u0161ej\u00ed teplo ze zdroje do hlin\u00edkov\u00fdch \u017eeber, \u010d\u00edm\u017e zvy\u0161uj\u00ed celkovou tepelnou \u00fa\u010dinnost.<br \/>\n<\/p><br \/>\n<br \/>\n<p><b>3. Je tento chladi\u010d vhodn\u00fd pro pasivn\u00ed nebo aktivn\u00ed chlazen\u00ed?<\/b><\/p>\n<p>Ano, podporuje pasivn\u00ed i aktivn\u00ed chlazen\u00ed v z\u00e1vislosti na po\u017eadavc\u00edch syst\u00e9mu.<br \/>\n<\/p><br \/>\n<br \/>\n<p><b>4. Lze hlin\u00edkov\u00fd chladi\u010d p\u0159izp\u016fsobit pro r\u016fzn\u00e1 za\u0159\u00edzen\u00ed?<\/b><\/p>\n<p>Ano, nab\u00edz\u00edme p\u0159izp\u016fsoben\u00ed OEM velikosti, uspo\u0159\u00e1d\u00e1n\u00ed \u017eeber a konfigurace tepeln\u00fdch trubek tak, aby vyhovovaly va\u0161im specifick\u00fdm pot\u0159eb\u00e1m.<br \/>\n<\/p><br \/>\n<br \/>\n<p><b>5. Jak\u00e1 odv\u011btv\u00ed t\u011b\u017e\u00ed z tohoto typu chladi\u010de?<\/b><\/p>\n<p>Tento chladi\u010d se b\u011b\u017en\u011b pou\u017e\u00edv\u00e1 v odv\u011btv\u00edch, jako jsou telekomunikace, pr\u016fmyslov\u00e1 automatizace, v\u00fdkonov\u00e1 elektronika a obnoviteln\u00e9 zdroje energie.<br \/>\n<\/p><br \/>\n<br \/>\n<p><b>6. Je chladi\u010d lehk\u00fd pro integraci do syst\u00e9mu?<\/b><\/p>\n<p>Ano, hlin\u00edkov\u00e1 konstrukce zaji\u0161\u0165uje n\u00edzkou hmotnost a z\u00e1rove\u0148 vynikaj\u00edc\u00ed tepeln\u00e9 vlastnosti.<br \/>\n<\/p><br \/>\n<br \/>\n<p><b>7. Jak\u00e9 jsou v\u00fdhody kombinace tepeln\u00fdch trubek s hlin\u00edkem?<\/b><\/p>\n<p>Tato kombinace umo\u017e\u0148uje rychl\u00fd p\u0159enos tepla a rozptyl po velk\u00e9 plo\u0161e, \u010d\u00edm\u017e zlep\u0161uje chlazen\u00ed vysoce v\u00fdkonn\u00fdch komponent\u016f.<br \/>\n<\/p><br \/>\n<br \/>\n<p><b>8. Zvl\u00e1dne tento chladi\u010d nep\u0159etr\u017eit\u00e9 vysok\u00e9 tepeln\u00e9 zat\u00ed\u017een\u00ed?<\/b><\/p>\n<p>Ano, je navr\u017een pro stabiln\u00ed a efektivn\u00ed provoz za podm\u00ednek nep\u0159etr\u017eit\u00e9ho odvodu tepla p\u0159i vysok\u00e9m v\u00fdkonu.<br \/>\n<\/p><br \/><\/p>","protected":false},"featured_media":10651,"template":"","categories":[72],"class_list":["post-10652","product","type-product","status-publish","has-post-thumbnail","hentry","category-extruded-aluminum-heatsink"],"meta_box":{"hilight_text_group":{"product_hilight_text":"<li>Combines aluminum fins and heat pipe technology for superior thermal conductivity<\/li>\r\n<li>Designed for high power cooling applications such as CPUs, IGBTs, and power modules<\/li>\r\n<li>Lightweight aluminum construction with excellent heat spreading capability<\/li>\r\n<li>Heat pipes accelerate thermal transfer from heat source to fins<\/li>\r\n<li>Customizable design to fit various power electronics and cooling systems<\/li>\r\n<li>Supports passive or active cooling configurations<\/li>\r\n<li>Ideal for industrial automation, telecom, and renewable energy systems<\/li>","product_chanpin_chanpin":"<ul>\r\n<li><a href=\"https:\/\/sinoextrud.com\/product\/aluminium-extrusion-6061-6082-7075-aluminum-alloy-profiles\/\" target=\"_blank\">6061 aluminum extrusion<\/a><\/li>\r\n<li><a href=\"https:\/\/sinoextrud.com\/product\/oval-aluminum-extrud-profile\/\" target=\"_blank\">oval aluminum extrusion<\/a><\/li>\r\n<li><a href=\"https:\/\/sinoextrud.com\/product\/aluminium-extrusion-anodised-aluminium-tube\/\" target=\"_blank\">anodised aluminium tube<\/a><\/li>\r\n<li><a href=\"https:\/\/sinoextrud.com\/product\/c-shaped-closed-linear-ceiling-system\/\" target=\"_blank\">linear closed ceilings<\/a><\/li>\r\n<li><a href=\"https:\/\/sinoextrud.com\/product\/the-new-perforated-ceiling-system\/\" target=\"_blank\">perforated french ceilings<\/a><\/li>\r\n<li><a href=\"https:\/\/sinoextrud.com\/product\/aluminum-extrusion-7003-7005-7020\/\" target=\"_blank\">7020 aluminum<\/a><\/li>\r\n<\/ul>","product_chanpin_blog":"<ul>\r\n<li><a href=\"https:\/\/sinoextrud.com\/t-slot-v-slot-differences\/\" target=\"_blank\">t slot vs v slot<\/a><\/li>\r\n<li><a href=\"https:\/\/sinoextrud.com\/what-is-4040-aluminium-extrud\/\" target=\"_blank\">4040 aluminium extrusion<\/a><\/li>\r\n<li><a href=\"https:\/\/sinoextrud.com\/what-is-4040-aluminium-extrud\/\" target=\"_blank\">aluminum extrusions for industrial racks<\/a><\/li>\r\n<li><a href=\"https:\/\/sinoextrud.com\/powder-coating-aluminium-process\/\" target=\"_blank\">powder coating aluminium<\/a><\/li>\r\n<li><a href=\"https:\/\/sinoextrud.com\/what-is-an-aluminium-strip-ceiling\/\" target=\"_blank\">aluminium strip ceiling<\/a><\/li>\r\n<li><a href=\"https:\/\/sinoextrud.com\/what-is-a-heat-sink\/\" target=\"_blank\">what is a heat sink<\/a><\/li>\r\n<\/ul>"},"feature_list":[]},"_links":{"self":[{"href":"https:\/\/sinoextrud.com\/cs\/wp-json\/wp\/v2\/product\/10652","targetHints":{"allow":["GET"]}}],"collection":[{"href":"https:\/\/sinoextrud.com\/cs\/wp-json\/wp\/v2\/product"}],"about":[{"href":"https:\/\/sinoextrud.com\/cs\/wp-json\/wp\/v2\/types\/product"}],"wp:featuredmedia":[{"embeddable":true,"href":"https:\/\/sinoextrud.com\/cs\/wp-json\/wp\/v2\/media\/10651"}],"wp:attachment":[{"href":"https:\/\/sinoextrud.com\/cs\/wp-json\/wp\/v2\/media?parent=10652"}],"wp:term":[{"taxonomy":"category","embeddable":true,"href":"https:\/\/sinoextrud.com\/cs\/wp-json\/wp\/v2\/categories?post=10652"}],"curies":[{"name":"wp","href":"https:\/\/api.w.org\/{rel}","templated":true}]}}