{"id":10646,"date":"2025-07-25T04:02:40","date_gmt":"2025-07-25T04:02:40","guid":{"rendered":"https:\/\/sinoextrud.com\/product\/custom-water-cooling-aluminum-cold-plate-with-copper-tubes\/"},"modified":"2025-07-25T04:02:40","modified_gmt":"2025-07-25T04:02:40","slug":"zakazkove-vodni-chlazeni-hlinikovou-studenou-deskou-s-medenymi-trubkami","status":"publish","type":"product","link":"https:\/\/sinoextrud.com\/cs\/product\/custom-water-cooling-aluminum-cold-plate-with-copper-tubes\/","title":{"rendered":"Vlastn\u00ed vodn\u00ed chlazen\u00ed hlin\u00edkov\u00e9 studen\u00e9 desky s m\u011bd\u011bn\u00fdmi trubkami"},"content":{"rendered":"<h2>Podrobnosti o produktech<\/h2>\n<table class=\"custom-table\">\n<tr>\n<td class=\"label\">protokol o zkou\u0161ce strojn\u00edho za\u0159\u00edzen\u00ed<\/td>\n<td>Poskytnuto<\/td>\n<\/tr>\n<tr>\n<td class=\"label\">video odchoz\u00ed inspekce<\/td>\n<td>Poskytnuto<\/td>\n<\/tr>\n<tr>\n<td class=\"label\">Materi\u00e1l<\/td>\n<td>Hlin\u00edkov\u00e1 slitina, m\u011b\u010f<\/td>\n<\/tr>\n<tr>\n<td class=\"label\">z\u00e1ruka<\/td>\n<td>5 let<\/td>\n<\/tr>\n<tr>\n<td class=\"label\">aplikace<\/td>\n<td>Moduly IGBG, Elektronick\u00e1 za\u0159\u00edzen\u00ed,Lasery<\/td>\n<\/tr>\n<tr>\n<td class=\"label\">typ<\/td>\n<td>Trubice v\u00fdm\u011bn\u00edku tepla<\/td>\n<\/tr>\n<tr>\n<td class=\"label\">hmotnost (kg)<\/td>\n<td>1<\/td>\n<\/tr>\n<tr>\n<td class=\"label\">Poz\u00e1ru\u010dn\u00ed servis<\/td>\n<td>Online podpora<\/td>\n<\/tr>\n<tr>\n<td class=\"label\">Poskytovan\u00fd poprodejn\u00ed servis<\/td>\n<td>Online podpora<\/td>\n<\/tr>\n<tr>\n<td class=\"label\">P\u0159\u00edslu\u0161n\u00e1 odv\u011btv\u00ed<\/td>\n<td>V\u00fdrobn\u00ed z\u00e1vod<\/td>\n<\/tr>\n<tr>\n<td class=\"label\">Prodejn\u00ed jednotky<\/td>\n<td>Jednotliv\u00e1 polo\u017eka<\/td>\n<\/tr>\n<tr>\n<td class=\"label\">Velikost jednoho balen\u00ed<\/td>\n<td>21X15X1,5 cm<\/td>\n<\/tr>\n<tr>\n<td class=\"label\">Jednotliv\u00e1 hrub\u00e1 hmotnost<\/td>\n<td>1.000 KG<\/td>\n<\/tr>\n<\/table>\n<h2>Na\u0161e v\u00fdrobn\u00ed z\u00e1kladna<\/h2>\n<h3>Panorama tov\u00e1rny<\/h3>\n<p><img decoding=\"async\" src=\"\/wp-content\/uploads\/factory-01.webp\"\/><\/p>\n<h3>D\u00edlna na v\u00fdrobu hlin\u00edkov\u00fdch ty\u010d\u00ed<\/h3>\n<p><img decoding=\"async\" src=\"\/wp-content\/uploads\/factory-02.webp\"\/><\/p>\n<p><img decoding=\"async\" src=\"\/wp-content\/uploads\/factory-03.webp\"\/><\/p>\n<h3>Sklad pl\u00edsn\u00ed<\/h3>\n<p><img decoding=\"async\" src=\"\/wp-content\/uploads\/factory-04.webp\"\/><\/p>\n<h3>43 linek na vytla\u010dov\u00e1n\u00ed hlin\u00edku (500 - 5500 tun)<\/h3>\n<p><img decoding=\"async\" src=\"\/wp-content\/uploads\/factory-05.webp\"\/><\/p>\n<p><img decoding=\"async\" src=\"\/wp-content\/uploads\/factory-06.webp\"\/><\/p>\n<p><img decoding=\"async\" src=\"\/wp-content\/uploads\/factory-07.webp\"\/><\/p>\n<h3>D\u00edlna pr\u00e1\u0161kov\u00e9ho lakov\u00e1n\u00ed<\/h3>\n<p><img decoding=\"async\" src=\"\/wp-content\/uploads\/factory-09.webp\"\/><\/p>\n<h3>D\u00edlna eloxov\u00e1n\u00ed<\/h3>\n<p><img decoding=\"async\" src=\"\/wp-content\/uploads\/factory-10.webp\"\/><\/p>\n<h3>Workshop o hloubkov\u00e9m zpracov\u00e1n\u00ed<\/h3>\n<p><img decoding=\"async\" src=\"\/wp-content\/uploads\/factory-11.webp\"\/><\/p>\n<h3>D\u00edlna CNC p\u0159esn\u00e9ho obr\u00e1b\u011bn\u00ed<\/h3>\n<p><img decoding=\"async\" src=\"\/wp-content\/uploads\/factory-11.5.webp\"\/><\/p>\n<h3>Sklad hotov\u00fdch v\u00fdrobk\u016f a exportn\u00ed sklad<\/h3>\n<p><img decoding=\"async\" src=\"\/wp-content\/uploads\/factory-12.webp\"\/><\/p>\n<p><img decoding=\"async\" src=\"\/wp-content\/uploads\/factory-13.webp\"\/><\/p>\n<p><img decoding=\"async\" src=\"\/wp-content\/uploads\/factory-14.webp\"\/><\/p>\n<h2>\u010cASTO KLADEN\u00c9 DOTAZY<\/h2>\n<p><p><b>1.Co je to vlastn\u00ed hlin\u00edkov\u00e1 chladic\u00ed deska s m\u011bd\u011bn\u00fdmi trubkami?<\/b><\/p>\n<p>Jedn\u00e1 se o vysoce v\u00fdkonn\u00e9 tepeln\u00e9 \u0159e\u0161en\u00ed kombinuj\u00edc\u00ed hlin\u00edkov\u00e9 desky a vlo\u017een\u00e9 m\u011bd\u011bn\u00e9 trubky, kter\u00e9 \u00fa\u010dinn\u011b odv\u00e1d\u00ed teplo v zak\u00e1zkov\u00fdch chladic\u00edch syst\u00e9mech.<br \/>\n<\/p><br \/>\n<br \/>\n<p><b>2.Pro\u010d pou\u017e\u00edvat m\u011bd\u011bn\u00e9 trubky v hlin\u00edkov\u00e9 chladic\u00ed desce?<\/b><\/p>\n<p>M\u011bd\u011bn\u00e9 trubky zaji\u0161\u0165uj\u00ed vynikaj\u00edc\u00ed tepelnou vodivost a zvy\u0161uj\u00ed celkovou \u00fa\u010dinnost chlazen\u00ed hlin\u00edkov\u00e9 chladic\u00ed desky.<br \/>\n<\/p><br \/>\n<br \/>\n<p><b>3.Je hlin\u00edkov\u00e1 deska za studena p\u0159izp\u016fsobiteln\u00e1 pro r\u016fzn\u00e9 aplikace?<\/b><\/p>\n<p>Ano, hlin\u00edkov\u00e9 desky za studena lze upravit co do tvaru, velikosti a uspo\u0159\u00e1d\u00e1n\u00ed trubek tak, aby spl\u0148ovaly specifick\u00e9 tepeln\u00e9 a mechanick\u00e9 po\u017eadavky.<br \/>\n<\/p><br \/>\n<br \/>\n<p><b>4.Jak tato studen\u00e1 deska zlep\u0161uje tepeln\u00e9 \u0159\u00edzen\u00ed?<\/b><\/p>\n<p>Kombinac\u00ed vysok\u00e9 vodivosti m\u011bdi a lehk\u00fdch vlastnost\u00ed hlin\u00edku zaji\u0161\u0165uje chladic\u00ed deska rychl\u00fd p\u0159enos tepla a spolehliv\u00fd chladic\u00ed v\u00fdkon.<br \/>\n<\/p><br \/>\n<br \/>\n<p><b>5.V jak\u00fdch pr\u016fmyslov\u00fdch odv\u011btv\u00edch se tento typ studen\u00e9 desky b\u011b\u017en\u011b pou\u017e\u00edv\u00e1?<\/b><\/p>\n<p>Pr\u016fmyslov\u00e1 odv\u011btv\u00ed, jako je v\u00fdkonov\u00e1 elektronika, elektrick\u00e9 syst\u00e9my, lasery a l\u00e9ka\u0159sk\u00e9 p\u0159\u00edstroje, \u010dasto pou\u017e\u00edvaj\u00ed k regulaci tepla vlastn\u00ed hlin\u00edkov\u00e9 chladic\u00ed desky s m\u011bd\u011bn\u00fdmi trubkami.<br \/>\n<\/p><br \/>\n<br \/>\n<p><b>6.Odol\u00e1v\u00e1 tento v\u00fdrobek korozi?<\/b><\/p>\n<p>Ano, hlin\u00edkov\u00e1 z\u00e1kladna a m\u011bd\u011bn\u00e9 trubky jsou o\u0161et\u0159eny pro vynikaj\u00edc\u00ed odolnost proti korozi, tak\u017ee jsou vhodn\u00e9 pro dlouhodob\u00e9 pou\u017e\u00edv\u00e1n\u00ed v n\u00e1ro\u010dn\u00fdch podm\u00ednk\u00e1ch.<br \/>\n<\/p><br \/>\n<br \/>\n<p><b>7.Jak\u00fd p\u0159\u00ednos m\u00e1 tato studen\u00e1 deska pro v\u00fdrobce OEM?<\/b><\/p>\n<p>V\u00fdrobci OEM mohou t\u011b\u017eit z flexibility konstrukce, \u00fa\u010dinn\u00e9ho odvodu tepla a snadn\u00e9 integrace do slo\u017eit\u00fdch tepeln\u00fdch syst\u00e9m\u016f pomoc\u00ed hlin\u00edkov\u00fdch chladic\u00edch desek s m\u011bd\u011bn\u00fdmi trubkami na zak\u00e1zku.<br \/>\n<\/p><br \/>\n<br \/>\n<p><b>8.Je vhodn\u00fd pro aplikace s vysok\u00fdm v\u00fdkonem?<\/b><\/p>\n<p>Ano, d\u00edky kombinaci hlin\u00edkov\u00fdch a m\u011bd\u011bn\u00fdch trubek je ide\u00e1ln\u00ed pro v\u00fdkonnou elektroniku vy\u017eaduj\u00edc\u00ed \u00fa\u010dinn\u00e9 a spolehliv\u00e9 chlazen\u00ed.<br \/>\n<\/p><br \/><\/p>","protected":false},"featured_media":10645,"template":"","categories":[73],"class_list":["post-10646","product","type-product","status-publish","has-post-thumbnail","hentry","category-water-cooling-plate"],"meta_box":{"hilight_text_group":{"product_hilight_text":"<li>High-efficiency heat dissipation with copper tube integration for optimal cooling performance<\/li>\r\n<li>Customizable aluminum cold plate design tailored to specific thermal management needs<\/li>\r\n<li>Excellent corrosion resistance and durability for long-term industrial use<\/li>\r\n<li>Lightweight aluminum base ensures easy installation and reduced system weight<\/li>\r\n<li>Supports high-precision machining for tight thermal interface control<\/li>","product_chanpin_chanpin":"<ul>\r\n<li><a href=\"https:\/\/sinoextrud.com\/product\/aluminium-extrusion-6061-6082-7075-aluminum-alloy-profiles\/\" target=\"_blank\">6061 aluminum extrusion<\/a><\/li>\r\n<li><a href=\"https:\/\/sinoextrud.com\/product\/oval-aluminum-extrud-profile\/\" target=\"_blank\">oval aluminum extrusion<\/a><\/li>\r\n<li><a href=\"https:\/\/sinoextrud.com\/product\/aluminium-extrusion-anodised-aluminium-tube\/\" target=\"_blank\">anodised aluminium tube<\/a><\/li>\r\n<li><a href=\"https:\/\/sinoextrud.com\/product\/c-shaped-closed-linear-ceiling-system\/\" target=\"_blank\">linear closed ceilings<\/a><\/li>\r\n<li><a href=\"https:\/\/sinoextrud.com\/product\/the-new-perforated-ceiling-system\/\" target=\"_blank\">perforated french ceilings<\/a><\/li>\r\n<li><a href=\"https:\/\/sinoextrud.com\/product\/aluminum-extrusion-7003-7005-7020\/\" target=\"_blank\">7020 aluminum<\/a><\/li>\r\n<\/ul>","product_chanpin_blog":"<ul>\r\n<li><a href=\"https:\/\/sinoextrud.com\/t-slot-v-slot-differences\/\" target=\"_blank\">t slot vs v slot<\/a><\/li>\r\n<li><a href=\"https:\/\/sinoextrud.com\/what-is-4040-aluminium-extrud\/\" target=\"_blank\">4040 aluminium extrusion<\/a><\/li>\r\n<li><a href=\"https:\/\/sinoextrud.com\/what-is-4040-aluminium-extrud\/\" target=\"_blank\">aluminum extrusions for industrial racks<\/a><\/li>\r\n<li><a href=\"https:\/\/sinoextrud.com\/powder-coating-aluminium-process\/\" target=\"_blank\">powder coating aluminium<\/a><\/li>\r\n<li><a href=\"https:\/\/sinoextrud.com\/what-is-an-aluminium-strip-ceiling\/\" target=\"_blank\">aluminium strip ceiling<\/a><\/li>\r\n<li><a href=\"https:\/\/sinoextrud.com\/what-is-a-heat-sink\/\" target=\"_blank\">what is a heat sink<\/a><\/li>\r\n<\/ul>"},"feature_list":[]},"_links":{"self":[{"href":"https:\/\/sinoextrud.com\/cs\/wp-json\/wp\/v2\/product\/10646","targetHints":{"allow":["GET"]}}],"collection":[{"href":"https:\/\/sinoextrud.com\/cs\/wp-json\/wp\/v2\/product"}],"about":[{"href":"https:\/\/sinoextrud.com\/cs\/wp-json\/wp\/v2\/types\/product"}],"wp:featuredmedia":[{"embeddable":true,"href":"https:\/\/sinoextrud.com\/cs\/wp-json\/wp\/v2\/media\/10645"}],"wp:attachment":[{"href":"https:\/\/sinoextrud.com\/cs\/wp-json\/wp\/v2\/media?parent=10646"}],"wp:term":[{"taxonomy":"category","embeddable":true,"href":"https:\/\/sinoextrud.com\/cs\/wp-json\/wp\/v2\/categories?post=10646"}],"curies":[{"name":"wp","href":"https:\/\/api.w.org\/{rel}","templated":true}]}}