{"id":10618,"date":"2025-07-24T03:28:33","date_gmt":"2025-07-24T03:28:33","guid":{"rendered":"https:\/\/sinoextrud.com\/product\/square-passive-led-aluminum-heatsink\/"},"modified":"2025-07-24T03:28:33","modified_gmt":"2025-07-24T03:28:33","slug":"ctvercovy-pasivni-hlinikovy-chladic","status":"publish","type":"product","link":"https:\/\/sinoextrud.com\/cs\/product\/square-passive-led-aluminum-heatsink\/","title":{"rendered":"\u010ctvercov\u00fd pasivn\u00ed hlin\u00edkov\u00fd chladi\u010d LED"},"content":{"rendered":"<h2>Podrobnosti o produktech<\/h2>\n<table class=\"custom-table\">\n<tr>\n<td class=\"label\">Povrchov\u00e1 \u00faprava<\/td>\n<td>Clean<\/td>\n<\/tr>\n<tr>\n<td class=\"label\">Tvar<\/td>\n<td>\u010ctverec<\/td>\n<\/tr>\n<tr>\n<td class=\"label\">Materi\u00e1l t\u011bla<\/td>\n<td>Hlin\u00edkov\u00e1 slitina<\/td>\n<\/tr>\n<tr>\n<td class=\"label\">Typ<\/td>\n<td>Chladi\u010de<\/td>\n<\/tr>\n<tr>\n<td class=\"label\">Slu\u017eba \u0159e\u0161en\u00ed osv\u011btlen\u00ed<\/td>\n<td>automatick\u00e9 rozvr\u017een\u00ed CAD<\/td>\n<\/tr>\n<tr>\n<td class=\"label\">Hmotnost v\u00fdrobku\uff08kg\uff09<\/td>\n<td>1.5<\/td>\n<\/tr>\n<tr>\n<td class=\"label\">Z\u00e1ruka (rok)<\/td>\n<td>5 let<\/td>\n<\/tr>\n<tr>\n<td class=\"label\">Proces<\/td>\n<td>Vytla\u010dov\u00e1n\u00ed+CNC<\/td>\n<\/tr>\n<tr>\n<td class=\"label\">Tlou\u0161\u0165ka ploutv\u00ed<\/td>\n<td>2 mm<\/td>\n<\/tr>\n<tr>\n<td class=\"label\">Tlou\u0161\u0165ka z\u00e1kladn\u00ed desky<\/td>\n<td>5 mm<\/td>\n<\/tr>\n<tr>\n<td class=\"label\">Prodejn\u00ed jednotky<\/td>\n<td>Jednotliv\u00e1 polo\u017eka<\/td>\n<\/tr>\n<tr>\n<td class=\"label\">Velikost jednoho balen\u00ed<\/td>\n<td>25X25X5 cm<\/td>\n<\/tr>\n<tr>\n<td class=\"label\">Jednotliv\u00e1 hrub\u00e1 hmotnost<\/td>\n<td>1 500 KG<\/td>\n<\/tr>\n<\/table>\n<h2>Na\u0161e v\u00fdrobn\u00ed z\u00e1kladna<\/h2>\n<h3>Panorama tov\u00e1rny<\/h3>\n<p><img decoding=\"async\" src=\"\/wp-content\/uploads\/factory-01.webp\"\/><\/p>\n<h3>D\u00edlna na v\u00fdrobu hlin\u00edkov\u00fdch ty\u010d\u00ed<\/h3>\n<p><img decoding=\"async\" src=\"\/wp-content\/uploads\/factory-02.webp\"\/><\/p>\n<p><img decoding=\"async\" src=\"\/wp-content\/uploads\/factory-03.webp\"\/><\/p>\n<h3>Sklad pl\u00edsn\u00ed<\/h3>\n<p><img decoding=\"async\" src=\"\/wp-content\/uploads\/factory-04.webp\"\/><\/p>\n<h3>43 linek na vytla\u010dov\u00e1n\u00ed hlin\u00edku (500-5500 tun)<\/h3>\n<p><img decoding=\"async\" src=\"\/wp-content\/uploads\/factory-05.webp\"\/><\/p>\n<p><img decoding=\"async\" src=\"\/wp-content\/uploads\/factory-06.webp\"\/><\/p>\n<p><img decoding=\"async\" src=\"\/wp-content\/uploads\/factory-07.webp\"\/><\/p>\n<h3>D\u00edlna pr\u00e1\u0161kov\u00e9ho lakov\u00e1n\u00ed<\/h3>\n<p><img decoding=\"async\" src=\"\/wp-content\/uploads\/factory-09.webp\"\/><\/p>\n<h3>D\u00edlna eloxov\u00e1n\u00ed<\/h3>\n<p><img decoding=\"async\" src=\"\/wp-content\/uploads\/factory-10.webp\"\/><\/p>\n<h3>Workshop o hloubkov\u00e9m zpracov\u00e1n\u00ed<\/h3>\n<p><img decoding=\"async\" src=\"\/wp-content\/uploads\/factory-11.webp\"\/><\/p>\n<h3>D\u00edlna CNC p\u0159esn\u00e9ho obr\u00e1b\u011bn\u00ed<\/h3>\n<p><img decoding=\"async\" src=\"\/wp-content\/uploads\/factory-11.5.webp\"\/><\/p>\n<h3>Sklad hotov\u00fdch v\u00fdrobk\u016f a exportn\u00ed sklad<\/h3>\n<p><img decoding=\"async\" src=\"\/wp-content\/uploads\/factory-12.webp\"\/><\/p>\n<p><img decoding=\"async\" src=\"\/wp-content\/uploads\/factory-13.webp\"\/><\/p>\n<p><img decoding=\"async\" src=\"\/wp-content\/uploads\/factory-14.webp\"\/><\/p>\n<h2>\u010cASTO KLADEN\u00c9 DOTAZY<\/h2>\n<p><p><b>1.Co je \u010dtvercov\u00fd pasivn\u00ed hlin\u00edkov\u00fd chladi\u010d LED?<\/b><\/p>\n<p>Jedn\u00e1 se o hlin\u00edkov\u00fd chladi\u010d \u010dtvercov\u00e9ho tvaru ur\u010den\u00fd pro pasivn\u00ed chlazen\u00ed komponent LED bez pou\u017eit\u00ed ventil\u00e1tor\u016f nebo aktivn\u00edch syst\u00e9m\u016f.<br \/>\n<\/p><br \/>\n<br \/>\n<p><b>2.Pro\u010d zvolit pasivn\u00ed chladi\u010d LED?<\/b><\/p>\n<p>Pasivn\u00ed chladi\u010d LED nab\u00edz\u00ed tich\u00fd provoz, nen\u00e1ro\u010dnou \u00fadr\u017ebu a spolehliv\u00fd odvod tepla pro osv\u011btlovac\u00ed syst\u00e9my LED.<br \/>\n<\/p><br \/>\n<br \/>\n<p><b>3.Jak\u00fd p\u0159\u00ednos m\u00e1 \u010dtvercov\u00fd design pro chlazen\u00ed LED?<\/b><\/p>\n<p>\u010ctvercov\u00fd design maximalizuje plochu pro \u00fa\u010dinn\u00fd odvod tepla a bez probl\u00e9m\u016f se hod\u00ed ke \u010dtvercov\u00fdm modul\u016fm LED.<br \/>\n<\/p><br \/>\n<br \/>\n<p><b>4.Je \u010dtvercov\u00fd pasivn\u00ed hlin\u00edkov\u00fd chladi\u010d LED vhodn\u00fd pro vysoce v\u00fdkonn\u00e9 LED diody?<\/b><\/p>\n<p>Ano, d\u00edky hlin\u00edkov\u00e9 konstrukci a pasivn\u00edmu chlazen\u00ed je ide\u00e1ln\u00ed pro vysoce v\u00fdkonn\u00e9 LED aplikace.<br \/>\n<\/p><br \/>\n<br \/>\n<p><b>5.M\u016f\u017ee tento chladi\u010d prodlou\u017eit \u017eivotnost LED diod?<\/b><\/p>\n<p>Ano, \u00fa\u010dinn\u00fd tepeln\u00fd management sni\u017euje teplotu spoj\u016f LED, \u010d\u00edm\u017e zvy\u0161uje jejich \u017eivotnost a v\u00fdkon.<br \/>\n<\/p><br \/>\n<br \/>\n<p><b>6. lze chladi\u010d snadno instalovat na sv\u00edtidla LED?<\/b><\/p>\n<p>Ano, je navr\u017een pro jednoduchou integraci pomoc\u00ed \u0161roub\u016f, svorek nebo tepeln\u00e9ho lepidla v z\u00e1vislosti na nastaven\u00ed LED.<br \/>\n<\/p><br \/>\n<br \/>\n<p><b>7.M\u00e1 pasivn\u00ed konstrukce vliv na tepelnou \u00fa\u010dinnost?<\/b><\/p>\n<p>Pasivn\u00ed konstrukce zaji\u0161\u0165uje \u00fa\u010dinn\u00fd odvod tepla bez hluku, co\u017e je ide\u00e1ln\u00ed pro prost\u0159ed\u00ed vy\u017eaduj\u00edc\u00ed tich\u00fd provoz.<br \/>\n<\/p><br \/>\n<br \/>\n<p><b>8.Je tento chladi\u010d LED \u0161etrn\u00fd k \u017eivotn\u00edmu prost\u0159ed\u00ed?<\/b><\/p>\n<p>Ano, pasivn\u00ed konstrukce sni\u017euje spot\u0159ebu energie a eliminuje elektronick\u00fd odpad spojen\u00fd s ventil\u00e1torem, tak\u017ee je \u0161etrn\u00e1 k \u017eivotn\u00edmu prost\u0159ed\u00ed.<br \/>\n<\/p><br \/><\/p>","protected":false},"featured_media":10617,"template":"","categories":[72],"class_list":["post-10618","product","type-product","status-publish","has-post-thumbnail","hentry","category-extruded-aluminum-heatsink"],"meta_box":{"hilight_text_group":{"product_hilight_text":"<li>Optimized square design for uniform LED heat dissipation<\/li>\r\n<li>Passive cooling eliminates the need for active components<\/li>\r\n<li>Durable aluminum construction ensures long-term thermal performance<\/li>\r\n<li>Ideal for compact LED modules and high-density installations<\/li>\r\n<li>Maintenance-free solution with zero noise operation<\/li>","product_chanpin_chanpin":"<ul>\r\n<li><a href=\"https:\/\/sinoextrud.com\/product\/aluminium-extrusion-6061-6082-7075-aluminum-alloy-profiles\/\" target=\"_blank\">6061 aluminum extrusion<\/a><\/li>\r\n<li><a href=\"https:\/\/sinoextrud.com\/product\/oval-aluminum-extrud-profile\/\" target=\"_blank\">oval aluminum extrusion<\/a><\/li>\r\n<li><a href=\"https:\/\/sinoextrud.com\/product\/aluminium-extrusion-anodised-aluminium-tube\/\" target=\"_blank\">anodised aluminium tube<\/a><\/li>\r\n<li><a href=\"https:\/\/sinoextrud.com\/product\/c-shaped-closed-linear-ceiling-system\/\" target=\"_blank\">linear closed ceilings<\/a><\/li>\r\n<li><a href=\"https:\/\/sinoextrud.com\/product\/the-new-perforated-ceiling-system\/\" target=\"_blank\">perforated french ceilings<\/a><\/li>\r\n<li><a href=\"https:\/\/sinoextrud.com\/product\/aluminum-extrusion-7003-7005-7020\/\" target=\"_blank\">7020 aluminum<\/a><\/li>\r\n<\/ul>","product_chanpin_blog":"<ul>\r\n<li><a href=\"https:\/\/sinoextrud.com\/t-slot-v-slot-differences\/\" target=\"_blank\">t slot vs v slot<\/a><\/li>\r\n<li><a href=\"https:\/\/sinoextrud.com\/what-is-4040-aluminium-extrud\/\" target=\"_blank\">4040 aluminium extrusion<\/a><\/li>\r\n<li><a href=\"https:\/\/sinoextrud.com\/what-is-4040-aluminium-extrud\/\" target=\"_blank\">aluminum extrusions for industrial racks<\/a><\/li>\r\n<li><a href=\"https:\/\/sinoextrud.com\/powder-coating-aluminium-process\/\" target=\"_blank\">powder coating aluminium<\/a><\/li>\r\n<li><a href=\"https:\/\/sinoextrud.com\/what-is-an-aluminium-strip-ceiling\/\" target=\"_blank\">aluminium strip ceiling<\/a><\/li>\r\n<li><a href=\"https:\/\/sinoextrud.com\/what-is-a-heat-sink\/\" target=\"_blank\">what is a heat sink<\/a><\/li>\r\n<\/ul>"},"feature_list":[]},"_links":{"self":[{"href":"https:\/\/sinoextrud.com\/cs\/wp-json\/wp\/v2\/product\/10618","targetHints":{"allow":["GET"]}}],"collection":[{"href":"https:\/\/sinoextrud.com\/cs\/wp-json\/wp\/v2\/product"}],"about":[{"href":"https:\/\/sinoextrud.com\/cs\/wp-json\/wp\/v2\/types\/product"}],"wp:featuredmedia":[{"embeddable":true,"href":"https:\/\/sinoextrud.com\/cs\/wp-json\/wp\/v2\/media\/10617"}],"wp:attachment":[{"href":"https:\/\/sinoextrud.com\/cs\/wp-json\/wp\/v2\/media?parent=10618"}],"wp:term":[{"taxonomy":"category","embeddable":true,"href":"https:\/\/sinoextrud.com\/cs\/wp-json\/wp\/v2\/categories?post=10618"}],"curies":[{"name":"wp","href":"https:\/\/api.w.org\/{rel}","templated":true}]}}