{"id":10612,"date":"2025-07-24T03:10:11","date_gmt":"2025-07-24T03:10:11","guid":{"rendered":"https:\/\/sinoextrud.com\/product\/square-aluminum-cnc-machined-heatsink\/"},"modified":"2025-07-24T03:10:11","modified_gmt":"2025-07-24T03:10:11","slug":"ctvercovy-hlinikovy-cnc-obrabeny-chladic","status":"publish","type":"product","link":"https:\/\/sinoextrud.com\/cs\/product\/square-aluminum-cnc-machined-heatsink\/","title":{"rendered":"\u010ctvercov\u00fd hlin\u00edkov\u00fd CNC obr\u00e1b\u011bn\u00fd chladi\u010d"},"content":{"rendered":"<h2>Podrobnosti o produktech<\/h2>\n<table class=\"custom-table\">\n<tr>\n<td class=\"label\">T\u0159\u00edda<\/td>\n<td>\u0158ada 6000<\/td>\n<\/tr>\n<tr>\n<td class=\"label\">Tolerance<\/td>\n<td>GB\/T 3190-2008,GB\/T 14846-2008,ISO 2768<\/td>\n<\/tr>\n<tr>\n<td class=\"label\">Doba dod\u00e1n\u00ed<\/td>\n<td>15-30 dn\u00ed<\/td>\n<\/tr>\n<tr>\n<td class=\"label\">Temperament<\/td>\n<td>T3-T8<\/td>\n<\/tr>\n<tr>\n<td class=\"label\">Aplikace<\/td>\n<td>Chladi\u010d<\/td>\n<\/tr>\n<tr>\n<td class=\"label\">Tvar<\/td>\n<td>Podle n\u00e1vrhu<\/td>\n<\/tr>\n<tr>\n<td class=\"label\">Slitina nebo ne<\/td>\n<td>Je slitina<\/td>\n<\/tr>\n<tr>\n<td class=\"label\">Slu\u017eba zpracov\u00e1n\u00ed<\/td>\n<td>\u0158ez\u00e1n\u00ed, vrt\u00e1n\u00ed a z\u00e1vitov\u00e1n\u00ed, CNC zpracov\u00e1n\u00ed, eloxov\u00e1n\u00ed<\/td>\n<\/tr>\n<tr>\n<td class=\"label\">Pitch<\/td>\n<td>3,8 mm<\/td>\n<\/tr>\n<tr>\n<td class=\"label\">Prodejn\u00ed jednotky<\/td>\n<td>Jednotliv\u00e1 polo\u017eka<\/td>\n<\/tr>\n<tr>\n<td class=\"label\">Velikost jednoho balen\u00ed<\/td>\n<td>14X14X5 cm<\/td>\n<\/tr>\n<tr>\n<td class=\"label\">Jednotliv\u00e1 hrub\u00e1 hmotnost<\/td>\n<td>1.000 KG<\/td>\n<\/tr>\n<\/table>\n<h2>Na\u0161e v\u00fdrobn\u00ed z\u00e1kladna<\/h2>\n<h3>Panorama tov\u00e1rny<\/h3>\n<p><img decoding=\"async\" src=\"\/wp-content\/uploads\/factory-01.webp\"\/><\/p>\n<h3>D\u00edlna na v\u00fdrobu hlin\u00edkov\u00fdch ty\u010d\u00ed<\/h3>\n<p><img decoding=\"async\" src=\"\/wp-content\/uploads\/factory-02.webp\"\/><\/p>\n<p><img decoding=\"async\" src=\"\/wp-content\/uploads\/factory-03.webp\"\/><\/p>\n<h3>Sklad pl\u00edsn\u00ed<\/h3>\n<p><img decoding=\"async\" src=\"\/wp-content\/uploads\/factory-04.webp\"\/><\/p>\n<h3>43 linek na vytla\u010dov\u00e1n\u00ed hlin\u00edku (500 - 5500 tun)<\/h3>\n<p><img decoding=\"async\" src=\"\/wp-content\/uploads\/factory-05.webp\"\/><\/p>\n<p><img decoding=\"async\" src=\"\/wp-content\/uploads\/factory-06.webp\"\/><\/p>\n<p><img decoding=\"async\" src=\"\/wp-content\/uploads\/factory-07.webp\"\/><\/p>\n<h3>D\u00edlna pr\u00e1\u0161kov\u00e9ho lakov\u00e1n\u00ed<\/h3>\n<p><img decoding=\"async\" src=\"\/wp-content\/uploads\/factory-09.webp\"\/><\/p>\n<h3>D\u00edlna eloxov\u00e1n\u00ed<\/h3>\n<p><img decoding=\"async\" src=\"\/wp-content\/uploads\/factory-10.webp\"\/><\/p>\n<h3>Workshop o hloubkov\u00e9m zpracov\u00e1n\u00ed<\/h3>\n<p><img decoding=\"async\" src=\"\/wp-content\/uploads\/factory-11.webp\"\/><\/p>\n<h3>D\u00edlna CNC p\u0159esn\u00e9ho obr\u00e1b\u011bn\u00ed<\/h3>\n<p><img decoding=\"async\" src=\"\/wp-content\/uploads\/factory-11.5.webp\"\/><\/p>\n<h3>Sklad hotov\u00fdch v\u00fdrobk\u016f a exportn\u00ed sklad<\/h3>\n<p><img decoding=\"async\" src=\"\/wp-content\/uploads\/factory-12.webp\"\/><\/p>\n<p><img decoding=\"async\" src=\"\/wp-content\/uploads\/factory-13.webp\"\/><\/p>\n<p><img decoding=\"async\" src=\"\/wp-content\/uploads\/factory-14.webp\"\/><\/p>\n<h2>\u010cASTO KLADEN\u00c9 DOTAZY<\/h2>\n<p><p><b>1.Co je \u010dtvercov\u00fd hlin\u00edkov\u00fd CNC obr\u00e1b\u011bn\u00fd chladi\u010d?<\/b><\/p>\n<p>Jedn\u00e1 se o p\u0159esn\u011b opracovan\u00fd chladi\u010d \u010dtvercov\u00e9ho tvaru, kter\u00fd je navr\u017een pro \u00fa\u010dinn\u00fd odvod tepla v elektronick\u00fdch syst\u00e9mech.<br \/>\n<\/p><br \/>\n<br \/>\n<p><b>2.Pro\u010d zvolit CNC obr\u00e1b\u011bn\u00ed pro chladi\u010de?<\/b><\/p>\n<p>CNC obr\u00e1b\u011bn\u00ed nab\u00edz\u00ed vysokou rozm\u011brovou p\u0159esnost, lep\u0161\u00ed kontakt s povrchem a flexibilitu vlastn\u00edho designu.<br \/>\n<\/p><br \/>\n<br \/>\n<p><b>3.Lze \u010dtvercov\u00fd chladi\u010d p\u0159izp\u016fsobit?<\/b><\/p>\n<p>Ano, podporujeme p\u0159izp\u016fsoben\u00ed rozm\u011br\u016f, struktury \u017eeber, mont\u00e1\u017en\u00edch otvor\u016f a povrchov\u00fdch \u00faprav pro v\u00fdrobce OEM.<br \/>\n<\/p><br \/>\n<br \/>\n<p><b>4.Jak\u00e9 aplikace jsou vhodn\u00e9 pro tento chladi\u010d?<\/b><\/p>\n<p>Tento chladi\u010d je ide\u00e1ln\u00ed pro v\u00fdkonovou elektroniku, mikroprocesory, ovlada\u010de LED a mal\u00e9 sk\u0159\u00edn\u011b.<br \/>\n<\/p><br \/>\n<br \/>\n<p><b>5.Je hlin\u00edkov\u00fd materi\u00e1l \u00fa\u010dinn\u00fd pro tepeln\u00fd management?<\/b><\/p>\n<p>Ano, vysoce vodiv\u00fd hlin\u00edk zaji\u0161\u0165uje rychl\u00fd p\u0159enos tepla a stabilitu syst\u00e9mu.<br \/>\n<\/p><br \/>\n<br \/>\n<p><b>6.Lze jej pou\u017e\u00edt v pasivn\u00edch i aktivn\u00edch chladic\u00edch syst\u00e9mech?<\/b><\/p>\n<p>Ano, konstrukce podporuje samostatn\u00e9 pou\u017eit\u00ed nebo integraci s ventil\u00e1tory a tepeln\u00fdmi materi\u00e1ly rozhran\u00ed.<br \/>\n<\/p><br \/>\n<br \/>\n<p><b>7.Zlep\u0161uje \u010dtvercov\u00fd tvar tepeln\u00fd v\u00fdkon?<\/b><\/p>\n<p>\u010ctvercov\u00fd tvar nab\u00edz\u00ed vyv\u00e1\u017een\u00e9 rozlo\u017een\u00ed tepla a je vhodn\u00fd pro kompaktn\u00ed uspo\u0159\u00e1d\u00e1n\u00ed za\u0159\u00edzen\u00ed.<br \/>\n<\/p><br \/>\n<br \/>\n<p><b>8.Jak\u00e9 povrchov\u00e9 \u00fapravy jsou k dispozici?<\/b><\/p>\n<p>Nab\u00edz\u00edme eloxov\u00e1n\u00ed, pr\u00e1\u0161kov\u00e9 lakov\u00e1n\u00ed a zak\u00e1zkov\u00e9 povrchov\u00e9 \u00fapravy pro zv\u00fd\u0161en\u00ed ochrany a vzhledu.<br \/>\n<\/p><br \/><\/p>","protected":false},"featured_media":10611,"template":"","categories":[72],"class_list":["post-10612","product","type-product","status-publish","has-post-thumbnail","hentry","category-extruded-aluminum-heatsink"],"meta_box":{"hilight_text_group":{"product_hilight_text":"<li>Square profile offers versatile mounting and efficient space utilization<\/li>\r\n<li>CNC machined from high-quality aluminum for superior thermal performance<\/li>\r\n<li>Precision design ensures excellent contact with heat sources<\/li>\r\n<li>Ideal for power modules, chipsets, and compact electronic devices<\/li>\r\n<li>Supports custom fin layouts and hole patterns for OEM applications<\/li>\r\n<li>Corrosion-resistant finishes available for extended durability<\/li>\r\n<li>Suitable for both passive and active cooling systems<\/li>","product_chanpin_chanpin":"<ul>\r\n<li><a href=\"https:\/\/sinoextrud.com\/product\/aluminium-extrusion-6061-6082-7075-aluminum-alloy-profiles\/\" target=\"_blank\">6061 aluminum extrusion<\/a><\/li>\r\n<li><a href=\"https:\/\/sinoextrud.com\/product\/oval-aluminum-extrud-profile\/\" target=\"_blank\">oval aluminum extrusion<\/a><\/li>\r\n<li><a href=\"https:\/\/sinoextrud.com\/product\/aluminium-extrusion-anodised-aluminium-tube\/\" target=\"_blank\">anodised aluminium tube<\/a><\/li>\r\n<li><a href=\"https:\/\/sinoextrud.com\/product\/c-shaped-closed-linear-ceiling-system\/\" target=\"_blank\">linear closed ceilings<\/a><\/li>\r\n<li><a href=\"https:\/\/sinoextrud.com\/product\/the-new-perforated-ceiling-system\/\" target=\"_blank\">perforated french ceilings<\/a><\/li>\r\n<li><a href=\"https:\/\/sinoextrud.com\/product\/aluminum-extrusion-7003-7005-7020\/\" target=\"_blank\">7020 aluminum<\/a><\/li>\r\n<\/ul>","product_chanpin_blog":"<ul>\r\n<li><a href=\"https:\/\/sinoextrud.com\/t-slot-v-slot-differences\/\" target=\"_blank\">t slot vs v slot<\/a><\/li>\r\n<li><a href=\"https:\/\/sinoextrud.com\/what-is-4040-aluminium-extrud\/\" target=\"_blank\">4040 aluminium extrusion<\/a><\/li>\r\n<li><a href=\"https:\/\/sinoextrud.com\/what-is-4040-aluminium-extrud\/\" target=\"_blank\">aluminum extrusions for industrial racks<\/a><\/li>\r\n<li><a href=\"https:\/\/sinoextrud.com\/powder-coating-aluminium-process\/\" target=\"_blank\">powder coating aluminium<\/a><\/li>\r\n<li><a href=\"https:\/\/sinoextrud.com\/what-is-an-aluminium-strip-ceiling\/\" target=\"_blank\">aluminium strip ceiling<\/a><\/li>\r\n<li><a href=\"https:\/\/sinoextrud.com\/what-is-a-heat-sink\/\" target=\"_blank\">what is a heat sink<\/a><\/li>\r\n<\/ul>"},"feature_list":[]},"_links":{"self":[{"href":"https:\/\/sinoextrud.com\/cs\/wp-json\/wp\/v2\/product\/10612","targetHints":{"allow":["GET"]}}],"collection":[{"href":"https:\/\/sinoextrud.com\/cs\/wp-json\/wp\/v2\/product"}],"about":[{"href":"https:\/\/sinoextrud.com\/cs\/wp-json\/wp\/v2\/types\/product"}],"wp:featuredmedia":[{"embeddable":true,"href":"https:\/\/sinoextrud.com\/cs\/wp-json\/wp\/v2\/media\/10611"}],"wp:attachment":[{"href":"https:\/\/sinoextrud.com\/cs\/wp-json\/wp\/v2\/media?parent=10612"}],"wp:term":[{"taxonomy":"category","embeddable":true,"href":"https:\/\/sinoextrud.com\/cs\/wp-json\/wp\/v2\/categories?post=10612"}],"curies":[{"name":"wp","href":"https:\/\/api.w.org\/{rel}","templated":true}]}}