{"id":10610,"date":"2025-07-24T03:07:14","date_gmt":"2025-07-24T03:07:14","guid":{"rendered":"https:\/\/sinoextrud.com\/product\/factory-price-custom-aluminum-extrusion-heatsink\/"},"modified":"2025-07-24T03:07:14","modified_gmt":"2025-07-24T03:07:14","slug":"tovarni-cena-na-zakazku-hlinikovy-vytlacovaci-chladic","status":"publish","type":"product","link":"https:\/\/sinoextrud.com\/cs\/product\/factory-price-custom-aluminum-extrusion-heatsink\/","title":{"rendered":"Tov\u00e1rn\u00ed cena Vlastn\u00ed hlin\u00edkov\u00fd vytla\u010dovac\u00ed chladi\u010d"},"content":{"rendered":"<h2>Podrobnosti o produktech<\/h2>\n<table class=\"custom-table\">\n<tr>\n<td class=\"label\">T\u0159\u00edda<\/td>\n<td>\u0158ada 6000<\/td>\n<\/tr>\n<tr>\n<td class=\"label\">Tolerance<\/td>\n<td>GB\/T 3190-2008,GB\/T 14846-2008,ISO 2768<\/td>\n<\/tr>\n<tr>\n<td class=\"label\">Doba dod\u00e1n\u00ed<\/td>\n<td>15-21 dn\u00ed<\/td>\n<\/tr>\n<tr>\n<td class=\"label\">Temperament<\/td>\n<td>T3-T8<\/td>\n<\/tr>\n<tr>\n<td class=\"label\">Aplikace<\/td>\n<td>Chladi\u010d<\/td>\n<\/tr>\n<tr>\n<td class=\"label\">Tvar<\/td>\n<td>Obd\u00e9ln\u00edk<\/td>\n<\/tr>\n<tr>\n<td class=\"label\">Slitina nebo ne<\/td>\n<td>Je slitina<\/td>\n<\/tr>\n<tr>\n<td class=\"label\">Slu\u017eba zpracov\u00e1n\u00ed<\/td>\n<td>\u0158ez\u00e1n\u00ed, vrt\u00e1n\u00ed, z\u00e1vitov\u00e1n\u00ed, CNC zpracov\u00e1n\u00ed, eloxov\u00e1n\u00ed<\/td>\n<\/tr>\n<tr>\n<td class=\"label\">Pitch<\/td>\n<td>3,5 mm<\/td>\n<\/tr>\n<tr>\n<td class=\"label\">Prodejn\u00ed jednotky<\/td>\n<td>Jednotliv\u00e1 polo\u017eka<\/td>\n<\/tr>\n<tr>\n<td class=\"label\">Velikost jednoho balen\u00ed<\/td>\n<td>13X12X4 cm<\/td>\n<\/tr>\n<tr>\n<td class=\"label\">Jednotliv\u00e1 hrub\u00e1 hmotnost<\/td>\n<td>0,700 KG<\/td>\n<\/tr>\n<\/table>\n<h2>Na\u0161e v\u00fdrobn\u00ed z\u00e1kladna<\/h2>\n<h3>Panorama tov\u00e1rny<\/h3>\n<p><img decoding=\"async\" src=\"\/wp-content\/uploads\/factory-01.webp\"\/><\/p>\n<h3>D\u00edlna na v\u00fdrobu hlin\u00edkov\u00fdch ty\u010d\u00ed<\/h3>\n<p><img decoding=\"async\" src=\"\/wp-content\/uploads\/factory-02.webp\"\/><\/p>\n<p><img decoding=\"async\" src=\"\/wp-content\/uploads\/factory-03.webp\"\/><\/p>\n<h3>Sklad pl\u00edsn\u00ed<\/h3>\n<p><img decoding=\"async\" src=\"\/wp-content\/uploads\/factory-04.webp\"\/><\/p>\n<h3>43 linek na vytla\u010dov\u00e1n\u00ed hlin\u00edku (500 - 5500 tun)<\/h3>\n<p><img decoding=\"async\" src=\"\/wp-content\/uploads\/factory-05.webp\"\/><\/p>\n<p><img decoding=\"async\" src=\"\/wp-content\/uploads\/factory-06.webp\"\/><\/p>\n<p><img decoding=\"async\" src=\"\/wp-content\/uploads\/factory-07.webp\"\/><\/p>\n<h3>D\u00edlna pr\u00e1\u0161kov\u00e9ho lakov\u00e1n\u00ed<\/h3>\n<p><img decoding=\"async\" src=\"\/wp-content\/uploads\/factory-09.webp\"\/><\/p>\n<h3>D\u00edlna eloxov\u00e1n\u00ed<\/h3>\n<p><img decoding=\"async\" src=\"\/wp-content\/uploads\/factory-10.webp\"\/><\/p>\n<h3>Workshop o hloubkov\u00e9m zpracov\u00e1n\u00ed<\/h3>\n<p><img decoding=\"async\" src=\"\/wp-content\/uploads\/factory-11.webp\"\/><\/p>\n<h3>D\u00edlna CNC p\u0159esn\u00e9ho obr\u00e1b\u011bn\u00ed<\/h3>\n<p><img decoding=\"async\" src=\"\/wp-content\/uploads\/factory-11.5.webp\"\/><\/p>\n<h3>Sklad hotov\u00fdch v\u00fdrobk\u016f a exportn\u00ed sklad<\/h3>\n<p><img decoding=\"async\" src=\"\/wp-content\/uploads\/factory-12.webp\"\/><\/p>\n<p><img decoding=\"async\" src=\"\/wp-content\/uploads\/factory-13.webp\"\/><\/p>\n<p><img decoding=\"async\" src=\"\/wp-content\/uploads\/factory-14.webp\"\/><\/p>\n<h2>\u010cASTO KLADEN\u00c9 DOTAZY<\/h2>\n<p><p><b>1.What je tov\u00e1rn\u00ed cena Custom hlin\u00edkov\u00fd vytla\u010dovac\u00ed chladi\u010d?<\/b><\/p>\n<p>Jedn\u00e1 se o p\u0159izp\u016fsobiteln\u00fd hlin\u00edkov\u00fd chladi\u010d vyr\u00e1b\u011bn\u00fd za ceny p\u0159\u00edmo od v\u00fdrobce, kter\u00fd nab\u00edz\u00ed tepeln\u00e1 \u0159e\u0161en\u00ed pro r\u016fzn\u00e1 pr\u016fmyslov\u00e1 odv\u011btv\u00ed.<br \/>\n<\/p><br \/>\n<br \/>\n<p><b>2.Jak\u00e9 jsou v\u00fdhody vytla\u010dov\u00e1n\u00ed hlin\u00edku v chladi\u010d\u00edch?<\/b><\/p>\n<p>Vytla\u010dov\u00e1n\u00ed umo\u017e\u0148uje slo\u017eit\u00e9 konstrukce \u017eeber a \u00fa\u010dinn\u00fd p\u0159enos tepla p\u0159i zachov\u00e1n\u00ed n\u00edzk\u00e9 hmotnosti a n\u00edzk\u00fdch n\u00e1klad\u016f na chladi\u010d.<br \/>\n<\/p><br \/>\n<br \/>\n<p><b>3.Lze tento chladi\u010d p\u0159izp\u016fsobit pro mou aplikaci?<\/b><\/p>\n<p>Ano, nab\u00edz\u00edme p\u0159izp\u016fsoben\u00ed tvaru, velikosti, mont\u00e1\u017en\u00edch prvk\u016f a povrchov\u00fdch \u00faprav na m\u00edru OEM.<br \/>\n<\/p><br \/>\n<br \/>\n<p><b>4.Je tento hlin\u00edkov\u00fd chladi\u010d vhodn\u00fd pro pasivn\u00ed i aktivn\u00ed chlazen\u00ed?<\/b><\/p>\n<p>Ano, funguje dob\u0159e s p\u0159irozenou konvekc\u00ed a lze jej tak\u00e9 kombinovat s ventil\u00e1tory nebo syst\u00e9my kapalinov\u00e9ho chlazen\u00ed.<br \/>\n<\/p><br \/>\n<br \/>\n<p><b>5.V jak\u00fdch aplikac\u00edch se pou\u017e\u00edvaj\u00ed vlastn\u00ed hlin\u00edkov\u00e9 vytla\u010dovac\u00ed chladi\u010de?<\/b><\/p>\n<p>Jsou \u0161iroce pou\u017e\u00edv\u00e1ny v LED osv\u011btlen\u00ed, v\u00fdkonov\u00e9 elektronice, telekomunikac\u00edch a pr\u016fmyslov\u00fdch stroj\u00edch.<br \/>\n<\/p><br \/>\n<br \/>\n<p><b>6.Je chladi\u010d vybaven ochrannou povrchovou \u00fapravou?<\/b><\/p>\n<p>Ano, k dispozici je eloxov\u00e1n\u00ed a dal\u0161\u00ed povlaky, kter\u00e9 zvy\u0161uj\u00ed odolnost proti korozi a estetick\u00fd vzhled.<br \/>\n<\/p><br \/>\n<br \/>\n<p><b>7.Jak\u00e9 v\u00fdhody p\u0159in\u00e1\u0161\u00ed kupuj\u00edc\u00edm tvorba tov\u00e1rn\u00edch cen?<\/b><\/p>\n<p>Tov\u00e1rn\u00ed ceny sni\u017euj\u00ed po\u0159izovac\u00ed n\u00e1klady a zkracuj\u00ed dodac\u00ed lh\u016fty d\u00edky eliminaci prost\u0159edn\u00edk\u016f.<br \/>\n<\/p><br \/>\n<br \/>\n<p><b>8.Je vytla\u010dovac\u00ed chladi\u010d kompatibiln\u00ed s v\u00fdkonn\u00fdmi elektronick\u00fdmi za\u0159\u00edzen\u00edmi?<\/b><\/p>\n<p>Ano, d\u00edky vysok\u00e9 tepeln\u00e9 vodivosti a p\u0159izp\u016fsobiteln\u00e9 struktu\u0159e \u017eeber je vhodn\u00fd pro v\u00fdkonn\u00e9 a tepeln\u011b citliv\u00e9 komponenty.<br \/>\n<\/p><br \/><\/p>","protected":false},"featured_media":10609,"template":"","categories":[72],"class_list":["post-10610","product","type-product","status-publish","has-post-thumbnail","hentry","category-extruded-aluminum-heatsink"],"meta_box":{"hilight_text_group":{"product_hilight_text":"<li>Factory-direct pricing ensures cost-effective thermal management solutions<\/li>\r\n<li>Made from high thermal conductivity aluminum for efficient heat dissipation<\/li>\r\n<li>Fully customizable extrusion profiles to meet diverse application needs<\/li>\r\n<li>Lightweight and durable structure ideal for industrial and consumer electronics<\/li>\r\n<li>Available in various surface finishes including anodizing for enhanced protection<\/li>\r\n<li>Supports OEM\/ODM services for tailored heatsink designs<\/li>\r\n<li>Suitable for passive and active cooling configurations<\/li>","product_chanpin_chanpin":"<ul>\r\n<li><a href=\"https:\/\/sinoextrud.com\/product\/aluminium-extrusion-6061-6082-7075-aluminum-alloy-profiles\/\" target=\"_blank\">6061 aluminum extrusion<\/a><\/li>\r\n<li><a href=\"https:\/\/sinoextrud.com\/product\/oval-aluminum-extrud-profile\/\" target=\"_blank\">oval aluminum extrusion<\/a><\/li>\r\n<li><a href=\"https:\/\/sinoextrud.com\/product\/aluminium-extrusion-anodised-aluminium-tube\/\" target=\"_blank\">anodised aluminium tube<\/a><\/li>\r\n<li><a href=\"https:\/\/sinoextrud.com\/product\/c-shaped-closed-linear-ceiling-system\/\" target=\"_blank\">linear closed ceilings<\/a><\/li>\r\n<li><a href=\"https:\/\/sinoextrud.com\/product\/the-new-perforated-ceiling-system\/\" target=\"_blank\">perforated french ceilings<\/a><\/li>\r\n<li><a href=\"https:\/\/sinoextrud.com\/product\/aluminum-extrusion-7003-7005-7020\/\" target=\"_blank\">7020 aluminum<\/a><\/li>\r\n<\/ul>","product_chanpin_blog":"<ul>\r\n<li><a href=\"https:\/\/sinoextrud.com\/t-slot-v-slot-differences\/\" target=\"_blank\">t slot vs v slot<\/a><\/li>\r\n<li><a href=\"https:\/\/sinoextrud.com\/what-is-4040-aluminium-extrud\/\" target=\"_blank\">4040 aluminium extrusion<\/a><\/li>\r\n<li><a href=\"https:\/\/sinoextrud.com\/what-is-4040-aluminium-extrud\/\" target=\"_blank\">aluminum extrusions for industrial racks<\/a><\/li>\r\n<li><a href=\"https:\/\/sinoextrud.com\/powder-coating-aluminium-process\/\" target=\"_blank\">powder coating aluminium<\/a><\/li>\r\n<li><a href=\"https:\/\/sinoextrud.com\/what-is-an-aluminium-strip-ceiling\/\" target=\"_blank\">aluminium strip ceiling<\/a><\/li>\r\n<li><a href=\"https:\/\/sinoextrud.com\/what-is-a-heat-sink\/\" target=\"_blank\">what is a heat sink<\/a><\/li>\r\n<\/ul>"},"feature_list":[]},"_links":{"self":[{"href":"https:\/\/sinoextrud.com\/cs\/wp-json\/wp\/v2\/product\/10610","targetHints":{"allow":["GET"]}}],"collection":[{"href":"https:\/\/sinoextrud.com\/cs\/wp-json\/wp\/v2\/product"}],"about":[{"href":"https:\/\/sinoextrud.com\/cs\/wp-json\/wp\/v2\/types\/product"}],"wp:featuredmedia":[{"embeddable":true,"href":"https:\/\/sinoextrud.com\/cs\/wp-json\/wp\/v2\/media\/10609"}],"wp:attachment":[{"href":"https:\/\/sinoextrud.com\/cs\/wp-json\/wp\/v2\/media?parent=10610"}],"wp:term":[{"taxonomy":"category","embeddable":true,"href":"https:\/\/sinoextrud.com\/cs\/wp-json\/wp\/v2\/categories?post=10610"}],"curies":[{"name":"wp","href":"https:\/\/api.w.org\/{rel}","templated":true}]}}