{"id":10607,"date":"2025-07-24T03:00:13","date_gmt":"2025-07-24T03:00:13","guid":{"rendered":"https:\/\/sinoextrud.com\/product\/high-quality-cnc-custom-extruded-aluminum-heatsink-120x30x110mm\/"},"modified":"2025-07-24T03:01:41","modified_gmt":"2025-07-24T03:01:41","slug":"vysoce-kvalitni-cnc-extrudovany-hlinikovy-chladic-120x30x110mm","status":"publish","type":"product","link":"https:\/\/sinoextrud.com\/cs\/product\/high-quality-cnc-custom-extruded-aluminum-heatsink-120x30x110mm\/","title":{"rendered":"Vysoce kvalitn\u00ed CNC extrudovan\u00fd hlin\u00edkov\u00fd chladi\u010d 120 \u00d7 30 \u00d7 110 mm"},"content":{"rendered":"<h2>Podrobnosti o produktech<\/h2>\n<table class=\"custom-table\">\n<tr>\n<td class=\"label\">T\u0159\u00edda<\/td>\n<td>\u0158ada 6000<\/td>\n<\/tr>\n<tr>\n<td class=\"label\">Tolerance<\/td>\n<td>GB\/T 3190-2008,GB\/T 14846-2008,ISO 2768<\/td>\n<\/tr>\n<tr>\n<td class=\"label\">Doba dod\u00e1n\u00ed<\/td>\n<td>15-21 dn\u00ed<\/td>\n<\/tr>\n<tr>\n<td class=\"label\">Temperament<\/td>\n<td>T3-T8<\/td>\n<\/tr>\n<tr>\n<td class=\"label\">Aplikace<\/td>\n<td>Chladi\u010d<\/td>\n<\/tr>\n<tr>\n<td class=\"label\">Tvar<\/td>\n<td>Obd\u00e9ln\u00edk<\/td>\n<\/tr>\n<tr>\n<td class=\"label\">Slitina nebo ne<\/td>\n<td>Je slitina<\/td>\n<\/tr>\n<tr>\n<td class=\"label\">Slu\u017eba zpracov\u00e1n\u00ed<\/td>\n<td>\u0158ez\u00e1n\u00ed, vrt\u00e1n\u00ed, z\u00e1vitov\u00e1n\u00ed, CNC zpracov\u00e1n\u00ed, eloxov\u00e1n\u00ed<\/td>\n<\/tr>\n<tr>\n<td class=\"label\">Pitch<\/td>\n<td>3,5 mm<\/td>\n<\/tr>\n<tr>\n<td class=\"label\">Prodejn\u00ed jednotky<\/td>\n<td>Jednotliv\u00e1 polo\u017eka<\/td>\n<\/tr>\n<tr>\n<td class=\"label\">Velikost jednoho balen\u00ed<\/td>\n<td>13X12X4 cm<\/td>\n<\/tr>\n<tr>\n<td class=\"label\">Jednotliv\u00e1 hrub\u00e1 hmotnost<\/td>\n<td>0,700 KG<\/td>\n<\/tr>\n<\/table>\n<h2>Na\u0161e v\u00fdrobn\u00ed z\u00e1kladna<\/h2>\n<h3>Panorama tov\u00e1rny<\/h3>\n<p><img decoding=\"async\" src=\"\/wp-content\/uploads\/factory-01.webp\"\/><\/p>\n<h3>D\u00edlna na v\u00fdrobu hlin\u00edkov\u00fdch ty\u010d\u00ed<\/h3>\n<p><img decoding=\"async\" src=\"\/wp-content\/uploads\/factory-02.webp\"\/><\/p>\n<\/p>\n<p><img decoding=\"async\" src=\"\/wp-content\/uploads\/factory-03.webp\"\/><\/p>\n<h3>Sklad pl\u00edsn\u00ed<\/h3>\n<p><img decoding=\"async\" src=\"\/wp-content\/uploads\/factory-04.webp\"\/><\/p>\n<h3>43 linek na vytla\u010dov\u00e1n\u00ed hlin\u00edku (500-5500 tun)<\/h3>\n<p><img decoding=\"async\" src=\"\/wp-content\/uploads\/factory-05.webp\"\/><\/p>\n<p><img decoding=\"async\" src=\"\/wp-content\/uploads\/factory-06.webp\"\/><\/p>\n<p><img decoding=\"async\" src=\"\/wp-content\/uploads\/factory-07.webp\"\/><\/p>\n<h3>D\u00edlna pr\u00e1\u0161kov\u00e9ho lakov\u00e1n\u00ed<\/h3>\n<p><img decoding=\"async\" src=\"\/wp-content\/uploads\/factory-09.webp\"\/><\/p>\n<h3>D\u00edlna eloxov\u00e1n\u00ed<\/h3>\n<p><img decoding=\"async\" src=\"\/wp-content\/uploads\/factory-10.webp\"\/><\/p>\n<h3>Workshop o hloubkov\u00e9m zpracov\u00e1n\u00ed<\/h3>\n<p><img decoding=\"async\" src=\"\/wp-content\/uploads\/factory-11.webp\"\/><\/p>\n<h3>D\u00edlna CNC p\u0159esn\u00e9ho obr\u00e1b\u011bn\u00ed<\/h3>\n<p><img decoding=\"async\" src=\"\/wp-content\/uploads\/factory-11.5.webp\"\/><\/p>\n<h3>Sklad hotov\u00fdch v\u00fdrobk\u016f a exportn\u00ed sklad<\/h3>\n<p><img decoding=\"async\" src=\"\/wp-content\/uploads\/factory-12.webp\"\/><\/p>\n<p><img decoding=\"async\" src=\"\/wp-content\/uploads\/factory-13.webp\"\/><\/p>\n<p><img decoding=\"async\" src=\"\/wp-content\/uploads\/factory-14.webp\"\/><\/p>\n<h2>\u010cASTO KLADEN\u00c9 DOTAZY<\/h2>\n<p><b>1.Jak\u00e1 je velikost vysoce kvalitn\u00edho CNC extrudovan\u00e9ho hlin\u00edkov\u00e9ho chladi\u010de?<\/b><\/p>\n<p>Chladi\u010d m\u00e1 rozm\u011bry 120 \u00d7 30 \u00d7 110 mm, tak\u017ee je ide\u00e1ln\u00ed pro kompaktn\u00ed aplikace tepeln\u00e9ho managementu.\n<\/p>\n<p><\/p>\n<p><b>2.Jak\u00fd materi\u00e1l je pou\u017eit pro tento extrudovan\u00fd chladi\u010d?<\/b><\/p>\n<p>Je vyroben z vysoce kvalitn\u00edho hlin\u00edku, kter\u00fd nab\u00edz\u00ed vynikaj\u00edc\u00ed tepelnou vodivost a pevnost konstrukce.\n<\/p>\n<p><\/p>\n<p><b>3.Pro\u010d je CNC obr\u00e1b\u011bn\u00ed d\u016fle\u017eit\u00e9 pro chladi\u010de?<\/b><\/p>\n<p>CNC obr\u00e1b\u011bn\u00ed zaji\u0161\u0165uje p\u0159esn\u00e9 rozm\u011bry, hladk\u00fd povrch a spolehliv\u00fd v\u00fdkon v kritick\u00fdch aplikac\u00edch.\n<\/p>\n<p><\/p>\n<p><b>4.Lze chladi\u010d 120 \u00d7 30 \u00d7 110 mm p\u0159izp\u016fsobit?<\/b><\/p>\n<p>Ano, nab\u00edz\u00edme p\u0159izp\u016fsoben\u00ed OEM v\u010detn\u011b velikosti, uspo\u0159\u00e1d\u00e1n\u00ed \u017eeber, povrchov\u00e9 \u00fapravy a mo\u017enost\u00ed mont\u00e1\u017ee.\n<\/p>\n<p><\/p>\n<p><b>5.Jak\u00e9 jsou typick\u00e9 aplikace tohoto hlin\u00edkov\u00e9ho chladi\u010de?<\/b><\/p>\n<p>Pou\u017e\u00edv\u00e1 se v nap\u00e1jec\u00edch m\u011bni\u010d\u00edch, ovlada\u010d\u00edch LED, telekomunika\u010dn\u00edm hardwaru a pr\u016fmyslov\u00e9 elektronice.\n<\/p>\n<p><\/p>\n<p><b>6.Podporuje chladi\u010d pasivn\u00ed i aktivn\u00ed chlazen\u00ed?<\/b><\/p>\n<p>Ano, lze jej pou\u017e\u00edt s p\u0159irozenou konvekc\u00ed nebo integrovat do chladic\u00edch syst\u00e9m\u016f s ventil\u00e1torem.\n<\/p>\n<p><\/p>\n<p><b>7.Je povrch chladi\u010de odoln\u00fd proti korozi?<\/b><\/p>\n<p>Ano, povrchov\u00e9 \u00fapravy, jako je eloxov\u00e1n\u00ed, zvy\u0161uj\u00ed odolnost proti korozi a trvanlivost v n\u00e1ro\u010dn\u00fdch podm\u00ednk\u00e1ch.\n<\/p>\n<p><\/p>\n<p><b>8.Jak tento chladi\u010d zlep\u0161uje v\u00fdkon za\u0159\u00edzen\u00ed?<\/b><\/p>\n<p>\u00da\u010dinn\u011b odv\u00e1d\u00ed teplo, \u010d\u00edm\u017e pom\u00e1h\u00e1 p\u0159edch\u00e1zet tepeln\u00e9mu po\u0161kozen\u00ed a prodlu\u017euje \u017eivotnost citliv\u00fdch komponent.\n<\/p>\n<p><\/p>","protected":false},"featured_media":10608,"template":"","categories":[72],"class_list":["post-10607","product","type-product","status-publish","has-post-thumbnail","hentry","category-extruded-aluminum-heatsink"],"meta_box":{"hilight_text_group":{"product_hilight_text":"<li>Made from high-quality extruded aluminum for excellent heat dissipation<\/li>\r\n<li>CNC precision machining ensures tight tolerances and accurate dimensions<\/li>\r\n<li>Compact 120\u00d730\u00d7110mm size fits space-constrained electronic assemblies<\/li>\r\n<li>Ideal for power electronics, LED modules, and communication equipment<\/li>\r\n<li>Supports custom fin design and mounting hole configurations<\/li>\r\n<li>Corrosion-resistant surface finishes available, including anodizing<\/li>\r\n<li>OEM\/ODM services for tailored thermal management solutions<\/li>","product_chanpin_chanpin":"<ul>\r\n<li><a href=\"https:\/\/sinoextrud.com\/product\/aluminium-extrusion-6061-6082-7075-aluminum-alloy-profiles\/\" target=\"_blank\">6061 aluminum extrusion<\/a><\/li>\r\n<li><a href=\"https:\/\/sinoextrud.com\/product\/oval-aluminum-extrud-profile\/\" target=\"_blank\">oval aluminum extrusion<\/a><\/li>\r\n<li><a href=\"https:\/\/sinoextrud.com\/product\/aluminium-extrusion-anodised-aluminium-tube\/\" target=\"_blank\">anodised aluminium tube<\/a><\/li>\r\n<li><a href=\"https:\/\/sinoextrud.com\/product\/c-shaped-closed-linear-ceiling-system\/\" target=\"_blank\">linear closed ceilings<\/a><\/li>\r\n<li><a href=\"https:\/\/sinoextrud.com\/product\/the-new-perforated-ceiling-system\/\" target=\"_blank\">perforated french ceilings<\/a><\/li>\r\n<li><a href=\"https:\/\/sinoextrud.com\/product\/aluminum-extrusion-7003-7005-7020\/\" target=\"_blank\">7020 aluminum<\/a><\/li>\r\n<\/ul>","product_chanpin_blog":"<ul>\r\n<li><a href=\"https:\/\/sinoextrud.com\/t-slot-v-slot-differences\/\" target=\"_blank\">t slot vs v slot<\/a><\/li>\r\n<li><a href=\"https:\/\/sinoextrud.com\/what-is-4040-aluminium-extrud\/\" target=\"_blank\">4040 aluminium extrusion<\/a><\/li>\r\n<li><a href=\"https:\/\/sinoextrud.com\/what-is-4040-aluminium-extrud\/\" target=\"_blank\">aluminum extrusions for industrial racks<\/a><\/li>\r\n<li><a href=\"https:\/\/sinoextrud.com\/powder-coating-aluminium-process\/\" target=\"_blank\">powder coating aluminium<\/a><\/li>\r\n<li><a href=\"https:\/\/sinoextrud.com\/what-is-an-aluminium-strip-ceiling\/\" target=\"_blank\">aluminium strip ceiling<\/a><\/li>\r\n<li><a href=\"https:\/\/sinoextrud.com\/what-is-a-heat-sink\/\" target=\"_blank\">what is a heat sink<\/a><\/li>\r\n<\/ul>"},"feature_list":[]},"_links":{"self":[{"href":"https:\/\/sinoextrud.com\/cs\/wp-json\/wp\/v2\/product\/10607","targetHints":{"allow":["GET"]}}],"collection":[{"href":"https:\/\/sinoextrud.com\/cs\/wp-json\/wp\/v2\/product"}],"about":[{"href":"https:\/\/sinoextrud.com\/cs\/wp-json\/wp\/v2\/types\/product"}],"wp:featuredmedia":[{"embeddable":true,"href":"https:\/\/sinoextrud.com\/cs\/wp-json\/wp\/v2\/media\/10608"}],"wp:attachment":[{"href":"https:\/\/sinoextrud.com\/cs\/wp-json\/wp\/v2\/media?parent=10607"}],"wp:term":[{"taxonomy":"category","embeddable":true,"href":"https:\/\/sinoextrud.com\/cs\/wp-json\/wp\/v2\/categories?post=10607"}],"curies":[{"name":"wp","href":"https:\/\/api.w.org\/{rel}","templated":true}]}}