{"id":10067,"date":"2025-07-09T02:02:18","date_gmt":"2025-07-09T02:02:18","guid":{"rendered":"https:\/\/sinoextrud.com\/product\/fiber-laser-marking-machine\/"},"modified":"2025-07-09T02:03:58","modified_gmt":"2025-07-09T02:03:58","slug":"laserovy-znackovaci-stroj","status":"publish","type":"product","link":"https:\/\/sinoextrud.com\/cs\/product\/fiber-laser-marking-machine\/","title":{"rendered":"Vl\u00e1knov\u00fd laserov\u00fd zna\u010dkovac\u00ed stroj"},"content":{"rendered":"<h2>Podrobnosti o produktech<\/h2>\n<table class=\"custom-table\">\n<tr>\n<td class=\"label\">typ laseru<\/td>\n<td>Vl\u00e1knov\u00fd laser<\/td>\n<\/tr>\n<tr>\n<td class=\"label\">podporovan\u00fd grafick\u00fd form\u00e1t<\/td>\n<td>AI, BMP, DXF, DXP, Dst, Dwg, LAS, PLT<\/td>\n<\/tr>\n<tr>\n<td class=\"label\">funkce<\/td>\n<td>Hlubok\u00e9 zna\u010den\u00ed<\/td>\n<\/tr>\n<tr>\n<td class=\"label\">kl\u00ed\u010dov\u00e9 prodejn\u00ed body<\/td>\n<td>Snadn\u00e9 ovl\u00e1d\u00e1n\u00ed<\/td>\n<\/tr>\n<tr>\n<td class=\"label\">z\u00e1ruka<\/td>\n<td>2 roky<\/td>\n<\/tr>\n<tr>\n<td class=\"label\">stav<\/td>\n<td>Nov\u00fd<\/td>\n<\/tr>\n<tr>\n<td class=\"label\">Chladic\u00ed syst\u00e9m<\/td>\n<td>Chlazen\u00ed vzduchem<\/td>\n<\/tr>\n<tr>\n<td class=\"label\">cnc nebo ne<\/td>\n<td>Ano<\/td>\n<\/tr>\n<tr>\n<td class=\"label\">zna\u010dka \u0159\u00eddic\u00edho syst\u00e9mu<\/td>\n<td>ezcard<\/td>\n<\/tr>\n<tr>\n<td class=\"label\">pracovn\u00ed p\u0159esnost<\/td>\n<td>0,01 mm<\/td>\n<\/tr>\n<tr>\n<td class=\"label\">Hloubka zna\u010den\u00ed<\/td>\n<td>0,5-2 mm<\/td>\n<\/tr>\n<tr>\n<td class=\"label\">Rychlost zna\u010den\u00ed<\/td>\n<td>7000-12000 mm\/s<\/td>\n<\/tr>\n<tr>\n<td class=\"label\">Prodejn\u00ed jednotky<\/td>\n<td>Jednotliv\u00e1 polo\u017eka<\/td>\n<\/tr>\n<tr>\n<td class=\"label\">Velikost jednoho balen\u00ed<\/td>\n<td>10X10X10 cm<\/td>\n<\/tr>\n<tr>\n<td class=\"label\">Jednotliv\u00e1 hrub\u00e1 hmotnost<\/td>\n<td>55.000 KG<\/td>\n<\/tr>\n<\/table>\n<h2>\u010cASTO KLADEN\u00c9 DOTAZY<\/h2>\n<p><b>1.Jak\u00e9 materi\u00e1ly lze ozna\u010dovat vl\u00e1knov\u00fdm laserem?<\/b><\/p>\n<p>Vl\u00e1knov\u00e9 laserov\u00e9 zna\u010dkovac\u00ed stroje jsou ide\u00e1ln\u00ed pro zna\u010den\u00ed kov\u016f, jako je nerezov\u00e1 ocel, hlin\u00edk, zlato a n\u011bkter\u00e9 tvrd\u00e9 plasty.\n<\/p>\n<p><\/p>\n<p><b>2.Pro\u010d je zna\u010den\u00ed vl\u00e1knov\u00fdm laserem vhodn\u00e9 pro pr\u016fmyslov\u00e9 pou\u017eit\u00ed?<\/b><\/p>\n<p>Zna\u010den\u00ed vl\u00e1knov\u00fdm laserem nab\u00edz\u00ed vysokou rychlost, stabiln\u00ed provoz a odolnost v n\u00e1ro\u010dn\u00fdch podm\u00ednk\u00e1ch, tak\u017ee je ide\u00e1ln\u00ed pro pr\u016fmyslov\u00e9 aplikace.\n<\/p>\n<p><\/p>\n<p><b>3.Jak\u00e9 jsou v\u00fdhody vl\u00e1knov\u00fdch laserov\u00fdch zna\u010dic\u00edch stroj\u016f?<\/b><\/p>\n<p>Vl\u00e1knov\u00e9 laserov\u00e9 zna\u010dkovac\u00ed stroje poskytuj\u00ed vysokou p\u0159esnost, rychlost zpracov\u00e1n\u00ed, n\u00edzkou spot\u0159ebu energie a dlouhou \u017eivotnost.\n<\/p>\n<p><\/p>\n<p><b>4.Is vl\u00e1knov\u00fd laserov\u00fd zna\u010dkovac\u00ed stroj bez\u00fadr\u017ebov\u00fd?<\/b><\/p>\n<p>Ano, vl\u00e1knov\u00e9 laserov\u00e9 syst\u00e9my nevy\u017eaduj\u00ed t\u00e9m\u011b\u0159 \u017e\u00e1dnou \u00fadr\u017ebu d\u00edky sv\u00e9 polovodi\u010dov\u00e9 konstrukci a odoln\u00e9mu laserov\u00e9mu zdroji.\n<\/p>\n<p><\/p>\n<p><b>5.Mohou vl\u00e1knov\u00e9 lasery prov\u00e1d\u011bt hlubok\u00e9 grav\u00edrov\u00e1n\u00ed?<\/b><\/p>\n<p>Ano, laserov\u00e9 zna\u010dkovac\u00ed stroje podporuj\u00ed jak jemn\u00e9 povrchov\u00e9 zna\u010den\u00ed, tak hlubok\u00e9 grav\u00edrov\u00e1n\u00ed do r\u016fzn\u00fdch kovov\u00fdch materi\u00e1l\u016f.\n<\/p>\n<p><\/p>\n<p><b>6.Jak dlouho vydr\u017e\u00ed vl\u00e1knov\u00fd laserov\u00fd zdroj?<\/b><\/p>\n<p>Vl\u00e1knov\u00e9 laserov\u00e9 zdroje obvykle vydr\u017e\u00ed v\u00edce ne\u017e 100 000 hodin, \u010d\u00edm\u017e se prodlu\u017euje jejich \u017eivotnost a sni\u017euj\u00ed provozn\u00ed n\u00e1klady.\n<\/p>\n<p><\/p>\n<p><b>7.Je zna\u010den\u00ed vl\u00e1knov\u00fdm laserem energeticky \u00fa\u010dinn\u00e9?<\/b><\/p>\n<p>Ano, vl\u00e1knov\u00e9 laserov\u00e9 zna\u010dkovac\u00ed stroje jsou vysoce energeticky \u00fa\u010dinn\u00e9 a v\u011bt\u0161inu elektrick\u00e9 energie p\u0159em\u011b\u0148uj\u00ed na laserov\u00fd v\u00fdstup.\n<\/p>\n<p><\/p>\n<p><b>8.Lze vl\u00e1knov\u00e9 lasery pou\u017e\u00edvat v automatizovan\u00fdch syst\u00e9mech?<\/b><\/p>\n<p>D\u00edky kompaktn\u00ed a modul\u00e1rn\u00ed konstrukci jsou vl\u00e1knov\u00e9 lasery ide\u00e1ln\u00ed pro integraci do automatizovan\u00fdch v\u00fdrobn\u00edch linek.\n<\/p>\n<p><\/p>","protected":false},"featured_media":10066,"template":"","categories":[70],"class_list":["post-10067","product","type-product","status-publish","has-post-thumbnail","hentry","category-aluminum-machinery"],"meta_box":{"hilight_text_group":{"product_hilight_text":"<li>High-speed marking with excellent beam quality<\/li>\r\n<li>Suitable for metals and some hard plastics<\/li>\r\n<li>Low power consumption and high energy efficiency<\/li>\r\n<li>Long service life with maintenance-free operation<\/li>\r\n<li>Compact design for easy integration into production lines<\/li>\r\n<li>Supports deep engraving and fine marking<\/li>\r\n<li>Stable performance in harsh industrial environments<\/li>","product_chanpin_chanpin":"<ul>\r\n<li><a href=\"https:\/\/sinoextrud.com\/product\/aluminium-extrusion-6061-6082-7075-aluminum-alloy-profiles\/\" target=\"_blank\">6061 aluminum extrusion<\/a><\/li>\r\n<li><a href=\"https:\/\/sinoextrud.com\/product\/oval-aluminum-extrud-profile\/\" target=\"_blank\">oval aluminum extrusion<\/a><\/li>\r\n<li><a href=\"https:\/\/sinoextrud.com\/product\/aluminium-extrusion-anodised-aluminium-tube\/\" target=\"_blank\">anodised aluminium tube<\/a><\/li>\r\n<li><a href=\"https:\/\/sinoextrud.com\/product\/c-shaped-closed-linear-ceiling-system\/\" target=\"_blank\">linear closed ceilings<\/a><\/li>\r\n<li><a href=\"https:\/\/sinoextrud.com\/product\/the-new-perforated-ceiling-system\/\" target=\"_blank\">perforated french ceilings<\/a><\/li>\r\n<li><a href=\"https:\/\/sinoextrud.com\/product\/aluminum-extrusion-7003-7005-7020\/\" target=\"_blank\">7020 aluminum<\/a><\/li>\r\n<\/ul>","product_chanpin_blog":"<ul>\r\n<li><a href=\"https:\/\/sinoextrud.com\/t-slot-v-slot-differences\/\" target=\"_blank\">t slot vs v slot<\/a><\/li>\r\n<li><a href=\"https:\/\/sinoextrud.com\/what-is-4040-aluminium-extrud\/\" target=\"_blank\">4040 aluminium extrusion<\/a><\/li>\r\n<li><a href=\"https:\/\/sinoextrud.com\/what-is-4040-aluminium-extrud\/\" target=\"_blank\">aluminum extrusions for industrial racks<\/a><\/li>\r\n<li><a href=\"https:\/\/sinoextrud.com\/powder-coating-aluminium-process\/\" target=\"_blank\">powder coating aluminium<\/a><\/li>\r\n<li><a href=\"https:\/\/sinoextrud.com\/what-is-an-aluminium-strip-ceiling\/\" target=\"_blank\">aluminium strip ceiling<\/a><\/li>\r\n<li><a href=\"https:\/\/sinoextrud.com\/what-is-a-heat-sink\/\" target=\"_blank\">what is a heat sink<\/a><\/li>\r\n<\/ul>"},"feature_list":[]},"_links":{"self":[{"href":"https:\/\/sinoextrud.com\/cs\/wp-json\/wp\/v2\/product\/10067","targetHints":{"allow":["GET"]}}],"collection":[{"href":"https:\/\/sinoextrud.com\/cs\/wp-json\/wp\/v2\/product"}],"about":[{"href":"https:\/\/sinoextrud.com\/cs\/wp-json\/wp\/v2\/types\/product"}],"wp:featuredmedia":[{"embeddable":true,"href":"https:\/\/sinoextrud.com\/cs\/wp-json\/wp\/v2\/media\/10066"}],"wp:attachment":[{"href":"https:\/\/sinoextrud.com\/cs\/wp-json\/wp\/v2\/media?parent=10067"}],"wp:term":[{"taxonomy":"category","embeddable":true,"href":"https:\/\/sinoextrud.com\/cs\/wp-json\/wp\/v2\/categories?post=10067"}],"curies":[{"name":"wp","href":"https:\/\/api.w.org\/{rel}","templated":true}]}}