{"id":10065,"date":"2025-07-09T01:38:03","date_gmt":"2025-07-09T01:38:03","guid":{"rendered":"https:\/\/sinoextrud.com\/product\/uv-laser-marking-machine\/"},"modified":"2025-07-09T01:39:02","modified_gmt":"2025-07-09T01:39:02","slug":"uv-laserovy-znackovaci-stroj","status":"publish","type":"product","link":"https:\/\/sinoextrud.com\/cs\/product\/uv-laser-marking-machine\/","title":{"rendered":"UV laserov\u00fd zna\u010dkovac\u00ed stroj"},"content":{"rendered":"<h2>Podrobnosti o produktech<\/h2>\n<table class=\"custom-table\">\n<tr>\n<td class=\"label\">typ laseru<\/td>\n<td>Vl\u00e1knov\u00fd laser<\/td>\n<\/tr>\n<tr>\n<td class=\"label\">podporovan\u00fd grafick\u00fd form\u00e1t<\/td>\n<td>AI, PLT, DXF, BMP, Dst, Dwg<\/td>\n<\/tr>\n<tr>\n<td class=\"label\">funkce<\/td>\n<td>Vzduchem chlazen\u00e9<\/td>\n<\/tr>\n<tr>\n<td class=\"label\">kl\u00ed\u010dov\u00e9 prodejn\u00ed body<\/td>\n<td>Soukrom\u00e9 p\u0159izp\u016fsoben\u00ed<\/td>\n<\/tr>\n<tr>\n<td class=\"label\">z\u00e1ruka<\/td>\n<td>2 roky<\/td>\n<\/tr>\n<tr>\n<td class=\"label\">stav<\/td>\n<td>Nov\u00fd<\/td>\n<\/tr>\n<tr>\n<td class=\"label\">Chladic\u00ed syst\u00e9m<\/td>\n<td>Chlazen\u00ed vzduchem<\/td>\n<\/tr>\n<tr>\n<td class=\"label\">cnc nebo ne<\/td>\n<td>Ano<\/td>\n<\/tr>\n<tr>\n<td class=\"label\">zna\u010dka \u0159\u00eddic\u00edho syst\u00e9mu<\/td>\n<td>JinChengzi<\/td>\n<\/tr>\n<tr>\n<td class=\"label\">pracovn\u00ed p\u0159esnost<\/td>\n<td>0,001MM<\/td>\n<\/tr>\n<tr>\n<td class=\"label\">hmotnost (kg)<\/td>\n<td>150<\/td>\n<\/tr>\n<tr>\n<td class=\"label\">Prodejn\u00ed jednotky<\/td>\n<td>Jednotliv\u00e1 polo\u017eka<\/td>\n<\/tr>\n<tr>\n<td class=\"label\">Velikost jednoho balen\u00ed<\/td>\n<td>100X100X100 cm<\/td>\n<\/tr>\n<tr>\n<td class=\"label\">Jednotliv\u00e1 hrub\u00e1 hmotnost<\/td>\n<td>100 000 KG<\/td>\n<\/tr>\n<\/table>\n<h2>\u010cASTO KLADEN\u00c9 DOTAZY<\/h2>\n<p><b>1.S jak\u00fdmi materi\u00e1ly si porad\u00ed UV laserov\u00e9 zna\u010dkovac\u00ed stroje?<\/b><\/p>\n<p>UV laserov\u00e9 popisovac\u00ed stroje jsou ide\u00e1ln\u00ed pro popisov\u00e1n\u00ed materi\u00e1l\u016f citliv\u00fdch na teplo, jako jsou plasty, sklo, keramika a tenk\u00e9 vrstvy.\n<\/p>\n<p><\/p>\n<p><b>2.Jak dosahuje UV laserov\u00fd zna\u010dkovac\u00ed stroj vysok\u00e9 p\u0159esnosti?<\/b><\/p>\n<p>UV laserov\u00e9 popisova\u010de vyu\u017e\u00edvaj\u00ed laserov\u00fd paprsek s kr\u00e1tkou vlnovou d\u00e9lkou k dosa\u017een\u00ed velmi jemn\u00e9ho a p\u0159esn\u00e9ho popisu.\n<\/p>\n<p><\/p>\n<p><b>3.Je UV laserov\u00e9 zna\u010den\u00ed \u0161etrn\u00e9 k \u017eivotn\u00edmu prost\u0159ed\u00ed?<\/b><\/p>\n<p>Ano, zna\u010den\u00ed UV laserem je \u010dist\u00fd, bezkontaktn\u00ed proces, kter\u00fd neprodukuje \u017e\u00e1dn\u00e9 \u0161kodliv\u00e9 emise, tak\u017ee je \u0161etrn\u00fd k \u017eivotn\u00edmu prost\u0159ed\u00ed.\n<\/p>\n<p><\/p>\n<p><b>4.Jak\u00e9 jsou v\u00fdhody pou\u017eit\u00ed UV laseru pro zna\u010den\u00ed plast\u016f?<\/b><\/p>\n<p>UV laserov\u00e9 zna\u010dkovac\u00ed stroje umo\u017e\u0148uj\u00ed vytv\u00e1\u0159et hladk\u00e9, vysoce kontrastn\u00ed zna\u010dky na plastech, ani\u017e by doch\u00e1zelo k vypalov\u00e1n\u00ed nebo taven\u00ed povrchu.\n<\/p>\n<p><\/p>\n<p><b>5.Jak dlouho vydr\u017e\u00ed zdroj UV laseru?<\/b><\/p>\n<p>UV laserov\u00e9 zdroje maj\u00ed obvykle dlouhou \u017eivotnost a\u017e 20 000 hodin, co\u017e sni\u017euje prostoje a n\u00e1klady na \u00fadr\u017ebu.\n<\/p>\n<p><\/p>\n<p><b>6.Mohou b\u00fdt UV laserov\u00e9 zna\u010dkovac\u00ed stroje pou\u017e\u00edv\u00e1ny v automatizovan\u00fdch syst\u00e9mech?<\/b><\/p>\n<p>Ano, jejich kompaktn\u00ed konstrukce a stabiln\u00ed v\u00fdkon je p\u0159edur\u010duj\u00ed k integraci do automatizovan\u00fdch v\u00fdrobn\u00edch linek.\n<\/p>\n<p><\/p>\n<p><b>7.Pro\u010d zvolit UV laserov\u00e9 zna\u010den\u00ed m\u00edsto tradi\u010dn\u00edch metod?<\/b><\/p>\n<p>Zna\u010den\u00ed UV laserem p\u0159in\u00e1\u0161\u00ed vy\u0161\u0161\u00ed p\u0159esnost, minim\u00e1ln\u00ed tepeln\u00fd efekt a lep\u0161\u00ed v\u00fdsledky u choulostiv\u00fdch materi\u00e1l\u016f ve srovn\u00e1n\u00ed s tradi\u010dn\u00edmi zna\u010dkovac\u00edmi technikami.\n<\/p>\n<p><\/p>\n<p><b>8.Vy\u017eaduj\u00ed UV laserov\u00e9 zna\u010dkovac\u00ed stroje \u010dastou \u00fadr\u017ebu?<\/b><\/p>\n<p>Ne, UV laserov\u00e9 zna\u010dkovac\u00ed stroje vy\u017eaduj\u00ed n\u00edzk\u00e9 n\u00e1roky na \u00fadr\u017ebu d\u00edky robustn\u00ed a stabiln\u00ed laserov\u00e9 technologii.<\/p>\n<p><\/p>","protected":false},"featured_media":10064,"template":"","categories":[70],"class_list":["post-10065","product","type-product","status-publish","has-post-thumbnail","hentry","category-aluminum-machinery"],"meta_box":{"hilight_text_group":{"product_hilight_text":"<li>High precision marking with ultra-fine UV laser beam<\/li>\r\n<li>Suitable for heat-sensitive materials like plastic and glass<\/li>\r\n<li>Non-contact, eco-friendly marking process<\/li>\r\n<li>Stable performance with long-lasting laser source<\/li>\r\n<li>Supports complex pattern engraving with high speed<\/li>\r\n<li>Low maintenance cost and long service life<\/li>\r\n<li>Compact design suitable for automated production lines<\/li>","product_chanpin_chanpin":"<ul>\r\n<li><a href=\"https:\/\/sinoextrud.com\/product\/aluminium-extrusion-6061-6082-7075-aluminum-alloy-profiles\/\" target=\"_blank\">6061 aluminum extrusion<\/a><\/li>\r\n<li><a href=\"https:\/\/sinoextrud.com\/product\/oval-aluminum-extrud-profile\/\" target=\"_blank\">oval aluminum extrusion<\/a><\/li>\r\n<li><a href=\"https:\/\/sinoextrud.com\/product\/aluminium-extrusion-anodised-aluminium-tube\/\" target=\"_blank\">anodised aluminium tube<\/a><\/li>\r\n<li><a href=\"https:\/\/sinoextrud.com\/product\/c-shaped-closed-linear-ceiling-system\/\" target=\"_blank\">linear closed ceilings<\/a><\/li>\r\n<li><a href=\"https:\/\/sinoextrud.com\/product\/the-new-perforated-ceiling-system\/\" target=\"_blank\">perforated french ceilings<\/a><\/li>\r\n<li><a href=\"https:\/\/sinoextrud.com\/product\/aluminum-extrusion-7003-7005-7020\/\" target=\"_blank\">7020 aluminum<\/a><\/li>\r\n<\/ul>","product_chanpin_blog":"<ul>\r\n<li><a href=\"https:\/\/sinoextrud.com\/t-slot-v-slot-differences\/\" target=\"_blank\">t slot vs v slot<\/a><\/li>\r\n<li><a href=\"https:\/\/sinoextrud.com\/what-is-4040-aluminium-extrud\/\" target=\"_blank\">4040 aluminium extrusion<\/a><\/li>\r\n<li><a href=\"https:\/\/sinoextrud.com\/what-is-4040-aluminium-extrud\/\" target=\"_blank\">aluminum extrusions for industrial racks<\/a><\/li>\r\n<li><a href=\"https:\/\/sinoextrud.com\/powder-coating-aluminium-process\/\" target=\"_blank\">powder coating aluminium<\/a><\/li>\r\n<li><a href=\"https:\/\/sinoextrud.com\/what-is-an-aluminium-strip-ceiling\/\" target=\"_blank\">aluminium strip ceiling<\/a><\/li>\r\n<li><a href=\"https:\/\/sinoextrud.com\/what-is-a-heat-sink\/\" target=\"_blank\">what is a heat sink<\/a><\/li>\r\n<\/ul>"},"feature_list":[]},"_links":{"self":[{"href":"https:\/\/sinoextrud.com\/cs\/wp-json\/wp\/v2\/product\/10065","targetHints":{"allow":["GET"]}}],"collection":[{"href":"https:\/\/sinoextrud.com\/cs\/wp-json\/wp\/v2\/product"}],"about":[{"href":"https:\/\/sinoextrud.com\/cs\/wp-json\/wp\/v2\/types\/product"}],"wp:featuredmedia":[{"embeddable":true,"href":"https:\/\/sinoextrud.com\/cs\/wp-json\/wp\/v2\/media\/10064"}],"wp:attachment":[{"href":"https:\/\/sinoextrud.com\/cs\/wp-json\/wp\/v2\/media?parent=10065"}],"wp:term":[{"taxonomy":"category","embeddable":true,"href":"https:\/\/sinoextrud.com\/cs\/wp-json\/wp\/v2\/categories?post=10065"}],"curies":[{"name":"wp","href":"https:\/\/api.w.org\/{rel}","templated":true}]}}