{"id":11008,"date":"2025-08-01T03:38:54","date_gmt":"2025-08-01T03:38:54","guid":{"rendered":"https:\/\/sinoextrud.com\/product\/led-lamp-heat-sink-for-efficient-cooling\/"},"modified":"2025-08-01T03:38:54","modified_gmt":"2025-08-01T03:38:54","slug":"%d8%a7%d9%84%d9%85%d8%b4%d8%aa%d8%aa-%d8%a7%d9%84%d8%ad%d8%b1%d8%a7%d8%b1%d9%8a-%d9%84%d9%85%d8%b5%d8%a8%d8%a7%d8%ad-led-%d9%84%d9%84%d8%aa%d8%a8%d8%b1%d9%8a%d8%af-%d8%a7%d9%84%d9%81%d8%b9%d8%a7%d9%84","status":"publish","type":"product","link":"https:\/\/sinoextrud.com\/ar\/product\/led-lamp-heat-sink-for-efficient-cooling\/","title":{"rendered":"\u0628\u0627\u0644\u0648\u0639\u0629 \u062d\u0631\u0627\u0631\u064a\u0629 \u0644\u0645\u0635\u0628\u0627\u062d LED \u0644\u0644\u062a\u0628\u0631\u064a\u062f \u0627\u0644\u0641\u0639\u0627\u0644"},"content":{"rendered":"<h2>\u062a\u0641\u0627\u0635\u064a\u0644 \u0627\u0644\u0645\u0646\u062a\u062c\u0627\u062a<\/h2>\n<div class=\"product-table\">\n<div class=\"row\">\n<div class=\"cell label\">\u0627\u0644\u0635\u0641<\/div>\n<div class=\"cell value\">AL6063<\/div>\n<\/div>\n<div class=\"row\">\n<div class=\"cell label\">\u0627\u0644\u062a\u0633\u0627\u0645\u062d<\/div>\n<div class=\"cell value\">\u00b11%<\/div>\n<\/div>\n<div class=\"row\">\n<div class=\"cell label\">\u0648\u0642\u062a \u0627\u0644\u062a\u0633\u0644\u064a\u0645<\/div>\n<div class=\"cell value\">\u0645\u0646 22 \u0625\u0644\u0649 30 \u064a\u0648\u0645\u0627\u064b<\/div>\n<\/div>\n<div class=\"row\">\n<div class=\"cell label\">\u0627\u0644\u0645\u0632\u0627\u062c<\/div>\n<div class=\"cell value\">T3-T8<\/div>\n<\/div>\n<div class=\"row\">\n<div class=\"cell label\">\u0627\u0644\u062a\u0637\u0628\u064a\u0642<\/div>\n<div class=\"cell value\">\u0627\u0644\u0645\u0634\u062a\u062a \u0627\u0644\u062d\u0631\u0627\u0631\u064a<\/div>\n<\/div>\n<div class=\"row\">\n<div class=\"cell label\">\u0627\u0644\u0634\u0643\u0644<\/div>\n<div class=\"cell value\">\u0645\u0633\u062a\u062f\u064a\u0631\u0629<\/div>\n<\/div>\n<div class=\"row\">\n<div class=\"cell label\">\u0633\u0628\u064a\u0643\u0629 \u0623\u0645 \u0644\u0627<\/div>\n<div class=\"cell value\">\u0647\u0644 \u0627\u0644\u0633\u0628\u064a\u0643\u0629<\/div>\n<\/div>\n<div class=\"row\">\n<div class=\"cell label\">\u062e\u062f\u0645\u0629 \u0627\u0644\u0645\u0639\u0627\u0644\u062c\u0629<\/div>\n<div class=\"cell value\">\u0627\u0644\u0642\u0637\u0639<\/div>\n<\/div>\n<div class=\"row\">\n<div class=\"cell label\">\u0627\u0644\u0645\u0648\u0627\u062f<\/div>\n<div class=\"cell value\">\u0633\u0628\u064a\u0643\u0629 6063<\/div>\n<\/div>\n<div class=\"row\">\n<div class=\"cell label\">\u0645\u0639\u0627\u0644\u062c\u0629 \u0627\u0644\u0633\u0637\u062d<\/div>\n<div class=\"cell value\">\u0637\u0644\u0627\u0621 \u0628\u0623\u0643\u0633\u064a\u062f \u0627\u0644\u0623\u0644\u0648\u0645\u0646\u064a\u0648\u0645<\/div>\n<\/div>\n<div class=\"row\">\n<div class=\"cell label\">\u0627\u0644\u0644\u0648\u0646<\/div>\n<div class=\"cell value\">\u0644\u0648\u0646 \u0645\u062e\u0635\u0635 \u062d\u0633\u0628 \u0627\u0644\u0637\u0644\u0628<\/div>\n<\/div>\n<div class=\"row\">\n<div class=\"cell label\">\u0627\u0644\u062d\u062c\u0645<\/div>\n<div class=\"cell value\">\u0637\u0644\u0628 \u0627\u0644\u0639\u0645\u064a\u0644<\/div>\n<\/div>\n<div class=\"row\">\n<div class=\"cell label\">\u0627\u0644\u0646\u0648\u0639<\/div>\n<div class=\"cell value\">\u0645\u0642\u0627\u0637\u0639 \u0628\u062b\u0642 \u0627\u0644\u0623\u0644\u0648\u0645\u0646\u064a\u0648\u0645 \u0627\u0644\u0645\u0635\u0646\u0648\u0639\u0629 \u0645\u0646 \u0627\u0644\u0623\u0644\u0648\u0645\u0646\u064a\u0648\u0645 \u0627\u0644\u0623\u0635\u0644\u064a<\/div>\n<\/div>\n<div class=\"row\">\n<div class=\"cell label\">\u0627\u0644\u062a\u0635\u062f\u064a\u0642<\/div>\n<div class=\"cell value\">ISO9001:2015<\/div>\n<\/div>\n<div class=\"row\">\n<div class=\"cell label\">\u0627\u0644\u0627\u0633\u062a\u062e\u062f\u0627\u0645<\/div>\n<div class=\"cell value\">\u0645\u0628\u062f\u062f \u062d\u0631\u0627\u0631\u0629 \u0627\u0644\u0635\u0645\u0627\u0645 \u0627\u0644\u062b\u0646\u0627\u0626\u064a \u0627\u0644\u0628\u0627\u0639\u062b \u0644\u0644\u0636\u0648\u0621 (LED)<\/div>\n<\/div>\n<div class=\"row\">\n<div class=\"cell label\">\u0627\u0644\u062e\u062f\u0645\u0629<\/div>\n<div class=\"cell value\">\u062a\u0635\u0646\u064a\u0639 \u0627\u0644\u0645\u0639\u062f\u0627\u062a \u0627\u0644\u0623\u0635\u0644\u064a\u0629 \u062d\u0633\u0628 \u0627\u0644\u0637\u0644\u0628<\/div>\n<\/div>\n<div class=\"row\">\n<div class=\"cell label\">\u0645\u0648\u0643<\/div>\n<div class=\"cell value\">200 \u0642\u0637\u0639\u0629<\/div>\n<\/div>\n<div class=\"row\">\n<div class=\"cell label\">\u0627\u0644\u0645\u0647\u0644\u0629 \u0627\u0644\u0632\u0645\u0646\u064a\u0629<\/div>\n<div class=\"cell value\">25 \u0625\u0644\u0649 30 \u064a\u0648\u0645\u0627\u064b<\/div>\n<\/div>\n<div class=\"row\">\n<div class=\"cell label\">\u062a\u0641\u0627\u0635\u064a\u0644 \u0627\u0644\u062a\u063a\u0644\u064a\u0641<\/div>\n<div class=\"cell value\">\u0648\u0627\u0642\u064a\u0629 \u0648\u0627\u062d\u062f\u0629 + \u0643\u0631\u062a\u0648\u0646 \u0623\u0648 \u0628\u0646\u0627\u0621\u064b \u0639\u0644\u0649 \u0645\u062a\u0637\u0644\u0628\u0627\u062a \u0627\u0644\u0639\u0645\u0644\u0627\u0621<\/div>\n<\/div>\n<div class=\"row\">\n<div class=\"cell label\">\u0645\u064a\u0646\u0627\u0621 \u0627\u0644\u0625\u0631\u0633\u0627\u0644<\/div>\n<div class=\"cell value\">\u0634\u0646\u062a\u0634\u0646 \u0623\u0648 \u0647\u0648\u0646\u063a \u0643\u0648\u0646\u063a<\/div>\n<\/div>\n<div class=\"row\">\n<div class=\"cell label\">\u0648\u062d\u062f\u0627\u062a \u0627\u0644\u0628\u064a\u0639<\/div>\n<div class=\"cell value\">\u0639\u0646\u0635\u0631 \u0648\u0627\u062d\u062f<\/div>\n<\/div>\n<div class=\"row\">\n<div class=\"cell label\">\u062d\u062c\u0645 \u0627\u0644\u0639\u0628\u0648\u0629 \u0627\u0644\u0648\u0627\u062d\u062f\u0629<\/div>\n<div class=\"cell value\">10 \u00d7 10 \u00d7 10 \u00d7 5 \u0633\u0645<\/div>\n<\/div>\n<div class=\"row\">\n<div class=\"cell label\">\u0627\u0644\u0648\u0632\u0646 \u0627\u0644\u0625\u062c\u0645\u0627\u0644\u064a \u0627\u0644\u0641\u0631\u062f\u064a<\/div>\n<div class=\"cell value\">1.000 \u0643\u062c\u0645<\/div>\n<\/div>\n<div class=\"row\">\n<div class=\"cell label\">\u0627\u0644\u0642\u062f\u0631\u0629 \u0639\u0644\u0649 \u0627\u0644\u062a\u0648\u0631\u064a\u062f<\/div>\n<div class=\"cell value\">50000 \u0642\u0637\u0639\u0629 \u0641\u064a \u0627\u0644\u0634\u0647\u0631<\/div>\n<\/div>\n<\/div>\n<p><\/p>\n<h2>\u0642\u0627\u0639\u062f\u0629 \u0627\u0644\u062a\u0635\u0646\u064a\u0639 \u0644\u062f\u064a\u0646\u0627<\/h2>\n<h3>\u0628\u0627\u0646\u0648\u0631\u0627\u0645\u0627 \u0627\u0644\u0645\u0635\u0646\u0639<\/h3>\n<p><img decoding=\"async\" src=\"\/wp-content\/uploads\/factory-01.webp\"\/><\/p>\n<h3>\u0648\u0631\u0634\u0629 \u062a\u0635\u0646\u064a\u0639 \u0642\u0636\u0628\u0627\u0646 \u0627\u0644\u0623\u0644\u0648\u0645\u0646\u064a\u0648\u0645<\/h3>\n<p><img decoding=\"async\" src=\"\/wp-content\/uploads\/factory-02.webp\"\/><\/p>\n<p><img decoding=\"async\" src=\"\/wp-content\/uploads\/factory-03.webp\"\/><\/p>\n<h3>\u0645\u0633\u062a\u0648\u062f\u0639 \u062a\u062e\u0632\u064a\u0646 \u0627\u0644\u0642\u0648\u0627\u0644\u0628<\/h3>\n<p><img decoding=\"async\" src=\"\/wp-content\/uploads\/factory-04.webp\"\/><\/p>\n<h3>43 \u062e\u0637\u064b\u0627 \u0644\u0633\u062d\u0628 \u0627\u0644\u0623\u0644\u0648\u0645\u0646\u064a\u0648\u0645 (500-5500 \u0637\u0646)<\/h3>\n<p><img decoding=\"async\" src=\"\/wp-content\/uploads\/factory-05.webp\"\/><\/p>\n<p><img decoding=\"async\" src=\"\/wp-content\/uploads\/factory-06.webp\"\/><\/p>\n<p><img decoding=\"async\" src=\"\/wp-content\/uploads\/factory-07.webp\"\/><\/p>\n<h3>\u0648\u0631\u0634\u0629 \u0637\u0644\u0627\u0621 \u0627\u0644\u0628\u0648\u062f\u0631\u0629<\/h3>\n<p><img decoding=\"async\" src=\"\/wp-content\/uploads\/factory-09.webp\"\/><\/p>\n<h3>\u0648\u0631\u0634\u0629 \u0639\u0645\u0644 \u0627\u0644\u0623\u0646\u0648\u062f\u0629<\/h3>\n<p><img decoding=\"async\" src=\"\/wp-content\/uploads\/factory-10.webp\"\/><\/p>\n<h3>\u0648\u0631\u0634\u0629 \u0639\u0645\u0644 \u0627\u0644\u0645\u0639\u0627\u0644\u062c\u0629 \u0627\u0644\u0639\u0645\u064a\u0642\u0629<\/h3>\n<p><img decoding=\"async\" src=\"\/wp-content\/uploads\/factory-11.webp\"\/><\/p>\n<h3>\u0648\u0631\u0634\u0629 \u0627\u0644\u062a\u0635\u0646\u064a\u0639 \u0627\u0644\u0622\u0644\u064a \u0627\u0644\u062f\u0642\u064a\u0642 \u0628\u0627\u0633\u062a\u062e\u062f\u0627\u0645 \u0627\u0644\u062d\u0627\u0633\u0628 \u0627\u0644\u0622\u0644\u064a \u0627\u0644\u0631\u0642\u0645\u064a<\/h3>\n<p><img decoding=\"async\" src=\"\/wp-content\/uploads\/factory-11.5.webp\"\/><\/p>\n<h3>\u0645\u0633\u062a\u0648\u062f\u0639 \u0627\u0644\u0645\u0646\u062a\u062c\u0627\u062a \u0627\u0644\u0646\u0647\u0627\u0626\u064a\u0629 \u0648\u0627\u0644\u062a\u0635\u062f\u064a\u0631<\/h3>\n<p><img decoding=\"async\" src=\"\/wp-content\/uploads\/factory-12.webp\"\/><\/p>\n<p><img decoding=\"async\" src=\"\/wp-content\/uploads\/factory-13.webp\"\/><\/p>\n<p><img decoding=\"async\" src=\"\/wp-content\/uploads\/factory-14.webp\"\/><\/p>\n<h2>\u0627\u0644\u0623\u0633\u0626\u0644\u0629 \u0627\u0644\u0634\u0627\u0626\u0639\u0629<\/h2>\n<p><strong>1. \u0645\u0627 \u0647\u064a \u0627\u0644\u0645\u0648\u0627\u062f \u0627\u0644\u0645\u0633\u062a\u062e\u062f\u0645\u0629 \u0641\u064a \u0627\u0644\u0645\u0634\u062a\u062a \u0627\u0644\u062d\u0631\u0627\u0631\u064a \u0644\u0645\u0635\u0628\u0627\u062d LED\u061f<\/strong><br \/>\u0627\u0644\u0645\u0634\u062a\u062a \u0627\u0644\u062d\u0631\u0627\u0631\u064a \u0645\u0635\u0646\u0648\u0639 \u0645\u0646 \u0627\u0644\u0623\u0644\u0648\u0645\u0646\u064a\u0648\u0645 \u0639\u0627\u0644\u064a \u0627\u0644\u062c\u0648\u062f\u0629 \u0644\u062a\u0628\u062f\u064a\u062f \u0627\u0644\u062d\u0631\u0627\u0631\u0629 \u0628\u0634\u0643\u0644 \u0645\u0645\u062a\u0627\u0632.<\/p>\n<p><strong>2. \u0647\u0644 \u0627\u0644\u0645\u0634\u062a\u062a \u0627\u0644\u062d\u0631\u0627\u0631\u064a \u0644\u0645\u0635\u0628\u0627\u062d LED \u0645\u0646\u0627\u0633\u0628 \u0644\u0644\u0627\u0633\u062a\u062e\u062f\u0627\u0645 \u0627\u0644\u062e\u0627\u0631\u062c\u064a\u061f<\/strong><br \/>\u0646\u0639\u0645\u060c \u0625\u0646\u0647\u0627 \u0645\u0635\u0645\u0645\u0629 \u0644\u0644\u062a\u0639\u0627\u0645\u0644 \u0645\u0639 \u062f\u0631\u062c\u0627\u062a \u0627\u0644\u062d\u0631\u0627\u0631\u0629 \u0627\u0644\u0642\u0635\u0648\u0649 \u0644\u0644\u0627\u0633\u062a\u062e\u062f\u0627\u0645\u0627\u062a \u0627\u0644\u062f\u0627\u062e\u0644\u064a\u0629 \u0648\u0627\u0644\u062e\u0627\u0631\u062c\u064a\u0629 \u0639\u0644\u0649 \u062d\u062f \u0633\u0648\u0627\u0621.<\/p>\n<p><strong>3. \u0647\u0644 \u064a\u0645\u0643\u0646 \u062a\u062e\u0635\u064a\u0635 \u0627\u0644\u062d\u0648\u0636 \u0627\u0644\u062d\u0631\u0627\u0631\u064a \u0644\u0645\u0635\u0627\u0628\u064a\u062d LED \u0645\u062e\u062a\u0644\u0641\u0629\u061f<\/strong><br \/>\u0646\u0639\u0645\u060c \u0646\u0642\u062f\u0645 \u0623\u062d\u062c\u0627\u0645\u0627\u064b \u0648\u0623\u0634\u0643\u0627\u0644\u0627\u064b \u0645\u062e\u0635\u0635\u0629 \u0644\u0627\u0633\u062a\u064a\u0639\u0627\u0628 \u0645\u062e\u062a\u0644\u0641 \u0637\u0631\u0627\u0632\u0627\u062a \u0645\u0635\u0627\u0628\u064a\u062d LED.<\/p>\n<p><strong>4. \u0643\u064a\u0641 \u064a\u062d\u0633\u0646 \u0627\u0644\u0645\u0634\u062a\u062a \u0627\u0644\u062d\u0631\u0627\u0631\u064a \u0623\u062f\u0627\u0621 \u0645\u0635\u0628\u0627\u062d LED\u061f<\/strong><br \/>\u064a\u0639\u0645\u0644 \u0627\u0644\u0645\u0634\u062a\u062a \u0627\u0644\u062d\u0631\u0627\u0631\u064a \u0639\u0644\u0649 \u062a\u0628\u062f\u064a\u062f \u0627\u0644\u062d\u0631\u0627\u0631\u0629 \u0628\u0643\u0641\u0627\u0621\u0629\u060c \u0645\u0645\u0627 \u064a\u0639\u0632\u0632 \u0645\u0646 \u0637\u0648\u0644 \u0639\u0645\u0631 \u0648\u0623\u062f\u0627\u0621 \u0645\u0635\u0627\u0628\u064a\u062d LED.<\/p>\n<p><strong>5. \u0647\u0644 \u062a\u0648\u0641\u0631\u0648\u0646 \u062f\u0639\u0645 \u062a\u0631\u0643\u064a\u0628 \u0627\u0644\u0628\u0627\u0644\u0648\u0639\u0629 \u0627\u0644\u062d\u0631\u0627\u0631\u064a\u0629\u061f<\/strong><br \/>\u0639\u0644\u0649 \u0627\u0644\u0631\u063a\u0645 \u0645\u0646 \u0623\u0646\u0646\u0627 \u0644\u0627 \u0646\u0642\u0648\u0645 \u0628\u0627\u0644\u062a\u0631\u0643\u064a\u0628\u060c \u0625\u0644\u0627 \u0623\u0646\u0646\u0627 \u0646\u0648\u0641\u0631 \u0623\u062f\u0644\u0629 \u0634\u0627\u0645\u0644\u0629 \u0644\u0644\u0645\u0633\u0627\u0639\u062f\u0629 \u0641\u064a \u0627\u0644\u062a\u0631\u0643\u064a\u0628.<\/p>\n<p><strong>6. \u0645\u0627 \u0647\u0648 \u0627\u0644\u062d\u062f \u0627\u0644\u0623\u062f\u0646\u0649 \u0644\u0643\u0645\u064a\u0629 \u0627\u0644\u0637\u0644\u0628 \u0644\u062a\u0635\u0645\u064a\u0645 \u0628\u0627\u0644\u0648\u0639\u0629 \u062d\u0631\u0627\u0631\u064a\u0629 \u0645\u062e\u0635\u0635\u0629\u061f<\/strong><br \/>\u064a\u062e\u062a\u0644\u0641 \u0645\u0648\u0643 \u0628\u0646\u0627\u0621\u064b \u0639\u0644\u0649 \u0645\u062f\u0649 \u062a\u0639\u0642\u064a\u062f \u0627\u0644\u062a\u0635\u0645\u064a\u0645\u060c \u0648\u064a\u0628\u062f\u0623 \u0639\u0627\u062f\u0629\u064b \u0645\u0646 100 \u0648\u062d\u062f\u0629.<\/p>\n<p><strong>7. \u0647\u0644 \u064a\u0623\u062a\u064a \u0627\u0644\u0645\u063a\u0633\u0644\u0629 \u0627\u0644\u062d\u0631\u0627\u0631\u064a\u0629 \u0644\u0645\u0635\u0628\u0627\u062d LED \u0628\u0636\u0645\u0627\u0646\u061f<\/strong><br \/>\u0646\u0639\u0645\u060c \u062c\u0645\u064a\u0639 \u0623\u062d\u0648\u0627\u0636\u0646\u0627 \u0627\u0644\u062d\u0631\u0627\u0631\u064a\u0629 \u062a\u0623\u062a\u064a \u0645\u0639 \u0636\u0645\u0627\u0646 \u0642\u064a\u0627\u0633\u064a \u0644\u0636\u0645\u0627\u0646 \u0627\u0644\u062c\u0648\u062f\u0629 \u0648\u0627\u0644\u0631\u0636\u0627.<\/p>\n<p><\/p>","protected":false},"featured_media":10778,"template":"","categories":[72],"class_list":["post-11008","product","type-product","status-publish","has-post-thumbnail","hentry","category-extruded-aluminum-heatsink"],"meta_box":{"hilight_text_group":[{"product_hilight_text":"<li>Enhanced thermal management for prolonged LED lifespan<\/li>\n<li>Compatible with a wide range of LED lamp designs<\/li>\n<li>Customizable dimensions to fit specific lighting requirements<\/li>\n<li>Made from high-quality, heat-conductive materials<\/li>\n<li>Supports OEM and ODM projects with flexible order volumes<\/li>"}],"feature_list":[]},"_links":{"self":[{"href":"https:\/\/sinoextrud.com\/ar\/wp-json\/wp\/v2\/product\/11008","targetHints":{"allow":["GET"]}}],"collection":[{"href":"https:\/\/sinoextrud.com\/ar\/wp-json\/wp\/v2\/product"}],"about":[{"href":"https:\/\/sinoextrud.com\/ar\/wp-json\/wp\/v2\/types\/product"}],"wp:featuredmedia":[{"embeddable":true,"href":"https:\/\/sinoextrud.com\/ar\/wp-json\/wp\/v2\/media\/10778"}],"wp:attachment":[{"href":"https:\/\/sinoextrud.com\/ar\/wp-json\/wp\/v2\/media?parent=11008"}],"wp:term":[{"taxonomy":"category","embeddable":true,"href":"https:\/\/sinoextrud.com\/ar\/wp-json\/wp\/v2\/categories?post=11008"}],"curies":[{"name":"\u062f\u0628\u0644\u064a\u0648 \u0628\u064a","href":"https:\/\/api.w.org\/{rel}","templated":true}]}}