{"id":10966,"date":"2025-08-01T03:18:17","date_gmt":"2025-08-01T03:18:17","guid":{"rendered":"https:\/\/sinoextrud.com\/product\/compact-heat-sink-for-ssr-modules\/"},"modified":"2025-08-01T03:18:17","modified_gmt":"2025-08-01T03:18:17","slug":"%d8%a7%d9%84%d9%85%d8%b4%d8%aa%d8%aa-%d8%a7%d9%84%d8%ad%d8%b1%d8%a7%d8%b1%d9%8a-%d8%a7%d9%84%d9%85%d8%af%d9%85%d8%ac-%d9%84%d9%88%d8%ad%d8%af%d8%a7%d8%aa-ssr","status":"publish","type":"product","link":"https:\/\/sinoextrud.com\/ar\/product\/compact-heat-sink-for-ssr-modules\/","title":{"rendered":"\u0628\u0627\u0644\u0648\u0639\u0629 \u062d\u0631\u0627\u0631\u064a\u0629 \u0645\u062f\u0645\u062c\u0629 \u0644\u0648\u062d\u062f\u0627\u062a SSR"},"content":{"rendered":"<h2>\u062a\u0641\u0627\u0635\u064a\u0644 \u0627\u0644\u0645\u0646\u062a\u062c\u0627\u062a<\/h2>\n<div class=\"product-table\">\n<div class=\"row\">\n<div class=\"cell label\">\u062a\u062d\u0645\u064a\u0644 \u0627\u0644\u0627\u062a\u0635\u0627\u0644<\/div>\n<div class=\"cell value\">\u0637\u0627\u0642\u0629 \u0645\u0646\u062e\u0641\u0636\u0629<\/div>\n<\/div>\n<div class=\"row\">\n<div class=\"cell label\">\u0627\u0644\u0646\u0638\u0631\u064a\u0629<\/div>\n<div class=\"cell value\">\u0645\u0631\u062d\u0644 \u0627\u0644\u062d\u0627\u0644\u0629 \u0627\u0644\u0635\u0644\u0628\u0629<\/div>\n<\/div>\n<div class=\"row\">\n<div class=\"cell label\">\u0627\u0644\u062a\u0637\u0628\u064a\u0642<\/div>\n<div class=\"cell value\">\u0627\u0644\u063a\u0631\u0636 \u0627\u0644\u0639\u0627\u0645<\/div>\n<\/div>\n<div class=\"row\">\n<div class=\"cell label\">\u0627\u0644\u062d\u062c\u0645<\/div>\n<div class=\"cell value\">\u0645\u0635\u063a\u0631\u0629<\/div>\n<\/div>\n<div class=\"row\">\n<div class=\"cell label\">\u0645\u064a\u0632\u0629 \u0627\u0644\u062d\u0645\u0627\u064a\u0629<\/div>\n<div class=\"cell value\">EPOXY<\/div>\n<\/div>\n<div class=\"row\">\n<div class=\"cell label\">\u0627\u0644\u0644\u0648\u0646<\/div>\n<div class=\"cell value\">\u0623\u0628\u064a\u0636<\/div>\n<\/div>\n<div class=\"row\">\n<div class=\"cell label\">\u0627\u0644\u0627\u0633\u0645<\/div>\n<div class=\"cell value\">\u0645\u0631\u062d\u0644 \u0627\u0644\u062d\u0627\u0644\u0629 \u0627\u0644\u0635\u0644\u0628\u0629 SSR \u0645\u0634\u0639\u0627\u0639 \u062a\u0628\u062f\u064a\u062f \u0627\u0644\u062d\u0631\u0627\u0631\u0629 \u0627\u0644\u0645\u0635\u0646\u0648\u0639 \u0645\u0646 \u0627\u0644\u0623\u0644\u0648\u0645\u0646\u064a\u0648\u0645<\/div>\n<\/div>\n<div class=\"row\">\n<div class=\"cell label\">\u0627\u0644\u0646\u0648\u0639<\/div>\n<div class=\"cell value\">\u0645\u0631\u062d\u0644\u0627\u062a \u0627\u0644\u0637\u0627\u0642\u0629 \u0644\u0644\u0623\u063a\u0631\u0627\u0636 \u0627\u0644\u0639\u0627\u0645\u0629<\/div>\n<\/div>\n<div class=\"row\">\n<div class=\"cell label\">\u0645\u0648\u0643<\/div>\n<div class=\"cell value\">1 \u0642\u0637\u0639\u0629<\/div>\n<\/div>\n<div class=\"row\">\n<div class=\"cell label\">\u0627\u0644\u0636\u0645\u0627\u0646<\/div>\n<div class=\"cell value\">2 \u0633\u0646\u0629<\/div>\n<\/div>\n<div class=\"row\">\n<div class=\"cell label\">\u0627\u0644\u0645\u064a\u0632\u0629<\/div>\n<div class=\"cell value\">\u0645\u0634\u0639\u0627\u0639 \u062a\u0628\u062f\u064a\u062f \u0627\u0644\u062d\u0631\u0627\u0631\u0629 \u0628\u0627\u0644\u0645\u0634\u062a\u062a \u0627\u0644\u062d\u0631\u0627\u0631\u064a \u0627\u0644\u0645\u0635\u0646\u0648\u0639 \u0645\u0646 \u0627\u0644\u0623\u0644\u0648\u0645\u0646\u064a\u0648\u0645<\/div>\n<\/div>\n<div class=\"row\">\n<div class=\"cell label\">\u0627\u0644\u062a\u0637\u0628\u064a\u0642<\/div>\n<div class=\"cell value\">\u0627\u0644\u0645\u0639\u062f\u0627\u062a \u0627\u0644\u0625\u0644\u0643\u062a\u0631\u0648\u0646\u064a\u0629<\/div>\n<\/div>\n<div class=\"row\">\n<div class=\"cell label\">\u0627\u0644\u0646\u0648\u0639 1<\/div>\n<div class=\"cell value\">\u0645\u0631\u062d\u0644 \u0628\u0631\u0648\u062a\u064a\u0643\u062a\u064a\u0641<\/div>\n<\/div>\n<div class=\"row\">\n<div class=\"cell label\">\u0627\u0644\u062a\u0639\u0628\u0626\u0629<\/div>\n<div class=\"cell value\">\u0627\u0644\u062a\u0639\u0628\u0626\u0629 \u0648\u0627\u0644\u062a\u063a\u0644\u064a\u0641 \u0627\u0644\u0643\u0631\u062a\u0648\u0646\u064a<\/div>\n<\/div>\n<div class=\"row\">\n<div class=\"cell label\">\u0627\u0644\u0645\u0648\u0627\u062f<\/div>\n<div class=\"cell value\">\u0623\u0644\u0648\u0645\u0646\u064a\u0648\u0645<\/div>\n<\/div>\n<div class=\"row\">\n<div class=\"cell label\">\u0627\u0644\u0634\u0647\u0627\u062f\u0627\u062a<\/div>\n<div class=\"cell value\">\u0633\u064a\u060c \u0631\u0648\u0647\u0633 ISO9001<\/div>\n<\/div>\n<div class=\"row\">\n<div class=\"cell label\">\u0648\u062d\u062f\u0627\u062a \u0627\u0644\u0628\u064a\u0639<\/div>\n<div class=\"cell value\">\u0639\u0646\u0635\u0631 \u0648\u0627\u062d\u062f<\/div>\n<\/div>\n<div class=\"row\">\n<div class=\"cell label\">\u062d\u062c\u0645 \u0627\u0644\u0639\u0628\u0648\u0629 \u0627\u0644\u0648\u0627\u062d\u062f\u0629<\/div>\n<div class=\"cell value\">34.5 \u00d7 34.5 \u00d7 19.7 \u00d7 23 \u0633\u0645<\/div>\n<\/div>\n<div class=\"row\">\n<div class=\"cell label\">\u0627\u0644\u0648\u0632\u0646 \u0627\u0644\u0625\u062c\u0645\u0627\u0644\u064a \u0627\u0644\u0641\u0631\u062f\u064a<\/div>\n<div class=\"cell value\">0.820 \u0643\u062c\u0645<\/div>\n<\/div>\n<\/div>\n<p><\/p>\n<h2>\u0642\u0627\u0639\u062f\u0629 \u0627\u0644\u062a\u0635\u0646\u064a\u0639 \u0644\u062f\u064a\u0646\u0627<\/h2>\n<h3>\u0628\u0627\u0646\u0648\u0631\u0627\u0645\u0627 \u0627\u0644\u0645\u0635\u0646\u0639<\/h3>\n<p><img decoding=\"async\" src=\"\/wp-content\/uploads\/factory-01.webp\"\/><\/p>\n<h3>\u0648\u0631\u0634\u0629 \u062a\u0635\u0646\u064a\u0639 \u0642\u0636\u0628\u0627\u0646 \u0627\u0644\u0623\u0644\u0648\u0645\u0646\u064a\u0648\u0645<\/h3>\n<p><img decoding=\"async\" src=\"\/wp-content\/uploads\/factory-02.webp\"\/><\/p>\n<p><img decoding=\"async\" src=\"\/wp-content\/uploads\/factory-03.webp\"\/><\/p>\n<h3>\u0645\u0633\u062a\u0648\u062f\u0639 \u062a\u062e\u0632\u064a\u0646 \u0627\u0644\u0642\u0648\u0627\u0644\u0628<\/h3>\n<p><img decoding=\"async\" src=\"\/wp-content\/uploads\/factory-04.webp\"\/><\/p>\n<h3>43 \u062e\u0637\u064b\u0627 \u0644\u0633\u062d\u0628 \u0627\u0644\u0623\u0644\u0648\u0645\u0646\u064a\u0648\u0645 (500-5500 \u0637\u0646)<\/h3>\n<p><img decoding=\"async\" src=\"\/wp-content\/uploads\/factory-05.webp\"\/><\/p>\n<p><img decoding=\"async\" src=\"\/wp-content\/uploads\/factory-06.webp\"\/><\/p>\n<p><img decoding=\"async\" src=\"\/wp-content\/uploads\/factory-07.webp\"\/><\/p>\n<h3>\u0648\u0631\u0634\u0629 \u0637\u0644\u0627\u0621 \u0627\u0644\u0628\u0648\u062f\u0631\u0629<\/h3>\n<p><img decoding=\"async\" src=\"\/wp-content\/uploads\/factory-09.webp\"\/><\/p>\n<h3>\u0648\u0631\u0634\u0629 \u0639\u0645\u0644 \u0627\u0644\u0623\u0646\u0648\u062f\u0629<\/h3>\n<p><img decoding=\"async\" src=\"\/wp-content\/uploads\/factory-10.webp\"\/><\/p>\n<h3>\u0648\u0631\u0634\u0629 \u0639\u0645\u0644 \u0627\u0644\u0645\u0639\u0627\u0644\u062c\u0629 \u0627\u0644\u0639\u0645\u064a\u0642\u0629<\/h3>\n<p><img decoding=\"async\" src=\"\/wp-content\/uploads\/factory-11.webp\"\/><\/p>\n<h3>\u0648\u0631\u0634\u0629 \u0627\u0644\u062a\u0635\u0646\u064a\u0639 \u0627\u0644\u0622\u0644\u064a \u0627\u0644\u062f\u0642\u064a\u0642 \u0628\u0627\u0633\u062a\u062e\u062f\u0627\u0645 \u0627\u0644\u062d\u0627\u0633\u0628 \u0627\u0644\u0622\u0644\u064a \u0627\u0644\u0631\u0642\u0645\u064a<\/h3>\n<p><img decoding=\"async\" src=\"\/wp-content\/uploads\/factory-11.5.webp\"\/><\/p>\n<h3>\u0645\u0633\u062a\u0648\u062f\u0639 \u0627\u0644\u0645\u0646\u062a\u062c\u0627\u062a \u0627\u0644\u0646\u0647\u0627\u0626\u064a\u0629 \u0648\u0627\u0644\u062a\u0635\u062f\u064a\u0631<\/h3>\n<p><img decoding=\"async\" src=\"\/wp-content\/uploads\/factory-12.webp\"\/><\/p>\n<p><img decoding=\"async\" src=\"\/wp-content\/uploads\/factory-13.webp\"\/><\/p>\n<p><img decoding=\"async\" src=\"\/wp-content\/uploads\/factory-14.webp\"\/><\/p>\n<h2>\u0627\u0644\u0623\u0633\u0626\u0644\u0629 \u0627\u0644\u0634\u0627\u0626\u0639\u0629<\/h2>\n<p><strong>1. \u0647\u0644 \u064a\u0645\u0643\u0646 \u062a\u062e\u0635\u064a\u0635 \u0627\u0644\u0645\u0634\u062a\u062a \u0627\u0644\u062d\u0631\u0627\u0631\u064a \u0644\u0645\u0641\u0627\u0639\u0644 SSR \u0644\u062a\u0637\u0628\u064a\u0642\u0627\u062a \u0645\u062d\u062f\u062f\u0629\u061f<\/strong><br \/>\u0646\u0639\u0645\u060c \u0646\u062d\u0646 \u0646\u0648\u0641\u0631 \u062d\u0644\u0648\u0644\u0627\u064b \u0645\u062e\u0635\u0635\u0629 \u0644\u062a\u062a\u0646\u0627\u0633\u0628 \u0645\u0639 \u0627\u0644\u062d\u062c\u0645 \u0648\u0645\u062a\u0637\u0644\u0628\u0627\u062a \u0627\u0644\u062a\u0631\u0643\u064a\u0628 \u0627\u0644\u0645\u062d\u062f\u062f\u0629.<\/p>\n<p><strong>2. \u0645\u0627 \u0647\u064a \u0627\u0644\u0645\u0648\u0627\u062f \u0627\u0644\u0645\u0633\u062a\u062e\u062f\u0645\u0629 \u0641\u064a \u0627\u0644\u0645\u0634\u062a\u062a \u0627\u0644\u062d\u0631\u0627\u0631\u064a \u0644\u0645\u062e\u062a\u0628\u0631 SSR\u061f<\/strong><br \/>\u0635\u064f\u0646\u0639\u062a \u0627\u0644\u0645\u0634\u062a\u062a\u0627\u062a \u0627\u0644\u062d\u0631\u0627\u0631\u064a\u0629 \u0627\u0644\u062a\u064a \u0646\u0642\u062f\u0645\u0647\u0627 \u0645\u0646 \u0627\u0644\u0623\u0644\u0648\u0645\u0646\u064a\u0648\u0645 \u0639\u0627\u0644\u064a \u0627\u0644\u062c\u0648\u062f\u0629 \u0644\u062a\u0628\u062f\u064a\u062f \u0627\u0644\u062d\u0631\u0627\u0631\u0629 \u0628\u0634\u0643\u0644 \u0641\u0627\u0626\u0642.<\/p>\n<p><strong>3. \u0647\u0644 \u0627\u0644\u0628\u0627\u0644\u0648\u0639\u0629 \u0627\u0644\u062d\u0631\u0627\u0631\u064a\u0629 \u0645\u062a\u0648\u0627\u0641\u0642\u0629 \u0645\u0639 \u062c\u0645\u064a\u0639 \u0623\u0646\u0648\u0627\u0639 \u0645\u0631\u062f\u062f\u0627\u062a SSRs\u061f<\/strong><br \/>\u064a\u062a\u0648\u0627\u0641\u0642 \u0627\u0644\u0645\u0634\u062a\u062a \u0627\u0644\u062d\u0631\u0627\u0631\u064a \u0627\u0644\u062e\u0627\u0635 \u0628\u0646\u0627 \u0645\u0639 \u0645\u062c\u0645\u0648\u0639\u0629 \u0648\u0627\u0633\u0639\u0629 \u0645\u0646 \u0645\u0631\u062d\u0644\u0627\u062a \u0627\u0644\u062d\u0627\u0644\u0629 \u0627\u0644\u0635\u0644\u0628\u0629.<\/p>\n<p><strong>4. \u0645\u0627 \u0647\u064a \u0641\u0648\u0627\u0626\u062f \u0627\u0633\u062a\u062e\u062f\u0627\u0645 \u0627\u0644\u0645\u0634\u062a\u062a \u0627\u0644\u062d\u0631\u0627\u0631\u064a \u0644\u0645\u062e\u062a\u0628\u0631 SSR\u061f<\/strong><br \/>\u064a\u0639\u0645\u0644 \u0627\u0644\u0645\u0634\u062a\u062a \u0627\u0644\u062d\u0631\u0627\u0631\u064a \u0639\u0644\u0649 \u062a\u062d\u0633\u064a\u0646 \u0643\u0641\u0627\u0621\u0629 \u0645\u0631\u062f\u062f\u0627\u062a SSR \u0648\u0639\u0645\u0631\u0647\u0627 \u0627\u0644\u0627\u0641\u062a\u0631\u0627\u0636\u064a \u0645\u0646 \u062e\u0644\u0627\u0644 \u062a\u0628\u062f\u064a\u062f \u0627\u0644\u062d\u0631\u0627\u0631\u0629 \u0627\u0644\u0632\u0627\u0626\u062f\u0629 \u0628\u0641\u0639\u0627\u0644\u064a\u0629.<\/p>\n<p><strong>5. \u0647\u0644 \u062a\u0642\u062f\u0645\u0648\u0646 \u0636\u0645\u0627\u0646\u0627\u064b \u0639\u0644\u0649 \u0627\u0644\u0645\u0634\u062a\u062a \u0627\u0644\u062d\u0631\u0627\u0631\u064a \u0644\u0645\u0634\u062a\u062a \u0627\u0644\u062d\u0631\u0627\u0631\u0629 \u0644\u0645\u0641\u0627\u0639\u0644 SSR\u061f<\/strong><br \/>\u0646\u0639\u0645\u060c \u062a\u0623\u062a\u064a \u062c\u0645\u064a\u0639 \u0627\u0644\u0645\u0634\u062a\u062a\u0627\u062a \u0627\u0644\u062d\u0631\u0627\u0631\u064a\u0629 \u0644\u062f\u064a\u0646\u0627 \u0628\u0636\u0645\u0627\u0646 \u0642\u064a\u0627\u0633\u064a \u0644\u0636\u0645\u0627\u0646 \u0627\u0644\u062c\u0648\u062f\u0629 \u0648\u0627\u0644\u0645\u0648\u062b\u0648\u0642\u064a\u0629.<\/p>\n<p><strong>6. \u0647\u0644 \u064a\u0645\u0643\u0646\u0646\u064a \u0627\u0644\u062d\u0635\u0648\u0644 \u0639\u0644\u0649 \u062f\u0639\u0645 \u062a\u0642\u0646\u064a \u0644\u062a\u0631\u0643\u064a\u0628 \u0627\u0644\u0645\u0634\u062a\u062a \u0627\u0644\u062d\u0631\u0627\u0631\u064a \u0644\u0645\u0641\u0627\u0639\u0644 SSR\u061f<\/strong><br \/>\u0646\u0639\u0645\u060c \u0646\u062d\u0646 \u0646\u0642\u062f\u0645 \u0627\u0644\u062f\u0639\u0645 \u0627\u0644\u0641\u0646\u064a \u0627\u0644\u0643\u0627\u0645\u0644 \u0648\u0627\u0644\u0625\u0631\u0634\u0627\u062f\u0627\u062a \u0627\u0644\u0644\u0627\u0632\u0645\u0629 \u0644\u0644\u062a\u0631\u0643\u064a\u0628 \u0648\u0627\u0644\u062a\u0634\u063a\u064a\u0644.<\/p>\n<p><strong>7. \u0643\u064a\u0641 \u064a\u0645\u0643\u0646 \u0644\u0644\u0645\u0634\u062a\u062a \u0627\u0644\u062d\u0631\u0627\u0631\u064a \u0623\u0646 \u064a\u062d\u0633\u0646 \u0623\u062f\u0627\u0621 SSR\u061f<\/strong><br \/>\u064a\u0639\u0645\u0644 \u0627\u0644\u0645\u0634\u062a\u062a \u0627\u0644\u062d\u0631\u0627\u0631\u064a \u0639\u0644\u0649 \u062a\u062d\u0633\u064a\u0646 \u0623\u062f\u0627\u0621 SSR \u0645\u0646 \u062e\u0644\u0627\u0644 \u0627\u0644\u062d\u0641\u0627\u0638 \u0639\u0644\u0649 \u062f\u0631\u062c\u0627\u062a \u062d\u0631\u0627\u0631\u0629 \u0627\u0644\u062a\u0634\u063a\u064a\u0644 \u0627\u0644\u0645\u062b\u0644\u0649\u060c \u0648\u0628\u0627\u0644\u062a\u0627\u0644\u064a \u0645\u0646\u0639 \u0627\u0631\u062a\u0641\u0627\u0639 \u062f\u0631\u062c\u0629 \u0627\u0644\u062d\u0631\u0627\u0631\u0629.<\/p>\n<p><\/p>","protected":false},"featured_media":10735,"template":"","categories":[72],"class_list":["post-10966","product","type-product","status-publish","has-post-thumbnail","hentry","category-extruded-aluminum-heatsink"],"meta_box":{"hilight_text_group":[{"product_hilight_text":"<li>Designed to efficiently dissipate heat for SSRs<\/li>\n<li>Compatible with a wide range of solid-state relays<\/li>\n<li>Manufactured from high-quality aluminum for optimal thermal performance<\/li>\n<li>Customizable size and mounting options for various applications<\/li>\n<li>Robust construction ensures long-lasting reliability under demanding conditions<\/li>"}],"feature_list":[]},"_links":{"self":[{"href":"https:\/\/sinoextrud.com\/ar\/wp-json\/wp\/v2\/product\/10966","targetHints":{"allow":["GET"]}}],"collection":[{"href":"https:\/\/sinoextrud.com\/ar\/wp-json\/wp\/v2\/product"}],"about":[{"href":"https:\/\/sinoextrud.com\/ar\/wp-json\/wp\/v2\/types\/product"}],"wp:featuredmedia":[{"embeddable":true,"href":"https:\/\/sinoextrud.com\/ar\/wp-json\/wp\/v2\/media\/10735"}],"wp:attachment":[{"href":"https:\/\/sinoextrud.com\/ar\/wp-json\/wp\/v2\/media?parent=10966"}],"wp:term":[{"taxonomy":"category","embeddable":true,"href":"https:\/\/sinoextrud.com\/ar\/wp-json\/wp\/v2\/categories?post=10966"}],"curies":[{"name":"\u062f\u0628\u0644\u064a\u0648 \u0628\u064a","href":"https:\/\/api.w.org\/{rel}","templated":true}]}}