{"id":10913,"date":"2025-08-01T03:12:33","date_gmt":"2025-08-01T03:12:33","guid":{"rendered":"https:\/\/sinoextrud.com\/product\/anodized-aluminum-trim-molding-for-panels\/"},"modified":"2025-08-01T03:12:33","modified_gmt":"2025-08-01T03:12:33","slug":"%d9%82%d8%a7%d9%84%d8%a8-%d8%aa%d9%82%d9%84%d9%8a%d9%85-%d8%a7%d9%84%d8%a3%d9%84%d9%88%d9%85%d9%86%d9%8a%d9%88%d9%85-%d8%a7%d9%84%d9%85%d8%a4%d9%83%d8%b3%d8%af-%d9%84%d9%84%d8%a3%d9%84%d9%88%d8%a7","status":"publish","type":"product","link":"https:\/\/sinoextrud.com\/ar\/product\/anodized-aluminum-trim-molding-for-panels\/","title":{"rendered":"\u0642\u0648\u0627\u0644\u0628 \u0627\u0644\u0623\u0644\u0648\u0645\u0646\u064a\u0648\u0645 \u0627\u0644\u0645\u0624\u0643\u0633\u062f \u0644\u0644\u0648\u062d\u0627\u062a \u0627\u0644\u0623\u0644\u0648\u0645\u0646\u064a\u0648\u0645 \u0627\u0644\u0645\u0624\u0643\u0633\u062f"},"content":{"rendered":"<h2>\u062a\u0641\u0627\u0635\u064a\u0644 \u0627\u0644\u0645\u0646\u062a\u062c\u0627\u062a<\/h2>\n<div class=\"product-table\">\n<div class=\"row\">\n<div class=\"cell label\">\u0623\u0633\u0644\u0648\u0628 \u0627\u0644\u062a\u0635\u0645\u064a\u0645<\/div>\n<div class=\"cell value\">\u0639\u0635\u0631\u064a<\/div>\n<\/div>\n<div class=\"row\">\n<div class=\"cell label\">\u0646\u0648\u0639 \u0645\u0644\u062d\u0642 \u0627\u0644\u0628\u0644\u0627\u0637<\/div>\n<div class=\"cell value\">\u0632\u062e\u0627\u0631\u0641 \u0627\u0644\u0628\u0644\u0627\u0637<\/div>\n<\/div>\n<div class=\"row\">\n<div class=\"cell label\">\u062e\u062f\u0645\u0629 \u0645\u0627 \u0628\u0639\u062f \u0627\u0644\u0628\u064a\u0639<\/div>\n<div class=\"cell value\">\u0627\u0644\u062f\u0639\u0645 \u0627\u0644\u0641\u0646\u064a \u0639\u0628\u0631 \u0627\u0644\u0625\u0646\u062a\u0631\u0646\u062a<\/div>\n<\/div>\n<div class=\"row\">\n<div class=\"cell label\">\u0627\u0644\u0636\u0645\u0627\u0646<\/div>\n<div class=\"cell value\">5 \u0633\u0646\u0648\u0627\u062a<\/div>\n<\/div>\n<div class=\"row\">\n<div class=\"cell label\">\u0642\u062f\u0631\u0629 \u062d\u0644\u0648\u0644 \u0627\u0644\u0645\u0634\u0627\u0631\u064a\u0639<\/div>\n<div class=\"cell value\">\u062a\u0635\u0645\u064a\u0645 \u062c\u0631\u0627\u0641\u064a\u0643\u060c \u062a\u0635\u0645\u064a\u0645 \u0646\u0645\u0648\u0630\u062c \u062b\u0644\u0627\u062b\u064a \u0627\u0644\u0623\u0628\u0639\u0627\u062f<\/div>\n<\/div>\n<div class=\"row\">\n<div class=\"cell label\">\u0627\u0644\u062a\u0637\u0628\u064a\u0642<\/div>\n<div class=\"cell value\">\u0627\u0644\u0634\u0642\u0629<\/div>\n<\/div>\n<div class=\"row\">\n<div class=\"cell label\">\u0627\u0633\u0645 \u0627\u0644\u0645\u0646\u062a\u062c<\/div>\n<div class=\"cell value\">\u0633\u0639\u0631 \u0627\u0644\u0645\u0635\u0646\u0639 \u0628\u0623\u0643\u0633\u064a\u062f \u0627\u0644\u0623\u0644\u0648\u0645\u0646\u064a\u0648\u0645 \u0627\u0644\u0645\u0624\u0643\u0633\u062f \u0627\u0644\u0645\u062a\u064a\u0646 \u0628\u0623\u0643\u0633\u064a\u062f \u0627\u0644\u0623\u0644\u0648\u0645\u0646\u064a\u0648\u0645<\/div>\n<\/div>\n<div class=\"row\">\n<div class=\"cell label\">\u0627\u0644\u062a\u0637\u0628\u064a\u0642<\/div>\n<div class=\"cell value\">\u062d\u0645\u0627\u064a\u0629 \u0627\u0644\u0632\u0627\u0648\u064a\u0629<\/div>\n<\/div>\n<div class=\"row\">\n<div class=\"cell label\">\u0627\u0644\u0645\u0648\u0627\u062f<\/div>\n<div class=\"cell value\">\u0623\u0644\u0648\u0645\u0646\u064a\u0648\u0645<\/div>\n<\/div>\n<div class=\"row\">\n<div class=\"cell label\">\u0645\u0639\u0627\u0644\u062c\u0629 \u0627\u0644\u0633\u0637\u062d<\/div>\n<div class=\"cell value\">\u0645\u0624\u0643\u0633\u062f<\/div>\n<\/div>\n<div class=\"row\">\n<div class=\"cell label\">\u0627\u0644\u0644\u0648\u0646<\/div>\n<div class=\"cell value\">\u0627\u0644\u0641\u0636\u0629<\/div>\n<\/div>\n<div class=\"row\">\n<div class=\"cell label\">\u0627\u0644\u0627\u0631\u062a\u0641\u0627\u0639<\/div>\n<div class=\"cell value\">8\/10\/12 \u0645\u0645\/\u0645\u0644\u0645\/\u0643\u0633\u062a\u0648\u0645\u064a\u0632\u0645<\/div>\n<\/div>\n<div class=\"row\">\n<div class=\"cell label\">\u0627\u0644\u0637\u0648\u0644<\/div>\n<div class=\"cell value\">2.44 \u0645\/ 2.5 \u0645\/ 2.5 \u0645\/ 2.7 \u0645\/ 3 \u0645\/ \u062d\u0633\u0628 \u0627\u0644\u0637\u0644\u0628<\/div>\n<\/div>\n<div class=\"row\">\n<div class=\"cell label\">\u0627\u0644\u062d\u0632\u0645\u0629<\/div>\n<div class=\"cell value\">100 \u0642\u0637\u0639\u0629\/\u0643\u0627\u0631\u062a\u0648\u0646<\/div>\n<\/div>\n<div class=\"row\">\n<div class=\"cell label\">\u0645\u0648\u0643<\/div>\n<div class=\"cell value\">500 \u0642\u0637\u0639\u0629<\/div>\n<\/div>\n<div class=\"row\">\n<div class=\"cell label\">\u0648\u0642\u062a \u0627\u0644\u062a\u0633\u0644\u064a\u0645<\/div>\n<div class=\"cell value\">15-20 \u064a\u0648\u0645\u0627\u064b<\/div>\n<\/div>\n<div class=\"row\">\n<div class=\"cell label\">\u0648\u062d\u062f\u0627\u062a \u0627\u0644\u0628\u064a\u0639<\/div>\n<div class=\"cell value\">\u0639\u0646\u0635\u0631 \u0648\u0627\u062d\u062f<\/div>\n<\/div>\n<div class=\"row\">\n<div class=\"cell label\">\u062d\u062c\u0645 \u0627\u0644\u0639\u0628\u0648\u0629 \u0627\u0644\u0648\u0627\u062d\u062f\u0629<\/div>\n<div class=\"cell value\">15 \u00d7 15 \u00d7 15 \u00d7 15 \u0633\u0645<\/div>\n<\/div>\n<div class=\"row\">\n<div class=\"cell label\">\u0627\u0644\u0648\u0632\u0646 \u0627\u0644\u0625\u062c\u0645\u0627\u0644\u064a \u0627\u0644\u0641\u0631\u062f\u064a<\/div>\n<div class=\"cell value\">0.500 \u0643\u062c\u0645<\/div>\n<\/div>\n<\/div>\n<p><\/p>\n<h2>\u0642\u0627\u0639\u062f\u0629 \u0627\u0644\u062a\u0635\u0646\u064a\u0639 \u0644\u062f\u064a\u0646\u0627<\/h2>\n<h3>\u0628\u0627\u0646\u0648\u0631\u0627\u0645\u0627 \u0627\u0644\u0645\u0635\u0646\u0639<\/h3>\n<p><img decoding=\"async\" src=\"\/wp-content\/uploads\/factory-01.webp\"\/><\/p>\n<h3>\u0648\u0631\u0634\u0629 \u062a\u0635\u0646\u064a\u0639 \u0642\u0636\u0628\u0627\u0646 \u0627\u0644\u0623\u0644\u0648\u0645\u0646\u064a\u0648\u0645<\/h3>\n<p><img decoding=\"async\" src=\"\/wp-content\/uploads\/factory-02.webp\"\/><\/p>\n<p><img decoding=\"async\" src=\"\/wp-content\/uploads\/factory-03.webp\"\/><\/p>\n<h3>\u0645\u0633\u062a\u0648\u062f\u0639 \u062a\u062e\u0632\u064a\u0646 \u0627\u0644\u0642\u0648\u0627\u0644\u0628<\/h3>\n<p><img decoding=\"async\" src=\"\/wp-content\/uploads\/factory-04.webp\"\/><\/p>\n<h3>43 \u062e\u0637\u064b\u0627 \u0644\u0633\u062d\u0628 \u0627\u0644\u0623\u0644\u0648\u0645\u0646\u064a\u0648\u0645 (500-5500 \u0637\u0646)<\/h3>\n<p><img decoding=\"async\" src=\"\/wp-content\/uploads\/factory-05.webp\"\/><\/p>\n<p><img decoding=\"async\" src=\"\/wp-content\/uploads\/factory-06.webp\"\/><\/p>\n<p><img decoding=\"async\" src=\"\/wp-content\/uploads\/factory-07.webp\"\/><\/p>\n<h3>\u0648\u0631\u0634\u0629 \u0637\u0644\u0627\u0621 \u0627\u0644\u0628\u0648\u062f\u0631\u0629<\/h3>\n<p><img decoding=\"async\" src=\"\/wp-content\/uploads\/factory-09.webp\"\/><\/p>\n<h3>\u0648\u0631\u0634\u0629 \u0639\u0645\u0644 \u0627\u0644\u0623\u0646\u0648\u062f\u0629<\/h3>\n<p><img decoding=\"async\" src=\"\/wp-content\/uploads\/factory-10.webp\"\/><\/p>\n<h3>\u0648\u0631\u0634\u0629 \u0639\u0645\u0644 \u0627\u0644\u0645\u0639\u0627\u0644\u062c\u0629 \u0627\u0644\u0639\u0645\u064a\u0642\u0629<\/h3>\n<p><img decoding=\"async\" src=\"\/wp-content\/uploads\/factory-11.webp\"\/><\/p>\n<h3>\u0648\u0631\u0634\u0629 \u0627\u0644\u062a\u0635\u0646\u064a\u0639 \u0627\u0644\u0622\u0644\u064a \u0627\u0644\u062f\u0642\u064a\u0642 \u0628\u0627\u0633\u062a\u062e\u062f\u0627\u0645 \u0627\u0644\u062d\u0627\u0633\u0628 \u0627\u0644\u0622\u0644\u064a \u0627\u0644\u0631\u0642\u0645\u064a<\/h3>\n<p><img decoding=\"async\" src=\"\/wp-content\/uploads\/factory-11.5.webp\"\/><\/p>\n<h3>\u0645\u0633\u062a\u0648\u062f\u0639 \u0627\u0644\u0645\u0646\u062a\u062c\u0627\u062a \u0627\u0644\u0646\u0647\u0627\u0626\u064a\u0629 \u0648\u0627\u0644\u062a\u0635\u062f\u064a\u0631<\/h3>\n<p><img decoding=\"async\" src=\"\/wp-content\/uploads\/factory-12.webp\"\/><\/p>\n<p><img decoding=\"async\" src=\"\/wp-content\/uploads\/factory-13.webp\"\/><\/p>\n<p><img decoding=\"async\" src=\"\/wp-content\/uploads\/factory-14.webp\"\/><\/p>\n<h2>\u0627\u0644\u0623\u0633\u0626\u0644\u0629 \u0627\u0644\u0634\u0627\u0626\u0639\u0629<\/h2>\n<p><strong>1. \u0645\u0627 \u0647\u064a \u0627\u0644\u0627\u0633\u062a\u062e\u062f\u0627\u0645\u0627\u062a \u0627\u0644\u0645\u0646\u0627\u0633\u0628\u0629 \u0644\u0642\u0648\u0644\u0628\u0629 \u0627\u0644\u0623\u0644\u0648\u0645\u0646\u064a\u0648\u0645 \u0627\u0644\u0645\u0624\u0643\u0633\u062f\u061f<\/strong><br \/>\u0648\u0647\u064a \u0645\u0646\u0627\u0633\u0628\u0629 \u0644\u0643\u0644 \u0645\u0646 \u0627\u0644\u0645\u0634\u0627\u0631\u064a\u0639 \u0627\u0644\u062f\u0627\u062e\u0644\u064a\u0629 \u0648\u0627\u0644\u062e\u0627\u0631\u062c\u064a\u0629 \u0628\u0645\u0627 \u0641\u064a \u0630\u0644\u0643 \u0627\u0644\u0633\u064a\u0627\u0631\u0627\u062a \u0648\u0627\u0644\u0647\u0646\u062f\u0633\u0629 \u0627\u0644\u0645\u0639\u0645\u0627\u0631\u064a\u0629.<\/p>\n<p><strong>2. \u0647\u0644 \u064a\u0645\u0643\u0646\u0646\u0627 \u0637\u0644\u0628 \u0627\u0644\u0632\u062e\u0627\u0631\u0641 \u0627\u0644\u0645\u0624\u0643\u0633\u062f\u0629 \u0628\u0623\u062d\u062c\u0627\u0645 \u0645\u062e\u0635\u0635\u0629\u061f<\/strong><br \/>\u0646\u0639\u0645\u060c \u062a\u062a\u0648\u0641\u0631 \u0623\u0628\u0639\u0627\u062f \u0645\u062e\u0635\u0635\u0629 \u0644\u062a\u0646\u0627\u0633\u0628 \u0645\u062a\u0637\u0644\u0628\u0627\u062a\u0643 \u0627\u0644\u062e\u0627\u0635\u0629.<\/p>\n<p><strong>3. \u0647\u0644 \u062a\u062a\u0637\u0644\u0628 \u0632\u062e\u0627\u0631\u0641 \u0627\u0644\u0623\u0644\u0648\u0645\u0646\u064a\u0648\u0645 \u0627\u0644\u0645\u0624\u0643\u0633\u062f \u0635\u064a\u0627\u0646\u0629 \u062e\u0627\u0635\u0629\u061f<\/strong><br \/>\u0644\u0627\u060c \u0641\u0647\u0648 \u064a\u062a\u0637\u0644\u0628 \u0627\u0644\u062d\u062f \u0627\u0644\u0623\u062f\u0646\u0649 \u0645\u0646 \u0627\u0644\u0635\u064a\u0627\u0646\u0629 \u0646\u0638\u0631\u0627\u064b \u0644\u062e\u0635\u0627\u0626\u0635\u0647 \u0627\u0644\u0645\u0642\u0627\u0648\u0645\u0629 \u0644\u0644\u062a\u0622\u0643\u0644.<\/p>\n<p><strong>4. \u0647\u0644 \u0647\u0630\u0647 \u0627\u0644\u0632\u062e\u0631\u0641\u0629 \u0645\u062a\u0648\u0641\u0631\u0629 \u0628\u062a\u0634\u0637\u064a\u0628\u0627\u062a \u0645\u062e\u062a\u0644\u0641\u0629\u061f<\/strong><br \/>\u0646\u0639\u0645\u060c \u062a\u062a\u0648\u0641\u0631 \u0627\u0644\u0639\u062f\u064a\u062f \u0645\u0646 \u0627\u0644\u062a\u0634\u0637\u064a\u0628\u0627\u062a \u0645\u062b\u0644 \u0627\u0644\u0644\u0645\u0633\u0627\u062a \u0627\u0644\u0646\u0647\u0627\u0626\u064a\u0629 \u063a\u064a\u0631 \u0627\u0644\u0644\u0627\u0645\u0639\u0629 \u0648\u0627\u0644\u0644\u0627\u0645\u0639\u0629 \u0648\u0627\u0644\u0645\u0632\u062e\u0631\u0641\u0629.<\/p>\n<p><strong>5. \u0647\u0644 \u0623\u0644\u0648\u0627\u0646 \u0632\u062e\u0627\u0631\u0641 \u0627\u0644\u0623\u0644\u0648\u0645\u0646\u064a\u0648\u0645 \u0627\u0644\u0645\u0624\u0643\u0633\u062f \u0645\u0642\u0627\u0648\u0645\u0629 \u0644\u0644\u0628\u0647\u062a\u0627\u0646\u061f<\/strong><br \/>\u0646\u0639\u0645\u060c \u062a\u0636\u0645\u0646 \u0639\u0645\u0644\u064a\u0629 \u0627\u0644\u0637\u0644\u0627\u0621 \u0628\u0623\u0643\u0633\u064a\u062f \u0627\u0644\u0623\u0644\u0648\u0645\u0646\u064a\u0648\u0645 \u0627\u0644\u0627\u062d\u062a\u0641\u0627\u0638 \u0628\u0627\u0644\u0623\u0644\u0648\u0627\u0646 \u0644\u0641\u062a\u0631\u0629 \u0637\u0648\u064a\u0644\u0629.<\/p>\n<p><strong>6. \u0647\u0644 \u064a\u0645\u0643\u0646\u0646\u064a \u0627\u0644\u062d\u0635\u0648\u0644 \u0639\u0644\u0649 \u0639\u064a\u0646\u0629 \u0642\u0628\u0644 \u062a\u0642\u062f\u064a\u0645 \u0637\u0644\u0628\u064a\u0629 \u0643\u0628\u064a\u0631\u0629\u061f<\/strong><br \/>\u0646\u0639\u0645\u060c \u064a\u0645\u0643\u0646 \u062a\u0642\u062f\u064a\u0645 \u0639\u064a\u0646\u0627\u062a \u0644\u0636\u0645\u0627\u0646 \u0627\u0644\u0631\u0636\u0627 \u0639\u0646 \u0627\u0644\u0644\u0648\u0646 \u0648\u0627\u0644\u0644\u0645\u0633\u0629 \u0627\u0644\u0646\u0647\u0627\u0626\u064a\u0629.<\/p>\n<p><strong>7. \u0645\u0627 \u0647\u064a \u0627\u0644\u0645\u0647\u0644\u0629 \u0627\u0644\u0632\u0645\u0646\u064a\u0629 \u0644\u0644\u0637\u0644\u0628\u0627\u062a \u0627\u0644\u0643\u0628\u064a\u0631\u0629 \u0628\u0627\u0644\u062c\u0645\u0644\u0629\u061f<\/strong><br \/>\u062a\u062e\u062a\u0644\u0641 \u0627\u0644\u0645\u0647\u0644\u0629 \u0627\u0644\u0632\u0645\u0646\u064a\u0629 \u0628\u0646\u0627\u0621\u064b \u0639\u0644\u0649 \u062d\u062c\u0645 \u0627\u0644\u0637\u0644\u0628\u060c \u0648\u062a\u062a\u0631\u0627\u0648\u062d \u0639\u0627\u062f\u0629\u064b \u0645\u0646 2 \u0625\u0644\u0649 4 \u0623\u0633\u0627\u0628\u064a\u0639.<\/p>\n<p><\/p>","protected":false},"featured_media":10855,"template":"","categories":[55],"class_list":["post-10913","product","type-product","status-publish","has-post-thumbnail","hentry","category-extruded-aluminum-profiles"],"meta_box":{"hilight_text_group":[{"product_hilight_text":"<li>Highly durable and resistant to corrosion<\/li>\n<li>Available in various colors and finishes for custom designs<\/li>\n<li>Lightweight yet strong for multiple applications<\/li>\n<li>Easy installation and maintenance for industrial use<\/li>\n<li>Provides a sleek and modern look to any project<\/li>"}],"feature_list":[]},"_links":{"self":[{"href":"https:\/\/sinoextrud.com\/ar\/wp-json\/wp\/v2\/product\/10913","targetHints":{"allow":["GET"]}}],"collection":[{"href":"https:\/\/sinoextrud.com\/ar\/wp-json\/wp\/v2\/product"}],"about":[{"href":"https:\/\/sinoextrud.com\/ar\/wp-json\/wp\/v2\/types\/product"}],"wp:featuredmedia":[{"embeddable":true,"href":"https:\/\/sinoextrud.com\/ar\/wp-json\/wp\/v2\/media\/10855"}],"wp:attachment":[{"href":"https:\/\/sinoextrud.com\/ar\/wp-json\/wp\/v2\/media?parent=10913"}],"wp:term":[{"taxonomy":"category","embeddable":true,"href":"https:\/\/sinoextrud.com\/ar\/wp-json\/wp\/v2\/categories?post=10913"}],"curies":[{"name":"\u062f\u0628\u0644\u064a\u0648 \u0628\u064a","href":"https:\/\/api.w.org\/{rel}","templated":true}]}}