{"id":10616,"date":"2025-07-24T03:26:24","date_gmt":"2025-07-24T03:26:24","guid":{"rendered":"https:\/\/sinoextrud.com\/product\/red-anodized-pcb-aluminum-heatsink\/"},"modified":"2025-07-24T03:26:24","modified_gmt":"2025-07-24T03:26:24","slug":"%d9%85%d8%a8%d8%af%d8%af-%d8%ad%d8%b1%d8%a7%d8%b1%d9%8a-%d9%85%d9%86-%d8%a7%d9%84%d8%a3%d9%84%d9%88%d9%85%d9%86%d9%8a%d9%88%d9%85-%d8%a7%d9%84%d9%85%d8%a4%d9%83%d8%b3%d8%af-%d8%a8%d8%a3%d9%83%d8%b3","status":"publish","type":"product","link":"https:\/\/sinoextrud.com\/ar\/product\/red-anodized-pcb-aluminum-heatsink\/","title":{"rendered":"\u0645\u0628\u062f\u062f \u062d\u0631\u0627\u0631\u064a \u0645\u0646 \u0627\u0644\u0623\u0644\u0648\u0645\u0646\u064a\u0648\u0645 \u062b\u0646\u0627\u0626\u064a \u0627\u0644\u0641\u064a\u0646\u064a\u0644 \u0645\u062a\u0639\u062f\u062f \u0627\u0644\u0643\u0644\u0648\u0631 \u0627\u0644\u0645\u0624\u0643\u0633\u062f \u0628\u0627\u0644\u0644\u0648\u0646 \u0627\u0644\u0623\u062d\u0645\u0631"},"content":{"rendered":"<h2>\u062a\u0641\u0627\u0635\u064a\u0644 \u0627\u0644\u0645\u0646\u062a\u062c\u0627\u062a<\/h2>\n<table class=\"custom-table\">\n<tr>\n<td class=\"label\">\u0627\u0644\u0635\u0641<\/td>\n<td>\u0633\u0644\u0633\u0644\u0629 6000<\/td>\n<\/tr>\n<tr>\n<td class=\"label\">\u0627\u0644\u062a\u0633\u0627\u0645\u062d<\/td>\n<td>GB\/T 3190-2008\u060cGB\/T 14846-2008\u060cISO 2768<\/td>\n<\/tr>\n<tr>\n<td class=\"label\">\u0648\u0642\u062a \u0627\u0644\u062a\u0633\u0644\u064a\u0645<\/td>\n<td>\u0645\u0646 22 \u0625\u0644\u0649 30 \u064a\u0648\u0645\u0627\u064b<\/td>\n<\/tr>\n<tr>\n<td class=\"label\">\u0627\u0644\u0645\u0632\u0627\u062c<\/td>\n<td>T3-T8<\/td>\n<\/tr>\n<tr>\n<td class=\"label\">\u0627\u0644\u062a\u0637\u0628\u064a\u0642<\/td>\n<td>\u0627\u0644\u0645\u0634\u062a\u062a \u0627\u0644\u062d\u0631\u0627\u0631\u064a<\/td>\n<\/tr>\n<tr>\n<td class=\"label\">\u0627\u0644\u0634\u0643\u0644<\/td>\n<td>\u0645\u062e\u0635\u0635<\/td>\n<\/tr>\n<tr>\n<td class=\"label\">\u0633\u0628\u064a\u0643\u0629 \u0623\u0645 \u0644\u0627<\/td>\n<td>\u0647\u0644 \u0627\u0644\u0633\u0628\u064a\u0643\u0629<\/td>\n<\/tr>\n<tr>\n<td class=\"label\">\u062e\u062f\u0645\u0629 \u0627\u0644\u0645\u0639\u0627\u0644\u062c\u0629<\/td>\n<td>\u0627\u0644\u0644\u062d\u0627\u0645 \u0648\u0627\u0644\u0644\u0643\u0645 \u0648\u0627\u0644\u0642\u0637\u0639 \u0648\u0627\u0644\u062a\u062b\u0642\u064a\u0628 \u0648\u0627\u0644\u062a\u0642\u0637\u064a\u0639 \u0648\u0627\u0644\u062a\u0635\u0646\u064a\u0639 \u0627\u0644\u0622\u0644\u064a \u0628\u0627\u0633\u062a\u062e\u062f\u0627\u0645 \u0627\u0644\u062d\u0627\u0633\u0628 \u0627\u0644\u0622\u0644\u064a<\/td>\n<\/tr>\n<tr>\n<td class=\"label\">\u0627\u0644\u0645\u0644\u0639\u0628<\/td>\n<td>4.3 \u0645\u0645<\/td>\n<\/tr>\n<tr>\n<td class=\"label\">\u0648\u062d\u062f\u0627\u062a \u0627\u0644\u0628\u064a\u0639<\/td>\n<td>\u0639\u0646\u0635\u0631 \u0648\u0627\u062d\u062f<\/td>\n<\/tr>\n<tr>\n<td class=\"label\">\u062d\u062c\u0645 \u0627\u0644\u0639\u0628\u0648\u0629 \u0627\u0644\u0648\u0627\u062d\u062f\u0629<\/td>\n<td>5 \u00d7 5 \u00d7 5 \u00d7 5 \u0633\u0645<\/td>\n<\/tr>\n<tr>\n<td class=\"label\">\u0627\u0644\u0648\u0632\u0646 \u0627\u0644\u0625\u062c\u0645\u0627\u0644\u064a \u0627\u0644\u0641\u0631\u062f\u064a<\/td>\n<td>0.0.050 \u0643\u062c\u0645<\/td>\n<\/tr>\n<\/table>\n<h2>\u0642\u0627\u0639\u062f\u0629 \u0627\u0644\u062a\u0635\u0646\u064a\u0639 \u0644\u062f\u064a\u0646\u0627<\/h2>\n<h3>\u0628\u0627\u0646\u0648\u0631\u0627\u0645\u0627 \u0627\u0644\u0645\u0635\u0646\u0639<\/h3>\n<p><img decoding=\"async\" src=\"\/wp-content\/uploads\/factory-01.webp\"\/><\/p>\n<h3>\u0648\u0631\u0634\u0629 \u062a\u0635\u0646\u064a\u0639 \u0642\u0636\u0628\u0627\u0646 \u0627\u0644\u0623\u0644\u0648\u0645\u0646\u064a\u0648\u0645<\/h3>\n<p><img decoding=\"async\" src=\"\/wp-content\/uploads\/factory-02.webp\"\/><\/p>\n<p><img decoding=\"async\" src=\"\/wp-content\/uploads\/factory-03.webp\"\/><\/p>\n<h3>\u0645\u0633\u062a\u0648\u062f\u0639 \u062a\u062e\u0632\u064a\u0646 \u0627\u0644\u0642\u0648\u0627\u0644\u0628<\/h3>\n<p><img decoding=\"async\" src=\"\/wp-content\/uploads\/factory-04.webp\"\/><\/p>\n<h3>43 \u062e\u0637\u064b\u0627 \u0644\u0633\u062d\u0628 \u0627\u0644\u0623\u0644\u0648\u0645\u0646\u064a\u0648\u0645 (500 - 5500 \u0637\u0646)<\/h3>\n<p><img decoding=\"async\" src=\"\/wp-content\/uploads\/factory-05.webp\"\/><\/p>\n<p><img decoding=\"async\" src=\"\/wp-content\/uploads\/factory-06.webp\"\/><\/p>\n<p><img decoding=\"async\" src=\"\/wp-content\/uploads\/factory-07.webp\"\/><\/p>\n<h3>\u0648\u0631\u0634\u0629 \u0637\u0644\u0627\u0621 \u0627\u0644\u0628\u0648\u062f\u0631\u0629<\/h3>\n<p><img decoding=\"async\" src=\"\/wp-content\/uploads\/factory-09.webp\"\/><\/p>\n<h3>\u0648\u0631\u0634\u0629 \u0639\u0645\u0644 \u0627\u0644\u0623\u0646\u0648\u062f\u0629<\/h3>\n<p><img decoding=\"async\" src=\"\/wp-content\/uploads\/factory-10.webp\"\/><\/p>\n<h3>\u0648\u0631\u0634\u0629 \u0639\u0645\u0644 \u0627\u0644\u0645\u0639\u0627\u0644\u062c\u0629 \u0627\u0644\u0639\u0645\u064a\u0642\u0629<\/h3>\n<p><img decoding=\"async\" src=\"\/wp-content\/uploads\/factory-11.webp\"\/><\/p>\n<h3>\u0648\u0631\u0634\u0629 \u0627\u0644\u062a\u0635\u0646\u064a\u0639 \u0627\u0644\u0622\u0644\u064a \u0627\u0644\u062f\u0642\u064a\u0642 \u0628\u0627\u0633\u062a\u062e\u062f\u0627\u0645 \u0627\u0644\u062d\u0627\u0633\u0628 \u0627\u0644\u0622\u0644\u064a \u0627\u0644\u0631\u0642\u0645\u064a<\/h3>\n<p><img decoding=\"async\" src=\"\/wp-content\/uploads\/factory-11.5.webp\"\/><\/p>\n<h3>\u0645\u0633\u062a\u0648\u062f\u0639 \u0627\u0644\u0645\u0646\u062a\u062c\u0627\u062a \u0627\u0644\u0646\u0647\u0627\u0626\u064a\u0629 \u0648\u0627\u0644\u062a\u0635\u062f\u064a\u0631<\/h3>\n<p><img decoding=\"async\" src=\"\/wp-content\/uploads\/factory-12.webp\"\/><\/p>\n<p><img decoding=\"async\" src=\"\/wp-content\/uploads\/factory-13.webp\"\/><\/p>\n<p><img decoding=\"async\" src=\"\/wp-content\/uploads\/factory-14.webp\"\/><\/p>\n<h2>\u0627\u0644\u0623\u0633\u0626\u0644\u0629 \u0627\u0644\u0634\u0627\u0626\u0639\u0629<\/h2>\n<p><p><b>1- \u0645\u0627 \u0647\u0648 \u0645\u0628\u062f\u062f \u062d\u0631\u0627\u0631\u0629 \u0627\u0644\u0623\u0644\u0648\u0645\u0646\u064a\u0648\u0645 \u062b\u0646\u0627\u0626\u064a \u0627\u0644\u0641\u064a\u0646\u064a\u0644 \u0645\u062a\u0639\u062f\u062f \u0627\u0644\u0643\u0644\u0648\u0631 \u0627\u0644\u0645\u0624\u0643\u0633\u062f \u0627\u0644\u0623\u062d\u0645\u0631\u061f<\/b><\/p>\n<p>\u0648\u0647\u0648 \u0639\u0628\u0627\u0631\u0629 \u0639\u0646 \u0645\u0628\u062f\u062f \u062d\u0631\u0627\u0631\u064a \u0645\u0635\u0646\u0648\u0639 \u0645\u0646 \u0627\u0644\u0623\u0644\u0648\u0645\u0646\u064a\u0648\u0645 \u0628\u0637\u0628\u0642\u0629 \u0646\u0647\u0627\u0626\u064a\u0629 \u0645\u0624\u0643\u0633\u062f\u0629 \u0628\u0627\u0644\u0644\u0648\u0646 \u0627\u0644\u0623\u062d\u0645\u0631\u060c \u0645\u0635\u0645\u0645 \u0644\u062a\u0628\u062f\u064a\u062f \u0627\u0644\u062d\u0631\u0627\u0631\u0629 \u0645\u0646 \u0645\u0643\u0648\u0646\u0627\u062a \u062b\u0646\u0627\u0626\u064a \u0627\u0644\u0641\u064a\u0646\u064a\u0644 \u0645\u062a\u0639\u062f\u062f \u0627\u0644\u0643\u0644\u0648\u0631 \u0628\u0643\u0641\u0627\u0621\u0629.<br \/>\n<\/p><br \/>\n<br \/>\n<p><b>2- \u0644\u0645\u0627\u0630\u0627 \u062a\u062e\u062a\u0627\u0631 \u0627\u0644\u0644\u0648\u0646 \u0627\u0644\u0623\u062d\u0645\u0631 \u0627\u0644\u0645\u0624\u0643\u0633\u062f\u061f<\/b><\/p>\n<p>\u064a\u0648\u0641\u0631 \u0627\u0644\u0637\u0644\u0627\u0621 \u0627\u0644\u0645\u0637\u0644\u064a \u0628\u0627\u0644\u0623\u0643\u0633\u064a\u062f \u0627\u0644\u0623\u062d\u0645\u0631 \u0645\u0642\u0627\u0648\u0645\u0629 \u0641\u0627\u0626\u0642\u0629 \u0644\u0644\u062a\u0622\u0643\u0644 \u0648\u064a\u062d\u0633\u0646 \u0645\u0646 \u0645\u062a\u0627\u0646\u0629 \u0645\u0628\u062f\u062f \u062d\u0631\u0627\u0631\u0629 \u0627\u0644\u0623\u0644\u0648\u0645\u0646\u064a\u0648\u0645.<br \/>\n<\/p><br \/>\n<br \/>\n<p><b>3- \u0643\u064a\u0641 \u064a\u0639\u0632\u0632 \u0627\u0644\u0645\u0628\u062f\u062f \u0627\u0644\u062d\u0631\u0627\u0631\u064a \u0627\u0644\u0645\u0635\u0646\u0648\u0639 \u0645\u0646 \u0627\u0644\u0623\u0644\u0648\u0645\u0646\u064a\u0648\u0645 \u0623\u062f\u0627\u0621 \u062b\u0646\u0627\u0626\u064a \u0627\u0644\u0641\u064a\u0646\u064a\u0644 \u0645\u062a\u0639\u062f\u062f \u0627\u0644\u0643\u0644\u0648\u0631\u061f<\/b><\/p>\n<p>\u064a\u0648\u0641\u0631 \u0627\u0644\u0645\u0628\u062f\u062f \u0627\u0644\u062d\u0631\u0627\u0631\u064a \u0627\u0644\u0645\u0635\u0646\u0648\u0639 \u0645\u0646 \u0627\u0644\u0623\u0644\u0648\u0645\u0646\u064a\u0648\u0645 \u0625\u062f\u0627\u0631\u0629 \u062d\u0631\u0627\u0631\u064a\u0629 \u0641\u0639\u0627\u0644\u0629\u060c \u0645\u0645\u0627 \u064a\u0642\u0644\u0644 \u0645\u0646 \u062f\u0631\u062c\u0629 \u062d\u0631\u0627\u0631\u0629 \u0627\u0644\u0645\u0643\u0648\u0646\u0627\u062a \u0648\u064a\u0637\u064a\u0644 \u0639\u0645\u0631 \u062b\u0646\u0627\u0626\u064a \u0627\u0644\u0641\u064a\u0646\u064a\u0644 \u0645\u062a\u0639\u062f\u062f \u0627\u0644\u0643\u0644\u0648\u0631.<br \/>\n<\/p><br \/>\n<br \/>\n<p><b>4- \u0647\u0644 \u0627\u0644\u0645\u0628\u062f\u062f \u0627\u0644\u062d\u0631\u0627\u0631\u064a \u0627\u0644\u0645\u0635\u0646\u0648\u0639 \u0645\u0646 \u0627\u0644\u0623\u0644\u0648\u0645\u0646\u064a\u0648\u0645 \u062b\u0646\u0627\u0626\u064a \u0627\u0644\u0641\u064a\u0646\u064a\u0644 \u0645\u062a\u0639\u062f\u062f \u0627\u0644\u0643\u0644\u0648\u0631 \u0627\u0644\u0645\u0624\u0643\u0633\u062f \u0628\u0627\u0644\u0644\u0648\u0646 \u0627\u0644\u0623\u062d\u0645\u0631 \u0642\u0627\u0628\u0644 \u0644\u0644\u062a\u062e\u0635\u064a\u0635\u061f<\/b><\/p>\n<p>\u0646\u0639\u0645\u060c \u064a\u0645\u0643\u0646 \u062a\u0635\u0645\u064a\u0645\u0647\u0627 \u0645\u0646 \u062d\u064a\u062b \u0627\u0644\u0634\u0643\u0644 \u0648\u0627\u0644\u062d\u062c\u0645 \u0648\u0645\u064a\u0632\u0627\u062a \u0627\u0644\u062a\u0631\u0643\u064a\u0628 \u0644\u062a\u0646\u0627\u0633\u0628 \u0645\u062e\u062a\u0644\u0641 \u062a\u0643\u0648\u064a\u0646\u0627\u062a \u062b\u0646\u0627\u0626\u064a \u0627\u0644\u0641\u064a\u0646\u064a\u0644 \u0645\u062a\u0639\u062f\u062f \u0627\u0644\u0643\u0644\u0648\u0631.<br \/>\n<\/p><br \/>\n<br \/>\n<p><b>5- \u0647\u0644 \u0647\u0630\u0627 \u0627\u0644\u0645\u0628\u062f\u062f \u0627\u0644\u062d\u0631\u0627\u0631\u064a \u0645\u0646\u0627\u0633\u0628 \u0644\u0644\u0625\u0644\u0643\u062a\u0631\u0648\u0646\u064a\u0627\u062a \u0639\u0627\u0644\u064a\u0629 \u0627\u0644\u0637\u0627\u0642\u0629\u061f<\/b><\/p>\n<p>\u0646\u0639\u0645\u060c \u0625\u0646\u0647\u0627 \u0645\u062b\u0627\u0644\u064a\u0629 \u0644\u0644\u062a\u0637\u0628\u064a\u0642\u0627\u062a \u0639\u0627\u0644\u064a\u0629 \u0627\u0644\u0637\u0627\u0642\u0629 \u0627\u0644\u062a\u064a \u062a\u062a\u0637\u0644\u0628 \u062a\u0628\u062f\u064a\u062f\u0627\u064b \u0641\u0639\u0627\u0644\u0627\u064b \u0644\u0644\u062d\u0631\u0627\u0631\u0629 \u0639\u0644\u0649 \u0645\u0631\u0643\u0628\u0627\u062a \u062b\u0646\u0627\u0626\u064a \u0627\u0644\u0641\u064a\u0646\u064a\u0644 \u0645\u062a\u0639\u062f\u062f \u0627\u0644\u0643\u0644\u0648\u0631 \u0627\u0644\u0645\u062f\u0645\u062c\u0629.<br \/>\n<\/p><br \/>\n<br \/>\n<p><b>6- \u0643\u064a\u0641 \u064a\u062a\u0645 \u062a\u0631\u0643\u064a\u0628 \u0627\u0644\u0645\u0628\u062f\u062f \u0627\u0644\u062d\u0631\u0627\u0631\u064a \u0639\u0644\u0649 \u062b\u0646\u0627\u0626\u064a \u0627\u0644\u0641\u064a\u0646\u064a\u0644 \u0645\u062a\u0639\u062f\u062f \u0627\u0644\u0643\u0644\u0648\u0631\u061f<\/b><\/p>\n<p>\u064a\u0645\u0643\u0646 \u062a\u0631\u0643\u064a\u0628\u0647\u0627 \u0628\u0627\u0633\u062a\u062e\u062f\u0627\u0645 \u0645\u0627\u062f\u0629 \u0644\u0627\u0635\u0642\u0629 \u062d\u0631\u0627\u0631\u064a\u0629 \u0623\u0648 \u0628\u0631\u0627\u063a\u064a \u0623\u0648 \u0645\u0634\u0627\u0628\u0643\u060c \u062d\u0633\u0628 \u0645\u062a\u0637\u0644\u0628\u0627\u062a \u0627\u0644\u062a\u0635\u0645\u064a\u0645.<br \/>\n<\/p><br \/>\n<br \/>\n<p><b>7- \u0647\u0644 \u064a\u0624\u062b\u0631 \u0627\u0644\u0644\u0648\u0646 \u0639\u0644\u0649 \u0627\u0644\u0623\u062f\u0627\u0621 \u0627\u0644\u062d\u0631\u0627\u0631\u064a\u061f<\/b><\/p>\n<p>\u0625\u0646 \u0627\u0644\u0644\u0648\u0646 \u0627\u0644\u0623\u062d\u0645\u0631 \u0627\u0644\u0645\u0624\u0643\u0633\u062f \u0647\u0648 \u0641\u064a \u0627\u0644\u0645\u0642\u0627\u0645 \u0627\u0644\u0623\u0648\u0644 \u0644\u0645\u0642\u0627\u0648\u0645\u0629 \u0627\u0644\u062a\u0622\u0643\u0644 \u0648\u0627\u0644\u062a\u0639\u0631\u0641 \u0627\u0644\u0628\u0635\u0631\u064a \u0645\u0639 \u0627\u0644\u062d\u062f \u0627\u0644\u0623\u062f\u0646\u0649 \u0645\u0646 \u0627\u0644\u062a\u0623\u062b\u064a\u0631 \u0639\u0644\u0649 \u0627\u0644\u0623\u062f\u0627\u0621 \u0627\u0644\u062d\u0631\u0627\u0631\u064a.<br \/>\n<\/p><br \/>\n<br \/>\n<p><b>8- \u0647\u0644 \u064a\u0645\u0643\u0646 \u0627\u0633\u062a\u062e\u062f\u0627\u0645 \u0645\u0628\u062f\u062f \u0627\u0644\u062d\u0631\u0627\u0631\u0629 \u0647\u0630\u0627 \u0641\u064a \u0627\u0644\u062a\u0637\u0628\u064a\u0642\u0627\u062a \u0627\u0644\u062e\u0627\u0631\u062c\u064a\u0629\u061f<\/b><\/p>\n<p>\u0646\u0639\u0645\u060c \u064a\u0639\u0645\u0644 \u0633\u0637\u062d \u0627\u0644\u0623\u0644\u0648\u0645\u0646\u064a\u0648\u0645 \u0627\u0644\u0645\u0624\u0643\u0633\u062f \u0639\u0644\u0649 \u062a\u0639\u0632\u064a\u0632 \u0645\u0642\u0627\u0648\u0645\u0629 \u0627\u0644\u0637\u0642\u0633 \u0648\u0627\u0644\u062a\u0622\u0643\u0644\u060c \u0645\u0645\u0627 \u064a\u062c\u0639\u0644\u0647 \u0645\u0646\u0627\u0633\u0628\u0627\u064b \u0644\u0644\u0628\u064a\u0626\u0627\u062a \u0627\u0644\u062e\u0627\u0631\u062c\u064a\u0629.<br \/>\n<\/p><br \/><\/p>","protected":false},"featured_media":10615,"template":"","categories":[72],"class_list":["post-10616","product","type-product","status-publish","has-post-thumbnail","hentry","category-extruded-aluminum-heatsink"],"meta_box":{"hilight_text_group":{"product_hilight_text":"<li>Efficient thermal conductivity for PCB heat dissipation<\/li>\r\n<li>Red anodized finish enhances corrosion resistance<\/li>\r\n<li>Lightweight aluminum ensures structural integrity with minimal weight<\/li>\r\n<li>Customizable dimensions for diverse PCB layouts<\/li>\r\n<li>Improves overall device performance and lifespan<\/li>","product_chanpin_chanpin":"<ul>\r\n<li><a href=\"https:\/\/sinoextrud.com\/product\/aluminium-extrusion-6061-6082-7075-aluminum-alloy-profiles\/\" target=\"_blank\">6061 aluminum extrusion<\/a><\/li>\r\n<li><a href=\"https:\/\/sinoextrud.com\/product\/oval-aluminum-extrud-profile\/\" target=\"_blank\">oval aluminum extrusion<\/a><\/li>\r\n<li><a href=\"https:\/\/sinoextrud.com\/product\/aluminium-extrusion-anodised-aluminium-tube\/\" target=\"_blank\">anodised aluminium tube<\/a><\/li>\r\n<li><a href=\"https:\/\/sinoextrud.com\/product\/c-shaped-closed-linear-ceiling-system\/\" target=\"_blank\">linear closed ceilings<\/a><\/li>\r\n<li><a href=\"https:\/\/sinoextrud.com\/product\/the-new-perforated-ceiling-system\/\" target=\"_blank\">perforated french ceilings<\/a><\/li>\r\n<li><a href=\"https:\/\/sinoextrud.com\/product\/aluminum-extrusion-7003-7005-7020\/\" target=\"_blank\">7020 aluminum<\/a><\/li>\r\n<\/ul>","product_chanpin_blog":"<ul>\r\n<li><a href=\"https:\/\/sinoextrud.com\/t-slot-v-slot-differences\/\" target=\"_blank\">t slot vs v slot<\/a><\/li>\r\n<li><a href=\"https:\/\/sinoextrud.com\/what-is-4040-aluminium-extrud\/\" target=\"_blank\">4040 aluminium extrusion<\/a><\/li>\r\n<li><a href=\"https:\/\/sinoextrud.com\/what-is-4040-aluminium-extrud\/\" target=\"_blank\">aluminum extrusions for industrial racks<\/a><\/li>\r\n<li><a href=\"https:\/\/sinoextrud.com\/powder-coating-aluminium-process\/\" target=\"_blank\">powder coating aluminium<\/a><\/li>\r\n<li><a href=\"https:\/\/sinoextrud.com\/what-is-an-aluminium-strip-ceiling\/\" target=\"_blank\">aluminium strip ceiling<\/a><\/li>\r\n<li><a href=\"https:\/\/sinoextrud.com\/what-is-a-heat-sink\/\" target=\"_blank\">what is a heat sink<\/a><\/li>\r\n<\/ul>"},"feature_list":[]},"_links":{"self":[{"href":"https:\/\/sinoextrud.com\/ar\/wp-json\/wp\/v2\/product\/10616","targetHints":{"allow":["GET"]}}],"collection":[{"href":"https:\/\/sinoextrud.com\/ar\/wp-json\/wp\/v2\/product"}],"about":[{"href":"https:\/\/sinoextrud.com\/ar\/wp-json\/wp\/v2\/types\/product"}],"wp:featuredmedia":[{"embeddable":true,"href":"https:\/\/sinoextrud.com\/ar\/wp-json\/wp\/v2\/media\/10615"}],"wp:attachment":[{"href":"https:\/\/sinoextrud.com\/ar\/wp-json\/wp\/v2\/media?parent=10616"}],"wp:term":[{"taxonomy":"category","embeddable":true,"href":"https:\/\/sinoextrud.com\/ar\/wp-json\/wp\/v2\/categories?post=10616"}],"curies":[{"name":"\u062f\u0628\u0644\u064a\u0648 \u0628\u064a","href":"https:\/\/api.w.org\/{rel}","templated":true}]}}