{"id":10065,"date":"2025-07-09T01:38:03","date_gmt":"2025-07-09T01:38:03","guid":{"rendered":"https:\/\/sinoextrud.com\/product\/uv-laser-marking-machine\/"},"modified":"2025-07-09T01:39:02","modified_gmt":"2025-07-09T01:39:02","slug":"%d8%a2%d9%84%d8%a9-%d8%a7%d9%84%d9%88%d8%b3%d9%85-%d8%a8%d8%a7%d9%84%d9%84%d9%8a%d8%b2%d8%b1-%d8%a8%d8%a7%d9%84%d8%a3%d8%b4%d8%b9%d8%a9-%d9%81%d9%88%d9%82-%d8%a7%d9%84%d8%a8%d9%86%d9%81%d8%b3%d8%ac","status":"publish","type":"product","link":"https:\/\/sinoextrud.com\/ar\/product\/uv-laser-marking-machine\/","title":{"rendered":"\u0622\u0644\u0629 \u0627\u0644\u0648\u0633\u0645 \u0628\u0627\u0644\u0644\u064a\u0632\u0631 \u0628\u0627\u0644\u0623\u0634\u0639\u0629 \u0641\u0648\u0642 \u0627\u0644\u0628\u0646\u0641\u0633\u062c\u064a\u0629"},"content":{"rendered":"<h2>\u062a\u0641\u0627\u0635\u064a\u0644 \u0627\u0644\u0645\u0646\u062a\u062c\u0627\u062a<\/h2>\n<table class=\"custom-table\">\n<tr>\n<td class=\"label\">\u0646\u0648\u0639 \u0627\u0644\u0644\u064a\u0632\u0631<\/td>\n<td>\u0644\u064a\u0632\u0631 \u0627\u0644\u0623\u0644\u064a\u0627\u0641<\/td>\n<\/tr>\n<tr>\n<td class=\"label\">\u062a\u0646\u0633\u064a\u0642 \u0631\u0633\u0648\u0645\u064a \u0645\u062f\u0639\u0648\u0645<\/td>\n<td>AI \u0648 PLT \u0648 DXF \u0648 DXF \u0648 BMP \u0648 Dst \u0648 Dwg<\/td>\n<\/tr>\n<tr>\n<td class=\"label\">\u0627\u0644\u0645\u064a\u0632\u0629<\/td>\n<td>\u062a\u0628\u0631\u064a\u062f \u0627\u0644\u0647\u0648\u0627\u0621<\/td>\n<\/tr>\n<tr>\n<td class=\"label\">\u0646\u0642\u0627\u0637 \u0627\u0644\u0628\u064a\u0639 \u0627\u0644\u0631\u0626\u064a\u0633\u064a\u0629<\/td>\n<td>\u0627\u0644\u062a\u062e\u0635\u064a\u0635 \u0627\u0644\u062e\u0627\u0635<\/td>\n<\/tr>\n<tr>\n<td class=\"label\">\u0627\u0644\u0636\u0645\u0627\u0646<\/td>\n<td>2 \u0633\u0646\u0629<\/td>\n<\/tr>\n<tr>\n<td class=\"label\">\u0627\u0644\u062d\u0627\u0644\u0629<\/td>\n<td>\u062c\u062f\u064a\u062f<\/td>\n<\/tr>\n<tr>\n<td class=\"label\">\u0646\u0638\u0627\u0645 \u0627\u0644\u062a\u0628\u0631\u064a\u062f<\/td>\n<td>\u062a\u0628\u0631\u064a\u062f \u0627\u0644\u0647\u0648\u0627\u0621<\/td>\n<\/tr>\n<tr>\n<td class=\"label\">\u0628\u0627\u0633\u062a\u062e\u062f\u0627\u0645 \u0627\u0644\u062d\u0627\u0633\u0628 \u0627\u0644\u0622\u0644\u064a \u0623\u0645 \u0644\u0627<\/td>\n<td>\u0646\u0639\u0645<\/td>\n<\/tr>\n<tr>\n<td class=\"label\">\u0645\u0627\u0631\u0643\u0629 \u0646\u0638\u0627\u0645 \u0627\u0644\u062a\u062d\u0643\u0645<\/td>\n<td>\u062c\u064a\u0646\u062a\u0634\u064a\u0646\u062c\u0632\u064a<\/td>\n<\/tr>\n<tr>\n<td class=\"label\">\u062f\u0642\u0629 \u0627\u0644\u0639\u0645\u0644<\/td>\n<td>0.001 \u0645\u0645<\/td>\n<\/tr>\n<tr>\n<td class=\"label\">\u0627\u0644\u0648\u0632\u0646 (\u0643\u062c\u0645)<\/td>\n<td>150<\/td>\n<\/tr>\n<tr>\n<td class=\"label\">\u0648\u062d\u062f\u0627\u062a \u0627\u0644\u0628\u064a\u0639<\/td>\n<td>\u0639\u0646\u0635\u0631 \u0648\u0627\u062d\u062f<\/td>\n<\/tr>\n<tr>\n<td class=\"label\">\u062d\u062c\u0645 \u0627\u0644\u0639\u0628\u0648\u0629 \u0627\u0644\u0648\u0627\u062d\u062f\u0629<\/td>\n<td>100 \u00d7 100 \u00d7 100 \u00d7 100 \u0633\u0645<\/td>\n<\/tr>\n<tr>\n<td class=\"label\">\u0627\u0644\u0648\u0632\u0646 \u0627\u0644\u0625\u062c\u0645\u0627\u0644\u064a \u0627\u0644\u0641\u0631\u062f\u064a<\/td>\n<td>100.000 \u0643\u062c\u0645<\/td>\n<\/tr>\n<\/table>\n<h2>\u0627\u0644\u0623\u0633\u0626\u0644\u0629 \u0627\u0644\u0634\u0627\u0626\u0639\u0629<\/h2>\n<p><b>1- \u0645\u0627 \u0647\u064a \u0627\u0644\u0645\u0648\u0627\u062f \u0627\u0644\u062a\u064a \u064a\u0645\u0643\u0646 \u0644\u0622\u0644\u0627\u062a \u0627\u0644\u0648\u0633\u0645 \u0628\u0627\u0644\u0644\u064a\u0632\u0631 \u0641\u0648\u0642 \u0627\u0644\u0628\u0646\u0641\u0633\u062c\u064a \u0623\u0646 \u062a\u062a\u0639\u0627\u0645\u0644 \u0645\u0639\u0647\u0627\u061f<\/b><\/p>\n<p>\u062a\u064f\u0639\u062f \u0622\u0644\u0627\u062a \u0627\u0644\u0648\u0633\u0645 \u0628\u0627\u0644\u0644\u064a\u0632\u0631 \u0628\u0627\u0644\u0623\u0634\u0639\u0629 \u0641\u0648\u0642 \u0627\u0644\u0628\u0646\u0641\u0633\u062c\u064a\u0629 \u0645\u062b\u0627\u0644\u064a\u0629 \u0644\u0644\u0648\u0633\u0645 \u0639\u0644\u0649 \u0627\u0644\u0645\u0648\u0627\u062f \u0627\u0644\u062d\u0633\u0627\u0633\u0629 \u0644\u0644\u062d\u0631\u0627\u0631\u0629 \u0645\u062b\u0644 \u0627\u0644\u0628\u0644\u0627\u0633\u062a\u064a\u0643 \u0648\u0627\u0644\u0632\u062c\u0627\u062c \u0648\u0627\u0644\u0633\u064a\u0631\u0627\u0645\u064a\u0643 \u0648\u0627\u0644\u0623\u063a\u0634\u064a\u0629 \u0627\u0644\u0631\u0642\u064a\u0642\u0629.\n<\/p>\n<p><\/p>\n<p><b>2- \u0643\u064a\u0641 \u062a\u062d\u0642\u0642 \u0622\u0644\u0629 \u0627\u0644\u0648\u0633\u0645 \u0628\u0627\u0644\u0644\u064a\u0632\u0631 \u0641\u0648\u0642 \u0627\u0644\u0628\u0646\u0641\u0633\u062c\u064a \u062f\u0642\u0629 \u0639\u0627\u0644\u064a\u0629\u061f<\/b><\/p>\n<p>\u062a\u0633\u062a\u062e\u062f\u0645 \u0645\u0627\u0643\u064a\u0646\u0627\u062a \u0627\u0644\u0648\u0633\u0645 \u0628\u0627\u0644\u0644\u064a\u0632\u0631 \u0628\u0627\u0644\u0623\u0634\u0639\u0629 \u0641\u0648\u0642 \u0627\u0644\u0628\u0646\u0641\u0633\u062c\u064a\u0629 \u0634\u0639\u0627\u0639 \u0644\u064a\u0632\u0631 \u0642\u0635\u064a\u0631 \u0627\u0644\u0637\u0648\u0644 \u0627\u0644\u0645\u0648\u062c\u064a \u0644\u062a\u0642\u062f\u064a\u0645 \u0646\u062a\u0627\u0626\u062c \u0648\u0633\u0645 \u0641\u0627\u0626\u0642\u0629 \u0627\u0644\u062f\u0642\u0629 \u0648\u0627\u0644\u062f\u0642\u0629.\n<\/p>\n<p><\/p>\n<p><b>3- \u0647\u0644 \u0627\u0644\u0648\u0633\u0645 \u0628\u0627\u0644\u0644\u064a\u0632\u0631 \u0628\u0627\u0644\u0623\u0634\u0639\u0629 \u0641\u0648\u0642 \u0627\u0644\u0628\u0646\u0641\u0633\u062c\u064a\u0629 \u0635\u062f\u064a\u0642 \u0644\u0644\u0628\u064a\u0626\u0629\u061f<\/b><\/p>\n<p>\u0646\u0639\u0645\u060c \u0625\u0646 \u0639\u0645\u0644\u064a\u0629 \u0627\u0644\u0648\u0633\u0645 \u0628\u0627\u0644\u0644\u064a\u0632\u0631 \u0628\u0627\u0644\u0623\u0634\u0639\u0629 \u0641\u0648\u0642 \u0627\u0644\u0628\u0646\u0641\u0633\u062c\u064a\u0629 \u0647\u064a \u0639\u0645\u0644\u064a\u0629 \u0646\u0638\u064a\u0641\u0629 \u0648\u063a\u064a\u0631 \u062a\u0644\u0627\u0645\u0633\u064a\u0629 \u0644\u0627 \u062a\u0646\u062a\u062c \u0639\u0646\u0647\u0627 \u0623\u064a \u0627\u0646\u0628\u0639\u0627\u062b\u0627\u062a \u0636\u0627\u0631\u0629\u060c \u0645\u0645\u0627 \u064a\u062c\u0639\u0644\u0647\u0627 \u0635\u062f\u064a\u0642\u0629 \u0644\u0644\u0628\u064a\u0626\u0629.\n<\/p>\n<p><\/p>\n<p><b>4- \u0645\u0627 \u0647\u064a \u0641\u0648\u0627\u0626\u062f \u0627\u0633\u062a\u062e\u062f\u0627\u0645 \u0644\u064a\u0632\u0631 \u0627\u0644\u0623\u0634\u0639\u0629 \u0641\u0648\u0642 \u0627\u0644\u0628\u0646\u0641\u0633\u062c\u064a\u0629 \u0644\u0648\u0633\u0645 \u0627\u0644\u0628\u0644\u0627\u0633\u062a\u064a\u0643\u061f<\/b><\/p>\n<p>\u062a\u0648\u0641\u0631 \u0645\u0627\u0643\u064a\u0646\u0627\u062a \u0627\u0644\u0648\u0633\u0645 \u0628\u0627\u0644\u0644\u064a\u0632\u0631 \u0628\u0627\u0644\u0623\u0634\u0639\u0629 \u0641\u0648\u0642 \u0627\u0644\u0628\u0646\u0641\u0633\u062c\u064a\u0629 \u0639\u0644\u0627\u0645\u0627\u062a \u0646\u0627\u0639\u0645\u0629 \u0648\u0639\u0627\u0644\u064a\u0629 \u0627\u0644\u062a\u0628\u0627\u064a\u0646 \u0639\u0644\u0649 \u0627\u0644\u0628\u0644\u0627\u0633\u062a\u064a\u0643 \u062f\u0648\u0646 \u062d\u0631\u0642 \u0623\u0648 \u0630\u0648\u0628\u0627\u0646 \u0627\u0644\u0633\u0637\u062d.\n<\/p>\n<p><\/p>\n<p><b>5- \u0643\u0645 \u064a\u062f\u0648\u0645 \u0645\u0635\u062f\u0631 \u0627\u0644\u0644\u064a\u0632\u0631 \u0641\u0648\u0642 \u0627\u0644\u0628\u0646\u0641\u0633\u062c\u064a \u0641\u0648\u0642 \u0627\u0644\u0628\u0646\u0641\u0633\u062c\u064a\u061f<\/b><\/p>\n<p>\u062a\u0648\u0641\u0631 \u0645\u0635\u0627\u062f\u0631 \u0627\u0644\u0644\u064a\u0632\u0631 \u0628\u0627\u0644\u0623\u0634\u0639\u0629 \u0641\u0648\u0642 \u0627\u0644\u0628\u0646\u0641\u0633\u062c\u064a\u0629 \u0639\u0627\u062f\u0629\u064b \u0639\u0645\u0631 \u0627\u0641\u062a\u0631\u0627\u0636\u064a \u0637\u0648\u064a\u0644 \u064a\u0635\u0644 \u0625\u0644\u0649 20,000 \u0633\u0627\u0639\u0629\u060c \u0645\u0645\u0627 \u064a\u0642\u0644\u0644 \u0645\u0646 \u0648\u0642\u062a \u0627\u0644\u062a\u0648\u0642\u0641 \u0639\u0646 \u0627\u0644\u0639\u0645\u0644 \u0648\u062a\u0643\u0627\u0644\u064a\u0641 \u0627\u0644\u0635\u064a\u0627\u0646\u0629.\n<\/p>\n<p><\/p>\n<p><b>6- \u0647\u0644 \u064a\u0645\u0643\u0646 \u0627\u0633\u062a\u062e\u062f\u0627\u0645 \u0622\u0644\u0627\u062a \u0627\u0644\u0648\u0633\u0645 \u0628\u0627\u0644\u0644\u064a\u0632\u0631 \u0628\u0627\u0644\u0623\u0634\u0639\u0629 \u0641\u0648\u0642 \u0627\u0644\u0628\u0646\u0641\u0633\u062c\u064a\u0629 \u0641\u064a \u0627\u0644\u0623\u0646\u0638\u0645\u0629 \u0627\u0644\u0622\u0644\u064a\u0629\u061f<\/b><\/p>\n<p>\u0646\u0639\u0645\u060c \u062a\u0635\u0645\u064a\u0645\u0647\u0627 \u0627\u0644\u0645\u062f\u0645\u062c \u0648\u0645\u062e\u0631\u062c\u0627\u062a\u0647\u0627 \u0627\u0644\u0645\u0633\u062a\u0642\u0631\u0629 \u062a\u062c\u0639\u0644\u0647\u0627 \u0645\u062b\u0627\u0644\u064a\u0629 \u0644\u0644\u0627\u0646\u062f\u0645\u0627\u062c \u0641\u064a \u062e\u0637\u0648\u0637 \u0627\u0644\u0625\u0646\u062a\u0627\u062c \u0627\u0644\u0645\u0624\u062a\u0645\u062a\u0629.\n<\/p>\n<p><\/p>\n<p><b>7- \u0644\u0645\u0627\u0630\u0627 \u062a\u062e\u062a\u0627\u0631 \u0627\u0644\u0648\u0633\u0645 \u0628\u0627\u0644\u0644\u064a\u0632\u0631 \u0641\u0648\u0642 \u0627\u0644\u0628\u0646\u0641\u0633\u062c\u064a \u0641\u0648\u0642 \u0627\u0644\u0628\u0646\u0641\u0633\u062c\u064a \u0639\u0644\u0649 \u0627\u0644\u0637\u0631\u0642 \u0627\u0644\u062a\u0642\u0644\u064a\u062f\u064a\u0629\u061f<\/b><\/p>\n<p>\u062a\u0648\u0641\u0631 \u062a\u0642\u0646\u064a\u0629 \u0627\u0644\u0648\u0633\u0645 \u0628\u0627\u0644\u0644\u064a\u0632\u0631 \u0628\u0627\u0644\u0623\u0634\u0639\u0629 \u0641\u0648\u0642 \u0627\u0644\u0628\u0646\u0641\u0633\u062c\u064a\u0629 \u062f\u0642\u0629 \u0623\u0639\u0644\u0649 \u0648\u0623\u0642\u0644 \u062a\u0623\u062b\u064a\u0631 \u062d\u0631\u0627\u0631\u064a \u0648\u0646\u062a\u0627\u0626\u062c \u0623\u0641\u0636\u0644 \u0639\u0644\u0649 \u0627\u0644\u0645\u0648\u0627\u062f \u0627\u0644\u062d\u0633\u0627\u0633\u0629 \u0645\u0642\u0627\u0631\u0646\u0629 \u0628\u062a\u0642\u0646\u064a\u0627\u062a \u0627\u0644\u0648\u0633\u0645 \u0627\u0644\u062a\u0642\u0644\u064a\u062f\u064a\u0629.\n<\/p>\n<p><\/p>\n<p><b>8- \u0647\u0644 \u0627\u0644\u0635\u064a\u0627\u0646\u0629 \u0645\u0637\u0644\u0648\u0628\u0629 \u0628\u0634\u0643\u0644 \u0645\u062a\u0643\u0631\u0631 \u0644\u0645\u0627\u0643\u064a\u0646\u0627\u062a \u0627\u0644\u0648\u0633\u0645 \u0628\u0627\u0644\u0644\u064a\u0632\u0631 \u0628\u0627\u0644\u0623\u0634\u0639\u0629 \u0641\u0648\u0642 \u0627\u0644\u0628\u0646\u0641\u0633\u062c\u064a\u0629\u061f<\/b><\/p>\n<p>\u0644\u0627\u060c \u062a\u062a\u0637\u0644\u0628 \u0645\u0627\u0643\u064a\u0646\u0627\u062a \u0627\u0644\u0648\u0633\u0645 \u0628\u0627\u0644\u0644\u064a\u0632\u0631 \u0628\u0627\u0644\u0623\u0634\u0639\u0629 \u0641\u0648\u0642 \u0627\u0644\u0628\u0646\u0641\u0633\u062c\u064a\u0629 \u0635\u064a\u0627\u0646\u0629 \u0645\u0646\u062e\u0641\u0636\u0629 \u0628\u0633\u0628\u0628 \u062a\u0642\u0646\u064a\u0629 \u0627\u0644\u0644\u064a\u0632\u0631 \u0627\u0644\u0642\u0648\u064a\u0629 \u0648\u0627\u0644\u0645\u0633\u062a\u0642\u0631\u0629.<\/p>\n<p><\/p>","protected":false},"featured_media":10064,"template":"","categories":[70],"class_list":["post-10065","product","type-product","status-publish","has-post-thumbnail","hentry","category-aluminum-machinery"],"meta_box":{"hilight_text_group":{"product_hilight_text":"<li>High precision marking with ultra-fine UV laser beam<\/li>\r\n<li>Suitable for heat-sensitive materials like plastic and glass<\/li>\r\n<li>Non-contact, eco-friendly marking process<\/li>\r\n<li>Stable performance with long-lasting laser source<\/li>\r\n<li>Supports complex pattern engraving with high speed<\/li>\r\n<li>Low maintenance cost and long service life<\/li>\r\n<li>Compact design suitable for automated production lines<\/li>","product_chanpin_chanpin":"<ul>\r\n<li><a href=\"https:\/\/sinoextrud.com\/product\/aluminium-extrusion-6061-6082-7075-aluminum-alloy-profiles\/\" target=\"_blank\">6061 aluminum extrusion<\/a><\/li>\r\n<li><a href=\"https:\/\/sinoextrud.com\/product\/oval-aluminum-extrud-profile\/\" target=\"_blank\">oval aluminum extrusion<\/a><\/li>\r\n<li><a href=\"https:\/\/sinoextrud.com\/product\/aluminium-extrusion-anodised-aluminium-tube\/\" target=\"_blank\">anodised aluminium tube<\/a><\/li>\r\n<li><a href=\"https:\/\/sinoextrud.com\/product\/c-shaped-closed-linear-ceiling-system\/\" target=\"_blank\">linear closed ceilings<\/a><\/li>\r\n<li><a href=\"https:\/\/sinoextrud.com\/product\/the-new-perforated-ceiling-system\/\" target=\"_blank\">perforated french ceilings<\/a><\/li>\r\n<li><a href=\"https:\/\/sinoextrud.com\/product\/aluminum-extrusion-7003-7005-7020\/\" target=\"_blank\">7020 aluminum<\/a><\/li>\r\n<\/ul>","product_chanpin_blog":"<ul>\r\n<li><a href=\"https:\/\/sinoextrud.com\/t-slot-v-slot-differences\/\" target=\"_blank\">t slot vs v slot<\/a><\/li>\r\n<li><a href=\"https:\/\/sinoextrud.com\/what-is-4040-aluminium-extrud\/\" target=\"_blank\">4040 aluminium extrusion<\/a><\/li>\r\n<li><a href=\"https:\/\/sinoextrud.com\/what-is-4040-aluminium-extrud\/\" target=\"_blank\">aluminum extrusions for industrial racks<\/a><\/li>\r\n<li><a href=\"https:\/\/sinoextrud.com\/powder-coating-aluminium-process\/\" target=\"_blank\">powder coating aluminium<\/a><\/li>\r\n<li><a href=\"https:\/\/sinoextrud.com\/what-is-an-aluminium-strip-ceiling\/\" target=\"_blank\">aluminium strip ceiling<\/a><\/li>\r\n<li><a href=\"https:\/\/sinoextrud.com\/what-is-a-heat-sink\/\" target=\"_blank\">what is a heat sink<\/a><\/li>\r\n<\/ul>"},"feature_list":[]},"_links":{"self":[{"href":"https:\/\/sinoextrud.com\/ar\/wp-json\/wp\/v2\/product\/10065","targetHints":{"allow":["GET"]}}],"collection":[{"href":"https:\/\/sinoextrud.com\/ar\/wp-json\/wp\/v2\/product"}],"about":[{"href":"https:\/\/sinoextrud.com\/ar\/wp-json\/wp\/v2\/types\/product"}],"wp:featuredmedia":[{"embeddable":true,"href":"https:\/\/sinoextrud.com\/ar\/wp-json\/wp\/v2\/media\/10064"}],"wp:attachment":[{"href":"https:\/\/sinoextrud.com\/ar\/wp-json\/wp\/v2\/media?parent=10065"}],"wp:term":[{"taxonomy":"category","embeddable":true,"href":"https:\/\/sinoextrud.com\/ar\/wp-json\/wp\/v2\/categories?post=10065"}],"curies":[{"name":"\u062f\u0628\u0644\u064a\u0648 \u0628\u064a","href":"https:\/\/api.w.org\/{rel}","templated":true}]}}